{"id":1167,"date":"2017-03-29T14:33:12","date_gmt":"2017-03-29T12:33:12","guid":{"rendered":"http:\/\/blog.ociomodell.com\/?page_id=1167"},"modified":"2018-08-23T19:09:25","modified_gmt":"2018-08-23T17:09:25","slug":"mis-casitas-de-munecas","status":"publish","type":"page","link":"https:\/\/blog.ociomodell.com\/wordpress\/mis-casitas-de-munecas\/","title":{"rendered":"Fotograf\u00edas"},"content":{"rendered":"<p>Fotos proporcionadas por clientes o modelos expuestos en la tienda.<\/p>\n<p>Haz que todos participemos de esa ilusi\u00f3n y env\u00edanos tus comentarios, art\u00edculos, fotograf\u00edas de tu trabajo a info@ociomodell.com<\/p>\n<p style=\"text-align: center;\"><a href=\"https:\/\/blog.ociomodell.com\/wordpress\/mis-casitas-de-munecas\/fotos-de-modelos\/\" target=\"_blank\" rel=\"noopener\"><strong>FOTOS DE MODELOS<\/strong><\/a><\/p>\n<p style=\"text-align: center;\"><a href=\"https:\/\/blog.ociomodell.com\/wordpress\/mis-casitas-de-munecas\/mis-casitas\/\" target=\"_blank\" rel=\"noopener\"><strong>MIS CASITAS DE MU\u00d1ECAS<\/strong><\/a><\/p>\n","protected":false},"excerpt":{"rendered":"<p>Fotos proporcionadas por clientes o modelos expuestos en la tienda. Haz que todos participemos de esa ilusi\u00f3n y env\u00edanos tus comentarios, art\u00edculos, fotograf\u00edas de tu trabajo a info@ociomodell.com FOTOS DE [&hellip;]<\/p>\n","protected":false},"author":2,"featured_media":0,"parent":0,"menu_order":1,"comment_status":"closed","ping_status":"closed","template":"","meta":{"jetpack_post_was_ever_published":false,"footnotes":"","_links_to":"","_links_to_target":""},"class_list":["post-1167","page","type-page","status-publish","hentry"],"jetpack_sharing_enabled":true,"jetpack_likes_enabled":true,"jetpack-related-posts":[{"id":4225,"url":"https:\/\/blog.ociomodell.com\/wordpress\/mis-casitas-de-munecas\/fotos-de-modelos\/barcos\/acorazado-tirpiz-ricardo-yubero\/","url_meta":{"origin":1167,"position":0},"title":"Acorazado\u00a0Tirpiz","author":"Paco Gomez","date":"3 octubre, 2018","format":false,"excerpt":"Fotos del\u00a0\u00a0acorazado \"tirpiz\" a escala 1\/350. De la marina alemana de la WWII (Realizado por Ricardo Yubero) \u00a0","rel":"","context":"En \u00abautom\u00e1tico\u00bb","block_context":{"text":"autom\u00e1tico","link":"https:\/\/blog.ociomodell.com\/wordpress\/tag\/automatico\/"},"img":{"alt_text":"Fotograf\u00edas - Acorazado\u00a0Tirpiz","src":"https:\/\/i0.wp.com\/blog.ociomodell.com\/wordpress\/wp-content\/uploads\/2018\/10\/IMG-20180925-WA0006.jpg?resize=350%2C200&ssl=1","width":350,"height":200,"srcset":"https:\/\/i0.wp.com\/blog.ociomodell.com\/wordpress\/wp-content\/uploads\/2018\/10\/IMG-20180925-WA0006.jpg?resize=350%2C200&ssl=1 1x, https:\/\/i0.wp.com\/blog.ociomodell.com\/wordpress\/wp-content\/uploads\/2018\/10\/IMG-20180925-WA0006.jpg?resize=525%2C300&ssl=1 1.5x, https:\/\/i0.wp.com\/blog.ociomodell.com\/wordpress\/wp-content\/uploads\/2018\/10\/IMG-20180925-WA0006.jpg?resize=700%2C400&ssl=1 2x, https:\/\/i0.wp.com\/blog.ociomodell.com\/wordpress\/wp-content\/uploads\/2018\/10\/IMG-20180925-WA0006.jpg?resize=1050%2C600&ssl=1 3x, https:\/\/i0.wp.com\/blog.ociomodell.com\/wordpress\/wp-content\/uploads\/2018\/10\/IMG-20180925-WA0006.jpg?resize=1400%2C800&ssl=1 4x"},"classes":[]},{"id":4306,"url":"https:\/\/blog.ociomodell.com\/wordpress\/mis-casitas-de-munecas\/fotos-de-modelos\/barcos\/titanic\/","url_meta":{"origin":1167,"position":1},"title":"Titanic","author":"Paco Gomez","date":"29 octubre, 2018","format":false,"excerpt":"Fotograf\u00edas del modelo\u00a0hasegawa 1\/350, realizado por Ricardo Yubero \u00a0","rel":"","context":"En \u00abautom\u00e1tico\u00bb","block_context":{"text":"autom\u00e1tico","link":"https:\/\/blog.ociomodell.com\/wordpress\/tag\/automatico\/"},"img":{"alt_text":"\u00a0Titanic - Modelo realizado por Ricardo Yubero","src":"https:\/\/i0.wp.com\/blog.ociomodell.com\/wordpress\/wp-content\/uploads\/2018\/10\/IMG-20181014-WA0002-1-1024x768.jpg?resize=350%2C200&ssl=1","width":350,"height":200,"srcset":"https:\/\/i0.wp.com\/blog.ociomodell.com\/wordpress\/wp-content\/uploads\/2018\/10\/IMG-20181014-WA0002-1-1024x768.jpg?resize=350%2C200&ssl=1 1x, https:\/\/i0.wp.com\/blog.ociomodell.com\/wordpress\/wp-content\/uploads\/2018\/10\/IMG-20181014-WA0002-1-1024x768.jpg?resize=525%2C300&ssl=1 1.5x, https:\/\/i0.wp.com\/blog.ociomodell.com\/wordpress\/wp-content\/uploads\/2018\/10\/IMG-20181014-WA0002-1-1024x768.jpg?resize=700%2C400&ssl=1 2x"},"classes":[]},{"id":6712,"url":"https:\/\/blog.ociomodell.com\/wordpress\/mis-casitas-de-munecas\/fotografias-de-actividades\/","url_meta":{"origin":1167,"position":2},"title":"Fotos de actividades","author":"Paco Gomez","date":"7 octubre, 2021","format":false,"excerpt":"","rel":"","context":"Entrada similar","block_context":{"text":"Entrada similar","link":""},"img":{"alt_text":"","src":"","width":0,"height":0},"classes":[]},{"id":1157,"url":"https:\/\/blog.ociomodell.com\/wordpress\/mis-casitas-de-munecas\/mis-casitas\/","url_meta":{"origin":1167,"position":3},"title":"Mis casitas de mu\u00f1ecas..","author":"Paco Gomez","date":"29 marzo, 2017","format":false,"excerpt":"Las casas de mu\u00f1ecas crean la ilusi\u00f3n de la recreaci\u00f3n de un mundo de fantas\u00eda al alcance de nuestra mano. Nuestra casita es nuestra casa ideal en miniatura, nuestro sal\u00f3n de juegos que moldeamos y construimos a nuestro gusto. La gran variedad de complementos, marcas y soluciones crean un sinf\u00edn\u2026","rel":"","context":"En \u00abcasitas\u00bb","block_context":{"text":"casitas","link":"https:\/\/blog.ociomodell.com\/wordpress\/tag\/casitas\/"},"img":{"alt_text":"Casita de mu\u00f1ecas de Marimar - Ociomodell.com","src":"https:\/\/i0.wp.com\/blog.ociomodell.com\/wordpress\/wp-content\/uploads\/2017\/03\/Marimar_5-1024x760.jpeg?resize=350%2C200&ssl=1","width":350,"height":200,"srcset":"https:\/\/i0.wp.com\/blog.ociomodell.com\/wordpress\/wp-content\/uploads\/2017\/03\/Marimar_5-1024x760.jpeg?resize=350%2C200&ssl=1 1x, https:\/\/i0.wp.com\/blog.ociomodell.com\/wordpress\/wp-content\/uploads\/2017\/03\/Marimar_5-1024x760.jpeg?resize=525%2C300&ssl=1 1.5x, https:\/\/i0.wp.com\/blog.ociomodell.com\/wordpress\/wp-content\/uploads\/2017\/03\/Marimar_5-1024x760.jpeg?resize=700%2C400&ssl=1 2x, https:\/\/i0.wp.com\/blog.ociomodell.com\/wordpress\/wp-content\/uploads\/2017\/03\/Marimar_5-1024x760.jpeg?resize=1050%2C600&ssl=1 3x, https:\/\/i0.wp.com\/blog.ociomodell.com\/wordpress\/wp-content\/uploads\/2017\/03\/Marimar_5-1024x760.jpeg?resize=1400%2C800&ssl=1 4x"},"classes":[]},{"id":6715,"url":"https:\/\/blog.ociomodell.com\/wordpress\/mis-casitas-de-munecas\/fotografias-de-actividades\/fotos-taller-11oct21\/","url_meta":{"origin":1167,"position":4},"title":"FOTOS TALER 11OCT21","author":"Paco Gomez","date":"7 octubre, 2021","format":false,"excerpt":"","rel":"","context":"Entrada similar","block_context":{"text":"Entrada similar","link":""},"img":{"alt_text":"Fotos del Taller de aerograf\u00eda 11\/09\/21","src":"https:\/\/i0.wp.com\/blog.ociomodell.com\/wordpress\/wp-content\/uploads\/2021\/09\/imagen_de_viber_2021-09-14_21-57-01-601-300x225.jpg?resize=350%2C200&ssl=1","width":350,"height":200},"classes":[]},{"id":3294,"url":"https:\/\/blog.ociomodell.com\/wordpress\/mis-casitas-de-munecas\/fotos-de-modelos\/","url_meta":{"origin":1167,"position":5},"title":"Fotos de modelos","author":"Paco Gomez","date":"7 junio, 2018","format":false,"excerpt":"Fotos de modelos realizados por clientes: AVIONES BARCOS CONSTRUCCIONES VEH\u00cdCULOS","rel":"","context":"En \u00abde\u00bb","block_context":{"text":"de","link":"https:\/\/blog.ociomodell.com\/wordpress\/tag\/de\/"},"img":{"alt_text":"","src":"","width":0,"height":0},"classes":[]}],"jetpack_shortlink":"https:\/\/wp.me\/P7mZwQ-iP","_links":{"self":[{"href":"https:\/\/blog.ociomodell.com\/wordpress\/wp-json\/wp\/v2\/pages\/1167","targetHints":{"allow":["GET"]}}],"collection":[{"href":"https:\/\/blog.ociomodell.com\/wordpress\/wp-json\/wp\/v2\/pages"}],"about":[{"href":"https:\/\/blog.ociomodell.com\/wordpress\/wp-json\/wp\/v2\/types\/page"}],"author":[{"embeddable":true,"href":"https:\/\/blog.ociomodell.com\/wordpress\/wp-json\/wp\/v2\/users\/2"}],"replies":[{"embeddable":true,"href":"https:\/\/blog.ociomodell.com\/wordpress\/wp-json\/wp\/v2\/comments?post=1167"}],"version-history":[{"count":0,"href":"https:\/\/blog.ociomodell.com\/wordpress\/wp-json\/wp\/v2\/pages\/1167\/revisions"}],"wp:attachment":[{"href":"https:\/\/blog.ociomodell.com\/wordpress\/wp-json\/wp\/v2\/media?parent=1167"}],"curies":[{"name":"wp","href":"https:\/\/api.w.org\/{rel}","templated":true}]}}