{"id":18599,"date":"2025-06-27T10:48:43","date_gmt":"2025-06-27T08:48:43","guid":{"rendered":"https:\/\/blog.ociomodell.com\/wordpress\/?page_id=18599"},"modified":"2025-06-28T00:07:55","modified_gmt":"2025-06-27T22:07:55","slug":"catalogos-2025","status":"publish","type":"page","link":"https:\/\/blog.ociomodell.com\/wordpress\/catalogos\/catalogos-2025\/","title":{"rendered":"Cat\u00e1logos 2025"},"content":{"rendered":"<figure id=\"attachment_18601\" aria-describedby=\"caption-attachment-18601\" style=\"width: 210px\" class=\"wp-caption aligncenter\"><a href=\"https:\/\/drive.google.com\/file\/d\/1DAZZSyG2nQLLOuMs--MCBB13zW6KFZux\/view?usp=sharing\" target=\"_blank\" rel=\"noopener nofollow\"><img loading=\"lazy\" decoding=\"async\" data-attachment-id=\"18601\" data-permalink=\"https:\/\/blog.ociomodell.com\/wordpress\/catalogos\/catalogos-2025\/screenshot-2\/\" data-orig-file=\"https:\/\/blog.ociomodell.com\/wordpress\/wp-content\/uploads\/2025\/06\/80313_25_Puzzle-Katalog_Doppelseiten.jpg\" data-orig-size=\"902,1288\" data-comments-opened=\"1\" data-image-meta=\"{&quot;aperture&quot;:&quot;0&quot;,&quot;credit&quot;:&quot;&quot;,&quot;camera&quot;:&quot;&quot;,&quot;caption&quot;:&quot;Screenshot&quot;,&quot;created_timestamp&quot;:&quot;0&quot;,&quot;copyright&quot;:&quot;&quot;,&quot;focal_length&quot;:&quot;0&quot;,&quot;iso&quot;:&quot;0&quot;,&quot;shutter_speed&quot;:&quot;0&quot;,&quot;title&quot;:&quot;Screenshot&quot;,&quot;orientation&quot;:&quot;1&quot;}\" data-image-title=\"Nuevo cat\u00e1logo puzzles Heye &amp;#8211; 2025\" data-image-description=\"&lt;p&gt;Nuevo cat\u00e1logo puzzles Heye &amp;#8211; 2025&lt;\/p&gt;\n\" data-image-caption=\"&lt;p&gt;Nuevo cat\u00e1logo puzzles Heye &amp;#8211; 2025&lt;\/p&gt;\n\" data-large-file=\"https:\/\/blog.ociomodell.com\/wordpress\/wp-content\/uploads\/2025\/06\/80313_25_Puzzle-Katalog_Doppelseiten-717x1024.jpg\" class=\"size-medium wp-image-18601\" src=\"https:\/\/blog.ociomodell.com\/wordpress\/wp-content\/uploads\/2025\/06\/80313_25_Puzzle-Katalog_Doppelseiten-210x300.jpg\" alt=\"Nuevo cat\u00e1logo puzles Heye - 2025\" width=\"210\" height=\"300\" title=\"\" srcset=\"https:\/\/blog.ociomodell.com\/wordpress\/wp-content\/uploads\/2025\/06\/80313_25_Puzzle-Katalog_Doppelseiten-210x300.jpg 210w, https:\/\/blog.ociomodell.com\/wordpress\/wp-content\/uploads\/2025\/06\/80313_25_Puzzle-Katalog_Doppelseiten-717x1024.jpg 717w, https:\/\/blog.ociomodell.com\/wordpress\/wp-content\/uploads\/2025\/06\/80313_25_Puzzle-Katalog_Doppelseiten-768x1097.jpg 768w, https:\/\/blog.ociomodell.com\/wordpress\/wp-content\/uploads\/2025\/06\/80313_25_Puzzle-Katalog_Doppelseiten-250x357.jpg 250w, https:\/\/blog.ociomodell.com\/wordpress\/wp-content\/uploads\/2025\/06\/80313_25_Puzzle-Katalog_Doppelseiten.jpg 902w\" sizes=\"auto, (max-width: 210px) 100vw, 210px\" \/><\/a><figcaption id=\"caption-attachment-18601\" class=\"wp-caption-text\">Nuevo cat\u00e1logo puzles Heye &#8211; 2025<\/figcaption><\/figure>\n<p>&nbsp;<\/p>\n<figure id=\"attachment_18621\" aria-describedby=\"caption-attachment-18621\" style=\"width: 210px\" class=\"wp-caption aligncenter\"><a href=\"https:\/\/drive.google.com\/file\/d\/1JwRVtRnSuMFaO67XaUwSkILeTIelNx1v\/view?usp=sharing\" target=\"_blank\" rel=\"noopener nofollow\"><img loading=\"lazy\" decoding=\"async\" data-attachment-id=\"18621\" data-permalink=\"https:\/\/blog.ociomodell.com\/wordpress\/catalogos\/catalogos-2025\/screenshot-3\/\" data-orig-file=\"https:\/\/blog.ociomodell.com\/wordpress\/wp-content\/uploads\/2025\/06\/Catalogo-CherryPazzy-Enero-2025.jpg\" data-orig-size=\"884,1262\" data-comments-opened=\"1\" data-image-meta=\"{&quot;aperture&quot;:&quot;0&quot;,&quot;credit&quot;:&quot;&quot;,&quot;camera&quot;:&quot;&quot;,&quot;caption&quot;:&quot;Screenshot&quot;,&quot;created_timestamp&quot;:&quot;0&quot;,&quot;copyright&quot;:&quot;&quot;,&quot;focal_length&quot;:&quot;0&quot;,&quot;iso&quot;:&quot;0&quot;,&quot;shutter_speed&quot;:&quot;0&quot;,&quot;title&quot;:&quot;Screenshot&quot;,&quot;orientation&quot;:&quot;1&quot;}\" data-image-title=\"Nuevo cat\u00e1logo puzzles Cherry Pazz \u2013 2025\" data-image-description=\"&lt;p&gt;Nuevo cat\u00e1logo puzzles Cherry Pazz \u2013 2025&lt;\/p&gt;\n\" data-image-caption=\"&lt;p&gt;Nuevo cat\u00e1logo puzzles Cherry Pazz \u2013 2025&lt;\/p&gt;\n\" data-large-file=\"https:\/\/blog.ociomodell.com\/wordpress\/wp-content\/uploads\/2025\/06\/Catalogo-CherryPazzy-Enero-2025-717x1024.jpg\" class=\"size-medium wp-image-18621\" src=\"https:\/\/blog.ociomodell.com\/wordpress\/wp-content\/uploads\/2025\/06\/Catalogo-CherryPazzy-Enero-2025-210x300.jpg\" alt=\"Nuevo cat\u00e1logo puzzles Cherry Pazz \u2013 2025\" width=\"210\" height=\"300\" title=\"\" srcset=\"https:\/\/blog.ociomodell.com\/wordpress\/wp-content\/uploads\/2025\/06\/Catalogo-CherryPazzy-Enero-2025-210x300.jpg 210w, https:\/\/blog.ociomodell.com\/wordpress\/wp-content\/uploads\/2025\/06\/Catalogo-CherryPazzy-Enero-2025-717x1024.jpg 717w, https:\/\/blog.ociomodell.com\/wordpress\/wp-content\/uploads\/2025\/06\/Catalogo-CherryPazzy-Enero-2025-768x1096.jpg 768w, https:\/\/blog.ociomodell.com\/wordpress\/wp-content\/uploads\/2025\/06\/Catalogo-CherryPazzy-Enero-2025-250x357.jpg 250w, https:\/\/blog.ociomodell.com\/wordpress\/wp-content\/uploads\/2025\/06\/Catalogo-CherryPazzy-Enero-2025.jpg 884w\" sizes=\"auto, (max-width: 210px) 100vw, 210px\" \/><\/a><figcaption id=\"caption-attachment-18621\" class=\"wp-caption-text\">Nuevo cat\u00e1logo puzzles Cherry Pazz \u2013 2025<\/figcaption><\/figure>\n","protected":false},"excerpt":{"rendered":"<p>&nbsp;<\/p>\n","protected":false},"author":2,"featured_media":0,"parent":41,"menu_order":0,"comment_status":"closed","ping_status":"closed","template":"","meta":{"footnotes":"","_links_to":"","_links_to_target":""},"class_list":["post-18599","page","type-page","status-publish","hentry"],"jetpack_sharing_enabled":true,"jetpack_likes_enabled":true,"jetpack-related-posts":[{"id":9766,"url":"https:\/\/blog.ociomodell.com\/wordpress\/catalogos\/catalogos-2024\/","url_meta":{"origin":18599,"position":0},"title":"Cat\u00e1logos 2024","author":"Paco Gomez","date":"9 enero, 2024","format":false,"excerpt":"\u00a0 \u00a0 \u00a0 \u00a0 \u00a0 \u00a0 \u00a0 \u00a0","rel":"","context":"Entrada similar","block_context":{"text":"Entrada similar","link":""},"img":{"alt_text":"Tabla de conversi\u00f3n de colores realizada por Ammo mig","src":"https:\/\/i0.wp.com\/blog.ociomodell.com\/wordpress\/wp-content\/uploads\/2024\/01\/acrylic-colors-conversion-chart-208x300.jpg?resize=350%2C200&ssl=1","width":350,"height":200},"classes":[]},{"id":3497,"url":"https:\/\/blog.ociomodell.com\/wordpress\/catalogos\/catalogos-2018\/","url_meta":{"origin":18599,"position":1},"title":"Cat\u00e1logos 2018","author":"Paco Gomez","date":"17 junio, 2018","format":false,"excerpt":"Ir a Cat\u00e1logos \u00a0 \u00a0 \u00a0 \u00a0","rel":"","context":"En \u00ab2018\u00bb","block_context":{"text":"2018","link":"https:\/\/blog.ociomodell.com\/wordpress\/tag\/2018\/"},"img":{"alt_text":"AMMO - Cat\u00e1logo 2018 de Ammo","src":"https:\/\/i0.wp.com\/blog.ociomodell.com\/wordpress\/wp-content\/uploads\/2019\/01\/AMMO-catalogue_2018_redu-211x300.png?resize=350%2C200&ssl=1","width":350,"height":200},"classes":[]},{"id":5399,"url":"https:\/\/blog.ociomodell.com\/wordpress\/catalogos\/catalogo-2020\/","url_meta":{"origin":18599,"position":2},"title":"Cat\u00e1logos 2020","author":"Mari Mar Navarro","date":"20 febrero, 2020","format":false,"excerpt":"\u00a0 \u00a0","rel":"","context":"Entrada similar","block_context":{"text":"Entrada similar","link":""},"img":{"alt_text":"Pinturas - Shader, AMMO by MIG Jimenez","src":"https:\/\/i0.wp.com\/blog.ociomodell.com\/wordpress\/wp-content\/uploads\/2020\/09\/ammo-shaders-user-guide_web-209x300.jpg?resize=350%2C200&ssl=1","width":350,"height":200},"classes":[]},{"id":4586,"url":"https:\/\/blog.ociomodell.com\/wordpress\/catalogos\/catalogos-2019\/","url_meta":{"origin":18599,"position":3},"title":"Cat\u00e1logos 2019","author":"Paco Gomez","date":"23 enero, 2019","format":false,"excerpt":"\u00a0","rel":"","context":"En \u00abautom\u00e1tico\u00bb","block_context":{"text":"autom\u00e1tico","link":"https:\/\/blog.ociomodell.com\/wordpress\/tag\/automatico\/"},"img":{"alt_text":"AMMO \u2013 Cat\u00e1logo 2019 de Ammo","src":"https:\/\/i0.wp.com\/blog.ociomodell.com\/wordpress\/wp-content\/uploads\/2019\/02\/AMMO-catalogue_2019_redu-212x300.png?resize=350%2C200&ssl=1","width":350,"height":200},"classes":[]},{"id":7578,"url":"https:\/\/blog.ociomodell.com\/wordpress\/catalogos\/catalogos-2023\/","url_meta":{"origin":18599,"position":4},"title":"Cat\u00e1logos 2023","author":"Paco Gomez","date":"17 febrero, 2023","format":false,"excerpt":"\u00a0 \u00a0 \u00a0 \u00a0 \u00a0 \u00a0 \u00a0 \u00a0 \u00a0 \u00a0","rel":"","context":"Entrada similar","block_context":{"text":"Entrada similar","link":""},"img":{"alt_text":"Tamiya cat\u00e1logo 2023","src":"https:\/\/i0.wp.com\/blog.ociomodell.com\/wordpress\/wp-content\/uploads\/2023\/02\/20879_TAMIYA_ToyFairNews_2023_rz_medium-300x212.jpg?resize=350%2C200&ssl=1","width":350,"height":200},"classes":[]},{"id":7056,"url":"https:\/\/blog.ociomodell.com\/wordpress\/catalogos\/catalogos-2022\/","url_meta":{"origin":18599,"position":5},"title":"Cat\u00e1logos 2022","author":"Paco Gomez","date":"9 febrero, 2022","format":false,"excerpt":"Secci\u00f3n Nuevos Cat\u00e1logos 2022 \u00a0 \u00a0","rel":"","context":"Entrada similar","block_context":{"text":"Entrada similar","link":""},"img":{"alt_text":"Cat\u00e1logo de novedades 2022 - TAMIYA - ITALIERI - EBBRO - DRAGON - ZVEZDA - SCALEXTRIC","src":"https:\/\/i0.wp.com\/blog.ociomodell.com\/wordpress\/wp-content\/uploads\/2022\/02\/Tamiya-300x213.jpg?resize=350%2C200&ssl=1","width":350,"height":200},"classes":[]}],"jetpack_shortlink":"https:\/\/wp.me\/P7mZwQ-4PZ","_links":{"self":[{"href":"https:\/\/blog.ociomodell.com\/wordpress\/wp-json\/wp\/v2\/pages\/18599","targetHints":{"allow":["GET"]}}],"collection":[{"href":"https:\/\/blog.ociomodell.com\/wordpress\/wp-json\/wp\/v2\/pages"}],"about":[{"href":"https:\/\/blog.ociomodell.com\/wordpress\/wp-json\/wp\/v2\/types\/page"}],"author":[{"embeddable":true,"href":"https:\/\/blog.ociomodell.com\/wordpress\/wp-json\/wp\/v2\/users\/2"}],"replies":[{"embeddable":true,"href":"https:\/\/blog.ociomodell.com\/wordpress\/wp-json\/wp\/v2\/comments?post=18599"}],"version-history":[{"count":0,"href":"https:\/\/blog.ociomodell.com\/wordpress\/wp-json\/wp\/v2\/pages\/18599\/revisions"}],"up":[{"embeddable":true,"href":"https:\/\/blog.ociomodell.com\/wordpress\/wp-json\/wp\/v2\/pages\/41"}],"wp:attachment":[{"href":"https:\/\/blog.ociomodell.com\/wordpress\/wp-json\/wp\/v2\/media?parent=18599"}],"curies":[{"name":"wp","href":"https:\/\/api.w.org\/{rel}","templated":true}]}}