{"id":28,"date":"2016-03-22T20:01:07","date_gmt":"2016-03-22T20:01:07","guid":{"rendered":"http:\/\/blog.ociomodell.com\/politica-de-cookies\/"},"modified":"2018-05-24T23:58:31","modified_gmt":"2018-05-24T21:58:31","slug":"politica-de-cookies_2","status":"publish","type":"page","link":"https:\/\/blog.ociomodell.com\/wordpress\/politica-de-privacidad\/politica-de-cookies_2\/","title":{"rendered":"Pol\u00edtica de cookies"},"content":{"rendered":"<h2 data-fontsize=\"26\" data-lineheight=\"39\"><\/h2>\n<p>La presente pol\u00edtica de cookies tiene por finalidad informarle de manera clara y precisa sobre las cookies que se utilizan en la p\u00e1gina web de Blog.ociomodell.com.<\/p>\n<p><strong>\u00bfQu\u00e9 son las cookies?<\/strong><\/p>\n<p>Una cookie es un peque\u00f1o fragmento de texto que los sitios web que visita env\u00edan al navegador y que permite que el sitio web recuerde informaci\u00f3n sobre su visita, como su idioma preferido y otras opciones, con el fin de facilitar su pr\u00f3xima visita y hacer que el sitio le resulte m\u00e1s \u00fatil. Las cookies desempe\u00f1an un papel muy importante y contribuyen a tener una mejor experiencia de navegaci\u00f3n para el usuario.<\/p>\n<p><strong>Tipos de cookies<\/strong><\/p>\n<p>Seg\u00fan qui\u00e9n sea la entidad que gestione el dominio desde d\u00f3nde se env\u00edan las cookies y se traten los datos que se obtengan, se pueden distinguir dos tipos: cookies propias y cookies de terceros.<\/p>\n<p>Existe tambi\u00e9n una segunda clasificaci\u00f3n seg\u00fan el plazo de tiempo que permanecen almacenadas en el navegador del cliente, pudiendo tratarse de cookies de sesi\u00f3n o cookies persistentes.<\/p>\n<p>Por \u00faltimo, existe otra clasificaci\u00f3n con cinco tipos de cookies seg\u00fan la finalidad para la que se traten los datos obtenidos: cookies t\u00e9cnicas, cookies de personalizaci\u00f3n, cookies de an\u00e1lisis, cookies publicitarias y cookies de publicidad comportamental.<\/p>\n<p>Para m\u00e1s informaci\u00f3n a este respecto puede consultar la Gu\u00eda sobre el uso de las cookies de la Agencia Espa\u00f1ola de Protecci\u00f3n de Datos.<\/p>\n<p><strong>Cookies utilizadas en la web<\/strong><\/p>\n<p>A continuaci\u00f3n se identifican las cookies que est\u00e1n siendo utilizadas en este portal as\u00ed como su tipolog\u00eda y funci\u00f3n:<\/p>\n<p>&nbsp;<\/p>\n<p>&nbsp;<\/p>\n<p>Para desactivar las cookies:<\/p>\n<ul>\n<li>Safari:\u00a0<a href=\"http:\/\/support.apple.com\/kb\/HT1677?viewlocale=es_ES\" rel=\"nofollow noopener\" target=\"_blank\">http:\/\/support.apple.com\/kb\/HT1677?viewlocale=es_ES<\/a><\/li>\n<li>Firefox:\u00a0<a href=\"http:\/\/support.mozilla.org\/es\/kb\/habilitar-y-deshabilitar-cookies-que-los-sitios-we\" rel=\"nofollow noopener\" target=\"_blank\">http:\/\/support.mozilla.org\/es\/kb\/habilitar-y-deshabilitar-cookies-que-los-sitios-we<\/a><\/li>\n<li>Chrome:\u00a0<a href=\"https:\/\/support.google.com\/chrome\/answer\/95647?hl=es-es\" rel=\"nofollow noopener\" target=\"_blank\">https:\/\/support.google.com\/chrome\/answer\/95647?hl=es-es<\/a><\/li>\n<li>Opera:\u00a0<a href=\"http:\/\/www.opera.com\/help\/tutorials\/security\/privacy\/\" rel=\"nofollow noopener\" target=\"_blank\">http:\/\/www.opera.com\/help\/tutorials\/security\/privacy\/<\/a><\/li>\n<li>Internet Explorer:\u00a0<a href=\"http:\/\/support.microsoft.com\/kb\/260971\" rel=\"nofollow noopener\" target=\"_blank\">http:\/\/support.microsoft.com\/kb\/260971<\/a><\/li>\n<\/ul>\n","protected":false},"excerpt":{"rendered":"<p>La presente pol\u00edtica de cookies tiene por finalidad informarle de manera clara y precisa sobre las cookies que se utilizan en la p\u00e1gina web de Blog.ociomodell.com. \u00bfQu\u00e9 son las cookies? [&hellip;]<\/p>\n","protected":false},"author":3,"featured_media":0,"parent":3159,"menu_order":4,"comment_status":"closed","ping_status":"closed","template":"","meta":{"jetpack_post_was_ever_published":false,"footnotes":"","_links_to":"","_links_to_target":""},"class_list":["post-28","page","type-page","status-publish","hentry"],"jetpack_sharing_enabled":true,"jetpack_likes_enabled":true,"jetpack-related-posts":[{"id":3158,"url":"https:\/\/blog.ociomodell.com\/wordpress\/politica-de-privacidad\/avisos-legales\/","url_meta":{"origin":28,"position":0},"title":"Avisos Legales","author":"Paco Gomez","date":"22 mayo, 2018","format":false,"excerpt":"El presente Aviso Legal regula las condiciones generales de acceso y utilizaci\u00f3n del sitio web accesible en la direcci\u00f3n URL https:\/\/blog.ociomodell.com\/wordpress (en adelante, el sitio web), que Ociomodell.com pone a disposici\u00f3n de los usuarios de Internet. La utilizaci\u00f3n del sitio web implica la aceptaci\u00f3n plena y sin reservas de todas\u2026","rel":"","context":"En \u00abavisos\u00bb","block_context":{"text":"avisos","link":"https:\/\/blog.ociomodell.com\/wordpress\/tag\/avisos\/"},"img":{"alt_text":"","src":"","width":0,"height":0},"classes":[]},{"id":3159,"url":"https:\/\/blog.ociomodell.com\/wordpress\/politica-de-privacidad\/","url_meta":{"origin":28,"position":1},"title":"Pol\u00edtica Privacidad","author":"Paco Gomez","date":"22 mayo, 2018","format":false,"excerpt":"En cumplimiento de lo establecido en la RGPD, le informamos que sus datos ser\u00e1n tratados en nuestros ficheros, con la finalidad del mantenimiento y cumplimiento de la relaci\u00f3n con nuestra entidad, incluyendo el env\u00edo de comunicaciones en el marco de la citada relaci\u00f3n. As\u00ed mismo, sus datos ser\u00e1n cedidos en\u2026","rel":"","context":"En \u00abcookies\u00bb","block_context":{"text":"cookies","link":"https:\/\/blog.ociomodell.com\/wordpress\/tag\/cookies\/"},"img":{"alt_text":"","src":"","width":0,"height":0},"classes":[]},{"id":8659,"url":"https:\/\/blog.ociomodell.com\/wordpress\/clients\/calcas-trenmilitaria-instrucciones-de-colocacion\/","url_meta":{"origin":28,"position":2},"title":"CALCAS TRENMILITARIA &#8211; Instrucciones de colocaci\u00f3n","author":"Paco Gomez","date":"2 octubre, 2023","format":false,"excerpt":"INSTRUCCIONES DE TRENMILITARIA 1- El modelo deber\u00e1 ofrecer una superficie lo m\u00e1s lisa posible. Para ello recomendamos aplicar una mano de barniz brillante acr\u00edlico sobre todo el modelo (spray o aer\u00f3grafo) o al menos en las zonas donde van ubicadas las calcas (mediante pincel plano). IMPORTANTE: Dejar secar al menos\u2026","rel":"","context":"Entrada similar","block_context":{"text":"Entrada similar","link":""},"img":{"alt_text":"CALCAS TRENMILITARIA - secci\u00f3n con multitud de calcas de la marca para todo tipo de modelos, helic\u00f3pteros, cazas, aviones, blindados, carros de combate, etc","src":"https:\/\/i0.wp.com\/blog.ociomodell.com\/wordpress\/wp-content\/uploads\/2023\/10\/calcas-trenmilitaria.png?resize=350%2C200&ssl=1","width":350,"height":200,"srcset":"https:\/\/i0.wp.com\/blog.ociomodell.com\/wordpress\/wp-content\/uploads\/2023\/10\/calcas-trenmilitaria.png?resize=350%2C200&ssl=1 1x, https:\/\/i0.wp.com\/blog.ociomodell.com\/wordpress\/wp-content\/uploads\/2023\/10\/calcas-trenmilitaria.png?resize=525%2C300&ssl=1 1.5x, https:\/\/i0.wp.com\/blog.ociomodell.com\/wordpress\/wp-content\/uploads\/2023\/10\/calcas-trenmilitaria.png?resize=700%2C400&ssl=1 2x"},"classes":[]},{"id":32,"url":"https:\/\/blog.ociomodell.com\/wordpress\/ociomodell-com\/","url_meta":{"origin":28,"position":3},"title":"Quien somos?","author":"ociomodell","date":"22 marzo, 2016","format":false,"excerpt":"Queremos compartir con ustedes nuestra nueva empresa Ociomodell especializada en todo tipo de art\u00edculos para modelismo tanto est\u00e1tico como din\u00e1mico, localizado en Zaragoza. Tenemos gran experiencia dentro del sector en otro tipo de hobby consolidado su funcionamiento y en donde estamos trabajando desde el 2009. Sobre esta base estamos aplicando\u2026","rel":"","context":"En \u00abociomodellcom\u00bb","block_context":{"text":"ociomodellcom","link":"https:\/\/blog.ociomodell.com\/wordpress\/tag\/ociomodellcom\/"},"img":{"alt_text":"","src":"https:\/\/i0.wp.com\/blog.ociomodell.com\/wordpress\/wp-content\/uploads\/2016\/03\/ociomodell_avion.jpg?resize=350%2C200&ssl=1","width":350,"height":200,"srcset":"https:\/\/i0.wp.com\/blog.ociomodell.com\/wordpress\/wp-content\/uploads\/2016\/03\/ociomodell_avion.jpg?resize=350%2C200&ssl=1 1x, https:\/\/i0.wp.com\/blog.ociomodell.com\/wordpress\/wp-content\/uploads\/2016\/03\/ociomodell_avion.jpg?resize=525%2C300&ssl=1 1.5x, https:\/\/i0.wp.com\/blog.ociomodell.com\/wordpress\/wp-content\/uploads\/2016\/03\/ociomodell_avion.jpg?resize=700%2C400&ssl=1 2x"},"classes":[]},{"id":3975,"url":"https:\/\/blog.ociomodell.com\/wordpress\/mis-casitas-de-munecas\/fotos-de-modelos\/vehiculos\/las-uvas-de-lra\/","url_meta":{"origin":28,"position":4},"title":"\u00abLas Uvas de ira\u00bb","author":"Paco Gomez","date":"22 agosto, 2018","format":false,"excerpt":"\"Las Uvas de ira\", Diorama realizado por Joaqu\u00edn Gracia. El diorama est\u00e1 inspirado en la novela \"Las Uvas de ira\" que\u00a0narra la \u00e9poca de la gran de presi\u00f3n americana producida por la industrializaci\u00f3n de la agricultura. Como consecuencia de esto la gente se vio obligada a emigrar al oeste por\u2026","rel":"","context":"En \u00abautom\u00e1tico\u00bb","block_context":{"text":"autom\u00e1tico","link":"https:\/\/blog.ociomodell.com\/wordpress\/tag\/automatico\/"},"img":{"alt_text":"","src":"https:\/\/i0.wp.com\/blog.ociomodell.com\/wordpress\/wp-content\/uploads\/2018\/08\/20180801_201321.jpg?resize=350%2C200&ssl=1","width":350,"height":200},"classes":[]},{"id":3314,"url":"https:\/\/blog.ociomodell.com\/wordpress\/mis-casitas-de-munecas\/fotos-de-modelos\/vehiculos\/","url_meta":{"origin":28,"position":5},"title":"Veh\u00edculos","author":"Paco Gomez","date":"7 junio, 2018","format":false,"excerpt":"\"LAS UVAS DE LA IRA\" CAMI\u00d3N II GUERRA MUNDIAL DESLIZADOR TERRESTRE X34, STAR WARS HUMMER H1 1:24 MERCEDES BENZ 300 SL FORD GT, TAMIYA 1:24","rel":"","context":"En \u00abautom\u00e1tico\u00bb","block_context":{"text":"autom\u00e1tico","link":"https:\/\/blog.ociomodell.com\/wordpress\/tag\/automatico\/"},"img":{"alt_text":"","src":"","width":0,"height":0},"classes":[]}],"jetpack_shortlink":"https:\/\/wp.me\/P7mZwQ-s","_links":{"self":[{"href":"https:\/\/blog.ociomodell.com\/wordpress\/wp-json\/wp\/v2\/pages\/28","targetHints":{"allow":["GET"]}}],"collection":[{"href":"https:\/\/blog.ociomodell.com\/wordpress\/wp-json\/wp\/v2\/pages"}],"about":[{"href":"https:\/\/blog.ociomodell.com\/wordpress\/wp-json\/wp\/v2\/types\/page"}],"author":[{"embeddable":true,"href":"https:\/\/blog.ociomodell.com\/wordpress\/wp-json\/wp\/v2\/users\/3"}],"replies":[{"embeddable":true,"href":"https:\/\/blog.ociomodell.com\/wordpress\/wp-json\/wp\/v2\/comments?post=28"}],"version-history":[{"count":0,"href":"https:\/\/blog.ociomodell.com\/wordpress\/wp-json\/wp\/v2\/pages\/28\/revisions"}],"up":[{"embeddable":true,"href":"https:\/\/blog.ociomodell.com\/wordpress\/wp-json\/wp\/v2\/pages\/3159"}],"wp:attachment":[{"href":"https:\/\/blog.ociomodell.com\/wordpress\/wp-json\/wp\/v2\/media?parent=28"}],"curies":[{"name":"wp","href":"https:\/\/api.w.org\/{rel}","templated":true}]}}