{"id":32,"date":"2016-03-22T20:13:59","date_gmt":"2016-03-22T20:13:59","guid":{"rendered":"http:\/\/blog.ociomodell.com\/?page_id=32"},"modified":"2023-10-02T14:03:59","modified_gmt":"2023-10-02T12:03:59","slug":"ociomodell-com","status":"publish","type":"page","link":"https:\/\/blog.ociomodell.com\/wordpress\/ociomodell-com\/","title":{"rendered":"Quien somos?"},"content":{"rendered":"<p class=\"p1\"><span class=\"s1\">Queremos compartir con ustedes nuestra nueva empresa Ociomodell especializada en todo tipo de art\u00edculos para modelismo tanto est\u00e1tico como din\u00e1mico, localizado en Zaragoza.<\/span><\/p>\n<p class=\"p1\"><span class=\"s1\">Tenemos gran experiencia dentro del sector en otro tipo de hobby consolidado su funcionamiento y en donde estamos trabajando desde el 2009.<\/span><\/p>\n<p class=\"p1\"><span class=\"s1\">Sobre esta base estamos aplicando todo el conocimiento y experiencia adquirida para proporcionar un buen servicio y calidad a todos nuestros clientes.<\/span><\/p>\n<p class=\"p1\"><span class=\"s1\">Ociomodell toca todo tipo de hobbies para mayores, sobre todo especializada en modelismo profesional.<\/span><\/p>\n<p class=\"p1\"><span class=\"s1\">Diariamente estamos ampliando nuestro stock real de la web en todo tipo de \u00e1rticulos y marcas y trabajando para poder dar todas aquellas referencias en las que el modelista necesita para sus trabajos de cualquier tipo de hobby. Si en alg\u00fan momento no encuentra el producto deseado puede contactar con nosotros en <a href=\"mailto:info@ociomodell.com\"><span class=\"s2\">info@ociomodell.com<\/span><\/a> para poder conseguirlo.<\/span><\/p>\n<p class=\"p1\"><span class=\"s1\">La actividad diaria y la constancia es nuestra virtud, por tanto, el servicio debe y tiene que ser satisfactorio para todos nuestros clientes , esperando que queden contentos.<\/span><\/p>\n<p class=\"p1\"><span class=\"s1\">Esperamos que nuestra tienda sea su punto de referencia y de confianza.<\/span><\/p>\n<p style=\"text-align: center;\"><a href=\"https:\/\/blog.ociomodell.com\/wordpress\/ociomodell-com\/\">San Juan de la Pe\u00f1a 14<\/a>, Zaragoza &#8211; 50015<\/p>\n<p style=\"text-align: center;\"><strong>Tel\u00e9fono: 611 69 71 20\u00a0 &#8211; info@ociomodell.com<\/strong><\/p>\n<p>&nbsp;<\/p>\n<figure id=\"attachment_6700\" aria-describedby=\"caption-attachment-6700\" style=\"width: 700px\" class=\"wp-caption aligncenter\"><img loading=\"lazy\" decoding=\"async\" data-attachment-id=\"6700\" data-permalink=\"https:\/\/blog.ociomodell.com\/wordpress\/ociomodell-com\/captura-de-pantalla-2021-10-01-a-las-18-04-35\/\" data-orig-file=\"https:\/\/blog.ociomodell.com\/wordpress\/wp-content\/uploads\/2021\/10\/Captura-de-pantalla-2021-10-01-a-las-18.04.35.png\" data-orig-size=\"1200,1010\" data-comments-opened=\"1\" data-image-meta=\"{&quot;aperture&quot;:&quot;0&quot;,&quot;credit&quot;:&quot;&quot;,&quot;camera&quot;:&quot;&quot;,&quot;caption&quot;:&quot;&quot;,&quot;created_timestamp&quot;:&quot;0&quot;,&quot;copyright&quot;:&quot;&quot;,&quot;focal_length&quot;:&quot;0&quot;,&quot;iso&quot;:&quot;0&quot;,&quot;shutter_speed&quot;:&quot;0&quot;,&quot;title&quot;:&quot;&quot;,&quot;orientation&quot;:&quot;0&quot;}\" data-image-title=\"Nuevo local comercial en San Juan de la Pe\u00f1a 14\" data-image-description=\"&lt;p&gt;Nuevo local comercial en San Juan de la Pe\u00f1a 14&lt;\/p&gt;\n\" data-image-caption=\"&lt;p&gt;Nuevo local comercial en San Juan de la Pe\u00f1a 14&lt;\/p&gt;\n\" data-large-file=\"https:\/\/blog.ociomodell.com\/wordpress\/wp-content\/uploads\/2021\/10\/Captura-de-pantalla-2021-10-01-a-las-18.04.35-1024x862.png\" class=\"wp-image-6700\" src=\"https:\/\/blog.ociomodell.com\/wordpress\/wp-content\/uploads\/2021\/10\/Captura-de-pantalla-2021-10-01-a-las-18.04.35-300x253.png\" alt=\"Nuevo local comercial en San Juan de la Pe\u00f1a 14\" width=\"700\" height=\"589\" title=\"\" srcset=\"https:\/\/blog.ociomodell.com\/wordpress\/wp-content\/uploads\/2021\/10\/Captura-de-pantalla-2021-10-01-a-las-18.04.35-300x253.png 300w, https:\/\/blog.ociomodell.com\/wordpress\/wp-content\/uploads\/2021\/10\/Captura-de-pantalla-2021-10-01-a-las-18.04.35-1024x862.png 1024w, https:\/\/blog.ociomodell.com\/wordpress\/wp-content\/uploads\/2021\/10\/Captura-de-pantalla-2021-10-01-a-las-18.04.35-768x646.png 768w, https:\/\/blog.ociomodell.com\/wordpress\/wp-content\/uploads\/2021\/10\/Captura-de-pantalla-2021-10-01-a-las-18.04.35-250x210.png 250w, https:\/\/blog.ociomodell.com\/wordpress\/wp-content\/uploads\/2021\/10\/Captura-de-pantalla-2021-10-01-a-las-18.04.35.png 1200w\" sizes=\"auto, (max-width: 700px) 100vw, 700px\" \/><figcaption id=\"caption-attachment-6700\" class=\"wp-caption-text\">Nuevo local comercial en San Juan de la Pe\u00f1a 14<\/figcaption><\/figure>\n<p>&nbsp;<\/p>\n<figure id=\"attachment_6702\" aria-describedby=\"caption-attachment-6702\" style=\"width: 700px\" class=\"wp-caption aligncenter\"><img loading=\"lazy\" decoding=\"async\" data-attachment-id=\"6702\" data-permalink=\"https:\/\/blog.ociomodell.com\/wordpress\/ociomodell-com\/captura-de-pantalla-2021-10-01-a-las-18-10-56\/\" data-orig-file=\"https:\/\/blog.ociomodell.com\/wordpress\/wp-content\/uploads\/2021\/10\/Captura-de-pantalla-2021-10-01-a-las-18.10.56.png\" data-orig-size=\"934,938\" data-comments-opened=\"1\" data-image-meta=\"{&quot;aperture&quot;:&quot;0&quot;,&quot;credit&quot;:&quot;&quot;,&quot;camera&quot;:&quot;&quot;,&quot;caption&quot;:&quot;&quot;,&quot;created_timestamp&quot;:&quot;0&quot;,&quot;copyright&quot;:&quot;&quot;,&quot;focal_length&quot;:&quot;0&quot;,&quot;iso&quot;:&quot;0&quot;,&quot;shutter_speed&quot;:&quot;0&quot;,&quot;title&quot;:&quot;&quot;,&quot;orientation&quot;:&quot;0&quot;}\" data-image-title=\"Nuevo local comercial en San Juan de la Pe\u00f1a 14\" data-image-description=\"&lt;p&gt;Nuevo local comercial en San Juan de la Pe\u00f1a 14&lt;\/p&gt;\n\" data-image-caption=\"&lt;p&gt;Nuevo local comercial en San Juan de la Pe\u00f1a 14&lt;\/p&gt;\n\" data-large-file=\"https:\/\/blog.ociomodell.com\/wordpress\/wp-content\/uploads\/2021\/10\/Captura-de-pantalla-2021-10-01-a-las-18.10.56.png\" class=\"wp-image-6702\" src=\"https:\/\/blog.ociomodell.com\/wordpress\/wp-content\/uploads\/2021\/10\/Captura-de-pantalla-2021-10-01-a-las-18.10.56-300x300.png\" alt=\"Nuevo local comercial en San Juan de la Pe\u00f1a 14\" width=\"700\" height=\"703\" title=\"\" srcset=\"https:\/\/blog.ociomodell.com\/wordpress\/wp-content\/uploads\/2021\/10\/Captura-de-pantalla-2021-10-01-a-las-18.10.56-300x300.png 300w, https:\/\/blog.ociomodell.com\/wordpress\/wp-content\/uploads\/2021\/10\/Captura-de-pantalla-2021-10-01-a-las-18.10.56-150x150.png 150w, https:\/\/blog.ociomodell.com\/wordpress\/wp-content\/uploads\/2021\/10\/Captura-de-pantalla-2021-10-01-a-las-18.10.56-768x771.png 768w, https:\/\/blog.ociomodell.com\/wordpress\/wp-content\/uploads\/2021\/10\/Captura-de-pantalla-2021-10-01-a-las-18.10.56-250x251.png 250w, https:\/\/blog.ociomodell.com\/wordpress\/wp-content\/uploads\/2021\/10\/Captura-de-pantalla-2021-10-01-a-las-18.10.56-50x50.png 50w, https:\/\/blog.ociomodell.com\/wordpress\/wp-content\/uploads\/2021\/10\/Captura-de-pantalla-2021-10-01-a-las-18.10.56.png 934w\" sizes=\"auto, (max-width: 700px) 100vw, 700px\" \/><figcaption id=\"caption-attachment-6702\" class=\"wp-caption-text\">Nuevo local comercial en San Juan de la Pe\u00f1a 14<\/figcaption><\/figure>\n<p>&nbsp;<\/p>\n<p>&nbsp;<\/p>\n","protected":false},"excerpt":{"rendered":"<p>Queremos compartir con ustedes nuestra nueva empresa Ociomodell especializada en todo tipo de art\u00edculos para modelismo tanto est\u00e1tico como din\u00e1mico, localizado en Zaragoza. Tenemos gran experiencia dentro del sector en [&hellip;]<\/p>\n","protected":false},"author":3,"featured_media":1806,"parent":0,"menu_order":2,"comment_status":"closed","ping_status":"closed","template":"","meta":{"jetpack_post_was_ever_published":false,"footnotes":"","_links_to":"","_links_to_target":""},"class_list":["post-32","page","type-page","status-publish","has-post-thumbnail","hentry"],"jetpack_sharing_enabled":true,"jetpack_likes_enabled":true,"jetpack-related-posts":[{"id":3824,"url":"https:\/\/blog.ociomodell.com\/wordpress\/mis-casitas-de-munecas\/fotos-de-modelos\/aviones\/aviones-vehiculos-snowspeeder-star-wars\/","url_meta":{"origin":32,"position":0},"title":"Snowspeeder Star Wars","author":"Paco Gomez","date":"18 julio, 2018","format":false,"excerpt":"Snowspeeder de Star Wars realizado durante el 1\u00ba Taller de modelismo en Ociomodell por Andres. \u00a0 \u00a0 \u00a0 \u00a0","rel":"","context":"En \u00abautom\u00e1tico\u00bb","block_context":{"text":"autom\u00e1tico","link":"https:\/\/blog.ociomodell.com\/wordpress\/tag\/automatico\/"},"img":{"alt_text":"Snowspeeder realizado durante el 1\u00ba Taller de modelismo en Ociomodell por Andres.","src":"https:\/\/i0.wp.com\/blog.ociomodell.com\/wordpress\/wp-content\/uploads\/2018\/07\/IMG_20180714_120259_web-300x205.jpg?resize=350%2C200&ssl=1","width":350,"height":200,"srcset":"https:\/\/i0.wp.com\/blog.ociomodell.com\/wordpress\/wp-content\/uploads\/2018\/07\/IMG_20180714_120259_web-300x205.jpg?resize=350%2C200&ssl=1 1x, https:\/\/i0.wp.com\/blog.ociomodell.com\/wordpress\/wp-content\/uploads\/2018\/07\/IMG_20180714_120259_web-300x205.jpg?resize=525%2C300&ssl=1 1.5x, https:\/\/i0.wp.com\/blog.ociomodell.com\/wordpress\/wp-content\/uploads\/2018\/07\/IMG_20180714_120259_web-300x205.jpg?resize=700%2C400&ssl=1 2x"},"classes":[]},{"id":3497,"url":"https:\/\/blog.ociomodell.com\/wordpress\/catalogos\/catalogos-2018\/","url_meta":{"origin":32,"position":1},"title":"Cat\u00e1logos 2018","author":"Paco Gomez","date":"17 junio, 2018","format":false,"excerpt":"Ir a Cat\u00e1logos \u00a0 \u00a0 \u00a0 \u00a0","rel":"","context":"En \u00ab2018\u00bb","block_context":{"text":"2018","link":"https:\/\/blog.ociomodell.com\/wordpress\/tag\/2018\/"},"img":{"alt_text":"AMMO - Cat\u00e1logo 2018 de Ammo","src":"https:\/\/i0.wp.com\/blog.ociomodell.com\/wordpress\/wp-content\/uploads\/2019\/01\/AMMO-catalogue_2018_redu-211x300.png?resize=350%2C200&ssl=1","width":350,"height":200},"classes":[]},{"id":9766,"url":"https:\/\/blog.ociomodell.com\/wordpress\/catalogos\/catalogos-2024\/","url_meta":{"origin":32,"position":2},"title":"Cat\u00e1logos 2024","author":"Paco Gomez","date":"9 enero, 2024","format":false,"excerpt":"\u00a0 \u00a0 \u00a0 \u00a0 \u00a0 \u00a0 \u00a0 \u00a0","rel":"","context":"Entrada similar","block_context":{"text":"Entrada similar","link":""},"img":{"alt_text":"Tabla de conversi\u00f3n de colores realizada por Ammo mig","src":"https:\/\/i0.wp.com\/blog.ociomodell.com\/wordpress\/wp-content\/uploads\/2024\/01\/acrylic-colors-conversion-chart-208x300.jpg?resize=350%2C200&ssl=1","width":350,"height":200},"classes":[]},{"id":1167,"url":"https:\/\/blog.ociomodell.com\/wordpress\/mis-casitas-de-munecas\/","url_meta":{"origin":32,"position":3},"title":"Fotograf\u00edas","author":"Paco Gomez","date":"29 marzo, 2017","format":false,"excerpt":"Fotos proporcionadas por clientes o modelos expuestos en la tienda. Haz que todos participemos de esa ilusi\u00f3n y env\u00edanos tus comentarios, art\u00edculos, fotograf\u00edas de tu trabajo a info@ociomodell.com FOTOS DE MODELOS MIS CASITAS DE MU\u00d1ECAS","rel":"","context":"En \u00abcasitas\u00bb","block_context":{"text":"casitas","link":"https:\/\/blog.ociomodell.com\/wordpress\/tag\/casitas\/"},"img":{"alt_text":"","src":"","width":0,"height":0},"classes":[]},{"id":4422,"url":"https:\/\/blog.ociomodell.com\/wordpress\/mis-casitas-de-munecas\/fotos-de-modelos\/aviones\/casa-c-212-10\/","url_meta":{"origin":32,"position":4},"title":"Casa C &#8211; 212 &#8211; 10","author":"Paco Gomez","date":"10 diciembre, 2018","format":false,"excerpt":"Casa C-212 hecho por Ricardo Yubero a escala 1\/72 y de la marca Special hobby . \u00a0","rel":"","context":"En \u00abautom\u00e1tico\u00bb","block_context":{"text":"autom\u00e1tico","link":"https:\/\/blog.ociomodell.com\/wordpress\/tag\/automatico\/"},"img":{"alt_text":"Casa C-212 hecho por Ricardo Yubero a escala 1\/72 y de la marca Special hobby .","src":"https:\/\/i0.wp.com\/blog.ociomodell.com\/wordpress\/wp-content\/uploads\/2018\/12\/IMG-20181209-WA0002-1024x768.jpg?resize=350%2C200&ssl=1","width":350,"height":200,"srcset":"https:\/\/i0.wp.com\/blog.ociomodell.com\/wordpress\/wp-content\/uploads\/2018\/12\/IMG-20181209-WA0002-1024x768.jpg?resize=350%2C200&ssl=1 1x, https:\/\/i0.wp.com\/blog.ociomodell.com\/wordpress\/wp-content\/uploads\/2018\/12\/IMG-20181209-WA0002-1024x768.jpg?resize=525%2C300&ssl=1 1.5x, https:\/\/i0.wp.com\/blog.ociomodell.com\/wordpress\/wp-content\/uploads\/2018\/12\/IMG-20181209-WA0002-1024x768.jpg?resize=700%2C400&ssl=1 2x"},"classes":[]},{"id":4607,"url":"https:\/\/blog.ociomodell.com\/wordpress\/mis-casitas-de-munecas\/fotos-de-modelos\/aviones\/f-a-18-hornet-ala-n-12\/","url_meta":{"origin":32,"position":5},"title":"F\/A 18 HORNET ALA N 12","author":"Paco Gomez","date":"24 enero, 2019","format":false,"excerpt":"F\/A 18 HORNET ALA N 12 Torrej\u00f3n de Ardoz escala 1:72 marca Hobby Boss Realizado por\u00a0Ricardo Yubero. \u00a0","rel":"","context":"En \u00abautom\u00e1tico\u00bb","block_context":{"text":"autom\u00e1tico","link":"https:\/\/blog.ociomodell.com\/wordpress\/tag\/automatico\/"},"img":{"alt_text":"F\/A 18 HORNET ALA N 12","src":"https:\/\/i0.wp.com\/blog.ociomodell.com\/wordpress\/wp-content\/uploads\/2019\/01\/IMG-20190120-WA0000-300x225.jpg?resize=350%2C200&ssl=1","width":350,"height":200,"srcset":"https:\/\/i0.wp.com\/blog.ociomodell.com\/wordpress\/wp-content\/uploads\/2019\/01\/IMG-20190120-WA0000-300x225.jpg?resize=350%2C200&ssl=1 1x, https:\/\/i0.wp.com\/blog.ociomodell.com\/wordpress\/wp-content\/uploads\/2019\/01\/IMG-20190120-WA0000-300x225.jpg?resize=525%2C300&ssl=1 1.5x, https:\/\/i0.wp.com\/blog.ociomodell.com\/wordpress\/wp-content\/uploads\/2019\/01\/IMG-20190120-WA0000-300x225.jpg?resize=700%2C400&ssl=1 2x"},"classes":[]}],"jetpack_shortlink":"https:\/\/wp.me\/P7mZwQ-w","_links":{"self":[{"href":"https:\/\/blog.ociomodell.com\/wordpress\/wp-json\/wp\/v2\/pages\/32","targetHints":{"allow":["GET"]}}],"collection":[{"href":"https:\/\/blog.ociomodell.com\/wordpress\/wp-json\/wp\/v2\/pages"}],"about":[{"href":"https:\/\/blog.ociomodell.com\/wordpress\/wp-json\/wp\/v2\/types\/page"}],"author":[{"embeddable":true,"href":"https:\/\/blog.ociomodell.com\/wordpress\/wp-json\/wp\/v2\/users\/3"}],"replies":[{"embeddable":true,"href":"https:\/\/blog.ociomodell.com\/wordpress\/wp-json\/wp\/v2\/comments?post=32"}],"version-history":[{"count":0,"href":"https:\/\/blog.ociomodell.com\/wordpress\/wp-json\/wp\/v2\/pages\/32\/revisions"}],"wp:featuredmedia":[{"embeddable":true,"href":"https:\/\/blog.ociomodell.com\/wordpress\/wp-json\/wp\/v2\/media\/1806"}],"wp:attachment":[{"href":"https:\/\/blog.ociomodell.com\/wordpress\/wp-json\/wp\/v2\/media?parent=32"}],"curies":[{"name":"wp","href":"https:\/\/api.w.org\/{rel}","templated":true}]}}