{"id":3314,"date":"2018-06-07T23:21:14","date_gmt":"2018-06-07T21:21:14","guid":{"rendered":"https:\/\/blog.ociomodell.com\/wordpress\/?page_id=3314"},"modified":"2019-07-26T18:22:02","modified_gmt":"2019-07-26T16:22:02","slug":"vehiculos","status":"publish","type":"page","link":"https:\/\/blog.ociomodell.com\/wordpress\/mis-casitas-de-munecas\/fotos-de-modelos\/vehiculos\/","title":{"rendered":"Veh\u00edculos"},"content":{"rendered":"<p style=\"text-align: center;\"><a href=\"https:\/\/blog.ociomodell.com\/wordpress\/mis-casitas-de-munecas\/fotos-de-modelos\/vehiculos\/las-uvas-de-lra\/\" target=\"_blank\" rel=\"noopener noreferrer\"><strong>\u00abLAS UVAS DE LA IRA\u00bb<\/strong><\/a><\/p>\n<p style=\"text-align: center;\"><a href=\"https:\/\/blog.ociomodell.com\/wordpress\/mis-casitas-de-munecas\/fotos-de-modelos\/vehiculos\/vehiculo-2\/\" target=\"_blank\" rel=\"noopener noreferrer\"><strong>CAMI\u00d3N II GUERRA MUNDIAL<\/strong><\/a><\/p>\n<p style=\"text-align: center;\"><strong><a href=\"https:\/\/blog.ociomodell.com\/wordpress\/mis-casitas-de-munecas\/fotos-de-modelos\/vehiculos\/deslizador-terrestre-x-34-star-wars\/\" target=\"_blank\" rel=\"noopener noreferrer\">DESLIZADOR TERRESTRE X34, STAR WARS<\/a><\/strong><\/p>\n<p style=\"text-align: center;\"><a href=\"https:\/\/blog.ociomodell.com\/wordpress\/mis-casitas-de-munecas\/fotos-de-modelos\/vehiculos\/hummer\/\" target=\"_blank\" rel=\"noopener noreferrer\"><strong>HUMMER H1 1:24<\/strong><\/a><\/p>\n<p style=\"text-align: center;\"><a href=\"https:\/\/blog.ociomodell.com\/wordpress\/mis-casitas-de-munecas\/fotos-de-modelos\/vehiculos\/vehiculos\/\"><strong>MERCEDES BENZ 300 SL<\/strong><\/a><\/p>\n<p style=\"text-align: center;\"><a href=\"https:\/\/blog.ociomodell.com\/wordpress\/mis-casitas-de-munecas\/fotos-de-modelos\/vehiculos\/ford-gt-tamiya-124\/\"><strong>FORD GT, TAMIYA 1:24<\/strong><\/a><\/p>\n<p style=\"text-align: center;\">\n","protected":false},"excerpt":{"rendered":"<p>\u00abLAS UVAS DE LA IRA\u00bb CAMI\u00d3N II GUERRA MUNDIAL DESLIZADOR TERRESTRE X34, STAR WARS HUMMER H1 1:24 MERCEDES BENZ 300 SL FORD GT, TAMIYA 1:24<\/p>\n","protected":false},"author":2,"featured_media":0,"parent":3294,"menu_order":0,"comment_status":"closed","ping_status":"closed","template":"","meta":{"jetpack_post_was_ever_published":false,"footnotes":"","_links_to":"","_links_to_target":""},"class_list":["post-3314","page","type-page","status-publish","hentry"],"jetpack_sharing_enabled":true,"jetpack_likes_enabled":true,"jetpack-related-posts":[{"id":3337,"url":"https:\/\/blog.ociomodell.com\/wordpress\/mis-casitas-de-munecas\/fotos-de-modelos\/vehiculos\/deslizador-terrestre-x-34-star-wars\/","url_meta":{"origin":3314,"position":0},"title":"Deslizador terrestre X-34, Star Wars","author":"Paco Gomez","date":"11 junio, 2018","format":false,"excerpt":"Cedido por Antonio & Antonio: Deslizador terrestre X-34 | Star Wars: \u00a0","rel":"","context":"En \u00abdeslizador\u00bb","block_context":{"text":"deslizador","link":"https:\/\/blog.ociomodell.com\/wordpress\/tag\/deslizador\/"},"img":{"alt_text":"","src":"https:\/\/i0.wp.com\/blog.ociomodell.com\/wordpress\/wp-content\/uploads\/2018\/06\/Antonio-Antonio-Deslizador-Stat-Wars-1-1024x587.jpg?resize=350%2C200&ssl=1","width":350,"height":200,"srcset":"https:\/\/i0.wp.com\/blog.ociomodell.com\/wordpress\/wp-content\/uploads\/2018\/06\/Antonio-Antonio-Deslizador-Stat-Wars-1-1024x587.jpg?resize=350%2C200&ssl=1 1x, https:\/\/i0.wp.com\/blog.ociomodell.com\/wordpress\/wp-content\/uploads\/2018\/06\/Antonio-Antonio-Deslizador-Stat-Wars-1-1024x587.jpg?resize=525%2C300&ssl=1 1.5x, https:\/\/i0.wp.com\/blog.ociomodell.com\/wordpress\/wp-content\/uploads\/2018\/06\/Antonio-Antonio-Deslizador-Stat-Wars-1-1024x587.jpg?resize=700%2C400&ssl=1 2x, https:\/\/i0.wp.com\/blog.ociomodell.com\/wordpress\/wp-content\/uploads\/2018\/06\/Antonio-Antonio-Deslizador-Stat-Wars-1-1024x587.jpg?resize=1050%2C600&ssl=1 3x"},"classes":[]},{"id":3975,"url":"https:\/\/blog.ociomodell.com\/wordpress\/mis-casitas-de-munecas\/fotos-de-modelos\/vehiculos\/las-uvas-de-lra\/","url_meta":{"origin":3314,"position":1},"title":"\u00abLas Uvas de ira\u00bb","author":"Paco Gomez","date":"22 agosto, 2018","format":false,"excerpt":"\"Las Uvas de ira\", Diorama realizado por Joaqu\u00edn Gracia. El diorama est\u00e1 inspirado en la novela \"Las Uvas de ira\" que\u00a0narra la \u00e9poca de la gran de presi\u00f3n americana producida por la industrializaci\u00f3n de la agricultura. Como consecuencia de esto la gente se vio obligada a emigrar al oeste por\u2026","rel":"","context":"En \u00abautom\u00e1tico\u00bb","block_context":{"text":"autom\u00e1tico","link":"https:\/\/blog.ociomodell.com\/wordpress\/tag\/automatico\/"},"img":{"alt_text":"","src":"https:\/\/i0.wp.com\/blog.ociomodell.com\/wordpress\/wp-content\/uploads\/2018\/08\/20180801_201321.jpg?resize=350%2C200&ssl=1","width":350,"height":200},"classes":[]},{"id":3824,"url":"https:\/\/blog.ociomodell.com\/wordpress\/mis-casitas-de-munecas\/fotos-de-modelos\/aviones\/aviones-vehiculos-snowspeeder-star-wars\/","url_meta":{"origin":3314,"position":2},"title":"Snowspeeder Star Wars","author":"Paco Gomez","date":"18 julio, 2018","format":false,"excerpt":"Snowspeeder de Star Wars realizado durante el 1\u00ba Taller de modelismo en Ociomodell por Andres. \u00a0 \u00a0 \u00a0 \u00a0","rel":"","context":"En \u00abautom\u00e1tico\u00bb","block_context":{"text":"autom\u00e1tico","link":"https:\/\/blog.ociomodell.com\/wordpress\/tag\/automatico\/"},"img":{"alt_text":"Snowspeeder realizado durante el 1\u00ba Taller de modelismo en Ociomodell por Andres.","src":"https:\/\/i0.wp.com\/blog.ociomodell.com\/wordpress\/wp-content\/uploads\/2018\/07\/IMG_20180714_120259_web-300x205.jpg?resize=350%2C200&ssl=1","width":350,"height":200,"srcset":"https:\/\/i0.wp.com\/blog.ociomodell.com\/wordpress\/wp-content\/uploads\/2018\/07\/IMG_20180714_120259_web-300x205.jpg?resize=350%2C200&ssl=1 1x, https:\/\/i0.wp.com\/blog.ociomodell.com\/wordpress\/wp-content\/uploads\/2018\/07\/IMG_20180714_120259_web-300x205.jpg?resize=525%2C300&ssl=1 1.5x, https:\/\/i0.wp.com\/blog.ociomodell.com\/wordpress\/wp-content\/uploads\/2018\/07\/IMG_20180714_120259_web-300x205.jpg?resize=700%2C400&ssl=1 2x"},"classes":[]},{"id":3316,"url":"https:\/\/blog.ociomodell.com\/wordpress\/mis-casitas-de-munecas\/fotos-de-modelos\/vehiculos\/hummer\/","url_meta":{"origin":3314,"position":3},"title":"Hummer H1 1:24","author":"Paco Gomez","date":"7 junio, 2018","format":false,"excerpt":"Arturo & Arturo - Hummer\u00a0Basado en Hummer H1 Basado en: Hummer H1. Escala 1:24. Marca Meng. Ref: CS-002","rel":"","context":"En \u00abhummer\u00bb","block_context":{"text":"hummer","link":"https:\/\/blog.ociomodell.com\/wordpress\/tag\/hummer\/"},"img":{"alt_text":"","src":"https:\/\/i0.wp.com\/blog.ociomodell.com\/wordpress\/wp-content\/uploads\/2018\/06\/Arturo-Arturo-Hummer-1-1024x511.jpg?resize=350%2C200&ssl=1","width":350,"height":200,"srcset":"https:\/\/i0.wp.com\/blog.ociomodell.com\/wordpress\/wp-content\/uploads\/2018\/06\/Arturo-Arturo-Hummer-1-1024x511.jpg?resize=350%2C200&ssl=1 1x, https:\/\/i0.wp.com\/blog.ociomodell.com\/wordpress\/wp-content\/uploads\/2018\/06\/Arturo-Arturo-Hummer-1-1024x511.jpg?resize=525%2C300&ssl=1 1.5x, https:\/\/i0.wp.com\/blog.ociomodell.com\/wordpress\/wp-content\/uploads\/2018\/06\/Arturo-Arturo-Hummer-1-1024x511.jpg?resize=700%2C400&ssl=1 2x, https:\/\/i0.wp.com\/blog.ociomodell.com\/wordpress\/wp-content\/uploads\/2018\/06\/Arturo-Arturo-Hummer-1-1024x511.jpg?resize=1050%2C600&ssl=1 3x"},"classes":[]},{"id":4576,"url":"https:\/\/blog.ociomodell.com\/wordpress\/mis-casitas-de-munecas\/fotos-de-modelos\/vehiculos\/fotografias-13-fsv-airfix-1-76\/","url_meta":{"origin":3314,"position":4},"title":"13 FSV , Airfix 1\/76","author":"Paco Gomez","date":"23 enero, 2019","format":false,"excerpt":"13 FSV (fire support vehicle), Airfix 1\/76. Calcas de la 2 div. caballer\u00eda del ej\u00e9rcito australiano El escenario corresponder\u00eda a un terreno de instrucci\u00f3n en Australia, posterior a la guerra de Vietnam (a\u00f1o 73-74). Est\u00e1 montada de caja, con alg\u00fan detallado sencillo. La figura es de matchbox y la ametralladora\u2026","rel":"","context":"En \u00abautom\u00e1tico\u00bb","block_context":{"text":"autom\u00e1tico","link":"https:\/\/blog.ociomodell.com\/wordpress\/tag\/automatico\/"},"img":{"alt_text":"13 FSV (fire support vehicle), Airfix 1\/76. Calcas de la 2 div. caballer\u00eda del ej\u00e9rcito australiano","src":"https:\/\/i0.wp.com\/blog.ociomodell.com\/wordpress\/wp-content\/uploads\/2019\/01\/Fsv-1-768x1024.jpg?resize=350%2C200&ssl=1","width":350,"height":200,"srcset":"https:\/\/i0.wp.com\/blog.ociomodell.com\/wordpress\/wp-content\/uploads\/2019\/01\/Fsv-1-768x1024.jpg?resize=350%2C200&ssl=1 1x, https:\/\/i0.wp.com\/blog.ociomodell.com\/wordpress\/wp-content\/uploads\/2019\/01\/Fsv-1-768x1024.jpg?resize=525%2C300&ssl=1 1.5x, https:\/\/i0.wp.com\/blog.ociomodell.com\/wordpress\/wp-content\/uploads\/2019\/01\/Fsv-1-768x1024.jpg?resize=700%2C400&ssl=1 2x"},"classes":[]},{"id":3329,"url":"https:\/\/blog.ociomodell.com\/wordpress\/mis-casitas-de-munecas\/fotos-de-modelos\/vehiculos\/vehiculo-2\/","url_meta":{"origin":3314,"position":5},"title":"Cami\u00f3n II WORLD WAR","author":"Paco Gomez","date":"11 junio, 2018","format":false,"excerpt":"Cedido por Antonio Corcoles\u00a0Cami\u00f3n II WORLD WAR \u00a0","rel":"","context":"En \u00ab2\u00bb","block_context":{"text":"2","link":"https:\/\/blog.ociomodell.com\/wordpress\/tag\/2\/"},"img":{"alt_text":"","src":"","width":0,"height":0},"classes":[]}],"jetpack_shortlink":"https:\/\/wp.me\/P7mZwQ-Rs","_links":{"self":[{"href":"https:\/\/blog.ociomodell.com\/wordpress\/wp-json\/wp\/v2\/pages\/3314","targetHints":{"allow":["GET"]}}],"collection":[{"href":"https:\/\/blog.ociomodell.com\/wordpress\/wp-json\/wp\/v2\/pages"}],"about":[{"href":"https:\/\/blog.ociomodell.com\/wordpress\/wp-json\/wp\/v2\/types\/page"}],"author":[{"embeddable":true,"href":"https:\/\/blog.ociomodell.com\/wordpress\/wp-json\/wp\/v2\/users\/2"}],"replies":[{"embeddable":true,"href":"https:\/\/blog.ociomodell.com\/wordpress\/wp-json\/wp\/v2\/comments?post=3314"}],"version-history":[{"count":0,"href":"https:\/\/blog.ociomodell.com\/wordpress\/wp-json\/wp\/v2\/pages\/3314\/revisions"}],"up":[{"embeddable":true,"href":"https:\/\/blog.ociomodell.com\/wordpress\/wp-json\/wp\/v2\/pages\/3294"}],"wp:attachment":[{"href":"https:\/\/blog.ociomodell.com\/wordpress\/wp-json\/wp\/v2\/media?parent=3314"}],"curies":[{"name":"wp","href":"https:\/\/api.w.org\/{rel}","templated":true}]}}