{"id":3361,"date":"2018-06-11T22:13:32","date_gmt":"2018-06-11T20:13:32","guid":{"rendered":"https:\/\/blog.ociomodell.com\/wordpress\/?page_id=3361"},"modified":"2018-06-11T22:38:37","modified_gmt":"2018-06-11T20:38:37","slug":"caza-f105","status":"publish","type":"page","link":"https:\/\/blog.ociomodell.com\/wordpress\/mis-casitas-de-munecas\/fotos-de-modelos\/aviones\/caza-f105\/","title":{"rendered":"Caza F105"},"content":{"rendered":"<p>Antonio Corcoles &#8211; Caza F105<\/p>\n\n\t\t<style type=\"text\/css\">\n\t\t\t#gallery-1 {\n\t\t\t\tmargin: auto;\n\t\t\t}\n\t\t\t#gallery-1 .gallery-item {\n\t\t\t\tfloat: left;\n\t\t\t\tmargin-top: 10px;\n\t\t\t\ttext-align: center;\n\t\t\t\twidth: 50%;\n\t\t\t}\n\t\t\t#gallery-1 img {\n\t\t\t\tborder: 2px solid #cfcfcf;\n\t\t\t}\n\t\t\t#gallery-1 .gallery-caption {\n\t\t\t\tmargin-left: 0;\n\t\t\t}\n\t\t\t\/* see gallery_shortcode() in wp-includes\/media.php *\/\n\t\t<\/style>\n\t\t<div data-carousel-extra='{&quot;blog_id&quot;:1,&quot;permalink&quot;:&quot;https:\/\/blog.ociomodell.com\/wordpress\/mis-casitas-de-munecas\/fotos-de-modelos\/aviones\/caza-f105\/&quot;}' id='gallery-1' class='gallery galleryid-3361 gallery-columns-2 gallery-size-large'><dl class='gallery-item'>\n\t\t\t<dt class='gallery-icon landscape'>\n\t\t\t\t<a href='https:\/\/blog.ociomodell.com\/wordpress\/mis-casitas-de-munecas\/fotos-de-modelos\/aviones\/caza-f105\/antonio-corcoles-caza-f105-1\/'><img loading=\"lazy\" decoding=\"async\" width=\"1024\" height=\"451\" src=\"https:\/\/blog.ociomodell.com\/wordpress\/wp-content\/uploads\/2018\/06\/Antonio-Corcoles-Caza-F105-1-1024x451.jpg\" class=\"attachment-large size-large\" alt=\"Antonio C\u00f3rcoles - Caza F105\" aria-describedby=\"gallery-1-3362\" srcset=\"https:\/\/blog.ociomodell.com\/wordpress\/wp-content\/uploads\/2018\/06\/Antonio-Corcoles-Caza-F105-1-1024x451.jpg 1024w, https:\/\/blog.ociomodell.com\/wordpress\/wp-content\/uploads\/2018\/06\/Antonio-Corcoles-Caza-F105-1-300x132.jpg 300w, https:\/\/blog.ociomodell.com\/wordpress\/wp-content\/uploads\/2018\/06\/Antonio-Corcoles-Caza-F105-1-768x338.jpg 768w, https:\/\/blog.ociomodell.com\/wordpress\/wp-content\/uploads\/2018\/06\/Antonio-Corcoles-Caza-F105-1-250x110.jpg 250w, https:\/\/blog.ociomodell.com\/wordpress\/wp-content\/uploads\/2018\/06\/Antonio-Corcoles-Caza-F105-1.jpg 1280w\" sizes=\"auto, (max-width: 1024px) 100vw, 1024px\" data-attachment-id=\"3362\" data-permalink=\"https:\/\/blog.ociomodell.com\/wordpress\/mis-casitas-de-munecas\/fotos-de-modelos\/aviones\/caza-f105\/antonio-corcoles-caza-f105-1\/\" data-orig-file=\"https:\/\/blog.ociomodell.com\/wordpress\/wp-content\/uploads\/2018\/06\/Antonio-Corcoles-Caza-F105-1.jpg\" data-orig-size=\"1280,564\" data-comments-opened=\"1\" data-image-meta=\"{&quot;aperture&quot;:&quot;0&quot;,&quot;credit&quot;:&quot;&quot;,&quot;camera&quot;:&quot;&quot;,&quot;caption&quot;:&quot;&quot;,&quot;created_timestamp&quot;:&quot;0&quot;,&quot;copyright&quot;:&quot;info@ociomodell.com&quot;,&quot;focal_length&quot;:&quot;0&quot;,&quot;iso&quot;:&quot;0&quot;,&quot;shutter_speed&quot;:&quot;0&quot;,&quot;title&quot;:&quot;&quot;,&quot;orientation&quot;:&quot;1&quot;}\" data-image-title=\"Antonio C\u00f3rcoles &amp;#8211; Caza F105\" data-image-description=\"&lt;p&gt;Antonio C\u00f3rcoles &amp;#8211; Caza F105&lt;\/p&gt;\n\" data-image-caption=\"&lt;p&gt;Antonio C\u00f3rcoles &amp;#8211; Caza F105&lt;\/p&gt;\n\" data-medium-file=\"https:\/\/blog.ociomodell.com\/wordpress\/wp-content\/uploads\/2018\/06\/Antonio-Corcoles-Caza-F105-1-300x132.jpg\" data-large-file=\"https:\/\/blog.ociomodell.com\/wordpress\/wp-content\/uploads\/2018\/06\/Antonio-Corcoles-Caza-F105-1-1024x451.jpg\" title=\"\"><\/a>\n\t\t\t<\/dt>\n\t\t\t\t<dd class='wp-caption-text gallery-caption' id='gallery-1-3362'>\n\t\t\t\tAntonio C\u00f3rcoles &#8211; Caza F105\n\t\t\t\t<\/dd><\/dl><dl class='gallery-item'>\n\t\t\t<dt class='gallery-icon landscape'>\n\t\t\t\t<a href='https:\/\/blog.ociomodell.com\/wordpress\/mis-casitas-de-munecas\/fotos-de-modelos\/aviones\/caza-f105\/antonio-corcoles-caza-f105-2\/'><img loading=\"lazy\" decoding=\"async\" width=\"1024\" height=\"797\" src=\"https:\/\/blog.ociomodell.com\/wordpress\/wp-content\/uploads\/2018\/06\/Antonio-Corcoles-Caza-F105-2-1024x797.jpg\" class=\"attachment-large size-large\" alt=\"Antonio C\u00f3rcoles - Caza F105\" aria-describedby=\"gallery-1-3363\" srcset=\"https:\/\/blog.ociomodell.com\/wordpress\/wp-content\/uploads\/2018\/06\/Antonio-Corcoles-Caza-F105-2-1024x797.jpg 1024w, https:\/\/blog.ociomodell.com\/wordpress\/wp-content\/uploads\/2018\/06\/Antonio-Corcoles-Caza-F105-2-300x233.jpg 300w, https:\/\/blog.ociomodell.com\/wordpress\/wp-content\/uploads\/2018\/06\/Antonio-Corcoles-Caza-F105-2-768x598.jpg 768w, https:\/\/blog.ociomodell.com\/wordpress\/wp-content\/uploads\/2018\/06\/Antonio-Corcoles-Caza-F105-2-250x195.jpg 250w, https:\/\/blog.ociomodell.com\/wordpress\/wp-content\/uploads\/2018\/06\/Antonio-Corcoles-Caza-F105-2.jpg 1280w\" sizes=\"auto, (max-width: 1024px) 100vw, 1024px\" data-attachment-id=\"3363\" data-permalink=\"https:\/\/blog.ociomodell.com\/wordpress\/mis-casitas-de-munecas\/fotos-de-modelos\/aviones\/caza-f105\/antonio-corcoles-caza-f105-2\/\" data-orig-file=\"https:\/\/blog.ociomodell.com\/wordpress\/wp-content\/uploads\/2018\/06\/Antonio-Corcoles-Caza-F105-2.jpg\" data-orig-size=\"1280,996\" data-comments-opened=\"1\" data-image-meta=\"{&quot;aperture&quot;:&quot;0&quot;,&quot;credit&quot;:&quot;&quot;,&quot;camera&quot;:&quot;&quot;,&quot;caption&quot;:&quot;&quot;,&quot;created_timestamp&quot;:&quot;0&quot;,&quot;copyright&quot;:&quot;info@ociomodell.com&quot;,&quot;focal_length&quot;:&quot;0&quot;,&quot;iso&quot;:&quot;0&quot;,&quot;shutter_speed&quot;:&quot;0&quot;,&quot;title&quot;:&quot;&quot;,&quot;orientation&quot;:&quot;1&quot;}\" data-image-title=\"Antonio C\u00f3rcoles &amp;#8211; Caza F105\" data-image-description=\"&lt;p&gt;Antonio C\u00f3rcoles &amp;#8211; Caza F105&lt;\/p&gt;\n\" data-image-caption=\"&lt;p&gt;Antonio C\u00f3rcoles &amp;#8211; Caza F105&lt;\/p&gt;\n\" data-medium-file=\"https:\/\/blog.ociomodell.com\/wordpress\/wp-content\/uploads\/2018\/06\/Antonio-Corcoles-Caza-F105-2-300x233.jpg\" data-large-file=\"https:\/\/blog.ociomodell.com\/wordpress\/wp-content\/uploads\/2018\/06\/Antonio-Corcoles-Caza-F105-2-1024x797.jpg\" title=\"\"><\/a>\n\t\t\t<\/dt>\n\t\t\t\t<dd class='wp-caption-text gallery-caption' id='gallery-1-3363'>\n\t\t\t\tAntonio C\u00f3rcoles &#8211; Caza F105\n\t\t\t\t<\/dd><\/dl><br style=\"clear: both\" \/><dl class='gallery-item'>\n\t\t\t<dt class='gallery-icon landscape'>\n\t\t\t\t<a href='https:\/\/blog.ociomodell.com\/wordpress\/mis-casitas-de-munecas\/fotos-de-modelos\/aviones\/caza-f105\/antonio-corcoles-caza-f105-3\/'><img loading=\"lazy\" decoding=\"async\" width=\"1024\" height=\"542\" src=\"https:\/\/blog.ociomodell.com\/wordpress\/wp-content\/uploads\/2018\/06\/Antonio-Corcoles-Caza-F105-3-1024x542.jpg\" class=\"attachment-large size-large\" alt=\"Antonio C\u00f3rcoles - Caza alema\u0301n\" aria-describedby=\"gallery-1-3364\" srcset=\"https:\/\/blog.ociomodell.com\/wordpress\/wp-content\/uploads\/2018\/06\/Antonio-Corcoles-Caza-F105-3-1024x542.jpg 1024w, https:\/\/blog.ociomodell.com\/wordpress\/wp-content\/uploads\/2018\/06\/Antonio-Corcoles-Caza-F105-3-300x159.jpg 300w, https:\/\/blog.ociomodell.com\/wordpress\/wp-content\/uploads\/2018\/06\/Antonio-Corcoles-Caza-F105-3-768x407.jpg 768w, https:\/\/blog.ociomodell.com\/wordpress\/wp-content\/uploads\/2018\/06\/Antonio-Corcoles-Caza-F105-3-250x132.jpg 250w, https:\/\/blog.ociomodell.com\/wordpress\/wp-content\/uploads\/2018\/06\/Antonio-Corcoles-Caza-F105-3.jpg 1280w\" sizes=\"auto, (max-width: 1024px) 100vw, 1024px\" data-attachment-id=\"3364\" data-permalink=\"https:\/\/blog.ociomodell.com\/wordpress\/mis-casitas-de-munecas\/fotos-de-modelos\/aviones\/caza-f105\/antonio-corcoles-caza-f105-3\/\" data-orig-file=\"https:\/\/blog.ociomodell.com\/wordpress\/wp-content\/uploads\/2018\/06\/Antonio-Corcoles-Caza-F105-3.jpg\" data-orig-size=\"1280,678\" data-comments-opened=\"1\" data-image-meta=\"{&quot;aperture&quot;:&quot;0&quot;,&quot;credit&quot;:&quot;&quot;,&quot;camera&quot;:&quot;&quot;,&quot;caption&quot;:&quot;&quot;,&quot;created_timestamp&quot;:&quot;0&quot;,&quot;copyright&quot;:&quot;info@ociomodell.com&quot;,&quot;focal_length&quot;:&quot;0&quot;,&quot;iso&quot;:&quot;0&quot;,&quot;shutter_speed&quot;:&quot;0&quot;,&quot;title&quot;:&quot;&quot;,&quot;orientation&quot;:&quot;1&quot;}\" data-image-title=\"Antonio C\u00f3rcoles &amp;#8211; Caza alema\u0301n\" data-image-description=\"&lt;p&gt;Antonio C\u00f3rcoles &amp;#8211; Caza alema\u0301n&lt;\/p&gt;\n\" data-image-caption=\"&lt;p&gt;Antonio C\u00f3rcoles &amp;#8211; Caza alema\u0301n&lt;\/p&gt;\n\" data-medium-file=\"https:\/\/blog.ociomodell.com\/wordpress\/wp-content\/uploads\/2018\/06\/Antonio-Corcoles-Caza-F105-3-300x159.jpg\" data-large-file=\"https:\/\/blog.ociomodell.com\/wordpress\/wp-content\/uploads\/2018\/06\/Antonio-Corcoles-Caza-F105-3-1024x542.jpg\" title=\"\"><\/a>\n\t\t\t<\/dt>\n\t\t\t\t<dd class='wp-caption-text gallery-caption' id='gallery-1-3364'>\n\t\t\t\tAntonio C\u00f3rcoles &#8211; Caza alema\u0301n\n\t\t\t\t<\/dd><\/dl>\n\t\t\t<br style='clear: both' \/>\n\t\t<\/div>\n\n","protected":false},"excerpt":{"rendered":"<p>Antonio Corcoles &#8211; Caza F105<\/p>\n","protected":false},"author":2,"featured_media":0,"parent":3300,"menu_order":0,"comment_status":"closed","ping_status":"closed","template":"","meta":{"jetpack_post_was_ever_published":false,"footnotes":"","_links_to":"","_links_to_target":""},"class_list":["post-3361","page","type-page","status-publish","hentry"],"jetpack_sharing_enabled":true,"jetpack_likes_enabled":true,"jetpack-related-posts":[{"id":3300,"url":"https:\/\/blog.ociomodell.com\/wordpress\/mis-casitas-de-munecas\/fotos-de-modelos\/aviones\/","url_meta":{"origin":3361,"position":0},"title":"Aviones","author":"Paco Gomez","date":"7 junio, 2018","format":false,"excerpt":"ANTONOV A40 CAZA ALEMAN CAZA F105 Hercules C-130 SNOWSPEEDER STAR WARS SPITFIRE","rel":"","context":"En \u00abaviones\u00bb","block_context":{"text":"aviones","link":"https:\/\/blog.ociomodell.com\/wordpress\/tag\/aviones\/"},"img":{"alt_text":"","src":"","width":0,"height":0},"classes":[]},{"id":3366,"url":"https:\/\/blog.ociomodell.com\/wordpress\/mis-casitas-de-munecas\/fotos-de-modelos\/aviones\/caza-aleman\/","url_meta":{"origin":3361,"position":1},"title":"Caza alema\u0301n","author":"Paco Gomez","date":"11 junio, 2018","format":false,"excerpt":"Antonio Corcoles - Caza alema\u0301n","rel":"","context":"En \u00abalem\u00e1n\u00bb","block_context":{"text":"alem\u00e1n","link":"https:\/\/blog.ociomodell.com\/wordpress\/tag\/aleman\/"},"img":{"alt_text":"","src":"","width":0,"height":0},"classes":[]},{"id":3329,"url":"https:\/\/blog.ociomodell.com\/wordpress\/mis-casitas-de-munecas\/fotos-de-modelos\/vehiculos\/vehiculo-2\/","url_meta":{"origin":3361,"position":2},"title":"Cami\u00f3n II WORLD WAR","author":"Paco Gomez","date":"11 junio, 2018","format":false,"excerpt":"Cedido por Antonio Corcoles\u00a0Cami\u00f3n II WORLD WAR \u00a0","rel":"","context":"En \u00ab2\u00bb","block_context":{"text":"2","link":"https:\/\/blog.ociomodell.com\/wordpress\/tag\/2\/"},"img":{"alt_text":"","src":"","width":0,"height":0},"classes":[]},{"id":3372,"url":"https:\/\/blog.ociomodell.com\/wordpress\/mis-casitas-de-munecas\/fotos-de-modelos\/aviones\/spitfire\/","url_meta":{"origin":3361,"position":3},"title":"Spitfire","author":"Paco Gomez","date":"11 junio, 2018","format":false,"excerpt":"Modelo expuesto de Antonio Corcoles - Spitfire","rel":"","context":"En \u00abantonio\u00bb","block_context":{"text":"antonio","link":"https:\/\/blog.ociomodell.com\/wordpress\/tag\/antonio\/"},"img":{"alt_text":"Antonio C\u00f3rcoles - Spitfire","src":"https:\/\/i0.wp.com\/blog.ociomodell.com\/wordpress\/wp-content\/uploads\/2018\/06\/Antonio-Corcoles-Spitfire-1-1024x770.jpg?resize=350%2C200&ssl=1","width":350,"height":200,"srcset":"https:\/\/i0.wp.com\/blog.ociomodell.com\/wordpress\/wp-content\/uploads\/2018\/06\/Antonio-Corcoles-Spitfire-1-1024x770.jpg?resize=350%2C200&ssl=1 1x, https:\/\/i0.wp.com\/blog.ociomodell.com\/wordpress\/wp-content\/uploads\/2018\/06\/Antonio-Corcoles-Spitfire-1-1024x770.jpg?resize=525%2C300&ssl=1 1.5x, https:\/\/i0.wp.com\/blog.ociomodell.com\/wordpress\/wp-content\/uploads\/2018\/06\/Antonio-Corcoles-Spitfire-1-1024x770.jpg?resize=700%2C400&ssl=1 2x, https:\/\/i0.wp.com\/blog.ociomodell.com\/wordpress\/wp-content\/uploads\/2018\/06\/Antonio-Corcoles-Spitfire-1-1024x770.jpg?resize=1050%2C600&ssl=1 3x"},"classes":[]},{"id":3337,"url":"https:\/\/blog.ociomodell.com\/wordpress\/mis-casitas-de-munecas\/fotos-de-modelos\/vehiculos\/deslizador-terrestre-x-34-star-wars\/","url_meta":{"origin":3361,"position":4},"title":"Deslizador terrestre X-34, Star Wars","author":"Paco Gomez","date":"11 junio, 2018","format":false,"excerpt":"Cedido por Antonio & Antonio: Deslizador terrestre X-34 | Star Wars: \u00a0","rel":"","context":"En \u00abdeslizador\u00bb","block_context":{"text":"deslizador","link":"https:\/\/blog.ociomodell.com\/wordpress\/tag\/deslizador\/"},"img":{"alt_text":"","src":"https:\/\/i0.wp.com\/blog.ociomodell.com\/wordpress\/wp-content\/uploads\/2018\/06\/Antonio-Antonio-Deslizador-Stat-Wars-1-1024x587.jpg?resize=350%2C200&ssl=1","width":350,"height":200,"srcset":"https:\/\/i0.wp.com\/blog.ociomodell.com\/wordpress\/wp-content\/uploads\/2018\/06\/Antonio-Antonio-Deslizador-Stat-Wars-1-1024x587.jpg?resize=350%2C200&ssl=1 1x, https:\/\/i0.wp.com\/blog.ociomodell.com\/wordpress\/wp-content\/uploads\/2018\/06\/Antonio-Antonio-Deslizador-Stat-Wars-1-1024x587.jpg?resize=525%2C300&ssl=1 1.5x, https:\/\/i0.wp.com\/blog.ociomodell.com\/wordpress\/wp-content\/uploads\/2018\/06\/Antonio-Antonio-Deslizador-Stat-Wars-1-1024x587.jpg?resize=700%2C400&ssl=1 2x, https:\/\/i0.wp.com\/blog.ociomodell.com\/wordpress\/wp-content\/uploads\/2018\/06\/Antonio-Antonio-Deslizador-Stat-Wars-1-1024x587.jpg?resize=1050%2C600&ssl=1 3x"},"classes":[]},{"id":4576,"url":"https:\/\/blog.ociomodell.com\/wordpress\/mis-casitas-de-munecas\/fotos-de-modelos\/vehiculos\/fotografias-13-fsv-airfix-1-76\/","url_meta":{"origin":3361,"position":5},"title":"13 FSV , Airfix 1\/76","author":"Paco Gomez","date":"23 enero, 2019","format":false,"excerpt":"13 FSV (fire support vehicle), Airfix 1\/76. Calcas de la 2 div. caballer\u00eda del ej\u00e9rcito australiano El escenario corresponder\u00eda a un terreno de instrucci\u00f3n en Australia, posterior a la guerra de Vietnam (a\u00f1o 73-74). Est\u00e1 montada de caja, con alg\u00fan detallado sencillo. La figura es de matchbox y la ametralladora\u2026","rel":"","context":"En \u00abautom\u00e1tico\u00bb","block_context":{"text":"autom\u00e1tico","link":"https:\/\/blog.ociomodell.com\/wordpress\/tag\/automatico\/"},"img":{"alt_text":"13 FSV (fire support vehicle), Airfix 1\/76. Calcas de la 2 div. caballer\u00eda del ej\u00e9rcito australiano","src":"https:\/\/i0.wp.com\/blog.ociomodell.com\/wordpress\/wp-content\/uploads\/2019\/01\/Fsv-1-768x1024.jpg?resize=350%2C200&ssl=1","width":350,"height":200,"srcset":"https:\/\/i0.wp.com\/blog.ociomodell.com\/wordpress\/wp-content\/uploads\/2019\/01\/Fsv-1-768x1024.jpg?resize=350%2C200&ssl=1 1x, https:\/\/i0.wp.com\/blog.ociomodell.com\/wordpress\/wp-content\/uploads\/2019\/01\/Fsv-1-768x1024.jpg?resize=525%2C300&ssl=1 1.5x, https:\/\/i0.wp.com\/blog.ociomodell.com\/wordpress\/wp-content\/uploads\/2019\/01\/Fsv-1-768x1024.jpg?resize=700%2C400&ssl=1 2x"},"classes":[]}],"jetpack_shortlink":"https:\/\/wp.me\/P7mZwQ-Sd","_links":{"self":[{"href":"https:\/\/blog.ociomodell.com\/wordpress\/wp-json\/wp\/v2\/pages\/3361","targetHints":{"allow":["GET"]}}],"collection":[{"href":"https:\/\/blog.ociomodell.com\/wordpress\/wp-json\/wp\/v2\/pages"}],"about":[{"href":"https:\/\/blog.ociomodell.com\/wordpress\/wp-json\/wp\/v2\/types\/page"}],"author":[{"embeddable":true,"href":"https:\/\/blog.ociomodell.com\/wordpress\/wp-json\/wp\/v2\/users\/2"}],"replies":[{"embeddable":true,"href":"https:\/\/blog.ociomodell.com\/wordpress\/wp-json\/wp\/v2\/comments?post=3361"}],"version-history":[{"count":0,"href":"https:\/\/blog.ociomodell.com\/wordpress\/wp-json\/wp\/v2\/pages\/3361\/revisions"}],"up":[{"embeddable":true,"href":"https:\/\/blog.ociomodell.com\/wordpress\/wp-json\/wp\/v2\/pages\/3300"}],"wp:attachment":[{"href":"https:\/\/blog.ociomodell.com\/wordpress\/wp-json\/wp\/v2\/media?parent=3361"}],"curies":[{"name":"wp","href":"https:\/\/api.w.org\/{rel}","templated":true}]}}