{"id":3535,"date":"2018-06-17T20:26:15","date_gmt":"2018-06-17T18:26:15","guid":{"rendered":"https:\/\/blog.ociomodell.com\/wordpress\/?page_id=3535"},"modified":"2019-01-25T19:35:19","modified_gmt":"2019-01-25T17:35:19","slug":"catalogos-2017","status":"publish","type":"page","link":"https:\/\/blog.ociomodell.com\/wordpress\/catalogos\/catalogos-2017\/","title":{"rendered":"Cat\u00e1logos 2017"},"content":{"rendered":"<p><a href=\"https:\/\/blog.ociomodell.com\/wordpress\/catalogos\/catalogos-2018\/\">Ir a cat\u00e1logos del 2018<\/a><\/p>\n<figure id=\"attachment_4626\" aria-describedby=\"caption-attachment-4626\" style=\"width: 292px\" class=\"wp-caption aligncenter\"><a href=\"https:\/\/drive.google.com\/open?id=1GFwFR-wuqZRWRTpIxJk2HcvJEOs9DOM1\" target=\"_blank\" rel=\"noopener nofollow\"><img loading=\"lazy\" decoding=\"async\" data-attachment-id=\"4626\" data-permalink=\"https:\/\/blog.ociomodell.com\/wordpress\/catalogos\/catalogos-2017\/disarmodel_2017_redu\/\" data-orig-file=\"https:\/\/blog.ociomodell.com\/wordpress\/wp-content\/uploads\/2019\/01\/Disarmodel_2017_redu.png\" data-orig-size=\"714,734\" data-comments-opened=\"1\" data-image-meta=\"{&quot;aperture&quot;:&quot;0&quot;,&quot;credit&quot;:&quot;&quot;,&quot;camera&quot;:&quot;&quot;,&quot;caption&quot;:&quot;&quot;,&quot;created_timestamp&quot;:&quot;0&quot;,&quot;copyright&quot;:&quot;&quot;,&quot;focal_length&quot;:&quot;0&quot;,&quot;iso&quot;:&quot;0&quot;,&quot;shutter_speed&quot;:&quot;0&quot;,&quot;title&quot;:&quot;&quot;,&quot;orientation&quot;:&quot;0&quot;}\" data-image-title=\"Disarmodel &amp;#8211; Cat\u00e1logo novedades 2017\" data-image-description=\"&lt;p&gt;Disarmodel &amp;#8211; Cat\u00e1logo novedades 2017&lt;\/p&gt;\n\" data-image-caption=\"&lt;p&gt;Disarmodel &amp;#8211; Cat\u00e1logo novedades 2017&lt;\/p&gt;\n\" data-large-file=\"https:\/\/blog.ociomodell.com\/wordpress\/wp-content\/uploads\/2019\/01\/Disarmodel_2017_redu.png\" class=\"size-medium wp-image-4626\" src=\"https:\/\/blog.ociomodell.com\/wordpress\/wp-content\/uploads\/2019\/01\/Disarmodel_2017_redu-292x300.png\" alt=\"Disarmodel - Cat\u00e1logo novedades 2017\" width=\"292\" height=\"300\" title=\"\" srcset=\"https:\/\/blog.ociomodell.com\/wordpress\/wp-content\/uploads\/2019\/01\/Disarmodel_2017_redu-292x300.png 292w, https:\/\/blog.ociomodell.com\/wordpress\/wp-content\/uploads\/2019\/01\/Disarmodel_2017_redu-250x257.png 250w, https:\/\/blog.ociomodell.com\/wordpress\/wp-content\/uploads\/2019\/01\/Disarmodel_2017_redu-50x50.png 50w, https:\/\/blog.ociomodell.com\/wordpress\/wp-content\/uploads\/2019\/01\/Disarmodel_2017_redu.png 714w\" sizes=\"auto, (max-width: 292px) 100vw, 292px\" \/><\/a><figcaption id=\"caption-attachment-4626\" class=\"wp-caption-text\">Disarmodel &#8211; Cat\u00e1logo novedades 2017<\/figcaption><\/figure>\n<figure id=\"attachment_3542\" aria-describedby=\"caption-attachment-3542\" style=\"width: 228px\" class=\"wp-caption aligncenter\"><a href=\"https:\/\/drive.google.com\/open?id=1xz3yiLSlPhxJcLwMKxnAYFs-nnsKRhQw\" target=\"_blank\" rel=\"noopener nofollow\"><img loading=\"lazy\" decoding=\"async\" data-attachment-id=\"3542\" data-permalink=\"https:\/\/blog.ociomodell.com\/wordpress\/catalogos\/catalogos-2017\/revell_-catalog-2017\/\" data-orig-file=\"https:\/\/blog.ociomodell.com\/wordpress\/wp-content\/uploads\/2018\/06\/Revell_-Catalog-2017.png\" data-orig-size=\"1010,1328\" data-comments-opened=\"1\" data-image-meta=\"{&quot;aperture&quot;:&quot;0&quot;,&quot;credit&quot;:&quot;&quot;,&quot;camera&quot;:&quot;&quot;,&quot;caption&quot;:&quot;&quot;,&quot;created_timestamp&quot;:&quot;0&quot;,&quot;copyright&quot;:&quot;&quot;,&quot;focal_length&quot;:&quot;0&quot;,&quot;iso&quot;:&quot;0&quot;,&quot;shutter_speed&quot;:&quot;0&quot;,&quot;title&quot;:&quot;&quot;,&quot;orientation&quot;:&quot;0&quot;}\" data-image-title=\"Cat\u00e1logos &amp;#8211; Revell 2017 &amp;#8211; Ociomodell.com\" data-image-description=\"&lt;p&gt;Cat\u00e1logos &amp;#8211; Revell 2017 &amp;#8211; Ociomodell.com&lt;\/p&gt;\n\" data-image-caption=\"&lt;p&gt;Cat\u00e1logos &amp;#8211; Revell 2017 &amp;#8211; Ociomodell.com&lt;\/p&gt;\n\" data-large-file=\"https:\/\/blog.ociomodell.com\/wordpress\/wp-content\/uploads\/2018\/06\/Revell_-Catalog-2017-779x1024.png\" class=\"wp-image-3542 size-medium\" src=\"https:\/\/blog.ociomodell.com\/wordpress\/wp-content\/uploads\/2018\/06\/Revell_-Catalog-2017-228x300.png\" alt=\"Cat\u00e1logos - Revell 2017 - Ociomodell.com\" width=\"228\" height=\"300\" title=\"\" srcset=\"https:\/\/blog.ociomodell.com\/wordpress\/wp-content\/uploads\/2018\/06\/Revell_-Catalog-2017-228x300.png 228w, https:\/\/blog.ociomodell.com\/wordpress\/wp-content\/uploads\/2018\/06\/Revell_-Catalog-2017-768x1010.png 768w, https:\/\/blog.ociomodell.com\/wordpress\/wp-content\/uploads\/2018\/06\/Revell_-Catalog-2017-779x1024.png 779w, https:\/\/blog.ociomodell.com\/wordpress\/wp-content\/uploads\/2018\/06\/Revell_-Catalog-2017-250x329.png 250w, https:\/\/blog.ociomodell.com\/wordpress\/wp-content\/uploads\/2018\/06\/Revell_-Catalog-2017.png 1010w\" sizes=\"auto, (max-width: 228px) 100vw, 228px\" \/><\/a><figcaption id=\"caption-attachment-3542\" class=\"wp-caption-text\">Cat\u00e1logos &#8211; Revell 2017 &#8211; Ociomodell.com<\/figcaption><\/figure>\n<p>&nbsp;<\/p>\n<figure id=\"attachment_3543\" aria-describedby=\"caption-attachment-3543\" style=\"width: 212px\" class=\"wp-caption aligncenter\"><a href=\"https:\/\/drive.google.com\/open?id=1JP0oTRhwWX0rkBzRRkjrBiMbzZ3E98NP\" target=\"_blank\" rel=\"noopener nofollow\"><img loading=\"lazy\" decoding=\"async\" data-attachment-id=\"3543\" data-permalink=\"https:\/\/blog.ociomodell.com\/wordpress\/catalogos\/catalogos-2017\/vallejo-2017-2\/\" data-orig-file=\"https:\/\/blog.ociomodell.com\/wordpress\/wp-content\/uploads\/2018\/06\/Vallejo-2017.png\" data-orig-size=\"864,1224\" data-comments-opened=\"1\" data-image-meta=\"{&quot;aperture&quot;:&quot;0&quot;,&quot;credit&quot;:&quot;&quot;,&quot;camera&quot;:&quot;&quot;,&quot;caption&quot;:&quot;&quot;,&quot;created_timestamp&quot;:&quot;0&quot;,&quot;copyright&quot;:&quot;&quot;,&quot;focal_length&quot;:&quot;0&quot;,&quot;iso&quot;:&quot;0&quot;,&quot;shutter_speed&quot;:&quot;0&quot;,&quot;title&quot;:&quot;&quot;,&quot;orientation&quot;:&quot;0&quot;}\" data-image-title=\"Cat\u00e1logos &amp;#8211; Vallejo 2017 &amp;#8211; Ociomodell.com\" data-image-description=\"&lt;p&gt;Cat\u00e1logos &amp;#8211; Vallejo 2017 &amp;#8211; Ociomodell.com&lt;\/p&gt;\n\" data-image-caption=\"&lt;p&gt;Cat\u00e1logos &amp;#8211; Vallejo 2017 &amp;#8211; Ociomodell.com&lt;\/p&gt;\n\" data-large-file=\"https:\/\/blog.ociomodell.com\/wordpress\/wp-content\/uploads\/2018\/06\/Vallejo-2017-723x1024.png\" class=\"wp-image-3543 size-medium\" src=\"https:\/\/blog.ociomodell.com\/wordpress\/wp-content\/uploads\/2018\/06\/Vallejo-2017-212x300.png\" alt=\"Cat\u00e1logos - Vallejo 2017 - Ociomodell.com\" width=\"212\" height=\"300\" title=\"\" srcset=\"https:\/\/blog.ociomodell.com\/wordpress\/wp-content\/uploads\/2018\/06\/Vallejo-2017-212x300.png 212w, https:\/\/blog.ociomodell.com\/wordpress\/wp-content\/uploads\/2018\/06\/Vallejo-2017-768x1088.png 768w, https:\/\/blog.ociomodell.com\/wordpress\/wp-content\/uploads\/2018\/06\/Vallejo-2017-723x1024.png 723w, https:\/\/blog.ociomodell.com\/wordpress\/wp-content\/uploads\/2018\/06\/Vallejo-2017-250x354.png 250w, https:\/\/blog.ociomodell.com\/wordpress\/wp-content\/uploads\/2018\/06\/Vallejo-2017.png 864w\" sizes=\"auto, (max-width: 212px) 100vw, 212px\" \/><\/a><figcaption id=\"caption-attachment-3543\" class=\"wp-caption-text\">Cat\u00e1logos &#8211; Vallejo 2017 &#8211; Ociomodell.com<\/figcaption><\/figure>\n<p>&nbsp;<\/p>\n<figure id=\"attachment_3540\" aria-describedby=\"caption-attachment-3540\" style=\"width: 209px\" class=\"wp-caption aligncenter\"><a href=\"https:\/\/drive.google.com\/open?id=1U9y8MYZ4Hl_RFQ6X5O1hH0yLW6JQf7F0\" target=\"_blank\" rel=\"noopener nofollow\"><img loading=\"lazy\" decoding=\"async\" data-attachment-id=\"3540\" data-permalink=\"https:\/\/blog.ociomodell.com\/wordpress\/catalogos\/catalogos-2017\/catalogo-barcos-amati-2017\/\" data-orig-file=\"https:\/\/blog.ociomodell.com\/wordpress\/wp-content\/uploads\/2018\/06\/Cata\u0301logo-Barcos-Amati-2017.png\" data-orig-size=\"900,1294\" data-comments-opened=\"1\" data-image-meta=\"{&quot;aperture&quot;:&quot;0&quot;,&quot;credit&quot;:&quot;&quot;,&quot;camera&quot;:&quot;&quot;,&quot;caption&quot;:&quot;&quot;,&quot;created_timestamp&quot;:&quot;0&quot;,&quot;copyright&quot;:&quot;&quot;,&quot;focal_length&quot;:&quot;0&quot;,&quot;iso&quot;:&quot;0&quot;,&quot;shutter_speed&quot;:&quot;0&quot;,&quot;title&quot;:&quot;&quot;,&quot;orientation&quot;:&quot;0&quot;}\" data-image-title=\"Cat\u00e1logos &amp;#8211; Amati 2017 &amp;#8211; Ociomodell.com\" data-image-description=\"&lt;p&gt;Cat\u00e1logos &amp;#8211; Amati 2017 &amp;#8211; Ociomodell.com&lt;\/p&gt;\n\" data-image-caption=\"&lt;p&gt;Cat\u00e1logos &amp;#8211; Amati 2017 &amp;#8211; Ociomodell.com&lt;\/p&gt;\n\" data-large-file=\"https:\/\/blog.ociomodell.com\/wordpress\/wp-content\/uploads\/2018\/06\/Cata\u0301logo-Barcos-Amati-2017-712x1024.png\" class=\"wp-image-3540 size-medium\" src=\"https:\/\/blog.ociomodell.com\/wordpress\/wp-content\/uploads\/2018\/06\/Cata\u0301logo-Barcos-Amati-2017-209x300.png\" alt=\"Cat\u00e1logos - Amati 2017 - Ociomodell.com\" width=\"209\" height=\"300\" title=\"\" srcset=\"https:\/\/blog.ociomodell.com\/wordpress\/wp-content\/uploads\/2018\/06\/Cata\u0301logo-Barcos-Amati-2017-209x300.png 209w, https:\/\/blog.ociomodell.com\/wordpress\/wp-content\/uploads\/2018\/06\/Cata\u0301logo-Barcos-Amati-2017-768x1104.png 768w, https:\/\/blog.ociomodell.com\/wordpress\/wp-content\/uploads\/2018\/06\/Cata\u0301logo-Barcos-Amati-2017-712x1024.png 712w, https:\/\/blog.ociomodell.com\/wordpress\/wp-content\/uploads\/2018\/06\/Cata\u0301logo-Barcos-Amati-2017-250x359.png 250w, https:\/\/blog.ociomodell.com\/wordpress\/wp-content\/uploads\/2018\/06\/Cata\u0301logo-Barcos-Amati-2017.png 900w\" sizes=\"auto, (max-width: 209px) 100vw, 209px\" \/><\/a><figcaption id=\"caption-attachment-3540\" class=\"wp-caption-text\">Cat\u00e1logos &#8211; Amati 2017 &#8211; Ociomodell.com<\/figcaption><\/figure>\n<p>&nbsp;<\/p>\n<figure id=\"attachment_3541\" aria-describedby=\"caption-attachment-3541\" style=\"width: 228px\" class=\"wp-caption aligncenter\"><a href=\"https:\/\/drive.google.com\/open?id=17l-AnzqAIZJ0A7J85kXK1cffBwyAcw5x\" target=\"_blank\" rel=\"noopener nofollow\"><img loading=\"lazy\" decoding=\"async\" data-attachment-id=\"3541\" data-permalink=\"https:\/\/blog.ociomodell.com\/wordpress\/catalogos\/catalogos-2017\/eveergreen-2016\/\" data-orig-file=\"https:\/\/blog.ociomodell.com\/wordpress\/wp-content\/uploads\/2018\/06\/eveergreen-2016.png\" data-orig-size=\"1006,1324\" data-comments-opened=\"1\" data-image-meta=\"{&quot;aperture&quot;:&quot;0&quot;,&quot;credit&quot;:&quot;&quot;,&quot;camera&quot;:&quot;&quot;,&quot;caption&quot;:&quot;&quot;,&quot;created_timestamp&quot;:&quot;0&quot;,&quot;copyright&quot;:&quot;&quot;,&quot;focal_length&quot;:&quot;0&quot;,&quot;iso&quot;:&quot;0&quot;,&quot;shutter_speed&quot;:&quot;0&quot;,&quot;title&quot;:&quot;&quot;,&quot;orientation&quot;:&quot;0&quot;}\" data-image-title=\"Cat\u00e1logos &amp;#8211; Evergreen 2016 &amp;#8211; Ociomodell.com\" data-image-description=\"&lt;p&gt;Cat\u00e1logos &amp;#8211; Evergreen 2016 &amp;#8211; Ociomodell.com&lt;\/p&gt;\n\" data-image-caption=\"&lt;p&gt;Cat\u00e1logos &amp;#8211; Evergreen 2016 &amp;#8211; Ociomodell.com&lt;\/p&gt;\n\" data-large-file=\"https:\/\/blog.ociomodell.com\/wordpress\/wp-content\/uploads\/2018\/06\/eveergreen-2016-778x1024.png\" class=\"wp-image-3541 size-medium\" src=\"https:\/\/blog.ociomodell.com\/wordpress\/wp-content\/uploads\/2018\/06\/eveergreen-2016-228x300.png\" alt=\"Cat\u00e1logos - Evergreen 2016 - Ociomodell.com\" width=\"228\" height=\"300\" title=\"\" srcset=\"https:\/\/blog.ociomodell.com\/wordpress\/wp-content\/uploads\/2018\/06\/eveergreen-2016-228x300.png 228w, https:\/\/blog.ociomodell.com\/wordpress\/wp-content\/uploads\/2018\/06\/eveergreen-2016-768x1011.png 768w, https:\/\/blog.ociomodell.com\/wordpress\/wp-content\/uploads\/2018\/06\/eveergreen-2016-778x1024.png 778w, https:\/\/blog.ociomodell.com\/wordpress\/wp-content\/uploads\/2018\/06\/eveergreen-2016-250x329.png 250w, https:\/\/blog.ociomodell.com\/wordpress\/wp-content\/uploads\/2018\/06\/eveergreen-2016.png 1006w\" sizes=\"auto, (max-width: 228px) 100vw, 228px\" \/><\/a><figcaption id=\"caption-attachment-3541\" class=\"wp-caption-text\">Cat\u00e1logos &#8211; Evergreen 2016 &#8211; Ociomodell.com<\/figcaption><\/figure>\n","protected":false},"excerpt":{"rendered":"<p>Ir a cat\u00e1logos del 2018 &nbsp; &nbsp; &nbsp;<\/p>\n","protected":false},"author":2,"featured_media":0,"parent":41,"menu_order":0,"comment_status":"closed","ping_status":"closed","template":"","meta":{"jetpack_post_was_ever_published":false,"footnotes":"","_links_to":"","_links_to_target":""},"class_list":["post-3535","page","type-page","status-publish","hentry"],"jetpack_sharing_enabled":true,"jetpack_likes_enabled":true,"jetpack-related-posts":[{"id":41,"url":"https:\/\/blog.ociomodell.com\/wordpress\/catalogos\/","url_meta":{"origin":3535,"position":0},"title":"Cat\u00e1logos","author":"ociomodell","date":"23 marzo, 2016","format":false,"excerpt":"Cat\u00e1logos 2024 Cat\u00e1logos 2023 Cat\u00e1logos 2022 Cat\u00e1logos 2020 Cat\u00e1logos 2019 Cat\u00e1logos 2018 Cat\u00e1logos 2017 Cat\u00e1logos 2016 Cat\u00e1logos 2015 Cat\u00e1logos varios","rel":"","context":"En \u00abautom\u00e1tico\u00bb","block_context":{"text":"autom\u00e1tico","link":"https:\/\/blog.ociomodell.com\/wordpress\/tag\/automatico\/"},"img":{"alt_text":"","src":"","width":0,"height":0},"classes":[]},{"id":4586,"url":"https:\/\/blog.ociomodell.com\/wordpress\/catalogos\/catalogos-2019\/","url_meta":{"origin":3535,"position":1},"title":"Cat\u00e1logos 2019","author":"Paco Gomez","date":"23 enero, 2019","format":false,"excerpt":"\u00a0","rel":"","context":"En \u00abautom\u00e1tico\u00bb","block_context":{"text":"autom\u00e1tico","link":"https:\/\/blog.ociomodell.com\/wordpress\/tag\/automatico\/"},"img":{"alt_text":"AMMO \u2013 Cat\u00e1logo 2019 de Ammo","src":"https:\/\/i0.wp.com\/blog.ociomodell.com\/wordpress\/wp-content\/uploads\/2019\/02\/AMMO-catalogue_2019_redu-212x300.png?resize=350%2C200&ssl=1","width":350,"height":200},"classes":[]},{"id":3550,"url":"https:\/\/blog.ociomodell.com\/wordpress\/catalogos\/catalogos-varios\/","url_meta":{"origin":3535,"position":2},"title":"Cat\u00e1logos Varios","author":"Paco Gomez","date":"17 junio, 2018","format":false,"excerpt":"Ir a Cat\u00e1logos 2018 \u00a0 \u00a0 Real colors by AK \u00a0","rel":"","context":"En \u00abcat\u00e1logos\u00bb","block_context":{"text":"cat\u00e1logos","link":"https:\/\/blog.ociomodell.com\/wordpress\/tag\/catalogos\/"},"img":{"alt_text":"Tabla conversi\u00f3n Acr\u00edlicos Italeri - Ociomodell.com","src":"https:\/\/i0.wp.com\/blog.ociomodell.com\/wordpress\/wp-content\/uploads\/2018\/01\/ItaleriAcrylicPaint-Conversion-Chart.jpg?resize=350%2C200&ssl=1","width":350,"height":200,"srcset":"https:\/\/i0.wp.com\/blog.ociomodell.com\/wordpress\/wp-content\/uploads\/2018\/01\/ItaleriAcrylicPaint-Conversion-Chart.jpg?resize=350%2C200&ssl=1 1x, https:\/\/i0.wp.com\/blog.ociomodell.com\/wordpress\/wp-content\/uploads\/2018\/01\/ItaleriAcrylicPaint-Conversion-Chart.jpg?resize=525%2C300&ssl=1 1.5x, https:\/\/i0.wp.com\/blog.ociomodell.com\/wordpress\/wp-content\/uploads\/2018\/01\/ItaleriAcrylicPaint-Conversion-Chart.jpg?resize=700%2C400&ssl=1 2x, https:\/\/i0.wp.com\/blog.ociomodell.com\/wordpress\/wp-content\/uploads\/2018\/01\/ItaleriAcrylicPaint-Conversion-Chart.jpg?resize=1050%2C600&ssl=1 3x, https:\/\/i0.wp.com\/blog.ociomodell.com\/wordpress\/wp-content\/uploads\/2018\/01\/ItaleriAcrylicPaint-Conversion-Chart.jpg?resize=1400%2C800&ssl=1 4x"},"classes":[]},{"id":3575,"url":"https:\/\/blog.ociomodell.com\/wordpress\/catalogos\/catalogos-2015\/","url_meta":{"origin":3535,"position":3},"title":"Cat\u00e1logos 2015","author":"Paco Gomez","date":"20 junio, 2018","format":false,"excerpt":"ir a Cat\u00e1logos","rel":"","context":"En \u00ab2015\u00bb","block_context":{"text":"2015","link":"https:\/\/blog.ociomodell.com\/wordpress\/tag\/2015\/"},"img":{"alt_text":"CATALOGO AK 2015 ES - OCIOMODELL.COM","src":"https:\/\/i0.wp.com\/blog.ociomodell.com\/wordpress\/wp-content\/uploads\/2018\/06\/AK-CATALOGUE-2015-ES-211x300.png?resize=350%2C200&ssl=1","width":350,"height":200},"classes":[]},{"id":3581,"url":"https:\/\/blog.ociomodell.com\/wordpress\/catalogos\/catalogos-2016\/","url_meta":{"origin":3535,"position":4},"title":"Cat\u00e1logos 2016","author":"Paco Gomez","date":"21 junio, 2018","format":false,"excerpt":"ir a Cat\u00e1logos","rel":"","context":"En \u00ab2016\u00bb","block_context":{"text":"2016","link":"https:\/\/blog.ociomodell.com\/wordpress\/tag\/2016\/"},"img":{"alt_text":"AK CATALOGO 2016 EN - ociomodell.com","src":"https:\/\/i0.wp.com\/blog.ociomodell.com\/wordpress\/wp-content\/uploads\/2018\/06\/AKCATALOGUE2016EN-209x300.png?resize=350%2C200&ssl=1","width":350,"height":200},"classes":[]},{"id":3497,"url":"https:\/\/blog.ociomodell.com\/wordpress\/catalogos\/catalogos-2018\/","url_meta":{"origin":3535,"position":5},"title":"Cat\u00e1logos 2018","author":"Paco Gomez","date":"17 junio, 2018","format":false,"excerpt":"Ir a Cat\u00e1logos \u00a0 \u00a0 \u00a0 \u00a0","rel":"","context":"En \u00ab2018\u00bb","block_context":{"text":"2018","link":"https:\/\/blog.ociomodell.com\/wordpress\/tag\/2018\/"},"img":{"alt_text":"AMMO - Cat\u00e1logo 2018 de Ammo","src":"https:\/\/i0.wp.com\/blog.ociomodell.com\/wordpress\/wp-content\/uploads\/2019\/01\/AMMO-catalogue_2018_redu-211x300.png?resize=350%2C200&ssl=1","width":350,"height":200},"classes":[]}],"jetpack_shortlink":"https:\/\/wp.me\/P7mZwQ-V1","_links":{"self":[{"href":"https:\/\/blog.ociomodell.com\/wordpress\/wp-json\/wp\/v2\/pages\/3535","targetHints":{"allow":["GET"]}}],"collection":[{"href":"https:\/\/blog.ociomodell.com\/wordpress\/wp-json\/wp\/v2\/pages"}],"about":[{"href":"https:\/\/blog.ociomodell.com\/wordpress\/wp-json\/wp\/v2\/types\/page"}],"author":[{"embeddable":true,"href":"https:\/\/blog.ociomodell.com\/wordpress\/wp-json\/wp\/v2\/users\/2"}],"replies":[{"embeddable":true,"href":"https:\/\/blog.ociomodell.com\/wordpress\/wp-json\/wp\/v2\/comments?post=3535"}],"version-history":[{"count":0,"href":"https:\/\/blog.ociomodell.com\/wordpress\/wp-json\/wp\/v2\/pages\/3535\/revisions"}],"up":[{"embeddable":true,"href":"https:\/\/blog.ociomodell.com\/wordpress\/wp-json\/wp\/v2\/pages\/41"}],"wp:attachment":[{"href":"https:\/\/blog.ociomodell.com\/wordpress\/wp-json\/wp\/v2\/media?parent=3535"}],"curies":[{"name":"wp","href":"https:\/\/api.w.org\/{rel}","templated":true}]}}