{"id":3550,"date":"2018-06-17T20:56:04","date_gmt":"2018-06-17T18:56:04","guid":{"rendered":"https:\/\/blog.ociomodell.com\/wordpress\/?page_id=3550"},"modified":"2019-01-22T15:28:41","modified_gmt":"2019-01-22T13:28:41","slug":"catalogos-varios","status":"publish","type":"page","link":"https:\/\/blog.ociomodell.com\/wordpress\/catalogos\/catalogos-varios\/","title":{"rendered":"Cat\u00e1logos Varios"},"content":{"rendered":"<p><a href=\"https:\/\/blog.ociomodell.com\/wordpress\/catalogos\/catalogos-2018\/\">Ir a Cat\u00e1logos 2018<\/a><\/p>\n<p>&nbsp;<\/p>\n<figure id=\"attachment_2617\" aria-describedby=\"caption-attachment-2617\" style=\"width: 7441px\" class=\"wp-caption aligncenter\"><img loading=\"lazy\" decoding=\"async\" data-attachment-id=\"2617\" data-permalink=\"https:\/\/blog.ociomodell.com\/wordpress\/?attachment_id=2617\" data-orig-file=\"https:\/\/blog.ociomodell.com\/wordpress\/wp-content\/uploads\/2018\/01\/ItaleriAcrylicPaint-Conversion-Chart.jpg\" data-orig-size=\"7441,3508\" data-comments-opened=\"1\" data-image-meta=\"{&quot;aperture&quot;:&quot;0&quot;,&quot;credit&quot;:&quot;&quot;,&quot;camera&quot;:&quot;&quot;,&quot;caption&quot;:&quot;&quot;,&quot;created_timestamp&quot;:&quot;0&quot;,&quot;copyright&quot;:&quot;&quot;,&quot;focal_length&quot;:&quot;0&quot;,&quot;iso&quot;:&quot;0&quot;,&quot;shutter_speed&quot;:&quot;0&quot;,&quot;title&quot;:&quot;&quot;,&quot;orientation&quot;:&quot;0&quot;}\" data-image-title=\"Tabla conversi\u00f3n Acr\u00edlicos Italeri &amp;#8211; Ociomodell.com\" data-image-description=\"&lt;p&gt;Tabla conversi\u00f3n Acr\u00edlicos Italeri &amp;#8211; Ociomodell.com&lt;\/p&gt;\n\" data-image-caption=\"&lt;p&gt;Tabla conversi\u00f3n Acr\u00edlicos Italeri &amp;#8211; Ociomodell.com&lt;\/p&gt;\n\" data-large-file=\"https:\/\/blog.ociomodell.com\/wordpress\/wp-content\/uploads\/2018\/01\/ItaleriAcrylicPaint-Conversion-Chart-1024x483.jpg\" class=\"size-full wp-image-2617\" src=\"https:\/\/blog.ociomodell.com\/wordpress\/wp-content\/uploads\/2018\/01\/ItaleriAcrylicPaint-Conversion-Chart.jpg\" alt=\"Tabla conversi\u00f3n Acr\u00edlicos Italeri - Ociomodell.com\" width=\"7441\" height=\"3508\" title=\"\" srcset=\"https:\/\/blog.ociomodell.com\/wordpress\/wp-content\/uploads\/2018\/01\/ItaleriAcrylicPaint-Conversion-Chart.jpg 7441w, https:\/\/blog.ociomodell.com\/wordpress\/wp-content\/uploads\/2018\/01\/ItaleriAcrylicPaint-Conversion-Chart-300x141.jpg 300w, https:\/\/blog.ociomodell.com\/wordpress\/wp-content\/uploads\/2018\/01\/ItaleriAcrylicPaint-Conversion-Chart-768x362.jpg 768w, https:\/\/blog.ociomodell.com\/wordpress\/wp-content\/uploads\/2018\/01\/ItaleriAcrylicPaint-Conversion-Chart-1024x483.jpg 1024w, https:\/\/blog.ociomodell.com\/wordpress\/wp-content\/uploads\/2018\/01\/ItaleriAcrylicPaint-Conversion-Chart-250x118.jpg 250w\" sizes=\"auto, (max-width: 7441px) 100vw, 7441px\" \/><figcaption id=\"caption-attachment-2617\" class=\"wp-caption-text\">Tabla conversi\u00f3n Acr\u00edlicos Italeri &#8211; Ociomodell.com<\/figcaption><\/figure>\n<p>&nbsp;<\/p>\n<figure id=\"attachment_4543\" aria-describedby=\"caption-attachment-4543\" style=\"width: 231px\" class=\"wp-caption aligncenter\"><a href=\"https:\/\/drive.google.com\/open?id=1iab-7C2ydE52fyj0H6pAZmGHwaK1OyJG\" target=\"_blank\" rel=\"noopener nofollow\"><img loading=\"lazy\" decoding=\"async\" data-attachment-id=\"4543\" data-permalink=\"https:\/\/blog.ociomodell.com\/wordpress\/catalogos\/catalogos-varios\/real-colors-by-ak\/\" data-orig-file=\"https:\/\/blog.ociomodell.com\/wordpress\/wp-content\/uploads\/2019\/01\/Real-colors-by-AK.png\" data-orig-size=\"874,1136\" data-comments-opened=\"1\" data-image-meta=\"{&quot;aperture&quot;:&quot;0&quot;,&quot;credit&quot;:&quot;&quot;,&quot;camera&quot;:&quot;&quot;,&quot;caption&quot;:&quot;&quot;,&quot;created_timestamp&quot;:&quot;0&quot;,&quot;copyright&quot;:&quot;&quot;,&quot;focal_length&quot;:&quot;0&quot;,&quot;iso&quot;:&quot;0&quot;,&quot;shutter_speed&quot;:&quot;0&quot;,&quot;title&quot;:&quot;&quot;,&quot;orientation&quot;:&quot;0&quot;}\" data-image-title=\"Real colors by AK\" data-image-description=\"&lt;p&gt;Real colors by AK&lt;\/p&gt;\n\" data-image-caption=\"&lt;p&gt;Real colors by AK&lt;\/p&gt;\n\" data-large-file=\"https:\/\/blog.ociomodell.com\/wordpress\/wp-content\/uploads\/2019\/01\/Real-colors-by-AK-788x1024.png\" class=\"size-medium wp-image-4543\" src=\"https:\/\/blog.ociomodell.com\/wordpress\/wp-content\/uploads\/2019\/01\/Real-colors-by-AK-231x300.png\" alt=\"Real colors by AK\" width=\"231\" height=\"300\" title=\"\" srcset=\"https:\/\/blog.ociomodell.com\/wordpress\/wp-content\/uploads\/2019\/01\/Real-colors-by-AK-231x300.png 231w, https:\/\/blog.ociomodell.com\/wordpress\/wp-content\/uploads\/2019\/01\/Real-colors-by-AK-768x998.png 768w, https:\/\/blog.ociomodell.com\/wordpress\/wp-content\/uploads\/2019\/01\/Real-colors-by-AK-788x1024.png 788w, https:\/\/blog.ociomodell.com\/wordpress\/wp-content\/uploads\/2019\/01\/Real-colors-by-AK-250x325.png 250w, https:\/\/blog.ociomodell.com\/wordpress\/wp-content\/uploads\/2019\/01\/Real-colors-by-AK.png 874w\" sizes=\"auto, (max-width: 231px) 100vw, 231px\" \/><\/a><figcaption id=\"caption-attachment-4543\" class=\"wp-caption-text\">Real colors by AK<\/figcaption><\/figure>\n<p>Real colors by AK<\/p>\n<figure id=\"attachment_4570\" aria-describedby=\"caption-attachment-4570\" style=\"width: 300px\" class=\"wp-caption aligncenter\"><a href=\"https:\/\/drive.google.com\/open?id=12z892Mx6pfwCF9re5LzSsQ4KSN2dYcZu\" target=\"_blank\" rel=\"noopener nofollow\"><img loading=\"lazy\" decoding=\"async\" data-attachment-id=\"4570\" data-permalink=\"https:\/\/blog.ociomodell.com\/wordpress\/ak-interactive-equivalencias-catalogos-y-descripciones\/portad_comparativo\/\" data-orig-file=\"https:\/\/blog.ociomodell.com\/wordpress\/wp-content\/uploads\/2019\/01\/portad_comparativo.jpg\" data-orig-size=\"500,303\" data-comments-opened=\"1\" data-image-meta=\"{&quot;aperture&quot;:&quot;0&quot;,&quot;credit&quot;:&quot;&quot;,&quot;camera&quot;:&quot;&quot;,&quot;caption&quot;:&quot;&quot;,&quot;created_timestamp&quot;:&quot;0&quot;,&quot;copyright&quot;:&quot;&quot;,&quot;focal_length&quot;:&quot;0&quot;,&quot;iso&quot;:&quot;0&quot;,&quot;shutter_speed&quot;:&quot;0&quot;,&quot;title&quot;:&quot;&quot;,&quot;orientation&quot;:&quot;0&quot;}\" data-image-title=\"AK Interactive &amp;#8211; Equivalencias, cat\u00e1logos y descripciones.\" data-image-description=\"\" data-image-caption=\"&lt;p&gt;AK Interactive &amp;#8211; Equivalencias, cat\u00e1logos y descripciones.&lt;\/p&gt;\n\" data-large-file=\"https:\/\/blog.ociomodell.com\/wordpress\/wp-content\/uploads\/2019\/01\/portad_comparativo.jpg\" class=\"size-medium wp-image-4570\" src=\"https:\/\/blog.ociomodell.com\/wordpress\/wp-content\/uploads\/2019\/01\/portad_comparativo-300x182.jpg\" alt=\"\" width=\"300\" height=\"182\" title=\"\" srcset=\"https:\/\/blog.ociomodell.com\/wordpress\/wp-content\/uploads\/2019\/01\/portad_comparativo-300x182.jpg 300w, https:\/\/blog.ociomodell.com\/wordpress\/wp-content\/uploads\/2019\/01\/portad_comparativo-250x152.jpg 250w, https:\/\/blog.ociomodell.com\/wordpress\/wp-content\/uploads\/2019\/01\/portad_comparativo.jpg 500w\" sizes=\"auto, (max-width: 300px) 100vw, 300px\" \/><\/a><figcaption id=\"caption-attachment-4570\" class=\"wp-caption-text\">AK Interactive &#8211; Equivalencias, cat\u00e1logos y descripciones.<\/figcaption><\/figure>\n<p>&nbsp;<\/p>\n","protected":false},"excerpt":{"rendered":"<p>Ir a Cat\u00e1logos 2018 &nbsp; &nbsp; Real colors by AK &nbsp;<\/p>\n","protected":false},"author":2,"featured_media":0,"parent":41,"menu_order":0,"comment_status":"closed","ping_status":"closed","template":"","meta":{"jetpack_post_was_ever_published":false,"footnotes":"","_links_to":"","_links_to_target":""},"class_list":["post-3550","page","type-page","status-publish","hentry"],"jetpack_sharing_enabled":true,"jetpack_likes_enabled":true,"jetpack-related-posts":[{"id":3575,"url":"https:\/\/blog.ociomodell.com\/wordpress\/catalogos\/catalogos-2015\/","url_meta":{"origin":3550,"position":0},"title":"Cat\u00e1logos 2015","author":"Paco Gomez","date":"20 junio, 2018","format":false,"excerpt":"ir a Cat\u00e1logos","rel":"","context":"En \u00ab2015\u00bb","block_context":{"text":"2015","link":"https:\/\/blog.ociomodell.com\/wordpress\/tag\/2015\/"},"img":{"alt_text":"CATALOGO AK 2015 ES - OCIOMODELL.COM","src":"https:\/\/i0.wp.com\/blog.ociomodell.com\/wordpress\/wp-content\/uploads\/2018\/06\/AK-CATALOGUE-2015-ES-211x300.png?resize=350%2C200&ssl=1","width":350,"height":200},"classes":[]},{"id":3581,"url":"https:\/\/blog.ociomodell.com\/wordpress\/catalogos\/catalogos-2016\/","url_meta":{"origin":3550,"position":1},"title":"Cat\u00e1logos 2016","author":"Paco Gomez","date":"21 junio, 2018","format":false,"excerpt":"ir a Cat\u00e1logos","rel":"","context":"En \u00ab2016\u00bb","block_context":{"text":"2016","link":"https:\/\/blog.ociomodell.com\/wordpress\/tag\/2016\/"},"img":{"alt_text":"AK CATALOGO 2016 EN - ociomodell.com","src":"https:\/\/i0.wp.com\/blog.ociomodell.com\/wordpress\/wp-content\/uploads\/2018\/06\/AKCATALOGUE2016EN-209x300.png?resize=350%2C200&ssl=1","width":350,"height":200},"classes":[]},{"id":7056,"url":"https:\/\/blog.ociomodell.com\/wordpress\/catalogos\/catalogos-2022\/","url_meta":{"origin":3550,"position":2},"title":"Cat\u00e1logos 2022","author":"Paco Gomez","date":"9 febrero, 2022","format":false,"excerpt":"Secci\u00f3n Nuevos Cat\u00e1logos 2022 \u00a0 \u00a0","rel":"","context":"Entrada similar","block_context":{"text":"Entrada similar","link":""},"img":{"alt_text":"Cat\u00e1logo de novedades 2022 - TAMIYA - ITALIERI - EBBRO - DRAGON - ZVEZDA - SCALEXTRIC","src":"https:\/\/i0.wp.com\/blog.ociomodell.com\/wordpress\/wp-content\/uploads\/2022\/02\/Tamiya-300x213.jpg?resize=350%2C200&ssl=1","width":350,"height":200},"classes":[]},{"id":7578,"url":"https:\/\/blog.ociomodell.com\/wordpress\/catalogos\/catalogos-2023\/","url_meta":{"origin":3550,"position":3},"title":"Cat\u00e1logos 2023","author":"Paco Gomez","date":"17 febrero, 2023","format":false,"excerpt":"\u00a0 \u00a0 \u00a0 \u00a0 \u00a0 \u00a0 \u00a0 \u00a0 \u00a0 \u00a0","rel":"","context":"Entrada similar","block_context":{"text":"Entrada similar","link":""},"img":{"alt_text":"Tamiya cat\u00e1logo 2023","src":"https:\/\/i0.wp.com\/blog.ociomodell.com\/wordpress\/wp-content\/uploads\/2023\/02\/20879_TAMIYA_ToyFairNews_2023_rz_medium-300x212.jpg?resize=350%2C200&ssl=1","width":350,"height":200},"classes":[]},{"id":41,"url":"https:\/\/blog.ociomodell.com\/wordpress\/catalogos\/","url_meta":{"origin":3550,"position":4},"title":"Cat\u00e1logos","author":"ociomodell","date":"23 marzo, 2016","format":false,"excerpt":"Cat\u00e1logos 2024 Cat\u00e1logos 2023 Cat\u00e1logos 2022 Cat\u00e1logos 2020 Cat\u00e1logos 2019 Cat\u00e1logos 2018 Cat\u00e1logos 2017 Cat\u00e1logos 2016 Cat\u00e1logos 2015 Cat\u00e1logos varios","rel":"","context":"En \u00abautom\u00e1tico\u00bb","block_context":{"text":"autom\u00e1tico","link":"https:\/\/blog.ociomodell.com\/wordpress\/tag\/automatico\/"},"img":{"alt_text":"","src":"","width":0,"height":0},"classes":[]},{"id":3535,"url":"https:\/\/blog.ociomodell.com\/wordpress\/catalogos\/catalogos-2017\/","url_meta":{"origin":3550,"position":5},"title":"Cat\u00e1logos 2017","author":"Paco Gomez","date":"17 junio, 2018","format":false,"excerpt":"Ir a cat\u00e1logos del 2018 \u00a0 \u00a0 \u00a0","rel":"","context":"En \u00ab2017\u00bb","block_context":{"text":"2017","link":"https:\/\/blog.ociomodell.com\/wordpress\/tag\/2017\/"},"img":{"alt_text":"Disarmodel - Cat\u00e1logo novedades 2017","src":"https:\/\/i0.wp.com\/blog.ociomodell.com\/wordpress\/wp-content\/uploads\/2019\/01\/Disarmodel_2017_redu-292x300.png?resize=350%2C200&ssl=1","width":350,"height":200},"classes":[]}],"jetpack_shortlink":"https:\/\/wp.me\/P7mZwQ-Vg","_links":{"self":[{"href":"https:\/\/blog.ociomodell.com\/wordpress\/wp-json\/wp\/v2\/pages\/3550","targetHints":{"allow":["GET"]}}],"collection":[{"href":"https:\/\/blog.ociomodell.com\/wordpress\/wp-json\/wp\/v2\/pages"}],"about":[{"href":"https:\/\/blog.ociomodell.com\/wordpress\/wp-json\/wp\/v2\/types\/page"}],"author":[{"embeddable":true,"href":"https:\/\/blog.ociomodell.com\/wordpress\/wp-json\/wp\/v2\/users\/2"}],"replies":[{"embeddable":true,"href":"https:\/\/blog.ociomodell.com\/wordpress\/wp-json\/wp\/v2\/comments?post=3550"}],"version-history":[{"count":0,"href":"https:\/\/blog.ociomodell.com\/wordpress\/wp-json\/wp\/v2\/pages\/3550\/revisions"}],"up":[{"embeddable":true,"href":"https:\/\/blog.ociomodell.com\/wordpress\/wp-json\/wp\/v2\/pages\/41"}],"wp:attachment":[{"href":"https:\/\/blog.ociomodell.com\/wordpress\/wp-json\/wp\/v2\/media?parent=3550"}],"curies":[{"name":"wp","href":"https:\/\/api.w.org\/{rel}","templated":true}]}}