{"id":3575,"date":"2018-06-20T23:30:42","date_gmt":"2018-06-20T21:30:42","guid":{"rendered":"https:\/\/blog.ociomodell.com\/wordpress\/?page_id=3575"},"modified":"2018-06-21T22:00:33","modified_gmt":"2018-06-21T20:00:33","slug":"catalogos-2015","status":"publish","type":"page","link":"https:\/\/blog.ociomodell.com\/wordpress\/catalogos\/catalogos-2015\/","title":{"rendered":"Cat\u00e1logos 2015"},"content":{"rendered":"<p><a href=\"https:\/\/blog.ociomodell.com\/wordpress\/catalogos\/\" target=\"_blank\" rel=\"noopener\">ir a Cat\u00e1logos<\/a><\/p>\n<figure id=\"attachment_3578\" aria-describedby=\"caption-attachment-3578\" style=\"width: 211px\" class=\"wp-caption aligncenter\"><a href=\"https:\/\/drive.google.com\/open?id=18J8p1wXXgxnag9Uf4jfBxZtlxno4WMWM\" target=\"_blank\" rel=\"noopener nofollow\"><img loading=\"lazy\" decoding=\"async\" data-attachment-id=\"3578\" data-permalink=\"https:\/\/blog.ociomodell.com\/wordpress\/catalogos\/catalogos-2015\/ak-catalogue-2015-es\/\" data-orig-file=\"https:\/\/blog.ociomodell.com\/wordpress\/wp-content\/uploads\/2018\/06\/AK-CATALOGUE-2015-ES.png\" data-orig-size=\"930,1320\" data-comments-opened=\"1\" data-image-meta=\"{&quot;aperture&quot;:&quot;0&quot;,&quot;credit&quot;:&quot;&quot;,&quot;camera&quot;:&quot;&quot;,&quot;caption&quot;:&quot;&quot;,&quot;created_timestamp&quot;:&quot;0&quot;,&quot;copyright&quot;:&quot;&quot;,&quot;focal_length&quot;:&quot;0&quot;,&quot;iso&quot;:&quot;0&quot;,&quot;shutter_speed&quot;:&quot;0&quot;,&quot;title&quot;:&quot;&quot;,&quot;orientation&quot;:&quot;0&quot;}\" data-image-title=\"CATALOGO AK  2015 ES &amp;#8211; OCIOMODELL.COM\" data-image-description=\"&lt;p&gt;CATALOGO AK  2015 ES &amp;#8211; OCIOMODELL.COM&lt;\/p&gt;\n\" data-image-caption=\"&lt;p&gt;CATALOGO AK  2015 ES &amp;#8211; OCIOMODELL.COM&lt;\/p&gt;\n\" data-large-file=\"https:\/\/blog.ociomodell.com\/wordpress\/wp-content\/uploads\/2018\/06\/AK-CATALOGUE-2015-ES-721x1024.png\" class=\"wp-image-3578 size-medium\" src=\"https:\/\/blog.ociomodell.com\/wordpress\/wp-content\/uploads\/2018\/06\/AK-CATALOGUE-2015-ES-211x300.png\" alt=\"CATALOGO AK 2015 ES - OCIOMODELL.COM\" width=\"211\" height=\"300\" title=\"\" srcset=\"https:\/\/blog.ociomodell.com\/wordpress\/wp-content\/uploads\/2018\/06\/AK-CATALOGUE-2015-ES-211x300.png 211w, https:\/\/blog.ociomodell.com\/wordpress\/wp-content\/uploads\/2018\/06\/AK-CATALOGUE-2015-ES-768x1090.png 768w, https:\/\/blog.ociomodell.com\/wordpress\/wp-content\/uploads\/2018\/06\/AK-CATALOGUE-2015-ES-721x1024.png 721w, https:\/\/blog.ociomodell.com\/wordpress\/wp-content\/uploads\/2018\/06\/AK-CATALOGUE-2015-ES-250x355.png 250w, https:\/\/blog.ociomodell.com\/wordpress\/wp-content\/uploads\/2018\/06\/AK-CATALOGUE-2015-ES.png 930w\" sizes=\"auto, (max-width: 211px) 100vw, 211px\" \/><\/a><figcaption id=\"caption-attachment-3578\" class=\"wp-caption-text\">CATALOGO AK 2015 ES &#8211; OCIOMODELL.COM<\/figcaption><\/figure>\n","protected":false},"excerpt":{"rendered":"<p>ir a Cat\u00e1logos<\/p>\n","protected":false},"author":2,"featured_media":0,"parent":41,"menu_order":0,"comment_status":"closed","ping_status":"closed","template":"","meta":{"jetpack_post_was_ever_published":false,"footnotes":"","_links_to":"","_links_to_target":""},"class_list":["post-3575","page","type-page","status-publish","hentry"],"jetpack_sharing_enabled":true,"jetpack_likes_enabled":true,"jetpack-related-posts":[{"id":41,"url":"https:\/\/blog.ociomodell.com\/wordpress\/catalogos\/","url_meta":{"origin":3575,"position":0},"title":"Cat\u00e1logos","author":"ociomodell","date":"23 marzo, 2016","format":false,"excerpt":"Cat\u00e1logos 2024 Cat\u00e1logos 2023 Cat\u00e1logos 2022 Cat\u00e1logos 2020 Cat\u00e1logos 2019 Cat\u00e1logos 2018 Cat\u00e1logos 2017 Cat\u00e1logos 2016 Cat\u00e1logos 2015 Cat\u00e1logos varios","rel":"","context":"En \u00abautom\u00e1tico\u00bb","block_context":{"text":"autom\u00e1tico","link":"https:\/\/blog.ociomodell.com\/wordpress\/tag\/automatico\/"},"img":{"alt_text":"","src":"","width":0,"height":0},"classes":[]},{"id":3535,"url":"https:\/\/blog.ociomodell.com\/wordpress\/catalogos\/catalogos-2017\/","url_meta":{"origin":3575,"position":1},"title":"Cat\u00e1logos 2017","author":"Paco Gomez","date":"17 junio, 2018","format":false,"excerpt":"Ir a cat\u00e1logos del 2018 \u00a0 \u00a0 \u00a0","rel":"","context":"En \u00ab2017\u00bb","block_context":{"text":"2017","link":"https:\/\/blog.ociomodell.com\/wordpress\/tag\/2017\/"},"img":{"alt_text":"Disarmodel - Cat\u00e1logo novedades 2017","src":"https:\/\/i0.wp.com\/blog.ociomodell.com\/wordpress\/wp-content\/uploads\/2019\/01\/Disarmodel_2017_redu-292x300.png?resize=350%2C200&ssl=1","width":350,"height":200},"classes":[]},{"id":4586,"url":"https:\/\/blog.ociomodell.com\/wordpress\/catalogos\/catalogos-2019\/","url_meta":{"origin":3575,"position":2},"title":"Cat\u00e1logos 2019","author":"Paco Gomez","date":"23 enero, 2019","format":false,"excerpt":"\u00a0","rel":"","context":"En \u00abautom\u00e1tico\u00bb","block_context":{"text":"autom\u00e1tico","link":"https:\/\/blog.ociomodell.com\/wordpress\/tag\/automatico\/"},"img":{"alt_text":"AMMO \u2013 Cat\u00e1logo 2019 de Ammo","src":"https:\/\/i0.wp.com\/blog.ociomodell.com\/wordpress\/wp-content\/uploads\/2019\/02\/AMMO-catalogue_2019_redu-212x300.png?resize=350%2C200&ssl=1","width":350,"height":200},"classes":[]},{"id":3550,"url":"https:\/\/blog.ociomodell.com\/wordpress\/catalogos\/catalogos-varios\/","url_meta":{"origin":3575,"position":3},"title":"Cat\u00e1logos Varios","author":"Paco Gomez","date":"17 junio, 2018","format":false,"excerpt":"Ir a Cat\u00e1logos 2018 \u00a0 \u00a0 Real colors by AK \u00a0","rel":"","context":"En \u00abcat\u00e1logos\u00bb","block_context":{"text":"cat\u00e1logos","link":"https:\/\/blog.ociomodell.com\/wordpress\/tag\/catalogos\/"},"img":{"alt_text":"Tabla conversi\u00f3n Acr\u00edlicos Italeri - Ociomodell.com","src":"https:\/\/i0.wp.com\/blog.ociomodell.com\/wordpress\/wp-content\/uploads\/2018\/01\/ItaleriAcrylicPaint-Conversion-Chart.jpg?resize=350%2C200&ssl=1","width":350,"height":200,"srcset":"https:\/\/i0.wp.com\/blog.ociomodell.com\/wordpress\/wp-content\/uploads\/2018\/01\/ItaleriAcrylicPaint-Conversion-Chart.jpg?resize=350%2C200&ssl=1 1x, https:\/\/i0.wp.com\/blog.ociomodell.com\/wordpress\/wp-content\/uploads\/2018\/01\/ItaleriAcrylicPaint-Conversion-Chart.jpg?resize=525%2C300&ssl=1 1.5x, https:\/\/i0.wp.com\/blog.ociomodell.com\/wordpress\/wp-content\/uploads\/2018\/01\/ItaleriAcrylicPaint-Conversion-Chart.jpg?resize=700%2C400&ssl=1 2x, https:\/\/i0.wp.com\/blog.ociomodell.com\/wordpress\/wp-content\/uploads\/2018\/01\/ItaleriAcrylicPaint-Conversion-Chart.jpg?resize=1050%2C600&ssl=1 3x, https:\/\/i0.wp.com\/blog.ociomodell.com\/wordpress\/wp-content\/uploads\/2018\/01\/ItaleriAcrylicPaint-Conversion-Chart.jpg?resize=1400%2C800&ssl=1 4x"},"classes":[]},{"id":3581,"url":"https:\/\/blog.ociomodell.com\/wordpress\/catalogos\/catalogos-2016\/","url_meta":{"origin":3575,"position":4},"title":"Cat\u00e1logos 2016","author":"Paco Gomez","date":"21 junio, 2018","format":false,"excerpt":"ir a Cat\u00e1logos","rel":"","context":"En \u00ab2016\u00bb","block_context":{"text":"2016","link":"https:\/\/blog.ociomodell.com\/wordpress\/tag\/2016\/"},"img":{"alt_text":"AK CATALOGO 2016 EN - ociomodell.com","src":"https:\/\/i0.wp.com\/blog.ociomodell.com\/wordpress\/wp-content\/uploads\/2018\/06\/AKCATALOGUE2016EN-209x300.png?resize=350%2C200&ssl=1","width":350,"height":200},"classes":[]},{"id":3497,"url":"https:\/\/blog.ociomodell.com\/wordpress\/catalogos\/catalogos-2018\/","url_meta":{"origin":3575,"position":5},"title":"Cat\u00e1logos 2018","author":"Paco Gomez","date":"17 junio, 2018","format":false,"excerpt":"Ir a Cat\u00e1logos \u00a0 \u00a0 \u00a0 \u00a0","rel":"","context":"En \u00ab2018\u00bb","block_context":{"text":"2018","link":"https:\/\/blog.ociomodell.com\/wordpress\/tag\/2018\/"},"img":{"alt_text":"AMMO - Cat\u00e1logo 2018 de Ammo","src":"https:\/\/i0.wp.com\/blog.ociomodell.com\/wordpress\/wp-content\/uploads\/2019\/01\/AMMO-catalogue_2018_redu-211x300.png?resize=350%2C200&ssl=1","width":350,"height":200},"classes":[]}],"jetpack_shortlink":"https:\/\/wp.me\/P7mZwQ-VF","_links":{"self":[{"href":"https:\/\/blog.ociomodell.com\/wordpress\/wp-json\/wp\/v2\/pages\/3575","targetHints":{"allow":["GET"]}}],"collection":[{"href":"https:\/\/blog.ociomodell.com\/wordpress\/wp-json\/wp\/v2\/pages"}],"about":[{"href":"https:\/\/blog.ociomodell.com\/wordpress\/wp-json\/wp\/v2\/types\/page"}],"author":[{"embeddable":true,"href":"https:\/\/blog.ociomodell.com\/wordpress\/wp-json\/wp\/v2\/users\/2"}],"replies":[{"embeddable":true,"href":"https:\/\/blog.ociomodell.com\/wordpress\/wp-json\/wp\/v2\/comments?post=3575"}],"version-history":[{"count":0,"href":"https:\/\/blog.ociomodell.com\/wordpress\/wp-json\/wp\/v2\/pages\/3575\/revisions"}],"up":[{"embeddable":true,"href":"https:\/\/blog.ociomodell.com\/wordpress\/wp-json\/wp\/v2\/pages\/41"}],"wp:attachment":[{"href":"https:\/\/blog.ociomodell.com\/wordpress\/wp-json\/wp\/v2\/media?parent=3575"}],"curies":[{"name":"wp","href":"https:\/\/api.w.org\/{rel}","templated":true}]}}