{"id":3581,"date":"2018-06-21T21:16:29","date_gmt":"2018-06-21T19:16:29","guid":{"rendered":"https:\/\/blog.ociomodell.com\/wordpress\/?page_id=3581"},"modified":"2018-06-21T21:51:41","modified_gmt":"2018-06-21T19:51:41","slug":"catalogos-2016","status":"publish","type":"page","link":"https:\/\/blog.ociomodell.com\/wordpress\/catalogos\/catalogos-2016\/","title":{"rendered":"Cat\u00e1logos 2016"},"content":{"rendered":"<p><a href=\"https:\/\/blog.ociomodell.com\/wordpress\/catalogos\/\" target=\"_blank\" rel=\"noopener\">ir a Cat\u00e1logos<\/a><\/p>\n<figure id=\"attachment_3584\" aria-describedby=\"caption-attachment-3584\" style=\"width: 209px\" class=\"wp-caption aligncenter\"><a href=\"https:\/\/drive.google.com\/open?id=1rswi5EwL6r4QOoQrgvVEsJJ-cHRI2_Kq\" target=\"_blank\" rel=\"noopener nofollow\"><img loading=\"lazy\" decoding=\"async\" data-attachment-id=\"3584\" data-permalink=\"https:\/\/blog.ociomodell.com\/wordpress\/catalogos\/catalogos-2016\/akcatalogue2016en\/\" data-orig-file=\"https:\/\/blog.ociomodell.com\/wordpress\/wp-content\/uploads\/2018\/06\/AKCATALOGUE2016EN.png\" data-orig-size=\"922,1324\" data-comments-opened=\"1\" data-image-meta=\"{&quot;aperture&quot;:&quot;0&quot;,&quot;credit&quot;:&quot;&quot;,&quot;camera&quot;:&quot;&quot;,&quot;caption&quot;:&quot;&quot;,&quot;created_timestamp&quot;:&quot;0&quot;,&quot;copyright&quot;:&quot;&quot;,&quot;focal_length&quot;:&quot;0&quot;,&quot;iso&quot;:&quot;0&quot;,&quot;shutter_speed&quot;:&quot;0&quot;,&quot;title&quot;:&quot;&quot;,&quot;orientation&quot;:&quot;0&quot;}\" data-image-title=\"AK CATALOGO 2016 EN &amp;#8211; ociomodell.com\" data-image-description=\"&lt;p&gt;AK CATALOGO 2016 EN &amp;#8211; ociomodell.com&lt;\/p&gt;\n\" data-image-caption=\"&lt;p&gt;AK CATALOGO 2016 EN &amp;#8211; ociomodell.com&lt;\/p&gt;\n\" data-large-file=\"https:\/\/blog.ociomodell.com\/wordpress\/wp-content\/uploads\/2018\/06\/AKCATALOGUE2016EN-713x1024.png\" class=\"wp-image-3584 size-medium\" src=\"https:\/\/blog.ociomodell.com\/wordpress\/wp-content\/uploads\/2018\/06\/AKCATALOGUE2016EN-209x300.png\" alt=\"AK CATALOGO 2016 EN - ociomodell.com\" width=\"209\" height=\"300\" title=\"\" srcset=\"https:\/\/blog.ociomodell.com\/wordpress\/wp-content\/uploads\/2018\/06\/AKCATALOGUE2016EN-209x300.png 209w, https:\/\/blog.ociomodell.com\/wordpress\/wp-content\/uploads\/2018\/06\/AKCATALOGUE2016EN-768x1103.png 768w, https:\/\/blog.ociomodell.com\/wordpress\/wp-content\/uploads\/2018\/06\/AKCATALOGUE2016EN-713x1024.png 713w, https:\/\/blog.ociomodell.com\/wordpress\/wp-content\/uploads\/2018\/06\/AKCATALOGUE2016EN-250x359.png 250w, https:\/\/blog.ociomodell.com\/wordpress\/wp-content\/uploads\/2018\/06\/AKCATALOGUE2016EN.png 922w\" sizes=\"auto, (max-width: 209px) 100vw, 209px\" \/><\/a><figcaption id=\"caption-attachment-3584\" class=\"wp-caption-text\">AK CATALOGO 2016 EN &#8211; ociomodell.com<\/figcaption><\/figure>\n","protected":false},"excerpt":{"rendered":"<p>ir a Cat\u00e1logos<\/p>\n","protected":false},"author":2,"featured_media":0,"parent":41,"menu_order":0,"comment_status":"closed","ping_status":"closed","template":"","meta":{"footnotes":"","_links_to":"","_links_to_target":""},"class_list":["post-3581","page","type-page","status-publish","hentry"],"jetpack_sharing_enabled":true,"jetpack_likes_enabled":true,"jetpack-related-posts":[{"id":41,"url":"https:\/\/blog.ociomodell.com\/wordpress\/catalogos\/","url_meta":{"origin":3581,"position":0},"title":"Cat\u00e1logos","author":"ociomodell","date":"23 marzo, 2016","format":false,"excerpt":"Cat\u00e1logos 2024 Cat\u00e1logos 2023 Cat\u00e1logos 2022 Cat\u00e1logos 2020 Cat\u00e1logos 2019 Cat\u00e1logos 2018 Cat\u00e1logos 2017 Cat\u00e1logos 2016 Cat\u00e1logos 2015 Cat\u00e1logos varios","rel":"","context":"En \u00abautom\u00e1tico\u00bb","block_context":{"text":"autom\u00e1tico","link":"https:\/\/blog.ociomodell.com\/wordpress\/tag\/automatico\/"},"img":{"alt_text":"","src":"","width":0,"height":0},"classes":[]},{"id":3535,"url":"https:\/\/blog.ociomodell.com\/wordpress\/catalogos\/catalogos-2017\/","url_meta":{"origin":3581,"position":1},"title":"Cat\u00e1logos 2017","author":"Paco Gomez","date":"17 junio, 2018","format":false,"excerpt":"Ir a cat\u00e1logos del 2018 \u00a0 \u00a0 \u00a0","rel":"","context":"En \u00ab2017\u00bb","block_context":{"text":"2017","link":"https:\/\/blog.ociomodell.com\/wordpress\/tag\/2017\/"},"img":{"alt_text":"Disarmodel - Cat\u00e1logo novedades 2017","src":"https:\/\/i0.wp.com\/blog.ociomodell.com\/wordpress\/wp-content\/uploads\/2019\/01\/Disarmodel_2017_redu-292x300.png?resize=350%2C200&ssl=1","width":350,"height":200},"classes":[]},{"id":4586,"url":"https:\/\/blog.ociomodell.com\/wordpress\/catalogos\/catalogos-2019\/","url_meta":{"origin":3581,"position":2},"title":"Cat\u00e1logos 2019","author":"Paco Gomez","date":"23 enero, 2019","format":false,"excerpt":"\u00a0","rel":"","context":"En \u00abautom\u00e1tico\u00bb","block_context":{"text":"autom\u00e1tico","link":"https:\/\/blog.ociomodell.com\/wordpress\/tag\/automatico\/"},"img":{"alt_text":"AMMO \u2013 Cat\u00e1logo 2019 de Ammo","src":"https:\/\/i0.wp.com\/blog.ociomodell.com\/wordpress\/wp-content\/uploads\/2019\/02\/AMMO-catalogue_2019_redu-212x300.png?resize=350%2C200&ssl=1","width":350,"height":200},"classes":[]},{"id":3550,"url":"https:\/\/blog.ociomodell.com\/wordpress\/catalogos\/catalogos-varios\/","url_meta":{"origin":3581,"position":3},"title":"Cat\u00e1logos Varios","author":"Paco Gomez","date":"17 junio, 2018","format":false,"excerpt":"Ir a Cat\u00e1logos 2018 \u00a0 \u00a0 Real colors by AK \u00a0","rel":"","context":"En \u00abcat\u00e1logos\u00bb","block_context":{"text":"cat\u00e1logos","link":"https:\/\/blog.ociomodell.com\/wordpress\/tag\/catalogos\/"},"img":{"alt_text":"Tabla conversi\u00f3n Acr\u00edlicos Italeri - Ociomodell.com","src":"https:\/\/i0.wp.com\/blog.ociomodell.com\/wordpress\/wp-content\/uploads\/2018\/01\/ItaleriAcrylicPaint-Conversion-Chart.jpg?resize=350%2C200&ssl=1","width":350,"height":200,"srcset":"https:\/\/i0.wp.com\/blog.ociomodell.com\/wordpress\/wp-content\/uploads\/2018\/01\/ItaleriAcrylicPaint-Conversion-Chart.jpg?resize=350%2C200&ssl=1 1x, https:\/\/i0.wp.com\/blog.ociomodell.com\/wordpress\/wp-content\/uploads\/2018\/01\/ItaleriAcrylicPaint-Conversion-Chart.jpg?resize=525%2C300&ssl=1 1.5x, https:\/\/i0.wp.com\/blog.ociomodell.com\/wordpress\/wp-content\/uploads\/2018\/01\/ItaleriAcrylicPaint-Conversion-Chart.jpg?resize=700%2C400&ssl=1 2x, https:\/\/i0.wp.com\/blog.ociomodell.com\/wordpress\/wp-content\/uploads\/2018\/01\/ItaleriAcrylicPaint-Conversion-Chart.jpg?resize=1050%2C600&ssl=1 3x, https:\/\/i0.wp.com\/blog.ociomodell.com\/wordpress\/wp-content\/uploads\/2018\/01\/ItaleriAcrylicPaint-Conversion-Chart.jpg?resize=1400%2C800&ssl=1 4x"},"classes":[]},{"id":3575,"url":"https:\/\/blog.ociomodell.com\/wordpress\/catalogos\/catalogos-2015\/","url_meta":{"origin":3581,"position":4},"title":"Cat\u00e1logos 2015","author":"Paco Gomez","date":"20 junio, 2018","format":false,"excerpt":"ir a Cat\u00e1logos","rel":"","context":"En \u00ab2015\u00bb","block_context":{"text":"2015","link":"https:\/\/blog.ociomodell.com\/wordpress\/tag\/2015\/"},"img":{"alt_text":"CATALOGO AK 2015 ES - OCIOMODELL.COM","src":"https:\/\/i0.wp.com\/blog.ociomodell.com\/wordpress\/wp-content\/uploads\/2018\/06\/AK-CATALOGUE-2015-ES-211x300.png?resize=350%2C200&ssl=1","width":350,"height":200},"classes":[]},{"id":3497,"url":"https:\/\/blog.ociomodell.com\/wordpress\/catalogos\/catalogos-2018\/","url_meta":{"origin":3581,"position":5},"title":"Cat\u00e1logos 2018","author":"Paco Gomez","date":"17 junio, 2018","format":false,"excerpt":"Ir a Cat\u00e1logos \u00a0 \u00a0 \u00a0 \u00a0","rel":"","context":"En \u00ab2018\u00bb","block_context":{"text":"2018","link":"https:\/\/blog.ociomodell.com\/wordpress\/tag\/2018\/"},"img":{"alt_text":"AMMO - Cat\u00e1logo 2018 de Ammo","src":"https:\/\/i0.wp.com\/blog.ociomodell.com\/wordpress\/wp-content\/uploads\/2019\/01\/AMMO-catalogue_2018_redu-211x300.png?resize=350%2C200&ssl=1","width":350,"height":200},"classes":[]}],"jetpack_shortlink":"https:\/\/wp.me\/P7mZwQ-VL","_links":{"self":[{"href":"https:\/\/blog.ociomodell.com\/wordpress\/wp-json\/wp\/v2\/pages\/3581","targetHints":{"allow":["GET"]}}],"collection":[{"href":"https:\/\/blog.ociomodell.com\/wordpress\/wp-json\/wp\/v2\/pages"}],"about":[{"href":"https:\/\/blog.ociomodell.com\/wordpress\/wp-json\/wp\/v2\/types\/page"}],"author":[{"embeddable":true,"href":"https:\/\/blog.ociomodell.com\/wordpress\/wp-json\/wp\/v2\/users\/2"}],"replies":[{"embeddable":true,"href":"https:\/\/blog.ociomodell.com\/wordpress\/wp-json\/wp\/v2\/comments?post=3581"}],"version-history":[{"count":0,"href":"https:\/\/blog.ociomodell.com\/wordpress\/wp-json\/wp\/v2\/pages\/3581\/revisions"}],"up":[{"embeddable":true,"href":"https:\/\/blog.ociomodell.com\/wordpress\/wp-json\/wp\/v2\/pages\/41"}],"wp:attachment":[{"href":"https:\/\/blog.ociomodell.com\/wordpress\/wp-json\/wp\/v2\/media?parent=3581"}],"curies":[{"name":"wp","href":"https:\/\/api.w.org\/{rel}","templated":true}]}}