{"id":3661,"date":"2018-07-07T16:49:42","date_gmt":"2018-07-07T14:49:42","guid":{"rendered":"https:\/\/blog.ociomodell.com\/wordpress\/?page_id=3661"},"modified":"2018-08-23T19:22:05","modified_gmt":"2018-08-23T17:22:05","slug":"construcciones","status":"publish","type":"page","link":"https:\/\/blog.ociomodell.com\/wordpress\/mis-casitas-de-munecas\/fotos-de-modelos\/construcciones\/","title":{"rendered":"Construcciones"},"content":{"rendered":"<p style=\"text-align: center;\"><a href=\"https:\/\/blog.ociomodell.com\/wordpress\/mis-casitas-de-munecas\/fotos-de-modelos\/construcciones\/caja-fuerte-ugears\/\" target=\"_blank\" rel=\"noopener\"><strong>UGEARS &#8211; CAJA FUERTE\u00a0<\/strong><\/a><\/p>\n","protected":false},"excerpt":{"rendered":"<p>UGEARS &#8211; CAJA FUERTE\u00a0<\/p>\n","protected":false},"author":2,"featured_media":0,"parent":3294,"menu_order":0,"comment_status":"closed","ping_status":"closed","template":"","meta":{"jetpack_post_was_ever_published":false,"footnotes":"","_links_to":"","_links_to_target":""},"class_list":["post-3661","page","type-page","status-publish","hentry"],"jetpack_sharing_enabled":true,"jetpack_likes_enabled":true,"jetpack-related-posts":[{"id":3663,"url":"https:\/\/blog.ociomodell.com\/wordpress\/mis-casitas-de-munecas\/fotos-de-modelos\/construcciones\/caja-fuerte-ugears\/","url_meta":{"origin":3661,"position":0},"title":"Caja fuerte &#8211; Ugears","author":"Paco Gomez","date":"7 julio, 2018","format":false,"excerpt":"Caja fuerte - Ugears, Cedida por Paula e Inma, ociomodell.com \u00a0","rel":"","context":"En \u00abcaja\u00bb","block_context":{"text":"caja","link":"https:\/\/blog.ociomodell.com\/wordpress\/tag\/caja\/"},"img":{"alt_text":"Caja fuerte - Ugears, Cedida por Paula e Inma, ociomodell.com","src":"https:\/\/i0.wp.com\/blog.ociomodell.com\/wordpress\/wp-content\/uploads\/2018\/07\/Caja-fuerte-Ugears-Cedida-por-Paula-e-Inma-ociomodell.com_1-300x225.jpg?resize=350%2C200&ssl=1","width":350,"height":200,"srcset":"https:\/\/i0.wp.com\/blog.ociomodell.com\/wordpress\/wp-content\/uploads\/2018\/07\/Caja-fuerte-Ugears-Cedida-por-Paula-e-Inma-ociomodell.com_1-300x225.jpg?resize=350%2C200&ssl=1 1x, https:\/\/i0.wp.com\/blog.ociomodell.com\/wordpress\/wp-content\/uploads\/2018\/07\/Caja-fuerte-Ugears-Cedida-por-Paula-e-Inma-ociomodell.com_1-300x225.jpg?resize=525%2C300&ssl=1 1.5x, https:\/\/i0.wp.com\/blog.ociomodell.com\/wordpress\/wp-content\/uploads\/2018\/07\/Caja-fuerte-Ugears-Cedida-por-Paula-e-Inma-ociomodell.com_1-300x225.jpg?resize=700%2C400&ssl=1 2x, https:\/\/i0.wp.com\/blog.ociomodell.com\/wordpress\/wp-content\/uploads\/2018\/07\/Caja-fuerte-Ugears-Cedida-por-Paula-e-Inma-ociomodell.com_1-300x225.jpg?resize=1050%2C600&ssl=1 3x"},"classes":[]},{"id":3294,"url":"https:\/\/blog.ociomodell.com\/wordpress\/mis-casitas-de-munecas\/fotos-de-modelos\/","url_meta":{"origin":3661,"position":1},"title":"Fotos de modelos","author":"Paco Gomez","date":"7 junio, 2018","format":false,"excerpt":"Fotos de modelos realizados por clientes: AVIONES BARCOS CONSTRUCCIONES VEH\u00cdCULOS","rel":"","context":"En \u00abde\u00bb","block_context":{"text":"de","link":"https:\/\/blog.ociomodell.com\/wordpress\/tag\/de\/"},"img":{"alt_text":"","src":"","width":0,"height":0},"classes":[]},{"id":4576,"url":"https:\/\/blog.ociomodell.com\/wordpress\/mis-casitas-de-munecas\/fotos-de-modelos\/vehiculos\/fotografias-13-fsv-airfix-1-76\/","url_meta":{"origin":3661,"position":2},"title":"13 FSV , Airfix 1\/76","author":"Paco Gomez","date":"23 enero, 2019","format":false,"excerpt":"13 FSV (fire support vehicle), Airfix 1\/76. Calcas de la 2 div. caballer\u00eda del ej\u00e9rcito australiano El escenario corresponder\u00eda a un terreno de instrucci\u00f3n en Australia, posterior a la guerra de Vietnam (a\u00f1o 73-74). Est\u00e1 montada de caja, con alg\u00fan detallado sencillo. La figura es de matchbox y la ametralladora\u2026","rel":"","context":"En \u00abautom\u00e1tico\u00bb","block_context":{"text":"autom\u00e1tico","link":"https:\/\/blog.ociomodell.com\/wordpress\/tag\/automatico\/"},"img":{"alt_text":"13 FSV (fire support vehicle), Airfix 1\/76. Calcas de la 2 div. caballer\u00eda del ej\u00e9rcito australiano","src":"https:\/\/i0.wp.com\/blog.ociomodell.com\/wordpress\/wp-content\/uploads\/2019\/01\/Fsv-1-768x1024.jpg?resize=350%2C200&ssl=1","width":350,"height":200,"srcset":"https:\/\/i0.wp.com\/blog.ociomodell.com\/wordpress\/wp-content\/uploads\/2019\/01\/Fsv-1-768x1024.jpg?resize=350%2C200&ssl=1 1x, https:\/\/i0.wp.com\/blog.ociomodell.com\/wordpress\/wp-content\/uploads\/2019\/01\/Fsv-1-768x1024.jpg?resize=525%2C300&ssl=1 1.5x, https:\/\/i0.wp.com\/blog.ociomodell.com\/wordpress\/wp-content\/uploads\/2019\/01\/Fsv-1-768x1024.jpg?resize=700%2C400&ssl=1 2x"},"classes":[]}],"jetpack_shortlink":"https:\/\/wp.me\/P7mZwQ-X3","_links":{"self":[{"href":"https:\/\/blog.ociomodell.com\/wordpress\/wp-json\/wp\/v2\/pages\/3661","targetHints":{"allow":["GET"]}}],"collection":[{"href":"https:\/\/blog.ociomodell.com\/wordpress\/wp-json\/wp\/v2\/pages"}],"about":[{"href":"https:\/\/blog.ociomodell.com\/wordpress\/wp-json\/wp\/v2\/types\/page"}],"author":[{"embeddable":true,"href":"https:\/\/blog.ociomodell.com\/wordpress\/wp-json\/wp\/v2\/users\/2"}],"replies":[{"embeddable":true,"href":"https:\/\/blog.ociomodell.com\/wordpress\/wp-json\/wp\/v2\/comments?post=3661"}],"version-history":[{"count":0,"href":"https:\/\/blog.ociomodell.com\/wordpress\/wp-json\/wp\/v2\/pages\/3661\/revisions"}],"up":[{"embeddable":true,"href":"https:\/\/blog.ociomodell.com\/wordpress\/wp-json\/wp\/v2\/pages\/3294"}],"wp:attachment":[{"href":"https:\/\/blog.ociomodell.com\/wordpress\/wp-json\/wp\/v2\/media?parent=3661"}],"curies":[{"name":"wp","href":"https:\/\/api.w.org\/{rel}","templated":true}]}}