{"id":3975,"date":"2018-08-22T20:49:13","date_gmt":"2018-08-22T18:49:13","guid":{"rendered":"https:\/\/blog.ociomodell.com\/wordpress\/?page_id=3975"},"modified":"2018-08-22T21:33:34","modified_gmt":"2018-08-22T19:33:34","slug":"las-uvas-de-lra","status":"publish","type":"page","link":"https:\/\/blog.ociomodell.com\/wordpress\/mis-casitas-de-munecas\/fotos-de-modelos\/vehiculos\/las-uvas-de-lra\/","title":{"rendered":"\u00abLas Uvas de ira\u00bb"},"content":{"rendered":"\n<p><\/p>\n\n\n\n<p>\u00abLas Uvas de ira\u00bb, Diorama realizado por Joaqu\u00edn Gracia.<\/p>\n\n\n\n<p>El diorama est\u00e1 inspirado en la novela \u00abLas Uvas de ira\u00bb que\u00a0narra la \u00e9poca de la gran de presi\u00f3n americana producida por la industrializaci\u00f3n de la agricultura.<\/p>\n\n\n\n<p>Como consecuencia de esto la gente se vio obligada a emigrar al oeste por la m\u00edtica Route 66 en busca de trabajo pasando calamidades y miseria.<\/p>\n\n\n\n<ul class=\"wp-block-gallery columns-2 is-cropped wp-block-gallery-1 is-layout-flex wp-block-gallery-is-layout-flex\"><li class=\"blocks-gallery-item\"><figure><img loading=\"lazy\" decoding=\"async\" width=\"1600\" height=\"900\" data-attachment-id=\"3980\" data-permalink=\"https:\/\/blog.ociomodell.com\/wordpress\/mis-casitas-de-munecas\/fotos-de-modelos\/vehiculos\/las-uvas-de-lra\/20180801_201321\/\" data-orig-file=\"https:\/\/blog.ociomodell.com\/wordpress\/wp-content\/uploads\/2018\/08\/20180801_201321.jpg\" data-orig-size=\"1600,900\" data-comments-opened=\"1\" data-image-meta=\"{&quot;aperture&quot;:&quot;0&quot;,&quot;credit&quot;:&quot;&quot;,&quot;camera&quot;:&quot;&quot;,&quot;caption&quot;:&quot;&quot;,&quot;created_timestamp&quot;:&quot;0&quot;,&quot;copyright&quot;:&quot;&quot;,&quot;focal_length&quot;:&quot;0&quot;,&quot;iso&quot;:&quot;0&quot;,&quot;shutter_speed&quot;:&quot;0&quot;,&quot;title&quot;:&quot;&quot;,&quot;orientation&quot;:&quot;0&quot;}\" data-image-title=\"20180801_201321\" data-image-description=\"\" data-image-caption=\"\" data-large-file=\"https:\/\/blog.ociomodell.com\/wordpress\/wp-content\/uploads\/2018\/08\/20180801_201321-1024x576.jpg\" src=\"https:\/\/blog.ociomodell.com\/wordpress\/wp-content\/uploads\/2018\/08\/20180801_201321.jpg\" alt=\"\" data-id=\"3980\" data-link=\"https:\/\/blog.ociomodell.com\/wordpress\/?attachment_id=3980\" class=\"wp-image-3980\" title=\"\" srcset=\"https:\/\/blog.ociomodell.com\/wordpress\/wp-content\/uploads\/2018\/08\/20180801_201321.jpg 1600w, https:\/\/blog.ociomodell.com\/wordpress\/wp-content\/uploads\/2018\/08\/20180801_201321-300x169.jpg 300w, https:\/\/blog.ociomodell.com\/wordpress\/wp-content\/uploads\/2018\/08\/20180801_201321-768x432.jpg 768w, https:\/\/blog.ociomodell.com\/wordpress\/wp-content\/uploads\/2018\/08\/20180801_201321-1024x576.jpg 1024w, https:\/\/blog.ociomodell.com\/wordpress\/wp-content\/uploads\/2018\/08\/20180801_201321-250x141.jpg 250w\" sizes=\"auto, (max-width: 1600px) 100vw, 1600px\" \/><figcaption>\u00abLas Uvas de ira\u00bb, Diorama realizado por Joaqu\u00edn Gracia.<\/figcaption><\/figure><\/li><li class=\"blocks-gallery-item\"><figure><img loading=\"lazy\" decoding=\"async\" width=\"1600\" height=\"900\" data-attachment-id=\"3978\" data-permalink=\"https:\/\/blog.ociomodell.com\/wordpress\/mis-casitas-de-munecas\/fotos-de-modelos\/vehiculos\/las-uvas-de-lra\/20180801_201153\/\" data-orig-file=\"https:\/\/blog.ociomodell.com\/wordpress\/wp-content\/uploads\/2018\/08\/20180801_201153.jpg\" data-orig-size=\"1600,900\" data-comments-opened=\"1\" data-image-meta=\"{&quot;aperture&quot;:&quot;0&quot;,&quot;credit&quot;:&quot;&quot;,&quot;camera&quot;:&quot;&quot;,&quot;caption&quot;:&quot;&quot;,&quot;created_timestamp&quot;:&quot;0&quot;,&quot;copyright&quot;:&quot;&quot;,&quot;focal_length&quot;:&quot;0&quot;,&quot;iso&quot;:&quot;0&quot;,&quot;shutter_speed&quot;:&quot;0&quot;,&quot;title&quot;:&quot;&quot;,&quot;orientation&quot;:&quot;0&quot;}\" data-image-title=\"20180801_201153\" data-image-description=\"\" data-image-caption=\"\" data-large-file=\"https:\/\/blog.ociomodell.com\/wordpress\/wp-content\/uploads\/2018\/08\/20180801_201153-1024x576.jpg\" src=\"https:\/\/blog.ociomodell.com\/wordpress\/wp-content\/uploads\/2018\/08\/20180801_201153.jpg\" alt=\"\" data-id=\"3978\" data-link=\"https:\/\/blog.ociomodell.com\/wordpress\/?attachment_id=3978\" class=\"wp-image-3978\" title=\"\" srcset=\"https:\/\/blog.ociomodell.com\/wordpress\/wp-content\/uploads\/2018\/08\/20180801_201153.jpg 1600w, https:\/\/blog.ociomodell.com\/wordpress\/wp-content\/uploads\/2018\/08\/20180801_201153-300x169.jpg 300w, https:\/\/blog.ociomodell.com\/wordpress\/wp-content\/uploads\/2018\/08\/20180801_201153-768x432.jpg 768w, https:\/\/blog.ociomodell.com\/wordpress\/wp-content\/uploads\/2018\/08\/20180801_201153-1024x576.jpg 1024w, https:\/\/blog.ociomodell.com\/wordpress\/wp-content\/uploads\/2018\/08\/20180801_201153-250x141.jpg 250w\" sizes=\"auto, (max-width: 1600px) 100vw, 1600px\" \/><figcaption>\u00abLas Uvas de ira\u00bb, Diorama realizado por Joaqu\u00edn Gracia.<\/figcaption><\/figure><\/li><\/ul>\n\n\n\n<ul class=\"wp-block-gallery columns-1 is-cropped wp-block-gallery-2 is-layout-flex wp-block-gallery-is-layout-flex\"><li class=\"blocks-gallery-item\"><figure><img loading=\"lazy\" decoding=\"async\" width=\"1600\" height=\"900\" data-attachment-id=\"3983\" data-permalink=\"https:\/\/blog.ociomodell.com\/wordpress\/mis-casitas-de-munecas\/fotos-de-modelos\/vehiculos\/las-uvas-de-lra\/20180801_201321-1\/\" data-orig-file=\"https:\/\/blog.ociomodell.com\/wordpress\/wp-content\/uploads\/2018\/08\/20180801_201321-1.jpg\" data-orig-size=\"1600,900\" data-comments-opened=\"1\" data-image-meta=\"{&quot;aperture&quot;:&quot;0&quot;,&quot;credit&quot;:&quot;&quot;,&quot;camera&quot;:&quot;&quot;,&quot;caption&quot;:&quot;&quot;,&quot;created_timestamp&quot;:&quot;0&quot;,&quot;copyright&quot;:&quot;&quot;,&quot;focal_length&quot;:&quot;0&quot;,&quot;iso&quot;:&quot;0&quot;,&quot;shutter_speed&quot;:&quot;0&quot;,&quot;title&quot;:&quot;&quot;,&quot;orientation&quot;:&quot;0&quot;}\" data-image-title=\"20180801_201321-1\" data-image-description=\"\" data-image-caption=\"&lt;p&gt;\u00abLas Uvas de lra\u00bb, Diorama realizado por Joaqu\u00edn Gracia.&lt;\/p&gt;\n\" data-large-file=\"https:\/\/blog.ociomodell.com\/wordpress\/wp-content\/uploads\/2018\/08\/20180801_201321-1-1024x576.jpg\" src=\"https:\/\/blog.ociomodell.com\/wordpress\/wp-content\/uploads\/2018\/08\/20180801_201321-1.jpg\" alt=\"\" data-id=\"3983\" data-link=\"https:\/\/blog.ociomodell.com\/wordpress\/?attachment_id=3983\" class=\"wp-image-3983\" title=\"\" srcset=\"https:\/\/blog.ociomodell.com\/wordpress\/wp-content\/uploads\/2018\/08\/20180801_201321-1.jpg 1600w, https:\/\/blog.ociomodell.com\/wordpress\/wp-content\/uploads\/2018\/08\/20180801_201321-1-300x169.jpg 300w, https:\/\/blog.ociomodell.com\/wordpress\/wp-content\/uploads\/2018\/08\/20180801_201321-1-768x432.jpg 768w, https:\/\/blog.ociomodell.com\/wordpress\/wp-content\/uploads\/2018\/08\/20180801_201321-1-1024x576.jpg 1024w, https:\/\/blog.ociomodell.com\/wordpress\/wp-content\/uploads\/2018\/08\/20180801_201321-1-250x141.jpg 250w\" sizes=\"auto, (max-width: 1600px) 100vw, 1600px\" \/><figcaption>\u00abLas Uvas de ira\u00bb, Diorama realizado por Joaqu\u00edn Gracia.<\/figcaption><\/figure><\/li><li class=\"blocks-gallery-item\"><figure><img loading=\"lazy\" decoding=\"async\" width=\"1600\" height=\"1023\" data-attachment-id=\"3986\" data-permalink=\"https:\/\/blog.ociomodell.com\/wordpress\/mis-casitas-de-munecas\/fotos-de-modelos\/vehiculos\/las-uvas-de-lra\/20180801_201658-1\/\" data-orig-file=\"https:\/\/blog.ociomodell.com\/wordpress\/wp-content\/uploads\/2018\/08\/20180801_201658-1.jpg\" data-orig-size=\"1600,1023\" data-comments-opened=\"1\" data-image-meta=\"{&quot;aperture&quot;:&quot;0&quot;,&quot;credit&quot;:&quot;&quot;,&quot;camera&quot;:&quot;&quot;,&quot;caption&quot;:&quot;&quot;,&quot;created_timestamp&quot;:&quot;0&quot;,&quot;copyright&quot;:&quot;&quot;,&quot;focal_length&quot;:&quot;0&quot;,&quot;iso&quot;:&quot;0&quot;,&quot;shutter_speed&quot;:&quot;0&quot;,&quot;title&quot;:&quot;&quot;,&quot;orientation&quot;:&quot;0&quot;}\" data-image-title=\"20180801_201658-1\" data-image-description=\"\" data-image-caption=\"&lt;p&gt;\u00abLas Uvas de lra\u00bb, Diorama realizado por Joaqu\u00edn Gracia.&lt;\/p&gt;\n\" data-large-file=\"https:\/\/blog.ociomodell.com\/wordpress\/wp-content\/uploads\/2018\/08\/20180801_201658-1-1024x655.jpg\" src=\"https:\/\/blog.ociomodell.com\/wordpress\/wp-content\/uploads\/2018\/08\/20180801_201658-1.jpg\" alt=\"\" data-id=\"3986\" data-link=\"https:\/\/blog.ociomodell.com\/wordpress\/?attachment_id=3986\" class=\"wp-image-3986\" title=\"\" srcset=\"https:\/\/blog.ociomodell.com\/wordpress\/wp-content\/uploads\/2018\/08\/20180801_201658-1.jpg 1600w, https:\/\/blog.ociomodell.com\/wordpress\/wp-content\/uploads\/2018\/08\/20180801_201658-1-300x192.jpg 300w, https:\/\/blog.ociomodell.com\/wordpress\/wp-content\/uploads\/2018\/08\/20180801_201658-1-768x491.jpg 768w, https:\/\/blog.ociomodell.com\/wordpress\/wp-content\/uploads\/2018\/08\/20180801_201658-1-1024x655.jpg 1024w, https:\/\/blog.ociomodell.com\/wordpress\/wp-content\/uploads\/2018\/08\/20180801_201658-1-250x160.jpg 250w\" sizes=\"auto, (max-width: 1600px) 100vw, 1600px\" \/><figcaption>\u00abLas Uvas de ira\u00bb, Diorama realizado por Joaqu\u00edn Gracia.<\/figcaption><\/figure><\/li><li class=\"blocks-gallery-item\"><figure><img loading=\"lazy\" decoding=\"async\" width=\"1600\" height=\"900\" data-attachment-id=\"3984\" data-permalink=\"https:\/\/blog.ociomodell.com\/wordpress\/mis-casitas-de-munecas\/fotos-de-modelos\/vehiculos\/las-uvas-de-lra\/20180801_201111-1\/\" data-orig-file=\"https:\/\/blog.ociomodell.com\/wordpress\/wp-content\/uploads\/2018\/08\/20180801_201111-1.jpg\" data-orig-size=\"1600,900\" data-comments-opened=\"1\" data-image-meta=\"{&quot;aperture&quot;:&quot;0&quot;,&quot;credit&quot;:&quot;&quot;,&quot;camera&quot;:&quot;&quot;,&quot;caption&quot;:&quot;&quot;,&quot;created_timestamp&quot;:&quot;0&quot;,&quot;copyright&quot;:&quot;&quot;,&quot;focal_length&quot;:&quot;0&quot;,&quot;iso&quot;:&quot;0&quot;,&quot;shutter_speed&quot;:&quot;0&quot;,&quot;title&quot;:&quot;&quot;,&quot;orientation&quot;:&quot;0&quot;}\" data-image-title=\"20180801_201111-1\" data-image-description=\"\" data-image-caption=\"&lt;p&gt;\u00abLas Uvas de lra\u00bb, Diorama realizado por Joaqu\u00edn Gracia.&lt;\/p&gt;\n\" data-large-file=\"https:\/\/blog.ociomodell.com\/wordpress\/wp-content\/uploads\/2018\/08\/20180801_201111-1-1024x576.jpg\" src=\"https:\/\/blog.ociomodell.com\/wordpress\/wp-content\/uploads\/2018\/08\/20180801_201111-1.jpg\" alt=\"\" data-id=\"3984\" data-link=\"https:\/\/blog.ociomodell.com\/wordpress\/?attachment_id=3984\" class=\"wp-image-3984\" title=\"\" srcset=\"https:\/\/blog.ociomodell.com\/wordpress\/wp-content\/uploads\/2018\/08\/20180801_201111-1.jpg 1600w, https:\/\/blog.ociomodell.com\/wordpress\/wp-content\/uploads\/2018\/08\/20180801_201111-1-300x169.jpg 300w, https:\/\/blog.ociomodell.com\/wordpress\/wp-content\/uploads\/2018\/08\/20180801_201111-1-768x432.jpg 768w, https:\/\/blog.ociomodell.com\/wordpress\/wp-content\/uploads\/2018\/08\/20180801_201111-1-1024x576.jpg 1024w, https:\/\/blog.ociomodell.com\/wordpress\/wp-content\/uploads\/2018\/08\/20180801_201111-1-250x141.jpg 250w\" sizes=\"auto, (max-width: 1600px) 100vw, 1600px\" \/><figcaption>\u00abLas Uvas de ira\u00bb, Diorama realizado por Joaqu\u00edn Gracia.<\/figcaption><\/figure><\/li><li class=\"blocks-gallery-item\"><figure><img loading=\"lazy\" decoding=\"async\" width=\"1600\" height=\"900\" data-attachment-id=\"3982\" data-permalink=\"https:\/\/blog.ociomodell.com\/wordpress\/mis-casitas-de-munecas\/fotos-de-modelos\/vehiculos\/las-uvas-de-lra\/20180801_201047-1\/\" data-orig-file=\"https:\/\/blog.ociomodell.com\/wordpress\/wp-content\/uploads\/2018\/08\/20180801_201047-1.jpg\" data-orig-size=\"1600,900\" data-comments-opened=\"1\" data-image-meta=\"{&quot;aperture&quot;:&quot;0&quot;,&quot;credit&quot;:&quot;&quot;,&quot;camera&quot;:&quot;&quot;,&quot;caption&quot;:&quot;&quot;,&quot;created_timestamp&quot;:&quot;0&quot;,&quot;copyright&quot;:&quot;&quot;,&quot;focal_length&quot;:&quot;0&quot;,&quot;iso&quot;:&quot;0&quot;,&quot;shutter_speed&quot;:&quot;0&quot;,&quot;title&quot;:&quot;&quot;,&quot;orientation&quot;:&quot;0&quot;}\" data-image-title=\"20180801_201047-1\" data-image-description=\"\" data-image-caption=\"&lt;p&gt;\u00abLas Uvas de lra\u00bb, Diorama realizado por Joaqu\u00edn Gracia.&lt;\/p&gt;\n\" data-large-file=\"https:\/\/blog.ociomodell.com\/wordpress\/wp-content\/uploads\/2018\/08\/20180801_201047-1-1024x576.jpg\" src=\"https:\/\/blog.ociomodell.com\/wordpress\/wp-content\/uploads\/2018\/08\/20180801_201047-1.jpg\" alt=\"\" data-id=\"3982\" data-link=\"https:\/\/blog.ociomodell.com\/wordpress\/?attachment_id=3982\" class=\"wp-image-3982\" title=\"\" srcset=\"https:\/\/blog.ociomodell.com\/wordpress\/wp-content\/uploads\/2018\/08\/20180801_201047-1.jpg 1600w, https:\/\/blog.ociomodell.com\/wordpress\/wp-content\/uploads\/2018\/08\/20180801_201047-1-300x169.jpg 300w, https:\/\/blog.ociomodell.com\/wordpress\/wp-content\/uploads\/2018\/08\/20180801_201047-1-768x432.jpg 768w, https:\/\/blog.ociomodell.com\/wordpress\/wp-content\/uploads\/2018\/08\/20180801_201047-1-1024x576.jpg 1024w, https:\/\/blog.ociomodell.com\/wordpress\/wp-content\/uploads\/2018\/08\/20180801_201047-1-250x141.jpg 250w\" sizes=\"auto, (max-width: 1600px) 100vw, 1600px\" \/><figcaption>\u00abLas Uvas de ira\u00bb, Diorama realizado por Joaqu\u00edn Gracia.<\/figcaption><\/figure><\/li><li class=\"blocks-gallery-item\"><figure><img loading=\"lazy\" decoding=\"async\" width=\"1600\" height=\"900\" data-attachment-id=\"3985\" data-permalink=\"https:\/\/blog.ociomodell.com\/wordpress\/mis-casitas-de-munecas\/fotos-de-modelos\/vehiculos\/las-uvas-de-lra\/20180801_201352-1\/\" data-orig-file=\"https:\/\/blog.ociomodell.com\/wordpress\/wp-content\/uploads\/2018\/08\/20180801_201352-1.jpg\" data-orig-size=\"1600,900\" data-comments-opened=\"1\" data-image-meta=\"{&quot;aperture&quot;:&quot;0&quot;,&quot;credit&quot;:&quot;&quot;,&quot;camera&quot;:&quot;&quot;,&quot;caption&quot;:&quot;&quot;,&quot;created_timestamp&quot;:&quot;0&quot;,&quot;copyright&quot;:&quot;&quot;,&quot;focal_length&quot;:&quot;0&quot;,&quot;iso&quot;:&quot;0&quot;,&quot;shutter_speed&quot;:&quot;0&quot;,&quot;title&quot;:&quot;&quot;,&quot;orientation&quot;:&quot;0&quot;}\" data-image-title=\"20180801_201352-1\" data-image-description=\"\" data-image-caption=\"&lt;p&gt;\u00abLas Uvas de lra\u00bb, Diorama realizado por Joaqu\u00edn Gracia.&lt;\/p&gt;\n\" data-large-file=\"https:\/\/blog.ociomodell.com\/wordpress\/wp-content\/uploads\/2018\/08\/20180801_201352-1-1024x576.jpg\" src=\"https:\/\/blog.ociomodell.com\/wordpress\/wp-content\/uploads\/2018\/08\/20180801_201352-1.jpg\" alt=\"\" data-id=\"3985\" data-link=\"https:\/\/blog.ociomodell.com\/wordpress\/?attachment_id=3985\" class=\"wp-image-3985\" title=\"\" srcset=\"https:\/\/blog.ociomodell.com\/wordpress\/wp-content\/uploads\/2018\/08\/20180801_201352-1.jpg 1600w, https:\/\/blog.ociomodell.com\/wordpress\/wp-content\/uploads\/2018\/08\/20180801_201352-1-300x169.jpg 300w, https:\/\/blog.ociomodell.com\/wordpress\/wp-content\/uploads\/2018\/08\/20180801_201352-1-768x432.jpg 768w, https:\/\/blog.ociomodell.com\/wordpress\/wp-content\/uploads\/2018\/08\/20180801_201352-1-1024x576.jpg 1024w, https:\/\/blog.ociomodell.com\/wordpress\/wp-content\/uploads\/2018\/08\/20180801_201352-1-250x141.jpg 250w\" sizes=\"auto, (max-width: 1600px) 100vw, 1600px\" \/><figcaption>\u00abLas Uvas de ira\u00bb, Diorama realizado por Joaqu\u00edn Gracia.<\/figcaption><\/figure><\/li><li class=\"blocks-gallery-item\"><figure><img loading=\"lazy\" decoding=\"async\" width=\"1600\" height=\"900\" data-attachment-id=\"3987\" data-permalink=\"https:\/\/blog.ociomodell.com\/wordpress\/mis-casitas-de-munecas\/fotos-de-modelos\/vehiculos\/las-uvas-de-lra\/20180801_201153-1\/\" data-orig-file=\"https:\/\/blog.ociomodell.com\/wordpress\/wp-content\/uploads\/2018\/08\/20180801_201153-1.jpg\" data-orig-size=\"1600,900\" data-comments-opened=\"1\" data-image-meta=\"{&quot;aperture&quot;:&quot;0&quot;,&quot;credit&quot;:&quot;&quot;,&quot;camera&quot;:&quot;&quot;,&quot;caption&quot;:&quot;&quot;,&quot;created_timestamp&quot;:&quot;0&quot;,&quot;copyright&quot;:&quot;&quot;,&quot;focal_length&quot;:&quot;0&quot;,&quot;iso&quot;:&quot;0&quot;,&quot;shutter_speed&quot;:&quot;0&quot;,&quot;title&quot;:&quot;&quot;,&quot;orientation&quot;:&quot;0&quot;}\" data-image-title=\"20180801_201153-1\" data-image-description=\"\" data-image-caption=\"&lt;p&gt;\u00abLas Uvas de lra\u00bb, Diorama realizado por Joaqu\u00edn Gracia.&lt;\/p&gt;\n\" data-large-file=\"https:\/\/blog.ociomodell.com\/wordpress\/wp-content\/uploads\/2018\/08\/20180801_201153-1-1024x576.jpg\" src=\"https:\/\/blog.ociomodell.com\/wordpress\/wp-content\/uploads\/2018\/08\/20180801_201153-1.jpg\" alt=\"\" data-id=\"3987\" data-link=\"https:\/\/blog.ociomodell.com\/wordpress\/?attachment_id=3987\" class=\"wp-image-3987\" title=\"\" srcset=\"https:\/\/blog.ociomodell.com\/wordpress\/wp-content\/uploads\/2018\/08\/20180801_201153-1.jpg 1600w, https:\/\/blog.ociomodell.com\/wordpress\/wp-content\/uploads\/2018\/08\/20180801_201153-1-300x169.jpg 300w, https:\/\/blog.ociomodell.com\/wordpress\/wp-content\/uploads\/2018\/08\/20180801_201153-1-768x432.jpg 768w, https:\/\/blog.ociomodell.com\/wordpress\/wp-content\/uploads\/2018\/08\/20180801_201153-1-1024x576.jpg 1024w, https:\/\/blog.ociomodell.com\/wordpress\/wp-content\/uploads\/2018\/08\/20180801_201153-1-250x141.jpg 250w\" sizes=\"auto, (max-width: 1600px) 100vw, 1600px\" \/><figcaption>\u00abLas Uvas de ira\u00bb, Diorama realizado por Joaqu\u00edn Gracia.<\/figcaption><\/figure><\/li><\/ul>\n","protected":false},"excerpt":{"rendered":"<p>\u00abLas Uvas de ira\u00bb, Diorama realizado por Joaqu\u00edn Gracia. El diorama est\u00e1 inspirado en la novela \u00abLas Uvas de ira\u00bb que\u00a0narra la \u00e9poca de la gran de presi\u00f3n americana producida [&hellip;]<\/p>\n","protected":false},"author":2,"featured_media":0,"parent":3314,"menu_order":0,"comment_status":"closed","ping_status":"closed","template":"","meta":{"jetpack_post_was_ever_published":false,"footnotes":"","_links_to":"","_links_to_target":""},"class_list":["post-3975","page","type-page","status-publish","hentry"],"jetpack_sharing_enabled":true,"jetpack_likes_enabled":true,"jetpack-related-posts":[{"id":3314,"url":"https:\/\/blog.ociomodell.com\/wordpress\/mis-casitas-de-munecas\/fotos-de-modelos\/vehiculos\/","url_meta":{"origin":3975,"position":0},"title":"Veh\u00edculos","author":"Paco Gomez","date":"7 junio, 2018","format":false,"excerpt":"\"LAS UVAS DE LA IRA\" CAMI\u00d3N II GUERRA MUNDIAL DESLIZADOR TERRESTRE X34, STAR WARS HUMMER H1 1:24 MERCEDES BENZ 300 SL FORD GT, TAMIYA 1:24","rel":"","context":"En \u00abautom\u00e1tico\u00bb","block_context":{"text":"autom\u00e1tico","link":"https:\/\/blog.ociomodell.com\/wordpress\/tag\/automatico\/"},"img":{"alt_text":"","src":"","width":0,"height":0},"classes":[]},{"id":4306,"url":"https:\/\/blog.ociomodell.com\/wordpress\/mis-casitas-de-munecas\/fotos-de-modelos\/barcos\/titanic\/","url_meta":{"origin":3975,"position":1},"title":"Titanic","author":"Paco Gomez","date":"29 octubre, 2018","format":false,"excerpt":"Fotograf\u00edas del modelo\u00a0hasegawa 1\/350, realizado por Ricardo Yubero \u00a0","rel":"","context":"En \u00abautom\u00e1tico\u00bb","block_context":{"text":"autom\u00e1tico","link":"https:\/\/blog.ociomodell.com\/wordpress\/tag\/automatico\/"},"img":{"alt_text":"\u00a0Titanic - Modelo realizado por Ricardo Yubero","src":"https:\/\/i0.wp.com\/blog.ociomodell.com\/wordpress\/wp-content\/uploads\/2018\/10\/IMG-20181014-WA0002-1-1024x768.jpg?resize=350%2C200&ssl=1","width":350,"height":200,"srcset":"https:\/\/i0.wp.com\/blog.ociomodell.com\/wordpress\/wp-content\/uploads\/2018\/10\/IMG-20181014-WA0002-1-1024x768.jpg?resize=350%2C200&ssl=1 1x, https:\/\/i0.wp.com\/blog.ociomodell.com\/wordpress\/wp-content\/uploads\/2018\/10\/IMG-20181014-WA0002-1-1024x768.jpg?resize=525%2C300&ssl=1 1.5x, https:\/\/i0.wp.com\/blog.ociomodell.com\/wordpress\/wp-content\/uploads\/2018\/10\/IMG-20181014-WA0002-1-1024x768.jpg?resize=700%2C400&ssl=1 2x"},"classes":[]},{"id":3824,"url":"https:\/\/blog.ociomodell.com\/wordpress\/mis-casitas-de-munecas\/fotos-de-modelos\/aviones\/aviones-vehiculos-snowspeeder-star-wars\/","url_meta":{"origin":3975,"position":2},"title":"Snowspeeder Star Wars","author":"Paco Gomez","date":"18 julio, 2018","format":false,"excerpt":"Snowspeeder de Star Wars realizado durante el 1\u00ba Taller de modelismo en Ociomodell por Andres. \u00a0 \u00a0 \u00a0 \u00a0","rel":"","context":"En \u00abautom\u00e1tico\u00bb","block_context":{"text":"autom\u00e1tico","link":"https:\/\/blog.ociomodell.com\/wordpress\/tag\/automatico\/"},"img":{"alt_text":"Snowspeeder realizado durante el 1\u00ba Taller de modelismo en Ociomodell por Andres.","src":"https:\/\/i0.wp.com\/blog.ociomodell.com\/wordpress\/wp-content\/uploads\/2018\/07\/IMG_20180714_120259_web-300x205.jpg?resize=350%2C200&ssl=1","width":350,"height":200,"srcset":"https:\/\/i0.wp.com\/blog.ociomodell.com\/wordpress\/wp-content\/uploads\/2018\/07\/IMG_20180714_120259_web-300x205.jpg?resize=350%2C200&ssl=1 1x, https:\/\/i0.wp.com\/blog.ociomodell.com\/wordpress\/wp-content\/uploads\/2018\/07\/IMG_20180714_120259_web-300x205.jpg?resize=525%2C300&ssl=1 1.5x, https:\/\/i0.wp.com\/blog.ociomodell.com\/wordpress\/wp-content\/uploads\/2018\/07\/IMG_20180714_120259_web-300x205.jpg?resize=700%2C400&ssl=1 2x"},"classes":[]},{"id":28,"url":"https:\/\/blog.ociomodell.com\/wordpress\/politica-de-privacidad\/politica-de-cookies_2\/","url_meta":{"origin":3975,"position":3},"title":"Pol\u00edtica de cookies","author":"ociomodell","date":"22 marzo, 2016","format":false,"excerpt":"La presente pol\u00edtica de cookies tiene por finalidad informarle de manera clara y precisa sobre las cookies que se utilizan en la p\u00e1gina web de Blog.ociomodell.com. \u00bfQu\u00e9 son las cookies? Una cookie es un peque\u00f1o fragmento de texto que los sitios web que visita env\u00edan al navegador y que permite\u2026","rel":"","context":"En \u00abcookies\u00bb","block_context":{"text":"cookies","link":"https:\/\/blog.ociomodell.com\/wordpress\/tag\/cookies\/"},"img":{"alt_text":"","src":"","width":0,"height":0},"classes":[]},{"id":4225,"url":"https:\/\/blog.ociomodell.com\/wordpress\/mis-casitas-de-munecas\/fotos-de-modelos\/barcos\/acorazado-tirpiz-ricardo-yubero\/","url_meta":{"origin":3975,"position":4},"title":"Acorazado\u00a0Tirpiz","author":"Paco Gomez","date":"3 octubre, 2018","format":false,"excerpt":"Fotos del\u00a0\u00a0acorazado \"tirpiz\" a escala 1\/350. De la marina alemana de la WWII (Realizado por Ricardo Yubero) \u00a0","rel":"","context":"En \u00abautom\u00e1tico\u00bb","block_context":{"text":"autom\u00e1tico","link":"https:\/\/blog.ociomodell.com\/wordpress\/tag\/automatico\/"},"img":{"alt_text":"Fotograf\u00edas - Acorazado\u00a0Tirpiz","src":"https:\/\/i0.wp.com\/blog.ociomodell.com\/wordpress\/wp-content\/uploads\/2018\/10\/IMG-20180925-WA0006.jpg?resize=350%2C200&ssl=1","width":350,"height":200,"srcset":"https:\/\/i0.wp.com\/blog.ociomodell.com\/wordpress\/wp-content\/uploads\/2018\/10\/IMG-20180925-WA0006.jpg?resize=350%2C200&ssl=1 1x, https:\/\/i0.wp.com\/blog.ociomodell.com\/wordpress\/wp-content\/uploads\/2018\/10\/IMG-20180925-WA0006.jpg?resize=525%2C300&ssl=1 1.5x, https:\/\/i0.wp.com\/blog.ociomodell.com\/wordpress\/wp-content\/uploads\/2018\/10\/IMG-20180925-WA0006.jpg?resize=700%2C400&ssl=1 2x, https:\/\/i0.wp.com\/blog.ociomodell.com\/wordpress\/wp-content\/uploads\/2018\/10\/IMG-20180925-WA0006.jpg?resize=1050%2C600&ssl=1 3x, https:\/\/i0.wp.com\/blog.ociomodell.com\/wordpress\/wp-content\/uploads\/2018\/10\/IMG-20180925-WA0006.jpg?resize=1400%2C800&ssl=1 4x"},"classes":[]},{"id":8659,"url":"https:\/\/blog.ociomodell.com\/wordpress\/clients\/calcas-trenmilitaria-instrucciones-de-colocacion\/","url_meta":{"origin":3975,"position":5},"title":"CALCAS TRENMILITARIA &#8211; Instrucciones de colocaci\u00f3n","author":"Paco Gomez","date":"2 octubre, 2023","format":false,"excerpt":"INSTRUCCIONES DE TRENMILITARIA 1- El modelo deber\u00e1 ofrecer una superficie lo m\u00e1s lisa posible. Para ello recomendamos aplicar una mano de barniz brillante acr\u00edlico sobre todo el modelo (spray o aer\u00f3grafo) o al menos en las zonas donde van ubicadas las calcas (mediante pincel plano). IMPORTANTE: Dejar secar al menos\u2026","rel":"","context":"Entrada similar","block_context":{"text":"Entrada similar","link":""},"img":{"alt_text":"CALCAS TRENMILITARIA - secci\u00f3n con multitud de calcas de la marca para todo tipo de modelos, helic\u00f3pteros, cazas, aviones, blindados, carros de combate, etc","src":"https:\/\/i0.wp.com\/blog.ociomodell.com\/wordpress\/wp-content\/uploads\/2023\/10\/calcas-trenmilitaria.png?resize=350%2C200&ssl=1","width":350,"height":200,"srcset":"https:\/\/i0.wp.com\/blog.ociomodell.com\/wordpress\/wp-content\/uploads\/2023\/10\/calcas-trenmilitaria.png?resize=350%2C200&ssl=1 1x, https:\/\/i0.wp.com\/blog.ociomodell.com\/wordpress\/wp-content\/uploads\/2023\/10\/calcas-trenmilitaria.png?resize=525%2C300&ssl=1 1.5x, https:\/\/i0.wp.com\/blog.ociomodell.com\/wordpress\/wp-content\/uploads\/2023\/10\/calcas-trenmilitaria.png?resize=700%2C400&ssl=1 2x"},"classes":[]}],"jetpack_shortlink":"https:\/\/wp.me\/P7mZwQ-127","_links":{"self":[{"href":"https:\/\/blog.ociomodell.com\/wordpress\/wp-json\/wp\/v2\/pages\/3975","targetHints":{"allow":["GET"]}}],"collection":[{"href":"https:\/\/blog.ociomodell.com\/wordpress\/wp-json\/wp\/v2\/pages"}],"about":[{"href":"https:\/\/blog.ociomodell.com\/wordpress\/wp-json\/wp\/v2\/types\/page"}],"author":[{"embeddable":true,"href":"https:\/\/blog.ociomodell.com\/wordpress\/wp-json\/wp\/v2\/users\/2"}],"replies":[{"embeddable":true,"href":"https:\/\/blog.ociomodell.com\/wordpress\/wp-json\/wp\/v2\/comments?post=3975"}],"version-history":[{"count":0,"href":"https:\/\/blog.ociomodell.com\/wordpress\/wp-json\/wp\/v2\/pages\/3975\/revisions"}],"up":[{"embeddable":true,"href":"https:\/\/blog.ociomodell.com\/wordpress\/wp-json\/wp\/v2\/pages\/3314"}],"wp:attachment":[{"href":"https:\/\/blog.ociomodell.com\/wordpress\/wp-json\/wp\/v2\/media?parent=3975"}],"curies":[{"name":"wp","href":"https:\/\/api.w.org\/{rel}","templated":true}]}}