{"id":4576,"date":"2019-01-23T00:34:29","date_gmt":"2019-01-22T22:34:29","guid":{"rendered":"https:\/\/blog.ociomodell.com\/wordpress\/?page_id=4576"},"modified":"2019-01-23T01:24:14","modified_gmt":"2019-01-22T23:24:14","slug":"fotografias-13-fsv-airfix-1-76","status":"publish","type":"page","link":"https:\/\/blog.ociomodell.com\/wordpress\/mis-casitas-de-munecas\/fotos-de-modelos\/vehiculos\/fotografias-13-fsv-airfix-1-76\/","title":{"rendered":"13 FSV , Airfix 1\/76"},"content":{"rendered":"<div dir=\"auto\">13 FSV (fire support vehicle), Airfix 1\/76. Calcas de la 2 div. caballer\u00eda del ej\u00e9rcito australiano<\/div>\n<div dir=\"auto\"><\/div>\n<div dir=\"auto\">El escenario corresponder\u00eda a un terreno de instrucci\u00f3n en Australia, posterior a la guerra de Vietnam (a\u00f1o 73-74).<\/div>\n<div dir=\"auto\"><\/div>\n<div dir=\"auto\">Est\u00e1 montada de caja, con alg\u00fan detallado sencillo. La figura es de matchbox y la ametralladora de la torre es de Esci.<\/div>\n<div dir=\"auto\"><\/div>\n<div dir=\"auto\">Hecho por David Perez.<\/div>\n<div dir=\"auto\"><\/div>\n<div dir=\"auto\"><\/div>\n<div dir=\"auto\">\n<figure id=\"attachment_4578\" aria-describedby=\"caption-attachment-4578\" style=\"width: 768px\" class=\"wp-caption aligncenter\"><img loading=\"lazy\" decoding=\"async\" data-attachment-id=\"4578\" data-permalink=\"https:\/\/blog.ociomodell.com\/wordpress\/mis-casitas-de-munecas\/fotos-de-modelos\/vehiculos\/fotografias-13-fsv-airfix-1-76\/fsv-1\/\" data-orig-file=\"https:\/\/blog.ociomodell.com\/wordpress\/wp-content\/uploads\/2019\/01\/Fsv-1.jpg\" data-orig-size=\"768,1024\" data-comments-opened=\"1\" data-image-meta=\"{&quot;aperture&quot;:&quot;0&quot;,&quot;credit&quot;:&quot;&quot;,&quot;camera&quot;:&quot;&quot;,&quot;caption&quot;:&quot;&quot;,&quot;created_timestamp&quot;:&quot;0&quot;,&quot;copyright&quot;:&quot;info@ociomodell.com&quot;,&quot;focal_length&quot;:&quot;0&quot;,&quot;iso&quot;:&quot;0&quot;,&quot;shutter_speed&quot;:&quot;0&quot;,&quot;title&quot;:&quot;&quot;,&quot;orientation&quot;:&quot;1&quot;}\" data-image-title=\"13 FSV (fire support vehicle), Airfix 1\/76. Calcas de la 2 div. caballer\u00eda del ej\u00e9rcito australiano\" data-image-description=\"&lt;p&gt;13 FSV (fire support vehicle), Airfix 1\/76. Calcas de la 2 div. caballer\u00eda del ej\u00e9rcito australiano&lt;\/p&gt;\n\" data-image-caption=\"&lt;p&gt;13 FSV (fire support vehicle), Airfix 1\/76. Calcas de la 2 div. caballer\u00eda del ej\u00e9rcito australiano&lt;\/p&gt;\n\" data-large-file=\"https:\/\/blog.ociomodell.com\/wordpress\/wp-content\/uploads\/2019\/01\/Fsv-1-768x1024.jpg\" class=\"wp-image-4578 size-large\" src=\"https:\/\/blog.ociomodell.com\/wordpress\/wp-content\/uploads\/2019\/01\/Fsv-1-768x1024.jpg\" alt=\"13 FSV (fire support vehicle), Airfix 1\/76. Calcas de la 2 div. caballer\u00eda del ej\u00e9rcito australiano\" width=\"768\" height=\"1024\" title=\"\" srcset=\"https:\/\/blog.ociomodell.com\/wordpress\/wp-content\/uploads\/2019\/01\/Fsv-1.jpg 768w, https:\/\/blog.ociomodell.com\/wordpress\/wp-content\/uploads\/2019\/01\/Fsv-1-225x300.jpg 225w, https:\/\/blog.ociomodell.com\/wordpress\/wp-content\/uploads\/2019\/01\/Fsv-1-250x333.jpg 250w\" sizes=\"auto, (max-width: 768px) 100vw, 768px\" \/><figcaption id=\"caption-attachment-4578\" class=\"wp-caption-text\">13 FSV (fire support vehicle), Airfix 1\/76. Calcas de la 2 div. caballer\u00eda del ej\u00e9rcito australiano<\/figcaption><\/figure>\n<figure id=\"attachment_4579\" aria-describedby=\"caption-attachment-4579\" style=\"width: 1024px\" class=\"wp-caption aligncenter\"><img loading=\"lazy\" decoding=\"async\" data-attachment-id=\"4579\" data-permalink=\"https:\/\/blog.ociomodell.com\/wordpress\/mis-casitas-de-munecas\/fotos-de-modelos\/vehiculos\/fotografias-13-fsv-airfix-1-76\/fsv_2\/\" data-orig-file=\"https:\/\/blog.ociomodell.com\/wordpress\/wp-content\/uploads\/2019\/01\/fsv_2.jpg\" data-orig-size=\"1024,768\" data-comments-opened=\"1\" data-image-meta=\"{&quot;aperture&quot;:&quot;0&quot;,&quot;credit&quot;:&quot;&quot;,&quot;camera&quot;:&quot;&quot;,&quot;caption&quot;:&quot;&quot;,&quot;created_timestamp&quot;:&quot;0&quot;,&quot;copyright&quot;:&quot;info@ociomodell.com&quot;,&quot;focal_length&quot;:&quot;0&quot;,&quot;iso&quot;:&quot;0&quot;,&quot;shutter_speed&quot;:&quot;0&quot;,&quot;title&quot;:&quot;&quot;,&quot;orientation&quot;:&quot;1&quot;}\" data-image-title=\"13 FSV (fire support vehicle), Airfix 1\/76. Calcas de la 2 div. caballer\u00eda del ej\u00e9rcito australiano\" data-image-description=\"&lt;p&gt;13 FSV (fire support vehicle), Airfix 1\/76. Calcas de la 2 div. caballer\u00eda del ej\u00e9rcito australiano&lt;\/p&gt;\n\" data-image-caption=\"&lt;p&gt;13 FSV (fire support vehicle), Airfix 1\/76. Calcas de la 2 div. caballer\u00eda del ej\u00e9rcito australiano&lt;\/p&gt;\n\" data-large-file=\"https:\/\/blog.ociomodell.com\/wordpress\/wp-content\/uploads\/2019\/01\/fsv_2-1024x768.jpg\" class=\"wp-image-4579 size-large\" src=\"https:\/\/blog.ociomodell.com\/wordpress\/wp-content\/uploads\/2019\/01\/fsv_2-1024x768.jpg\" alt=\"13 FSV (fire support vehicle), Airfix 1\/76. Calcas de la 2 div. caballer\u00eda del ej\u00e9rcito australiano\" width=\"1024\" height=\"768\" title=\"\" srcset=\"https:\/\/blog.ociomodell.com\/wordpress\/wp-content\/uploads\/2019\/01\/fsv_2.jpg 1024w, https:\/\/blog.ociomodell.com\/wordpress\/wp-content\/uploads\/2019\/01\/fsv_2-300x225.jpg 300w, https:\/\/blog.ociomodell.com\/wordpress\/wp-content\/uploads\/2019\/01\/fsv_2-768x576.jpg 768w, https:\/\/blog.ociomodell.com\/wordpress\/wp-content\/uploads\/2019\/01\/fsv_2-250x188.jpg 250w\" sizes=\"auto, (max-width: 1024px) 100vw, 1024px\" \/><figcaption id=\"caption-attachment-4579\" class=\"wp-caption-text\">13 FSV (fire support vehicle), Airfix 1\/76. Calcas de la 2 div. caballer\u00eda del ej\u00e9rcito australiano<\/figcaption><\/figure>\n<\/div>\n","protected":false},"excerpt":{"rendered":"<p>13 FSV (fire support vehicle), Airfix 1\/76. Calcas de la 2 div. caballer\u00eda del ej\u00e9rcito australiano El escenario corresponder\u00eda a un terreno de instrucci\u00f3n en Australia, posterior a la guerra [&hellip;]<\/p>\n","protected":false},"author":2,"featured_media":0,"parent":3314,"menu_order":0,"comment_status":"closed","ping_status":"closed","template":"","meta":{"jetpack_post_was_ever_published":false,"footnotes":"","_links_to":"","_links_to_target":""},"class_list":["post-4576","page","type-page","status-publish","hentry"],"jetpack_sharing_enabled":true,"jetpack_likes_enabled":true,"jetpack-related-posts":[{"id":4377,"url":"https:\/\/blog.ociomodell.com\/wordpress\/mis-casitas-de-munecas\/fotos-de-modelos\/aviones\/hercules-c-130-de-david-perez\/","url_meta":{"origin":4576,"position":0},"title":"Hercules C-130","author":"Paco Gomez","date":"20 noviembre, 2018","format":false,"excerpt":"H\u00e9rcules C-130, espa\u00f1ol de camuflaje, escala 1\/72 de airfix, con calcas de tren militar\u00eda. Hecho por David Perez. \u00a0 \u00a0 \u00a0","rel":"","context":"En \u00abautom\u00e1tico\u00bb","block_context":{"text":"autom\u00e1tico","link":"https:\/\/blog.ociomodell.com\/wordpress\/tag\/automatico\/"},"img":{"alt_text":"H\u00e9rcules C-130, espa\u00f1ol de camuflaje, escala 1\/72 de airfix, con calcas de tren militar\u00eda. Hecho por David Perez.","src":"https:\/\/i0.wp.com\/blog.ociomodell.com\/wordpress\/wp-content\/uploads\/2018\/11\/IMG_20180916_143457-1024x768.jpg?resize=350%2C200&ssl=1","width":350,"height":200,"srcset":"https:\/\/i0.wp.com\/blog.ociomodell.com\/wordpress\/wp-content\/uploads\/2018\/11\/IMG_20180916_143457-1024x768.jpg?resize=350%2C200&ssl=1 1x, https:\/\/i0.wp.com\/blog.ociomodell.com\/wordpress\/wp-content\/uploads\/2018\/11\/IMG_20180916_143457-1024x768.jpg?resize=525%2C300&ssl=1 1.5x, https:\/\/i0.wp.com\/blog.ociomodell.com\/wordpress\/wp-content\/uploads\/2018\/11\/IMG_20180916_143457-1024x768.jpg?resize=700%2C400&ssl=1 2x"},"classes":[]}],"jetpack_shortlink":"https:\/\/wp.me\/P7mZwQ-1bO","_links":{"self":[{"href":"https:\/\/blog.ociomodell.com\/wordpress\/wp-json\/wp\/v2\/pages\/4576","targetHints":{"allow":["GET"]}}],"collection":[{"href":"https:\/\/blog.ociomodell.com\/wordpress\/wp-json\/wp\/v2\/pages"}],"about":[{"href":"https:\/\/blog.ociomodell.com\/wordpress\/wp-json\/wp\/v2\/types\/page"}],"author":[{"embeddable":true,"href":"https:\/\/blog.ociomodell.com\/wordpress\/wp-json\/wp\/v2\/users\/2"}],"replies":[{"embeddable":true,"href":"https:\/\/blog.ociomodell.com\/wordpress\/wp-json\/wp\/v2\/comments?post=4576"}],"version-history":[{"count":0,"href":"https:\/\/blog.ociomodell.com\/wordpress\/wp-json\/wp\/v2\/pages\/4576\/revisions"}],"up":[{"embeddable":true,"href":"https:\/\/blog.ociomodell.com\/wordpress\/wp-json\/wp\/v2\/pages\/3314"}],"wp:attachment":[{"href":"https:\/\/blog.ociomodell.com\/wordpress\/wp-json\/wp\/v2\/media?parent=4576"}],"curies":[{"name":"wp","href":"https:\/\/api.w.org\/{rel}","templated":true}]}}