{"id":4607,"date":"2019-01-24T00:39:43","date_gmt":"2019-01-23T22:39:43","guid":{"rendered":"https:\/\/blog.ociomodell.com\/wordpress\/?page_id=4607"},"modified":"2019-01-24T00:54:36","modified_gmt":"2019-01-23T22:54:36","slug":"f-a-18-hornet-ala-n-12","status":"publish","type":"page","link":"https:\/\/blog.ociomodell.com\/wordpress\/mis-casitas-de-munecas\/fotos-de-modelos\/aviones\/f-a-18-hornet-ala-n-12\/","title":{"rendered":"F\/A 18 HORNET ALA N 12"},"content":{"rendered":"<p>F\/A 18 HORNET ALA N 12 Torrej\u00f3n de Ardoz escala 1:72 marca Hobby Boss<\/p>\n<p>Realizado por\u00a0Ricardo Yubero.<\/p>\n<p>&nbsp;<\/p>\n\n\t\t<style type=\"text\/css\">\n\t\t\t#gallery-1 {\n\t\t\t\tmargin: auto;\n\t\t\t}\n\t\t\t#gallery-1 .gallery-item {\n\t\t\t\tfloat: left;\n\t\t\t\tmargin-top: 10px;\n\t\t\t\ttext-align: center;\n\t\t\t\twidth: 100%;\n\t\t\t}\n\t\t\t#gallery-1 img {\n\t\t\t\tborder: 2px solid #cfcfcf;\n\t\t\t}\n\t\t\t#gallery-1 .gallery-caption {\n\t\t\t\tmargin-left: 0;\n\t\t\t}\n\t\t\t\/* see gallery_shortcode() in wp-includes\/media.php *\/\n\t\t<\/style>\n\t\t<div data-carousel-extra='{&quot;blog_id&quot;:1,&quot;permalink&quot;:&quot;https:\/\/blog.ociomodell.com\/wordpress\/mis-casitas-de-munecas\/fotos-de-modelos\/aviones\/f-a-18-hornet-ala-n-12\/&quot;}' id='gallery-1' class='gallery galleryid-4607 gallery-columns-1 gallery-size-medium'><dl class='gallery-item'>\n\t\t\t<dt class='gallery-icon landscape'>\n\t\t\t\t<a href='https:\/\/blog.ociomodell.com\/wordpress\/mis-casitas-de-munecas\/fotos-de-modelos\/aviones\/f-a-18-hornet-ala-n-12\/img-20190120-wa0000\/'><img loading=\"lazy\" decoding=\"async\" width=\"300\" height=\"225\" src=\"https:\/\/blog.ociomodell.com\/wordpress\/wp-content\/uploads\/2019\/01\/IMG-20190120-WA0000-300x225.jpg\" class=\"attachment-medium size-medium\" alt=\"F\/A 18 HORNET ALA N 12\" aria-describedby=\"gallery-1-4608\" srcset=\"https:\/\/blog.ociomodell.com\/wordpress\/wp-content\/uploads\/2019\/01\/IMG-20190120-WA0000-300x225.jpg 300w, https:\/\/blog.ociomodell.com\/wordpress\/wp-content\/uploads\/2019\/01\/IMG-20190120-WA0000-768x576.jpg 768w, https:\/\/blog.ociomodell.com\/wordpress\/wp-content\/uploads\/2019\/01\/IMG-20190120-WA0000.jpg 1024w, https:\/\/blog.ociomodell.com\/wordpress\/wp-content\/uploads\/2019\/01\/IMG-20190120-WA0000-250x188.jpg 250w\" sizes=\"auto, (max-width: 300px) 100vw, 300px\" data-attachment-id=\"4608\" data-permalink=\"https:\/\/blog.ociomodell.com\/wordpress\/mis-casitas-de-munecas\/fotos-de-modelos\/aviones\/f-a-18-hornet-ala-n-12\/img-20190120-wa0000\/\" data-orig-file=\"https:\/\/blog.ociomodell.com\/wordpress\/wp-content\/uploads\/2019\/01\/IMG-20190120-WA0000.jpg\" data-orig-size=\"1024,768\" data-comments-opened=\"1\" data-image-meta=\"{&quot;aperture&quot;:&quot;0&quot;,&quot;credit&quot;:&quot;&quot;,&quot;camera&quot;:&quot;&quot;,&quot;caption&quot;:&quot;&quot;,&quot;created_timestamp&quot;:&quot;0&quot;,&quot;copyright&quot;:&quot;info@ociomodell.com&quot;,&quot;focal_length&quot;:&quot;0&quot;,&quot;iso&quot;:&quot;0&quot;,&quot;shutter_speed&quot;:&quot;0&quot;,&quot;title&quot;:&quot;&quot;,&quot;orientation&quot;:&quot;1&quot;}\" data-image-title=\"F\/A 18 HORNET ALA N 12\" data-image-description=\"&lt;p&gt;F\/A 18 HORNET ALA N 12 &lt;\/p&gt;\n\" data-image-caption=\"&lt;p&gt;F\/A 18 HORNET ALA N 12 &lt;\/p&gt;\n\" data-large-file=\"https:\/\/blog.ociomodell.com\/wordpress\/wp-content\/uploads\/2019\/01\/IMG-20190120-WA0000-1024x768.jpg\" title=\"\"><\/a>\n\t\t\t<\/dt>\n\t\t\t\t<dd class='wp-caption-text gallery-caption' id='gallery-1-4608'>\n\t\t\t\tF\/A 18 HORNET ALA N 12 \n\t\t\t\t<\/dd><\/dl><br style=\"clear: both\" \/><dl class='gallery-item'>\n\t\t\t<dt class='gallery-icon landscape'>\n\t\t\t\t<a href='https:\/\/blog.ociomodell.com\/wordpress\/mis-casitas-de-munecas\/fotos-de-modelos\/aviones\/f-a-18-hornet-ala-n-12\/img-20190120-wa0001\/'><img loading=\"lazy\" decoding=\"async\" width=\"300\" height=\"225\" src=\"https:\/\/blog.ociomodell.com\/wordpress\/wp-content\/uploads\/2019\/01\/IMG-20190120-WA0001-300x225.jpg\" class=\"attachment-medium size-medium\" alt=\"F\/A 18 HORNET ALA N 12\" aria-describedby=\"gallery-1-4609\" srcset=\"https:\/\/blog.ociomodell.com\/wordpress\/wp-content\/uploads\/2019\/01\/IMG-20190120-WA0001-300x225.jpg 300w, https:\/\/blog.ociomodell.com\/wordpress\/wp-content\/uploads\/2019\/01\/IMG-20190120-WA0001-768x576.jpg 768w, https:\/\/blog.ociomodell.com\/wordpress\/wp-content\/uploads\/2019\/01\/IMG-20190120-WA0001.jpg 1024w, https:\/\/blog.ociomodell.com\/wordpress\/wp-content\/uploads\/2019\/01\/IMG-20190120-WA0001-250x188.jpg 250w\" sizes=\"auto, (max-width: 300px) 100vw, 300px\" data-attachment-id=\"4609\" data-permalink=\"https:\/\/blog.ociomodell.com\/wordpress\/mis-casitas-de-munecas\/fotos-de-modelos\/aviones\/f-a-18-hornet-ala-n-12\/img-20190120-wa0001\/\" data-orig-file=\"https:\/\/blog.ociomodell.com\/wordpress\/wp-content\/uploads\/2019\/01\/IMG-20190120-WA0001.jpg\" data-orig-size=\"1024,768\" data-comments-opened=\"1\" data-image-meta=\"{&quot;aperture&quot;:&quot;0&quot;,&quot;credit&quot;:&quot;&quot;,&quot;camera&quot;:&quot;&quot;,&quot;caption&quot;:&quot;&quot;,&quot;created_timestamp&quot;:&quot;0&quot;,&quot;copyright&quot;:&quot;info@ociomodell.com&quot;,&quot;focal_length&quot;:&quot;0&quot;,&quot;iso&quot;:&quot;0&quot;,&quot;shutter_speed&quot;:&quot;0&quot;,&quot;title&quot;:&quot;&quot;,&quot;orientation&quot;:&quot;1&quot;}\" data-image-title=\"F\/A 18 HORNET ALA N 12\" data-image-description=\"&lt;p&gt;F\/A 18 HORNET ALA N 12 &lt;\/p&gt;\n\" data-image-caption=\"&lt;p&gt;F\/A 18 HORNET ALA N 12 &lt;\/p&gt;\n\" data-large-file=\"https:\/\/blog.ociomodell.com\/wordpress\/wp-content\/uploads\/2019\/01\/IMG-20190120-WA0001-1024x768.jpg\" title=\"\"><\/a>\n\t\t\t<\/dt>\n\t\t\t\t<dd class='wp-caption-text gallery-caption' id='gallery-1-4609'>\n\t\t\t\tF\/A 18 HORNET ALA N 12 \n\t\t\t\t<\/dd><\/dl><br style=\"clear: both\" \/><dl class='gallery-item'>\n\t\t\t<dt class='gallery-icon landscape'>\n\t\t\t\t<a href='https:\/\/blog.ociomodell.com\/wordpress\/mis-casitas-de-munecas\/fotos-de-modelos\/aviones\/f-a-18-hornet-ala-n-12\/img-20190120-wa0002\/'><img loading=\"lazy\" decoding=\"async\" width=\"300\" height=\"225\" src=\"https:\/\/blog.ociomodell.com\/wordpress\/wp-content\/uploads\/2019\/01\/IMG-20190120-WA0002-300x225.jpg\" class=\"attachment-medium size-medium\" alt=\"F\/A 18 HORNET ALA N 12\" aria-describedby=\"gallery-1-4610\" srcset=\"https:\/\/blog.ociomodell.com\/wordpress\/wp-content\/uploads\/2019\/01\/IMG-20190120-WA0002-300x225.jpg 300w, https:\/\/blog.ociomodell.com\/wordpress\/wp-content\/uploads\/2019\/01\/IMG-20190120-WA0002-768x576.jpg 768w, https:\/\/blog.ociomodell.com\/wordpress\/wp-content\/uploads\/2019\/01\/IMG-20190120-WA0002.jpg 1024w, https:\/\/blog.ociomodell.com\/wordpress\/wp-content\/uploads\/2019\/01\/IMG-20190120-WA0002-250x188.jpg 250w\" sizes=\"auto, (max-width: 300px) 100vw, 300px\" data-attachment-id=\"4610\" data-permalink=\"https:\/\/blog.ociomodell.com\/wordpress\/mis-casitas-de-munecas\/fotos-de-modelos\/aviones\/f-a-18-hornet-ala-n-12\/img-20190120-wa0002\/\" data-orig-file=\"https:\/\/blog.ociomodell.com\/wordpress\/wp-content\/uploads\/2019\/01\/IMG-20190120-WA0002.jpg\" data-orig-size=\"1024,768\" data-comments-opened=\"1\" data-image-meta=\"{&quot;aperture&quot;:&quot;0&quot;,&quot;credit&quot;:&quot;&quot;,&quot;camera&quot;:&quot;&quot;,&quot;caption&quot;:&quot;&quot;,&quot;created_timestamp&quot;:&quot;0&quot;,&quot;copyright&quot;:&quot;info@ociomodell.com&quot;,&quot;focal_length&quot;:&quot;0&quot;,&quot;iso&quot;:&quot;0&quot;,&quot;shutter_speed&quot;:&quot;0&quot;,&quot;title&quot;:&quot;&quot;,&quot;orientation&quot;:&quot;1&quot;}\" data-image-title=\"F\/A 18 HORNET ALA N 12\" data-image-description=\"&lt;p&gt;F\/A 18 HORNET ALA N 12 &lt;\/p&gt;\n\" data-image-caption=\"&lt;p&gt;F\/A 18 HORNET ALA N 12 &lt;\/p&gt;\n\" data-large-file=\"https:\/\/blog.ociomodell.com\/wordpress\/wp-content\/uploads\/2019\/01\/IMG-20190120-WA0002-1024x768.jpg\" title=\"\"><\/a>\n\t\t\t<\/dt>\n\t\t\t\t<dd class='wp-caption-text gallery-caption' id='gallery-1-4610'>\n\t\t\t\tF\/A 18 HORNET ALA N 12 \n\t\t\t\t<\/dd><\/dl><br style=\"clear: both\" \/><dl class='gallery-item'>\n\t\t\t<dt class='gallery-icon landscape'>\n\t\t\t\t<a href='https:\/\/blog.ociomodell.com\/wordpress\/mis-casitas-de-munecas\/fotos-de-modelos\/aviones\/f-a-18-hornet-ala-n-12\/img-20190120-wa0003\/'><img loading=\"lazy\" decoding=\"async\" width=\"300\" height=\"225\" src=\"https:\/\/blog.ociomodell.com\/wordpress\/wp-content\/uploads\/2019\/01\/IMG-20190120-WA0003-300x225.jpg\" class=\"attachment-medium size-medium\" alt=\"F\/A 18 HORNET ALA N 12\" aria-describedby=\"gallery-1-4611\" srcset=\"https:\/\/blog.ociomodell.com\/wordpress\/wp-content\/uploads\/2019\/01\/IMG-20190120-WA0003-300x225.jpg 300w, https:\/\/blog.ociomodell.com\/wordpress\/wp-content\/uploads\/2019\/01\/IMG-20190120-WA0003-768x576.jpg 768w, https:\/\/blog.ociomodell.com\/wordpress\/wp-content\/uploads\/2019\/01\/IMG-20190120-WA0003.jpg 1024w, https:\/\/blog.ociomodell.com\/wordpress\/wp-content\/uploads\/2019\/01\/IMG-20190120-WA0003-250x188.jpg 250w\" sizes=\"auto, (max-width: 300px) 100vw, 300px\" data-attachment-id=\"4611\" data-permalink=\"https:\/\/blog.ociomodell.com\/wordpress\/mis-casitas-de-munecas\/fotos-de-modelos\/aviones\/f-a-18-hornet-ala-n-12\/img-20190120-wa0003\/\" data-orig-file=\"https:\/\/blog.ociomodell.com\/wordpress\/wp-content\/uploads\/2019\/01\/IMG-20190120-WA0003.jpg\" data-orig-size=\"1024,768\" data-comments-opened=\"1\" data-image-meta=\"{&quot;aperture&quot;:&quot;0&quot;,&quot;credit&quot;:&quot;&quot;,&quot;camera&quot;:&quot;&quot;,&quot;caption&quot;:&quot;&quot;,&quot;created_timestamp&quot;:&quot;0&quot;,&quot;copyright&quot;:&quot;info@ociomodell.com&quot;,&quot;focal_length&quot;:&quot;0&quot;,&quot;iso&quot;:&quot;0&quot;,&quot;shutter_speed&quot;:&quot;0&quot;,&quot;title&quot;:&quot;&quot;,&quot;orientation&quot;:&quot;1&quot;}\" data-image-title=\"F\/A 18 HORNET ALA N 12\" data-image-description=\"&lt;p&gt;F\/A 18 HORNET ALA N 12 &lt;\/p&gt;\n\" data-image-caption=\"&lt;p&gt;F\/A 18 HORNET ALA N 12 &lt;\/p&gt;\n\" data-large-file=\"https:\/\/blog.ociomodell.com\/wordpress\/wp-content\/uploads\/2019\/01\/IMG-20190120-WA0003-1024x768.jpg\" title=\"\"><\/a>\n\t\t\t<\/dt>\n\t\t\t\t<dd class='wp-caption-text gallery-caption' id='gallery-1-4611'>\n\t\t\t\tF\/A 18 HORNET ALA N 12 \n\t\t\t\t<\/dd><\/dl><br style=\"clear: both\" \/><dl class='gallery-item'>\n\t\t\t<dt class='gallery-icon landscape'>\n\t\t\t\t<a href='https:\/\/blog.ociomodell.com\/wordpress\/mis-casitas-de-munecas\/fotos-de-modelos\/aviones\/f-a-18-hornet-ala-n-12\/img-20190120-wa0004\/'><img loading=\"lazy\" decoding=\"async\" width=\"300\" height=\"225\" src=\"https:\/\/blog.ociomodell.com\/wordpress\/wp-content\/uploads\/2019\/01\/IMG-20190120-WA0004-300x225.jpg\" class=\"attachment-medium size-medium\" alt=\"F\/A 18 HORNET ALA N 12\" aria-describedby=\"gallery-1-4612\" srcset=\"https:\/\/blog.ociomodell.com\/wordpress\/wp-content\/uploads\/2019\/01\/IMG-20190120-WA0004-300x225.jpg 300w, https:\/\/blog.ociomodell.com\/wordpress\/wp-content\/uploads\/2019\/01\/IMG-20190120-WA0004-768x576.jpg 768w, https:\/\/blog.ociomodell.com\/wordpress\/wp-content\/uploads\/2019\/01\/IMG-20190120-WA0004.jpg 1024w, https:\/\/blog.ociomodell.com\/wordpress\/wp-content\/uploads\/2019\/01\/IMG-20190120-WA0004-250x188.jpg 250w\" sizes=\"auto, (max-width: 300px) 100vw, 300px\" data-attachment-id=\"4612\" data-permalink=\"https:\/\/blog.ociomodell.com\/wordpress\/mis-casitas-de-munecas\/fotos-de-modelos\/aviones\/f-a-18-hornet-ala-n-12\/img-20190120-wa0004\/\" data-orig-file=\"https:\/\/blog.ociomodell.com\/wordpress\/wp-content\/uploads\/2019\/01\/IMG-20190120-WA0004.jpg\" data-orig-size=\"1024,768\" data-comments-opened=\"1\" data-image-meta=\"{&quot;aperture&quot;:&quot;0&quot;,&quot;credit&quot;:&quot;&quot;,&quot;camera&quot;:&quot;&quot;,&quot;caption&quot;:&quot;&quot;,&quot;created_timestamp&quot;:&quot;0&quot;,&quot;copyright&quot;:&quot;info@ociomodell.com&quot;,&quot;focal_length&quot;:&quot;0&quot;,&quot;iso&quot;:&quot;0&quot;,&quot;shutter_speed&quot;:&quot;0&quot;,&quot;title&quot;:&quot;&quot;,&quot;orientation&quot;:&quot;1&quot;}\" data-image-title=\"F\/A 18 HORNET ALA N 12\" data-image-description=\"&lt;p&gt;F\/A 18 HORNET ALA N 12 &lt;\/p&gt;\n\" data-image-caption=\"&lt;p&gt;F\/A 18 HORNET ALA N 12 &lt;\/p&gt;\n\" data-large-file=\"https:\/\/blog.ociomodell.com\/wordpress\/wp-content\/uploads\/2019\/01\/IMG-20190120-WA0004-1024x768.jpg\" title=\"\"><\/a>\n\t\t\t<\/dt>\n\t\t\t\t<dd class='wp-caption-text gallery-caption' id='gallery-1-4612'>\n\t\t\t\tF\/A 18 HORNET ALA N 12 \n\t\t\t\t<\/dd><\/dl><br style=\"clear: both\" \/><dl class='gallery-item'>\n\t\t\t<dt class='gallery-icon landscape'>\n\t\t\t\t<a href='https:\/\/blog.ociomodell.com\/wordpress\/mis-casitas-de-munecas\/fotos-de-modelos\/aviones\/f-a-18-hornet-ala-n-12\/img-20190120-wa0005\/'><img loading=\"lazy\" decoding=\"async\" width=\"300\" height=\"225\" src=\"https:\/\/blog.ociomodell.com\/wordpress\/wp-content\/uploads\/2019\/01\/IMG-20190120-WA0005-300x225.jpg\" class=\"attachment-medium size-medium\" alt=\"F\/A 18 HORNET ALA N 12\" aria-describedby=\"gallery-1-4613\" srcset=\"https:\/\/blog.ociomodell.com\/wordpress\/wp-content\/uploads\/2019\/01\/IMG-20190120-WA0005-300x225.jpg 300w, https:\/\/blog.ociomodell.com\/wordpress\/wp-content\/uploads\/2019\/01\/IMG-20190120-WA0005-768x576.jpg 768w, https:\/\/blog.ociomodell.com\/wordpress\/wp-content\/uploads\/2019\/01\/IMG-20190120-WA0005.jpg 1024w, https:\/\/blog.ociomodell.com\/wordpress\/wp-content\/uploads\/2019\/01\/IMG-20190120-WA0005-250x188.jpg 250w\" sizes=\"auto, (max-width: 300px) 100vw, 300px\" data-attachment-id=\"4613\" data-permalink=\"https:\/\/blog.ociomodell.com\/wordpress\/mis-casitas-de-munecas\/fotos-de-modelos\/aviones\/f-a-18-hornet-ala-n-12\/img-20190120-wa0005\/\" data-orig-file=\"https:\/\/blog.ociomodell.com\/wordpress\/wp-content\/uploads\/2019\/01\/IMG-20190120-WA0005.jpg\" data-orig-size=\"1024,768\" data-comments-opened=\"1\" data-image-meta=\"{&quot;aperture&quot;:&quot;0&quot;,&quot;credit&quot;:&quot;&quot;,&quot;camera&quot;:&quot;&quot;,&quot;caption&quot;:&quot;&quot;,&quot;created_timestamp&quot;:&quot;0&quot;,&quot;copyright&quot;:&quot;info@ociomodell.com&quot;,&quot;focal_length&quot;:&quot;0&quot;,&quot;iso&quot;:&quot;0&quot;,&quot;shutter_speed&quot;:&quot;0&quot;,&quot;title&quot;:&quot;&quot;,&quot;orientation&quot;:&quot;1&quot;}\" data-image-title=\"F\/A 18 HORNET ALA N 12\" data-image-description=\"&lt;p&gt;F\/A 18 HORNET ALA N 12 &lt;\/p&gt;\n\" data-image-caption=\"&lt;p&gt;F\/A 18 HORNET ALA N 12 &lt;\/p&gt;\n\" data-large-file=\"https:\/\/blog.ociomodell.com\/wordpress\/wp-content\/uploads\/2019\/01\/IMG-20190120-WA0005-1024x768.jpg\" title=\"\"><\/a>\n\t\t\t<\/dt>\n\t\t\t\t<dd class='wp-caption-text gallery-caption' id='gallery-1-4613'>\n\t\t\t\tF\/A 18 HORNET ALA N 12 \n\t\t\t\t<\/dd><\/dl><br style=\"clear: both\" \/><dl class='gallery-item'>\n\t\t\t<dt class='gallery-icon landscape'>\n\t\t\t\t<a href='https:\/\/blog.ociomodell.com\/wordpress\/mis-casitas-de-munecas\/fotos-de-modelos\/aviones\/f-a-18-hornet-ala-n-12\/img-20190120-wa0006\/'><img loading=\"lazy\" decoding=\"async\" width=\"300\" height=\"225\" src=\"https:\/\/blog.ociomodell.com\/wordpress\/wp-content\/uploads\/2019\/01\/IMG-20190120-WA0006-300x225.jpg\" class=\"attachment-medium size-medium\" alt=\"F\/A 18 HORNET ALA N 12\" aria-describedby=\"gallery-1-4614\" srcset=\"https:\/\/blog.ociomodell.com\/wordpress\/wp-content\/uploads\/2019\/01\/IMG-20190120-WA0006-300x225.jpg 300w, https:\/\/blog.ociomodell.com\/wordpress\/wp-content\/uploads\/2019\/01\/IMG-20190120-WA0006-768x576.jpg 768w, https:\/\/blog.ociomodell.com\/wordpress\/wp-content\/uploads\/2019\/01\/IMG-20190120-WA0006.jpg 1024w, https:\/\/blog.ociomodell.com\/wordpress\/wp-content\/uploads\/2019\/01\/IMG-20190120-WA0006-250x188.jpg 250w\" sizes=\"auto, (max-width: 300px) 100vw, 300px\" data-attachment-id=\"4614\" data-permalink=\"https:\/\/blog.ociomodell.com\/wordpress\/mis-casitas-de-munecas\/fotos-de-modelos\/aviones\/f-a-18-hornet-ala-n-12\/img-20190120-wa0006\/\" data-orig-file=\"https:\/\/blog.ociomodell.com\/wordpress\/wp-content\/uploads\/2019\/01\/IMG-20190120-WA0006.jpg\" data-orig-size=\"1024,768\" data-comments-opened=\"1\" data-image-meta=\"{&quot;aperture&quot;:&quot;0&quot;,&quot;credit&quot;:&quot;&quot;,&quot;camera&quot;:&quot;&quot;,&quot;caption&quot;:&quot;&quot;,&quot;created_timestamp&quot;:&quot;0&quot;,&quot;copyright&quot;:&quot;info@ociomodell.com&quot;,&quot;focal_length&quot;:&quot;0&quot;,&quot;iso&quot;:&quot;0&quot;,&quot;shutter_speed&quot;:&quot;0&quot;,&quot;title&quot;:&quot;&quot;,&quot;orientation&quot;:&quot;1&quot;}\" data-image-title=\"F\/A 18 HORNET ALA N 12\" data-image-description=\"&lt;p&gt;F\/A 18 HORNET ALA N 12 &lt;\/p&gt;\n\" data-image-caption=\"&lt;p&gt;F\/A 18 HORNET ALA N 12 &lt;\/p&gt;\n\" data-large-file=\"https:\/\/blog.ociomodell.com\/wordpress\/wp-content\/uploads\/2019\/01\/IMG-20190120-WA0006-1024x768.jpg\" title=\"\"><\/a>\n\t\t\t<\/dt>\n\t\t\t\t<dd class='wp-caption-text gallery-caption' id='gallery-1-4614'>\n\t\t\t\tF\/A 18 HORNET ALA N 12 \n\t\t\t\t<\/dd><\/dl><br style=\"clear: both\" \/>\n\t\t<\/div>\n\n","protected":false},"excerpt":{"rendered":"<p>F\/A 18 HORNET ALA N 12 Torrej\u00f3n de Ardoz escala 1:72 marca Hobby Boss Realizado por\u00a0Ricardo Yubero. &nbsp;<\/p>\n","protected":false},"author":2,"featured_media":0,"parent":3300,"menu_order":0,"comment_status":"closed","ping_status":"closed","template":"","meta":{"jetpack_post_was_ever_published":false,"footnotes":"","_links_to":"","_links_to_target":""},"class_list":["post-4607","page","type-page","status-publish","hentry"],"jetpack_sharing_enabled":true,"jetpack_likes_enabled":true,"jetpack-related-posts":[{"id":3159,"url":"https:\/\/blog.ociomodell.com\/wordpress\/politica-de-privacidad\/","url_meta":{"origin":4607,"position":0},"title":"Pol\u00edtica Privacidad","author":"Paco Gomez","date":"22 mayo, 2018","format":false,"excerpt":"En cumplimiento de lo establecido en la RGPD, le informamos que sus datos ser\u00e1n tratados en nuestros ficheros, con la finalidad del mantenimiento y cumplimiento de la relaci\u00f3n con nuestra entidad, incluyendo el env\u00edo de comunicaciones en el marco de la citada relaci\u00f3n. As\u00ed mismo, sus datos ser\u00e1n cedidos en\u2026","rel":"","context":"En \u00abcookies\u00bb","block_context":{"text":"cookies","link":"https:\/\/blog.ociomodell.com\/wordpress\/tag\/cookies\/"},"img":{"alt_text":"","src":"","width":0,"height":0},"classes":[]},{"id":3158,"url":"https:\/\/blog.ociomodell.com\/wordpress\/politica-de-privacidad\/avisos-legales\/","url_meta":{"origin":4607,"position":1},"title":"Avisos Legales","author":"Paco Gomez","date":"22 mayo, 2018","format":false,"excerpt":"El presente Aviso Legal regula las condiciones generales de acceso y utilizaci\u00f3n del sitio web accesible en la direcci\u00f3n URL https:\/\/blog.ociomodell.com\/wordpress (en adelante, el sitio web), que Ociomodell.com pone a disposici\u00f3n de los usuarios de Internet. La utilizaci\u00f3n del sitio web implica la aceptaci\u00f3n plena y sin reservas de todas\u2026","rel":"","context":"En \u00abavisos\u00bb","block_context":{"text":"avisos","link":"https:\/\/blog.ociomodell.com\/wordpress\/tag\/avisos\/"},"img":{"alt_text":"","src":"","width":0,"height":0},"classes":[]}],"jetpack_shortlink":"https:\/\/wp.me\/P7mZwQ-1cj","_links":{"self":[{"href":"https:\/\/blog.ociomodell.com\/wordpress\/wp-json\/wp\/v2\/pages\/4607","targetHints":{"allow":["GET"]}}],"collection":[{"href":"https:\/\/blog.ociomodell.com\/wordpress\/wp-json\/wp\/v2\/pages"}],"about":[{"href":"https:\/\/blog.ociomodell.com\/wordpress\/wp-json\/wp\/v2\/types\/page"}],"author":[{"embeddable":true,"href":"https:\/\/blog.ociomodell.com\/wordpress\/wp-json\/wp\/v2\/users\/2"}],"replies":[{"embeddable":true,"href":"https:\/\/blog.ociomodell.com\/wordpress\/wp-json\/wp\/v2\/comments?post=4607"}],"version-history":[{"count":0,"href":"https:\/\/blog.ociomodell.com\/wordpress\/wp-json\/wp\/v2\/pages\/4607\/revisions"}],"up":[{"embeddable":true,"href":"https:\/\/blog.ociomodell.com\/wordpress\/wp-json\/wp\/v2\/pages\/3300"}],"wp:attachment":[{"href":"https:\/\/blog.ociomodell.com\/wordpress\/wp-json\/wp\/v2\/media?parent=4607"}],"curies":[{"name":"wp","href":"https:\/\/api.w.org\/{rel}","templated":true}]}}