{"id":5003,"date":"2019-07-25T22:46:46","date_gmt":"2019-07-25T20:46:46","guid":{"rendered":"https:\/\/blog.ociomodell.com\/wordpress\/?page_id=5003"},"modified":"2019-07-26T17:59:26","modified_gmt":"2019-07-26T15:59:26","slug":"vehiculos","status":"publish","type":"page","link":"https:\/\/blog.ociomodell.com\/wordpress\/mis-casitas-de-munecas\/fotos-de-modelos\/vehiculos\/vehiculos\/","title":{"rendered":"Mercedes Benz 300, Tamiya 1:24"},"content":{"rendered":"<p><a href=\"https:\/\/blog.ociomodell.com\/wordpress\/mis-casitas-de-munecas\/fotos-de-modelos\/vehiculos\/mercedes-benz\/\/\">Mercedes Benz 300 SL, Tamiya 1:24<\/a><\/p>\n<p>Creado por Jose Manuel Serrano y pintado por Luis Serrano.<\/p>\n<figure id=\"attachment_5006\" aria-describedby=\"caption-attachment-5006\" style=\"width: 300px\" class=\"wp-caption alignnone\"><img loading=\"lazy\" decoding=\"async\" data-attachment-id=\"5006\" data-permalink=\"https:\/\/blog.ociomodell.com\/wordpress\/mis-casitas-de-munecas\/fotos-de-modelos\/vehiculos\/vehiculos\/img_20190329_104823\/\" data-orig-file=\"https:\/\/blog.ociomodell.com\/wordpress\/wp-content\/uploads\/2019\/07\/IMG_20190329_104823.jpg\" data-orig-size=\"4160,3120\" data-comments-opened=\"1\" data-image-meta=\"{&quot;aperture&quot;:&quot;0&quot;,&quot;credit&quot;:&quot;&quot;,&quot;camera&quot;:&quot;Aquaris E5&quot;,&quot;caption&quot;:&quot;&quot;,&quot;created_timestamp&quot;:&quot;1553856507&quot;,&quot;copyright&quot;:&quot;&quot;,&quot;focal_length&quot;:&quot;4.6&quot;,&quot;iso&quot;:&quot;590&quot;,&quot;shutter_speed&quot;:&quot;0.05&quot;,&quot;title&quot;:&quot;&quot;,&quot;orientation&quot;:&quot;0&quot;}\" data-image-title=\"Mercedes Benz 300 SL, Tamiya 1\/24.\" data-image-description=\"&lt;p&gt;Mercedes Benz 300 SL, Tamiya 1\/24.&lt;\/p&gt;\n\" data-image-caption=\"&lt;p&gt;Mercedes Benz 300 SL, Tamiya 1\/24.&lt;\/p&gt;\n\" data-medium-file=\"https:\/\/blog.ociomodell.com\/wordpress\/wp-content\/uploads\/2019\/07\/IMG_20190329_104823-300x225.jpg\" data-large-file=\"https:\/\/blog.ociomodell.com\/wordpress\/wp-content\/uploads\/2019\/07\/IMG_20190329_104823-1024x768.jpg\" class=\"size-medium wp-image-5006\" src=\"https:\/\/blog.ociomodell.com\/wordpress\/wp-content\/uploads\/2019\/07\/IMG_20190329_104823-300x225.jpg\" alt=\"Mercedes Benz 300 SL, Tamiya 1\/24.\" width=\"300\" height=\"225\" title=\"\" srcset=\"https:\/\/blog.ociomodell.com\/wordpress\/wp-content\/uploads\/2019\/07\/IMG_20190329_104823-300x225.jpg 300w, https:\/\/blog.ociomodell.com\/wordpress\/wp-content\/uploads\/2019\/07\/IMG_20190329_104823-768x576.jpg 768w, https:\/\/blog.ociomodell.com\/wordpress\/wp-content\/uploads\/2019\/07\/IMG_20190329_104823-1024x768.jpg 1024w, https:\/\/blog.ociomodell.com\/wordpress\/wp-content\/uploads\/2019\/07\/IMG_20190329_104823-250x188.jpg 250w\" sizes=\"auto, (max-width: 300px) 100vw, 300px\" \/><figcaption id=\"caption-attachment-5006\" class=\"wp-caption-text\">Mercedes Benz 300 SL, Tamiya 1\/24.<\/figcaption><\/figure>\n<p><img loading=\"lazy\" decoding=\"async\" data-attachment-id=\"5008\" data-permalink=\"https:\/\/blog.ociomodell.com\/wordpress\/mis-casitas-de-munecas\/fotos-de-modelos\/vehiculos\/vehiculos\/mercedes\/\" data-orig-file=\"https:\/\/blog.ociomodell.com\/wordpress\/wp-content\/uploads\/2019\/07\/mercedes.jpg\" data-orig-size=\"768,1024\" data-comments-opened=\"1\" data-image-meta=\"{&quot;aperture&quot;:&quot;0&quot;,&quot;credit&quot;:&quot;&quot;,&quot;camera&quot;:&quot;&quot;,&quot;caption&quot;:&quot;&quot;,&quot;created_timestamp&quot;:&quot;0&quot;,&quot;copyright&quot;:&quot;&quot;,&quot;focal_length&quot;:&quot;0&quot;,&quot;iso&quot;:&quot;0&quot;,&quot;shutter_speed&quot;:&quot;0&quot;,&quot;title&quot;:&quot;&quot;,&quot;orientation&quot;:&quot;0&quot;}\" data-image-title=\"Mercedes Benz 300 SL, Tamiya 1\/24.\" data-image-description=\"&lt;p&gt;Mercedes Benz 300 SL, Tamiya 1\/24.&lt;\/p&gt;\n\" data-image-caption=\"&lt;p&gt;Mercedes Benz 300 SL, Tamiya 1\/24.&lt;\/p&gt;\n\" data-medium-file=\"https:\/\/blog.ociomodell.com\/wordpress\/wp-content\/uploads\/2019\/07\/mercedes-225x300.jpg\" data-large-file=\"https:\/\/blog.ociomodell.com\/wordpress\/wp-content\/uploads\/2019\/07\/mercedes-768x1024.jpg\" class=\"size-medium wp-image-5008\" src=\"https:\/\/blog.ociomodell.com\/wordpress\/wp-content\/uploads\/2019\/07\/mercedes-225x300.jpg\" alt=\"Mercedes Benz 300 SL, Tamiya 1\/24.\" width=\"225\" height=\"300\" title=\"\" srcset=\"https:\/\/blog.ociomodell.com\/wordpress\/wp-content\/uploads\/2019\/07\/mercedes-225x300.jpg 225w, https:\/\/blog.ociomodell.com\/wordpress\/wp-content\/uploads\/2019\/07\/mercedes.jpg 768w, https:\/\/blog.ociomodell.com\/wordpress\/wp-content\/uploads\/2019\/07\/mercedes-250x333.jpg 250w\" sizes=\"auto, (max-width: 225px) 100vw, 225px\" \/><\/p>\n<figure id=\"attachment_5007\" aria-describedby=\"caption-attachment-5007\" style=\"width: 300px\" class=\"wp-caption alignnone\"><img loading=\"lazy\" decoding=\"async\" data-attachment-id=\"5007\" data-permalink=\"https:\/\/blog.ociomodell.com\/wordpress\/mis-casitas-de-munecas\/fotos-de-modelos\/vehiculos\/vehiculos\/mercedes-1\/\" data-orig-file=\"https:\/\/blog.ociomodell.com\/wordpress\/wp-content\/uploads\/2019\/07\/mercedes-1.jpg\" data-orig-size=\"4160,3120\" data-comments-opened=\"1\" data-image-meta=\"{&quot;aperture&quot;:&quot;0&quot;,&quot;credit&quot;:&quot;&quot;,&quot;camera&quot;:&quot;&quot;,&quot;caption&quot;:&quot;&quot;,&quot;created_timestamp&quot;:&quot;0&quot;,&quot;copyright&quot;:&quot;&quot;,&quot;focal_length&quot;:&quot;0&quot;,&quot;iso&quot;:&quot;0&quot;,&quot;shutter_speed&quot;:&quot;0&quot;,&quot;title&quot;:&quot;&quot;,&quot;orientation&quot;:&quot;0&quot;}\" data-image-title=\"Mercedes Benz 300 SL, Tamiya 1\/24.\" data-image-description=\"&lt;p&gt;Mercedes Benz 300 SL, Tamiya 1\/24.&lt;\/p&gt;\n\" data-image-caption=\"&lt;p&gt;Mercedes Benz 300 SL, Tamiya 1\/24.&lt;\/p&gt;\n\" data-medium-file=\"https:\/\/blog.ociomodell.com\/wordpress\/wp-content\/uploads\/2019\/07\/mercedes-1-300x225.jpg\" data-large-file=\"https:\/\/blog.ociomodell.com\/wordpress\/wp-content\/uploads\/2019\/07\/mercedes-1-1024x768.jpg\" class=\"size-medium wp-image-5007\" src=\"https:\/\/blog.ociomodell.com\/wordpress\/wp-content\/uploads\/2019\/07\/mercedes-1-300x225.jpg\" alt=\"Mercedes Benz 300 SL, Tamiya 1\/24.\" width=\"300\" height=\"225\" title=\"\" srcset=\"https:\/\/blog.ociomodell.com\/wordpress\/wp-content\/uploads\/2019\/07\/mercedes-1-300x225.jpg 300w, https:\/\/blog.ociomodell.com\/wordpress\/wp-content\/uploads\/2019\/07\/mercedes-1-768x576.jpg 768w, https:\/\/blog.ociomodell.com\/wordpress\/wp-content\/uploads\/2019\/07\/mercedes-1-1024x768.jpg 1024w, https:\/\/blog.ociomodell.com\/wordpress\/wp-content\/uploads\/2019\/07\/mercedes-1-250x188.jpg 250w\" sizes=\"auto, (max-width: 300px) 100vw, 300px\" \/><figcaption id=\"caption-attachment-5007\" class=\"wp-caption-text\">Mercedes Benz 300 SL, Tamiya 1\/24.<\/figcaption><\/figure>\n<p>&nbsp;<\/p>\n<figure id=\"attachment_5009\" aria-describedby=\"caption-attachment-5009\" style=\"width: 225px\" class=\"wp-caption alignnone\"><img loading=\"lazy\" decoding=\"async\" data-attachment-id=\"5009\" data-permalink=\"https:\/\/blog.ociomodell.com\/wordpress\/mis-casitas-de-munecas\/fotos-de-modelos\/vehiculos\/vehiculos\/mercedes-2\/\" data-orig-file=\"https:\/\/blog.ociomodell.com\/wordpress\/wp-content\/uploads\/2019\/07\/mercedes-2.jpg\" data-orig-size=\"768,1024\" data-comments-opened=\"1\" data-image-meta=\"{&quot;aperture&quot;:&quot;0&quot;,&quot;credit&quot;:&quot;&quot;,&quot;camera&quot;:&quot;&quot;,&quot;caption&quot;:&quot;&quot;,&quot;created_timestamp&quot;:&quot;0&quot;,&quot;copyright&quot;:&quot;&quot;,&quot;focal_length&quot;:&quot;0&quot;,&quot;iso&quot;:&quot;0&quot;,&quot;shutter_speed&quot;:&quot;0&quot;,&quot;title&quot;:&quot;&quot;,&quot;orientation&quot;:&quot;0&quot;}\" data-image-title=\"Mercedes Benz 300, Tamiya 1\/24\" data-image-description=\"&lt;p&gt;Mercedes Benz 300, Tamiya 1\/24&lt;\/p&gt;\n\" data-image-caption=\"&lt;p&gt;Mercedes Benz 300, Tamiya 1\/24&lt;\/p&gt;\n\" data-medium-file=\"https:\/\/blog.ociomodell.com\/wordpress\/wp-content\/uploads\/2019\/07\/mercedes-2-225x300.jpg\" data-large-file=\"https:\/\/blog.ociomodell.com\/wordpress\/wp-content\/uploads\/2019\/07\/mercedes-2-768x1024.jpg\" class=\"size-medium wp-image-5009\" src=\"https:\/\/blog.ociomodell.com\/wordpress\/wp-content\/uploads\/2019\/07\/mercedes-2-225x300.jpg\" alt=\"Mercedes Benz 300, Tamiya 1\/24\" width=\"225\" height=\"300\" title=\"\" srcset=\"https:\/\/blog.ociomodell.com\/wordpress\/wp-content\/uploads\/2019\/07\/mercedes-2-225x300.jpg 225w, https:\/\/blog.ociomodell.com\/wordpress\/wp-content\/uploads\/2019\/07\/mercedes-2.jpg 768w, https:\/\/blog.ociomodell.com\/wordpress\/wp-content\/uploads\/2019\/07\/mercedes-2-250x333.jpg 250w\" sizes=\"auto, (max-width: 225px) 100vw, 225px\" \/><figcaption id=\"caption-attachment-5009\" class=\"wp-caption-text\">Mercedes Benz 300, Tamiya 1\/24<\/figcaption><\/figure>\n<p><img loading=\"lazy\" decoding=\"async\" data-attachment-id=\"5010\" data-permalink=\"https:\/\/blog.ociomodell.com\/wordpress\/mis-casitas-de-munecas\/fotos-de-modelos\/vehiculos\/vehiculos\/mercedes-3\/\" data-orig-file=\"https:\/\/blog.ociomodell.com\/wordpress\/wp-content\/uploads\/2019\/07\/mercedes-3.jpg\" data-orig-size=\"1024,768\" data-comments-opened=\"1\" data-image-meta=\"{&quot;aperture&quot;:&quot;0&quot;,&quot;credit&quot;:&quot;&quot;,&quot;camera&quot;:&quot;&quot;,&quot;caption&quot;:&quot;&quot;,&quot;created_timestamp&quot;:&quot;0&quot;,&quot;copyright&quot;:&quot;&quot;,&quot;focal_length&quot;:&quot;0&quot;,&quot;iso&quot;:&quot;0&quot;,&quot;shutter_speed&quot;:&quot;0&quot;,&quot;title&quot;:&quot;&quot;,&quot;orientation&quot;:&quot;0&quot;}\" data-image-title=\"mercedes-3\" data-image-description=\"\" data-image-caption=\"\" data-medium-file=\"https:\/\/blog.ociomodell.com\/wordpress\/wp-content\/uploads\/2019\/07\/mercedes-3-300x225.jpg\" data-large-file=\"https:\/\/blog.ociomodell.com\/wordpress\/wp-content\/uploads\/2019\/07\/mercedes-3-1024x768.jpg\" class=\"alignnone size-medium wp-image-5010\" src=\"https:\/\/blog.ociomodell.com\/wordpress\/wp-content\/uploads\/2019\/07\/mercedes-3-300x225.jpg\" alt=\"\" width=\"300\" height=\"225\" title=\"\" srcset=\"https:\/\/blog.ociomodell.com\/wordpress\/wp-content\/uploads\/2019\/07\/mercedes-3-300x225.jpg 300w, https:\/\/blog.ociomodell.com\/wordpress\/wp-content\/uploads\/2019\/07\/mercedes-3-768x576.jpg 768w, https:\/\/blog.ociomodell.com\/wordpress\/wp-content\/uploads\/2019\/07\/mercedes-3.jpg 1024w, https:\/\/blog.ociomodell.com\/wordpress\/wp-content\/uploads\/2019\/07\/mercedes-3-250x188.jpg 250w\" sizes=\"auto, (max-width: 300px) 100vw, 300px\" \/> <img loading=\"lazy\" decoding=\"async\" data-attachment-id=\"5011\" data-permalink=\"https:\/\/blog.ociomodell.com\/wordpress\/mis-casitas-de-munecas\/fotos-de-modelos\/vehiculos\/vehiculos\/mercedes-4\/\" data-orig-file=\"https:\/\/blog.ociomodell.com\/wordpress\/wp-content\/uploads\/2019\/07\/mercedes-4.jpg\" data-orig-size=\"1024,768\" data-comments-opened=\"1\" data-image-meta=\"{&quot;aperture&quot;:&quot;0&quot;,&quot;credit&quot;:&quot;&quot;,&quot;camera&quot;:&quot;&quot;,&quot;caption&quot;:&quot;&quot;,&quot;created_timestamp&quot;:&quot;0&quot;,&quot;copyright&quot;:&quot;&quot;,&quot;focal_length&quot;:&quot;0&quot;,&quot;iso&quot;:&quot;0&quot;,&quot;shutter_speed&quot;:&quot;0&quot;,&quot;title&quot;:&quot;&quot;,&quot;orientation&quot;:&quot;0&quot;}\" data-image-title=\"mercedes-4\" data-image-description=\"\" data-image-caption=\"\" data-medium-file=\"https:\/\/blog.ociomodell.com\/wordpress\/wp-content\/uploads\/2019\/07\/mercedes-4-300x225.jpg\" data-large-file=\"https:\/\/blog.ociomodell.com\/wordpress\/wp-content\/uploads\/2019\/07\/mercedes-4-1024x768.jpg\" class=\"alignnone size-medium wp-image-5011\" src=\"https:\/\/blog.ociomodell.com\/wordpress\/wp-content\/uploads\/2019\/07\/mercedes-4-300x225.jpg\" alt=\"\" width=\"300\" height=\"225\" title=\"\" srcset=\"https:\/\/blog.ociomodell.com\/wordpress\/wp-content\/uploads\/2019\/07\/mercedes-4-300x225.jpg 300w, https:\/\/blog.ociomodell.com\/wordpress\/wp-content\/uploads\/2019\/07\/mercedes-4-768x576.jpg 768w, https:\/\/blog.ociomodell.com\/wordpress\/wp-content\/uploads\/2019\/07\/mercedes-4.jpg 1024w, https:\/\/blog.ociomodell.com\/wordpress\/wp-content\/uploads\/2019\/07\/mercedes-4-250x188.jpg 250w\" sizes=\"auto, (max-width: 300px) 100vw, 300px\" \/><\/p>\n","protected":false},"excerpt":{"rendered":"<p>Mercedes Benz 300 SL, Tamiya 1:24 Creado por Jose Manuel Serrano y pintado por Luis Serrano. &nbsp;<\/p>\n","protected":false},"author":4,"featured_media":0,"parent":3314,"menu_order":0,"comment_status":"closed","ping_status":"closed","template":"","meta":{"jetpack_post_was_ever_published":false,"footnotes":"","_links_to":"","_links_to_target":""},"class_list":["post-5003","page","type-page","status-publish","hentry"],"jetpack_sharing_enabled":true,"jetpack_likes_enabled":true,"jetpack-related-posts":[{"id":3314,"url":"https:\/\/blog.ociomodell.com\/wordpress\/mis-casitas-de-munecas\/fotos-de-modelos\/vehiculos\/","url_meta":{"origin":5003,"position":0},"title":"Veh\u00edculos","author":"Paco Gomez","date":"7 junio, 2018","format":false,"excerpt":"\"LAS UVAS DE LA IRA\" CAMI\u00d3N II GUERRA MUNDIAL DESLIZADOR TERRESTRE X34, STAR WARS HUMMER H1 1:24 MERCEDES BENZ 300 SL FORD GT, TAMIYA 1:24","rel":"","context":"En \u00abautom\u00e1tico\u00bb","block_context":{"text":"autom\u00e1tico","link":"https:\/\/blog.ociomodell.com\/wordpress\/tag\/automatico\/"},"img":{"alt_text":"","src":"","width":0,"height":0},"classes":[]},{"id":5022,"url":"https:\/\/blog.ociomodell.com\/wordpress\/mis-casitas-de-munecas\/fotos-de-modelos\/vehiculos\/ford-gt-tamiya-124\/","url_meta":{"origin":5003,"position":1},"title":"Ford GT, Tamiya 1:24","author":"Mari Mar Navarro","date":"26 julio, 2019","format":false,"excerpt":"Ford GT, Tamiya 1:24. Creado y pintado por los hermanos Jose Manuel y Luis Serrano. \u00a0 \u00a0 \u00a0","rel":"","context":"Entrada similar","block_context":{"text":"Entrada similar","link":""},"img":{"alt_text":"Ford GT, Tamiya 1\/24","src":"https:\/\/i0.wp.com\/blog.ociomodell.com\/wordpress\/wp-content\/uploads\/2019\/07\/IMG-20190726-WA0016-225x300.jpg?resize=350%2C200&ssl=1","width":350,"height":200},"classes":[]},{"id":7056,"url":"https:\/\/blog.ociomodell.com\/wordpress\/catalogos\/catalogos-2022\/","url_meta":{"origin":5003,"position":2},"title":"Cat\u00e1logos 2022","author":"Paco Gomez","date":"9 febrero, 2022","format":false,"excerpt":"Secci\u00f3n Nuevos Cat\u00e1logos 2022 \u00a0 \u00a0","rel":"","context":"Entrada similar","block_context":{"text":"Entrada similar","link":""},"img":{"alt_text":"Cat\u00e1logo de novedades 2022 - TAMIYA - ITALIERI - EBBRO - DRAGON - ZVEZDA - SCALEXTRIC","src":"https:\/\/i0.wp.com\/blog.ociomodell.com\/wordpress\/wp-content\/uploads\/2022\/02\/Tamiya-300x213.jpg?resize=350%2C200&ssl=1","width":350,"height":200},"classes":[]},{"id":7578,"url":"https:\/\/blog.ociomodell.com\/wordpress\/catalogos\/catalogos-2023\/","url_meta":{"origin":5003,"position":3},"title":"Cat\u00e1logos 2023","author":"Paco Gomez","date":"17 febrero, 2023","format":false,"excerpt":"\u00a0 \u00a0 \u00a0 \u00a0 \u00a0 \u00a0 \u00a0 \u00a0 \u00a0 \u00a0","rel":"","context":"Entrada similar","block_context":{"text":"Entrada similar","link":""},"img":{"alt_text":"Tamiya cat\u00e1logo 2023","src":"https:\/\/i0.wp.com\/blog.ociomodell.com\/wordpress\/wp-content\/uploads\/2023\/02\/20879_TAMIYA_ToyFairNews_2023_rz_medium-300x212.jpg?resize=350%2C200&ssl=1","width":350,"height":200},"classes":[]},{"id":16800,"url":"https:\/\/blog.ociomodell.com\/wordpress\/reservas\/suscripcion-a-boletin-de-ociomodell-com\/","url_meta":{"origin":5003,"position":4},"title":"Suscripci\u00f3n a bolet\u00edn de ociomodell.com","author":"Paco Gomez","date":"11 abril, 2025","format":false,"excerpt":"","rel":"","context":"Entrada similar","block_context":{"text":"Entrada similar","link":""},"img":{"alt_text":"","src":"","width":0,"height":0},"classes":[]},{"id":6533,"url":"https:\/\/blog.ociomodell.com\/wordpress\/reservas\/talleres\/","url_meta":{"origin":5003,"position":5},"title":"Talleres \/ inscripci\u00f3n","author":"Paco Gomez","date":"6 agosto, 2021","format":false,"excerpt":"\u00a0 \u00a0","rel":"","context":"Entrada similar","block_context":{"text":"Entrada similar","link":""},"img":{"alt_text":"","src":"","width":0,"height":0},"classes":[]}],"jetpack_shortlink":"https:\/\/wp.me\/P7mZwQ-1iH","_links":{"self":[{"href":"https:\/\/blog.ociomodell.com\/wordpress\/wp-json\/wp\/v2\/pages\/5003","targetHints":{"allow":["GET"]}}],"collection":[{"href":"https:\/\/blog.ociomodell.com\/wordpress\/wp-json\/wp\/v2\/pages"}],"about":[{"href":"https:\/\/blog.ociomodell.com\/wordpress\/wp-json\/wp\/v2\/types\/page"}],"author":[{"embeddable":true,"href":"https:\/\/blog.ociomodell.com\/wordpress\/wp-json\/wp\/v2\/users\/4"}],"replies":[{"embeddable":true,"href":"https:\/\/blog.ociomodell.com\/wordpress\/wp-json\/wp\/v2\/comments?post=5003"}],"version-history":[{"count":0,"href":"https:\/\/blog.ociomodell.com\/wordpress\/wp-json\/wp\/v2\/pages\/5003\/revisions"}],"up":[{"embeddable":true,"href":"https:\/\/blog.ociomodell.com\/wordpress\/wp-json\/wp\/v2\/pages\/3314"}],"wp:attachment":[{"href":"https:\/\/blog.ociomodell.com\/wordpress\/wp-json\/wp\/v2\/media?parent=5003"}],"curies":[{"name":"wp","href":"https:\/\/api.w.org\/{rel}","templated":true}]}}