{"id":5022,"date":"2019-07-26T17:44:52","date_gmt":"2019-07-26T15:44:52","guid":{"rendered":"https:\/\/blog.ociomodell.com\/wordpress\/?page_id=5022"},"modified":"2019-07-26T18:18:32","modified_gmt":"2019-07-26T16:18:32","slug":"ford-gt-tamiya-124","status":"publish","type":"page","link":"https:\/\/blog.ociomodell.com\/wordpress\/mis-casitas-de-munecas\/fotos-de-modelos\/vehiculos\/ford-gt-tamiya-124\/","title":{"rendered":"Ford GT, Tamiya 1:24"},"content":{"rendered":"<p><a href=\"https:\/\/blog.ociomodell.com\/wordpress\/mis-casitas-de-munecas\/fotos-de-modelos\/vehiculos\/ford-gt-tamiya-124\/\">Ford GT, Tamiya 1:24.<\/a><\/p>\n<p>Creado y pintado por los hermanos Jose Manuel y Luis Serrano.<\/p>\n<figure id=\"attachment_5023\" aria-describedby=\"caption-attachment-5023\" style=\"width: 225px\" class=\"wp-caption alignright\"><img loading=\"lazy\" decoding=\"async\" data-attachment-id=\"5023\" data-permalink=\"https:\/\/blog.ociomodell.com\/wordpress\/mis-casitas-de-munecas\/fotos-de-modelos\/vehiculos\/ford-gt-tamiya-124\/img-20190726-wa0016\/\" data-orig-file=\"https:\/\/blog.ociomodell.com\/wordpress\/wp-content\/uploads\/2019\/07\/IMG-20190726-WA0016.jpg\" data-orig-size=\"1200,1600\" data-comments-opened=\"1\" data-image-meta=\"{&quot;aperture&quot;:&quot;0&quot;,&quot;credit&quot;:&quot;&quot;,&quot;camera&quot;:&quot;&quot;,&quot;caption&quot;:&quot;&quot;,&quot;created_timestamp&quot;:&quot;0&quot;,&quot;copyright&quot;:&quot;&quot;,&quot;focal_length&quot;:&quot;0&quot;,&quot;iso&quot;:&quot;0&quot;,&quot;shutter_speed&quot;:&quot;0&quot;,&quot;title&quot;:&quot;&quot;,&quot;orientation&quot;:&quot;0&quot;}\" data-image-title=\"Ford GT, Tamiya 1\/24\" data-image-description=\"&lt;p&gt;Ford GT, Tamiya 1\/24&lt;\/p&gt;\n\" data-image-caption=\"&lt;p&gt;Ford GT, Tamiya 1\/24&lt;\/p&gt;\n\" data-large-file=\"https:\/\/blog.ociomodell.com\/wordpress\/wp-content\/uploads\/2019\/07\/IMG-20190726-WA0016-768x1024.jpg\" class=\"size-medium wp-image-5023\" src=\"https:\/\/blog.ociomodell.com\/wordpress\/wp-content\/uploads\/2019\/07\/IMG-20190726-WA0016-225x300.jpg\" alt=\"Ford GT, Tamiya 1\/24\" width=\"225\" height=\"300\" title=\"\" srcset=\"https:\/\/blog.ociomodell.com\/wordpress\/wp-content\/uploads\/2019\/07\/IMG-20190726-WA0016-225x300.jpg 225w, https:\/\/blog.ociomodell.com\/wordpress\/wp-content\/uploads\/2019\/07\/IMG-20190726-WA0016-768x1024.jpg 768w, https:\/\/blog.ociomodell.com\/wordpress\/wp-content\/uploads\/2019\/07\/IMG-20190726-WA0016-250x333.jpg 250w, https:\/\/blog.ociomodell.com\/wordpress\/wp-content\/uploads\/2019\/07\/IMG-20190726-WA0016.jpg 1200w\" sizes=\"auto, (max-width: 225px) 100vw, 225px\" \/><figcaption id=\"caption-attachment-5023\" class=\"wp-caption-text\">Ford GT, Tamiya 1\/24<\/figcaption><\/figure>\n<figure id=\"attachment_5026\" aria-describedby=\"caption-attachment-5026\" style=\"width: 300px\" class=\"wp-caption alignleft\"><img loading=\"lazy\" decoding=\"async\" data-attachment-id=\"5026\" data-permalink=\"https:\/\/blog.ociomodell.com\/wordpress\/mis-casitas-de-munecas\/fotos-de-modelos\/vehiculos\/ford-gt-tamiya-124\/img-20190726-wa0018\/\" data-orig-file=\"https:\/\/blog.ociomodell.com\/wordpress\/wp-content\/uploads\/2019\/07\/IMG-20190726-WA0018.jpg\" data-orig-size=\"1600,1200\" data-comments-opened=\"1\" data-image-meta=\"{&quot;aperture&quot;:&quot;0&quot;,&quot;credit&quot;:&quot;&quot;,&quot;camera&quot;:&quot;&quot;,&quot;caption&quot;:&quot;&quot;,&quot;created_timestamp&quot;:&quot;0&quot;,&quot;copyright&quot;:&quot;&quot;,&quot;focal_length&quot;:&quot;0&quot;,&quot;iso&quot;:&quot;0&quot;,&quot;shutter_speed&quot;:&quot;0&quot;,&quot;title&quot;:&quot;&quot;,&quot;orientation&quot;:&quot;0&quot;}\" data-image-title=\"Ford GT, Tamiya 1\/24\" data-image-description=\"&lt;p&gt;Ford GT, Tamiya 1\/24&lt;\/p&gt;\n\" data-image-caption=\"&lt;p&gt;Ford GT, Tamiya 1\/24&lt;\/p&gt;\n\" data-large-file=\"https:\/\/blog.ociomodell.com\/wordpress\/wp-content\/uploads\/2019\/07\/IMG-20190726-WA0018-1024x768.jpg\" class=\"size-medium wp-image-5026\" src=\"https:\/\/blog.ociomodell.com\/wordpress\/wp-content\/uploads\/2019\/07\/IMG-20190726-WA0018-300x225.jpg\" alt=\"Ford GT, Tamiya 1\/24\" width=\"300\" height=\"225\" title=\"\" srcset=\"https:\/\/blog.ociomodell.com\/wordpress\/wp-content\/uploads\/2019\/07\/IMG-20190726-WA0018-300x225.jpg 300w, https:\/\/blog.ociomodell.com\/wordpress\/wp-content\/uploads\/2019\/07\/IMG-20190726-WA0018-768x576.jpg 768w, https:\/\/blog.ociomodell.com\/wordpress\/wp-content\/uploads\/2019\/07\/IMG-20190726-WA0018-1024x768.jpg 1024w, https:\/\/blog.ociomodell.com\/wordpress\/wp-content\/uploads\/2019\/07\/IMG-20190726-WA0018-250x188.jpg 250w, https:\/\/blog.ociomodell.com\/wordpress\/wp-content\/uploads\/2019\/07\/IMG-20190726-WA0018.jpg 1600w\" sizes=\"auto, (max-width: 300px) 100vw, 300px\" \/><figcaption id=\"caption-attachment-5026\" class=\"wp-caption-text\">For d GT, Tamiya 1\/24<\/figcaption><\/figure>\n<figure id=\"attachment_5024\" aria-describedby=\"caption-attachment-5024\" style=\"width: 225px\" class=\"wp-caption alignleft\"><img loading=\"lazy\" decoding=\"async\" data-attachment-id=\"5024\" data-permalink=\"https:\/\/blog.ociomodell.com\/wordpress\/mis-casitas-de-munecas\/fotos-de-modelos\/vehiculos\/ford-gt-tamiya-124\/img-20190726-wa0015\/\" data-orig-file=\"https:\/\/blog.ociomodell.com\/wordpress\/wp-content\/uploads\/2019\/07\/IMG-20190726-WA0015.jpg\" data-orig-size=\"1200,1600\" data-comments-opened=\"1\" data-image-meta=\"{&quot;aperture&quot;:&quot;0&quot;,&quot;credit&quot;:&quot;&quot;,&quot;camera&quot;:&quot;&quot;,&quot;caption&quot;:&quot;&quot;,&quot;created_timestamp&quot;:&quot;0&quot;,&quot;copyright&quot;:&quot;&quot;,&quot;focal_length&quot;:&quot;0&quot;,&quot;iso&quot;:&quot;0&quot;,&quot;shutter_speed&quot;:&quot;0&quot;,&quot;title&quot;:&quot;&quot;,&quot;orientation&quot;:&quot;0&quot;}\" data-image-title=\"Ford GT, Tamiya 1\/24\" data-image-description=\"&lt;p&gt;Ford GT, Tamiya 1\/24&lt;\/p&gt;\n\" data-image-caption=\"&lt;p&gt;Ford GT, Tamiya 1\/24&lt;\/p&gt;\n\" data-large-file=\"https:\/\/blog.ociomodell.com\/wordpress\/wp-content\/uploads\/2019\/07\/IMG-20190726-WA0015-768x1024.jpg\" class=\"size-medium wp-image-5024\" src=\"https:\/\/blog.ociomodell.com\/wordpress\/wp-content\/uploads\/2019\/07\/IMG-20190726-WA0015-225x300.jpg\" alt=\"Ford GT, Tamiya 1\/24\" width=\"225\" height=\"300\" title=\"\" srcset=\"https:\/\/blog.ociomodell.com\/wordpress\/wp-content\/uploads\/2019\/07\/IMG-20190726-WA0015-225x300.jpg 225w, https:\/\/blog.ociomodell.com\/wordpress\/wp-content\/uploads\/2019\/07\/IMG-20190726-WA0015-768x1024.jpg 768w, https:\/\/blog.ociomodell.com\/wordpress\/wp-content\/uploads\/2019\/07\/IMG-20190726-WA0015-250x333.jpg 250w, https:\/\/blog.ociomodell.com\/wordpress\/wp-content\/uploads\/2019\/07\/IMG-20190726-WA0015.jpg 1200w\" sizes=\"auto, (max-width: 225px) 100vw, 225px\" \/><figcaption id=\"caption-attachment-5024\" class=\"wp-caption-text\">Ford GT, Tamiya 1\/24<\/figcaption><\/figure>\n<p>&nbsp;<\/p>\n<p>&nbsp;<\/p>\n<p>&nbsp;<\/p>\n<figure id=\"attachment_5027\" aria-describedby=\"caption-attachment-5027\" style=\"width: 300px\" class=\"wp-caption aligncenter\"><img loading=\"lazy\" decoding=\"async\" data-attachment-id=\"5027\" data-permalink=\"https:\/\/blog.ociomodell.com\/wordpress\/mis-casitas-de-munecas\/fotos-de-modelos\/vehiculos\/ford-gt-tamiya-124\/img-20190726-wa0005\/\" data-orig-file=\"https:\/\/blog.ociomodell.com\/wordpress\/wp-content\/uploads\/2019\/07\/IMG-20190726-WA0005.jpg\" data-orig-size=\"1600,1200\" data-comments-opened=\"1\" data-image-meta=\"{&quot;aperture&quot;:&quot;0&quot;,&quot;credit&quot;:&quot;&quot;,&quot;camera&quot;:&quot;&quot;,&quot;caption&quot;:&quot;&quot;,&quot;created_timestamp&quot;:&quot;0&quot;,&quot;copyright&quot;:&quot;&quot;,&quot;focal_length&quot;:&quot;0&quot;,&quot;iso&quot;:&quot;0&quot;,&quot;shutter_speed&quot;:&quot;0&quot;,&quot;title&quot;:&quot;&quot;,&quot;orientation&quot;:&quot;0&quot;}\" data-image-title=\"Ford GT, Tamiya 1\/24\" data-image-description=\"&lt;p&gt;Ford GT, Tamiya 1\/24&lt;\/p&gt;\n\" data-image-caption=\"&lt;p&gt;Ford GT, Tamiya 1\/24&lt;\/p&gt;\n\" data-large-file=\"https:\/\/blog.ociomodell.com\/wordpress\/wp-content\/uploads\/2019\/07\/IMG-20190726-WA0005-1024x768.jpg\" class=\"size-medium wp-image-5027\" src=\"https:\/\/blog.ociomodell.com\/wordpress\/wp-content\/uploads\/2019\/07\/IMG-20190726-WA0005-300x225.jpg\" alt=\"Ford GT, Tamiya 1\/24\" width=\"300\" height=\"225\" title=\"\" srcset=\"https:\/\/blog.ociomodell.com\/wordpress\/wp-content\/uploads\/2019\/07\/IMG-20190726-WA0005-300x225.jpg 300w, https:\/\/blog.ociomodell.com\/wordpress\/wp-content\/uploads\/2019\/07\/IMG-20190726-WA0005-768x576.jpg 768w, https:\/\/blog.ociomodell.com\/wordpress\/wp-content\/uploads\/2019\/07\/IMG-20190726-WA0005-1024x768.jpg 1024w, https:\/\/blog.ociomodell.com\/wordpress\/wp-content\/uploads\/2019\/07\/IMG-20190726-WA0005-250x188.jpg 250w, https:\/\/blog.ociomodell.com\/wordpress\/wp-content\/uploads\/2019\/07\/IMG-20190726-WA0005.jpg 1600w\" sizes=\"auto, (max-width: 300px) 100vw, 300px\" \/><figcaption id=\"caption-attachment-5027\" class=\"wp-caption-text\">Ford GT, Tamiya 1\/24<\/figcaption><\/figure>\n<figure id=\"attachment_5028\" aria-describedby=\"caption-attachment-5028\" style=\"width: 300px\" class=\"wp-caption alignright\"><img loading=\"lazy\" decoding=\"async\" data-attachment-id=\"5028\" data-permalink=\"https:\/\/blog.ociomodell.com\/wordpress\/mis-casitas-de-munecas\/fotos-de-modelos\/vehiculos\/ford-gt-tamiya-124\/img_20190725_180823\/\" data-orig-file=\"https:\/\/blog.ociomodell.com\/wordpress\/wp-content\/uploads\/2019\/07\/IMG_20190725_180823.jpg\" data-orig-size=\"4160,3120\" data-comments-opened=\"1\" data-image-meta=\"{&quot;aperture&quot;:&quot;0&quot;,&quot;credit&quot;:&quot;&quot;,&quot;camera&quot;:&quot;Aquaris E5&quot;,&quot;caption&quot;:&quot;&quot;,&quot;created_timestamp&quot;:&quot;1564078103&quot;,&quot;copyright&quot;:&quot;&quot;,&quot;focal_length&quot;:&quot;4.6&quot;,&quot;iso&quot;:&quot;424&quot;,&quot;shutter_speed&quot;:&quot;0.058823529411765&quot;,&quot;title&quot;:&quot;&quot;,&quot;orientation&quot;:&quot;0&quot;}\" data-image-title=\"Ford GT, Tamiya 1\/24\" data-image-description=\"&lt;p&gt;Ford GT, Tamiya 1\/24&lt;\/p&gt;\n\" data-image-caption=\"&lt;p&gt;Ford GT, Tamiya 1\/24&lt;\/p&gt;\n\" data-large-file=\"https:\/\/blog.ociomodell.com\/wordpress\/wp-content\/uploads\/2019\/07\/IMG_20190725_180823-1024x768.jpg\" class=\"size-medium wp-image-5028\" src=\"https:\/\/blog.ociomodell.com\/wordpress\/wp-content\/uploads\/2019\/07\/IMG_20190725_180823-300x225.jpg\" alt=\"Ford GT, Tamiya 1\/24\" width=\"300\" height=\"225\" title=\"\" srcset=\"https:\/\/blog.ociomodell.com\/wordpress\/wp-content\/uploads\/2019\/07\/IMG_20190725_180823-300x225.jpg 300w, https:\/\/blog.ociomodell.com\/wordpress\/wp-content\/uploads\/2019\/07\/IMG_20190725_180823-768x576.jpg 768w, https:\/\/blog.ociomodell.com\/wordpress\/wp-content\/uploads\/2019\/07\/IMG_20190725_180823-1024x768.jpg 1024w, https:\/\/blog.ociomodell.com\/wordpress\/wp-content\/uploads\/2019\/07\/IMG_20190725_180823-250x188.jpg 250w\" sizes=\"auto, (max-width: 300px) 100vw, 300px\" \/><figcaption id=\"caption-attachment-5028\" class=\"wp-caption-text\">Ford GT, Tamiya 1\/24<\/figcaption><\/figure>\n<figure id=\"attachment_5025\" aria-describedby=\"caption-attachment-5025\" style=\"width: 300px\" class=\"wp-caption alignnone\"><img loading=\"lazy\" decoding=\"async\" data-attachment-id=\"5025\" data-permalink=\"https:\/\/blog.ociomodell.com\/wordpress\/mis-casitas-de-munecas\/fotos-de-modelos\/vehiculos\/ford-gt-tamiya-124\/img-20190726-wa0013\/\" data-orig-file=\"https:\/\/blog.ociomodell.com\/wordpress\/wp-content\/uploads\/2019\/07\/IMG-20190726-WA0013.jpg\" data-orig-size=\"1600,1200\" data-comments-opened=\"1\" data-image-meta=\"{&quot;aperture&quot;:&quot;0&quot;,&quot;credit&quot;:&quot;&quot;,&quot;camera&quot;:&quot;&quot;,&quot;caption&quot;:&quot;&quot;,&quot;created_timestamp&quot;:&quot;0&quot;,&quot;copyright&quot;:&quot;&quot;,&quot;focal_length&quot;:&quot;0&quot;,&quot;iso&quot;:&quot;0&quot;,&quot;shutter_speed&quot;:&quot;0&quot;,&quot;title&quot;:&quot;&quot;,&quot;orientation&quot;:&quot;0&quot;}\" data-image-title=\"Ford GT, Tamiya 1\/24\" data-image-description=\"&lt;p&gt;Ford GT, Tamiya 1\/24&lt;\/p&gt;\n\" data-image-caption=\"&lt;p&gt;Ford GT, Tamiya 1\/24&lt;\/p&gt;\n\" data-large-file=\"https:\/\/blog.ociomodell.com\/wordpress\/wp-content\/uploads\/2019\/07\/IMG-20190726-WA0013-1024x768.jpg\" class=\"size-medium wp-image-5025\" src=\"https:\/\/blog.ociomodell.com\/wordpress\/wp-content\/uploads\/2019\/07\/IMG-20190726-WA0013-300x225.jpg\" alt=\"Ford GT, Tamiya 1\/24\" width=\"300\" height=\"225\" title=\"\" srcset=\"https:\/\/blog.ociomodell.com\/wordpress\/wp-content\/uploads\/2019\/07\/IMG-20190726-WA0013-300x225.jpg 300w, https:\/\/blog.ociomodell.com\/wordpress\/wp-content\/uploads\/2019\/07\/IMG-20190726-WA0013-768x576.jpg 768w, https:\/\/blog.ociomodell.com\/wordpress\/wp-content\/uploads\/2019\/07\/IMG-20190726-WA0013-1024x768.jpg 1024w, https:\/\/blog.ociomodell.com\/wordpress\/wp-content\/uploads\/2019\/07\/IMG-20190726-WA0013-250x188.jpg 250w, https:\/\/blog.ociomodell.com\/wordpress\/wp-content\/uploads\/2019\/07\/IMG-20190726-WA0013.jpg 1600w\" sizes=\"auto, (max-width: 300px) 100vw, 300px\" \/><figcaption id=\"caption-attachment-5025\" class=\"wp-caption-text\">Ford GT, Tamiya 1\/24<\/figcaption><\/figure>\n","protected":false},"excerpt":{"rendered":"<p>Ford GT, Tamiya 1:24. Creado y pintado por los hermanos Jose Manuel y Luis Serrano. &nbsp; &nbsp; &nbsp;<\/p>\n","protected":false},"author":4,"featured_media":0,"parent":3314,"menu_order":0,"comment_status":"closed","ping_status":"closed","template":"","meta":{"jetpack_post_was_ever_published":false,"footnotes":"","_links_to":"","_links_to_target":""},"class_list":["post-5022","page","type-page","status-publish","hentry"],"jetpack_sharing_enabled":true,"jetpack_likes_enabled":true,"jetpack-related-posts":[{"id":3314,"url":"https:\/\/blog.ociomodell.com\/wordpress\/mis-casitas-de-munecas\/fotos-de-modelos\/vehiculos\/","url_meta":{"origin":5022,"position":0},"title":"Veh\u00edculos","author":"Paco Gomez","date":"7 junio, 2018","format":false,"excerpt":"\"LAS UVAS DE LA IRA\" CAMI\u00d3N II GUERRA MUNDIAL DESLIZADOR TERRESTRE X34, STAR WARS HUMMER H1 1:24 MERCEDES BENZ 300 SL FORD GT, TAMIYA 1:24","rel":"","context":"En \u00abautom\u00e1tico\u00bb","block_context":{"text":"autom\u00e1tico","link":"https:\/\/blog.ociomodell.com\/wordpress\/tag\/automatico\/"},"img":{"alt_text":"","src":"","width":0,"height":0},"classes":[]},{"id":5003,"url":"https:\/\/blog.ociomodell.com\/wordpress\/mis-casitas-de-munecas\/fotos-de-modelos\/vehiculos\/vehiculos\/","url_meta":{"origin":5022,"position":1},"title":"Mercedes Benz 300, Tamiya 1:24","author":"Mari Mar Navarro","date":"25 julio, 2019","format":false,"excerpt":"Mercedes Benz 300 SL, Tamiya 1:24 Creado por Jose Manuel Serrano y pintado por Luis Serrano. \u00a0","rel":"","context":"Entrada similar","block_context":{"text":"Entrada similar","link":""},"img":{"alt_text":"Mercedes Benz 300 SL, Tamiya 1\/24.","src":"https:\/\/i0.wp.com\/blog.ociomodell.com\/wordpress\/wp-content\/uploads\/2019\/07\/IMG_20190329_104823-300x225.jpg?resize=350%2C200&ssl=1","width":350,"height":200},"classes":[]},{"id":7056,"url":"https:\/\/blog.ociomodell.com\/wordpress\/catalogos\/catalogos-2022\/","url_meta":{"origin":5022,"position":2},"title":"Cat\u00e1logos 2022","author":"Paco Gomez","date":"9 febrero, 2022","format":false,"excerpt":"Secci\u00f3n Nuevos Cat\u00e1logos 2022 \u00a0 \u00a0","rel":"","context":"Entrada similar","block_context":{"text":"Entrada similar","link":""},"img":{"alt_text":"Cat\u00e1logo de novedades 2022 - TAMIYA - ITALIERI - EBBRO - DRAGON - ZVEZDA - SCALEXTRIC","src":"https:\/\/i0.wp.com\/blog.ociomodell.com\/wordpress\/wp-content\/uploads\/2022\/02\/Tamiya-300x213.jpg?resize=350%2C200&ssl=1","width":350,"height":200},"classes":[]},{"id":7578,"url":"https:\/\/blog.ociomodell.com\/wordpress\/catalogos\/catalogos-2023\/","url_meta":{"origin":5022,"position":3},"title":"Cat\u00e1logos 2023","author":"Paco Gomez","date":"17 febrero, 2023","format":false,"excerpt":"\u00a0 \u00a0 \u00a0 \u00a0 \u00a0 \u00a0 \u00a0 \u00a0 \u00a0 \u00a0","rel":"","context":"Entrada similar","block_context":{"text":"Entrada similar","link":""},"img":{"alt_text":"Tamiya cat\u00e1logo 2023","src":"https:\/\/i0.wp.com\/blog.ociomodell.com\/wordpress\/wp-content\/uploads\/2023\/02\/20879_TAMIYA_ToyFairNews_2023_rz_medium-300x212.jpg?resize=350%2C200&ssl=1","width":350,"height":200},"classes":[]},{"id":16800,"url":"https:\/\/blog.ociomodell.com\/wordpress\/reservas\/suscripcion-a-boletin-de-ociomodell-com\/","url_meta":{"origin":5022,"position":4},"title":"Suscripci\u00f3n a bolet\u00edn de ociomodell.com","author":"Paco Gomez","date":"11 abril, 2025","format":false,"excerpt":"","rel":"","context":"Entrada similar","block_context":{"text":"Entrada similar","link":""},"img":{"alt_text":"","src":"","width":0,"height":0},"classes":[]},{"id":6533,"url":"https:\/\/blog.ociomodell.com\/wordpress\/reservas\/talleres\/","url_meta":{"origin":5022,"position":5},"title":"Talleres \/ inscripci\u00f3n","author":"Paco Gomez","date":"6 agosto, 2021","format":false,"excerpt":"\u00a0 \u00a0","rel":"","context":"Entrada similar","block_context":{"text":"Entrada similar","link":""},"img":{"alt_text":"","src":"","width":0,"height":0},"classes":[]}],"jetpack_shortlink":"https:\/\/wp.me\/P7mZwQ-1j0","_links":{"self":[{"href":"https:\/\/blog.ociomodell.com\/wordpress\/wp-json\/wp\/v2\/pages\/5022","targetHints":{"allow":["GET"]}}],"collection":[{"href":"https:\/\/blog.ociomodell.com\/wordpress\/wp-json\/wp\/v2\/pages"}],"about":[{"href":"https:\/\/blog.ociomodell.com\/wordpress\/wp-json\/wp\/v2\/types\/page"}],"author":[{"embeddable":true,"href":"https:\/\/blog.ociomodell.com\/wordpress\/wp-json\/wp\/v2\/users\/4"}],"replies":[{"embeddable":true,"href":"https:\/\/blog.ociomodell.com\/wordpress\/wp-json\/wp\/v2\/comments?post=5022"}],"version-history":[{"count":0,"href":"https:\/\/blog.ociomodell.com\/wordpress\/wp-json\/wp\/v2\/pages\/5022\/revisions"}],"up":[{"embeddable":true,"href":"https:\/\/blog.ociomodell.com\/wordpress\/wp-json\/wp\/v2\/pages\/3314"}],"wp:attachment":[{"href":"https:\/\/blog.ociomodell.com\/wordpress\/wp-json\/wp\/v2\/media?parent=5022"}],"curies":[{"name":"wp","href":"https:\/\/api.w.org\/{rel}","templated":true}]}}