{"id":5399,"date":"2020-02-20T17:44:43","date_gmt":"2020-02-20T15:44:43","guid":{"rendered":"https:\/\/blog.ociomodell.com\/wordpress\/?page_id=5399"},"modified":"2020-09-14T22:48:21","modified_gmt":"2020-09-14T20:48:21","slug":"catalogo-2020","status":"publish","type":"page","link":"https:\/\/blog.ociomodell.com\/wordpress\/catalogos\/catalogo-2020\/","title":{"rendered":"Cat\u00e1logos 2020"},"content":{"rendered":"<figure id=\"attachment_5825\" aria-describedby=\"caption-attachment-5825\" style=\"width: 209px\" class=\"wp-caption aligncenter\"><a href=\"https:\/\/drive.google.com\/file\/d\/1CVhJOpWBshlC10fVG88TmLwkH_IJrlzT\/view?usp=sharing\" target=\"_blank\" rel=\"noopener noreferrer nofollow\"><img loading=\"lazy\" decoding=\"async\" data-attachment-id=\"5825\" data-permalink=\"https:\/\/blog.ociomodell.com\/wordpress\/catalogos\/catalogo-2020\/ammo-shaders-user-guide_web\/\" data-orig-file=\"https:\/\/blog.ociomodell.com\/wordpress\/wp-content\/uploads\/2020\/09\/ammo-shaders-user-guide_web.jpg\" data-orig-size=\"810,1162\" data-comments-opened=\"1\" data-image-meta=\"{&quot;aperture&quot;:&quot;0&quot;,&quot;credit&quot;:&quot;&quot;,&quot;camera&quot;:&quot;&quot;,&quot;caption&quot;:&quot;&quot;,&quot;created_timestamp&quot;:&quot;0&quot;,&quot;copyright&quot;:&quot;&quot;,&quot;focal_length&quot;:&quot;0&quot;,&quot;iso&quot;:&quot;0&quot;,&quot;shutter_speed&quot;:&quot;0&quot;,&quot;title&quot;:&quot;&quot;,&quot;orientation&quot;:&quot;1&quot;}\" data-image-title=\"Pinturas &amp;#8211; Shader, AMMO by MIG Jimenez\" data-image-description=\"&lt;p&gt;Pinturas &amp;#8211; Shader, AMMO by MIG Jimenez&lt;\/p&gt;\n\" data-image-caption=\"&lt;p&gt;Pinturas &amp;#8211; Shader, AMMO by MIG Jimenez&lt;\/p&gt;\n\" data-large-file=\"https:\/\/blog.ociomodell.com\/wordpress\/wp-content\/uploads\/2020\/09\/ammo-shaders-user-guide_web-714x1024.jpg\" class=\"size-medium wp-image-5825\" src=\"https:\/\/blog.ociomodell.com\/wordpress\/wp-content\/uploads\/2020\/09\/ammo-shaders-user-guide_web-209x300.jpg\" alt=\"Pinturas - Shader, AMMO by MIG Jimenez\" width=\"209\" height=\"300\" title=\"\" srcset=\"https:\/\/blog.ociomodell.com\/wordpress\/wp-content\/uploads\/2020\/09\/ammo-shaders-user-guide_web-209x300.jpg 209w, https:\/\/blog.ociomodell.com\/wordpress\/wp-content\/uploads\/2020\/09\/ammo-shaders-user-guide_web-714x1024.jpg 714w, https:\/\/blog.ociomodell.com\/wordpress\/wp-content\/uploads\/2020\/09\/ammo-shaders-user-guide_web-768x1102.jpg 768w, https:\/\/blog.ociomodell.com\/wordpress\/wp-content\/uploads\/2020\/09\/ammo-shaders-user-guide_web-250x359.jpg 250w, https:\/\/blog.ociomodell.com\/wordpress\/wp-content\/uploads\/2020\/09\/ammo-shaders-user-guide_web.jpg 810w\" sizes=\"auto, (max-width: 209px) 100vw, 209px\" \/><\/a><figcaption id=\"caption-attachment-5825\" class=\"wp-caption-text\">Pinturas &#8211; Shader, AMMO by MIG Jimenez<\/figcaption><\/figure>\n<figure id=\"attachment_5803\" aria-describedby=\"caption-attachment-5803\" style=\"width: 210px\" class=\"wp-caption aligncenter\"><a href=\"https:\/\/drive.google.com\/file\/d\/1jtvN44u6J4XhDqwCL67mXbFpxOA2cMv_\/view?usp=sharing\" target=\"_blank\" rel=\"noopener noreferrer nofollow\"><img loading=\"lazy\" decoding=\"async\" data-attachment-id=\"5803\" data-permalink=\"https:\/\/blog.ociomodell.com\/wordpress\/catalogos\/catalogo-2020\/revista_fw20_final_redu\/\" data-orig-file=\"https:\/\/blog.ociomodell.com\/wordpress\/wp-content\/uploads\/2020\/09\/Revista_FW20_final_redu-e1599664812622.jpg\" data-orig-size=\"150,214\" data-comments-opened=\"1\" data-image-meta=\"{&quot;aperture&quot;:&quot;0&quot;,&quot;credit&quot;:&quot;&quot;,&quot;camera&quot;:&quot;&quot;,&quot;caption&quot;:&quot;&quot;,&quot;created_timestamp&quot;:&quot;0&quot;,&quot;copyright&quot;:&quot;&quot;,&quot;focal_length&quot;:&quot;0&quot;,&quot;iso&quot;:&quot;0&quot;,&quot;shutter_speed&quot;:&quot;0&quot;,&quot;title&quot;:&quot;&quot;,&quot;orientation&quot;:&quot;1&quot;}\" data-image-title=\"Revista FREAK WARS 2.0\" data-image-description=\"&lt;p&gt;Revista FREAK WARS 2.0&lt;\/p&gt;\n\" data-image-caption=\"&lt;p&gt;Revista FREAK WARS 2.0&lt;\/p&gt;\n\" data-large-file=\"https:\/\/blog.ociomodell.com\/wordpress\/wp-content\/uploads\/2020\/09\/Revista_FW20_final_redu-716x1024.jpg\" class=\"size-medium wp-image-5803\" src=\"https:\/\/blog.ociomodell.com\/wordpress\/wp-content\/uploads\/2020\/09\/Revista_FW20_final_redu-210x300.jpg\" alt=\"Revista FREAK WARS 2.0\" width=\"210\" height=\"300\" title=\"\"><\/a><figcaption id=\"caption-attachment-5803\" class=\"wp-caption-text\">Revista FREAK WARS 2.0<\/figcaption><\/figure>\n<figure id=\"attachment_5405\" aria-describedby=\"caption-attachment-5405\" style=\"width: 210px\" class=\"wp-caption aligncenter\"><a href=\"https:\/\/drive.google.com\/open?id=1bZbXdCajjPlz5O8VGT6EKW7QQaxNY_SF\" target=\"_blank\" rel=\"noopener noreferrer nofollow\"><img loading=\"lazy\" decoding=\"async\" data-attachment-id=\"5405\" data-permalink=\"https:\/\/blog.ociomodell.com\/wordpress\/catalogos\/catalogo-2020\/ammo-catalogue_2020_redu_web_segu\/\" data-orig-file=\"https:\/\/blog.ociomodell.com\/wordpress\/wp-content\/uploads\/2020\/02\/AMMO-CATALOGUE_2020_redu_web_segu.png\" data-orig-size=\"922,1316\" data-comments-opened=\"1\" data-image-meta=\"{&quot;aperture&quot;:&quot;0&quot;,&quot;credit&quot;:&quot;&quot;,&quot;camera&quot;:&quot;&quot;,&quot;caption&quot;:&quot;&quot;,&quot;created_timestamp&quot;:&quot;0&quot;,&quot;copyright&quot;:&quot;&quot;,&quot;focal_length&quot;:&quot;0&quot;,&quot;iso&quot;:&quot;0&quot;,&quot;shutter_speed&quot;:&quot;0&quot;,&quot;title&quot;:&quot;&quot;,&quot;orientation&quot;:&quot;0&quot;}\" data-image-title=\"Cat\u00e1logo AMMO &amp;#8211; 2020\" data-image-description=\"&lt;p&gt;Cat\u00e1logo AMMO &amp;#8211; 2020&lt;\/p&gt;\n\" data-image-caption=\"&lt;p&gt;Cat\u00e1logo AMMO &amp;#8211; 2020&lt;\/p&gt;\n\" data-large-file=\"https:\/\/blog.ociomodell.com\/wordpress\/wp-content\/uploads\/2020\/02\/AMMO-CATALOGUE_2020_redu_web_segu-717x1024.png\" class=\"size-medium wp-image-5405\" src=\"https:\/\/blog.ociomodell.com\/wordpress\/wp-content\/uploads\/2020\/02\/AMMO-CATALOGUE_2020_redu_web_segu-210x300.png\" alt=\"Cat\u00e1logo AMMO - 2020\" width=\"210\" height=\"300\" title=\"\" srcset=\"https:\/\/blog.ociomodell.com\/wordpress\/wp-content\/uploads\/2020\/02\/AMMO-CATALOGUE_2020_redu_web_segu-210x300.png 210w, https:\/\/blog.ociomodell.com\/wordpress\/wp-content\/uploads\/2020\/02\/AMMO-CATALOGUE_2020_redu_web_segu-717x1024.png 717w, https:\/\/blog.ociomodell.com\/wordpress\/wp-content\/uploads\/2020\/02\/AMMO-CATALOGUE_2020_redu_web_segu-768x1096.png 768w, https:\/\/blog.ociomodell.com\/wordpress\/wp-content\/uploads\/2020\/02\/AMMO-CATALOGUE_2020_redu_web_segu-250x357.png 250w, https:\/\/blog.ociomodell.com\/wordpress\/wp-content\/uploads\/2020\/02\/AMMO-CATALOGUE_2020_redu_web_segu.png 922w\" sizes=\"auto, (max-width: 210px) 100vw, 210px\" \/><\/a><figcaption id=\"caption-attachment-5405\" class=\"wp-caption-text\">Cat\u00e1logo AMMO &#8211; 2020<\/figcaption><\/figure>\n<figure id=\"attachment_5407\" aria-describedby=\"caption-attachment-5407\" style=\"width: 210px\" class=\"wp-caption aligncenter\"><a href=\"https:\/\/drive.google.com\/open?id=1pl7Paokh87-zf3CRKcRM1Z1Hexh0eDHY\" target=\"_blank\" rel=\"noopener noreferrer nofollow\"><img loading=\"lazy\" decoding=\"async\" data-attachment-id=\"5407\" data-permalink=\"https:\/\/blog.ociomodell.com\/wordpress\/catalogos\/catalogo-2020\/ammo-sci-fi-catalogue_redu_web_segu\/\" data-orig-file=\"https:\/\/blog.ociomodell.com\/wordpress\/wp-content\/uploads\/2020\/02\/AMMO-SCI-FI-CATALOGUE_redu_web_segu.jpg\" data-orig-size=\"928,1324\" data-comments-opened=\"1\" data-image-meta=\"{&quot;aperture&quot;:&quot;0&quot;,&quot;credit&quot;:&quot;&quot;,&quot;camera&quot;:&quot;&quot;,&quot;caption&quot;:&quot;&quot;,&quot;created_timestamp&quot;:&quot;0&quot;,&quot;copyright&quot;:&quot;&quot;,&quot;focal_length&quot;:&quot;0&quot;,&quot;iso&quot;:&quot;0&quot;,&quot;shutter_speed&quot;:&quot;0&quot;,&quot;title&quot;:&quot;&quot;,&quot;orientation&quot;:&quot;0&quot;}\" data-image-title=\"Cat\u00e1logo AMMO SCIFI &amp;#8211; 2020\" data-image-description=\"&lt;p&gt;Cat\u00e1logo AMMO SCIFI &amp;#8211; 2020&lt;\/p&gt;\n\" data-image-caption=\"&lt;p&gt;Cat\u00e1logo AMMO SCIFI &amp;#8211; 2020&lt;\/p&gt;\n\" data-large-file=\"https:\/\/blog.ociomodell.com\/wordpress\/wp-content\/uploads\/2020\/02\/AMMO-SCI-FI-CATALOGUE_redu_web_segu-718x1024.jpg\" class=\"size-medium wp-image-5407\" src=\"https:\/\/blog.ociomodell.com\/wordpress\/wp-content\/uploads\/2020\/02\/AMMO-SCI-FI-CATALOGUE_redu_web_segu-210x300.jpg\" alt=\"Cat\u00e1logo AMMO SCIFI - 2020\" width=\"210\" height=\"300\" title=\"\" srcset=\"https:\/\/blog.ociomodell.com\/wordpress\/wp-content\/uploads\/2020\/02\/AMMO-SCI-FI-CATALOGUE_redu_web_segu-210x300.jpg 210w, https:\/\/blog.ociomodell.com\/wordpress\/wp-content\/uploads\/2020\/02\/AMMO-SCI-FI-CATALOGUE_redu_web_segu-718x1024.jpg 718w, https:\/\/blog.ociomodell.com\/wordpress\/wp-content\/uploads\/2020\/02\/AMMO-SCI-FI-CATALOGUE_redu_web_segu-768x1096.jpg 768w, https:\/\/blog.ociomodell.com\/wordpress\/wp-content\/uploads\/2020\/02\/AMMO-SCI-FI-CATALOGUE_redu_web_segu-250x357.jpg 250w, https:\/\/blog.ociomodell.com\/wordpress\/wp-content\/uploads\/2020\/02\/AMMO-SCI-FI-CATALOGUE_redu_web_segu.jpg 928w\" sizes=\"auto, (max-width: 210px) 100vw, 210px\" \/><\/a><figcaption id=\"caption-attachment-5407\" class=\"wp-caption-text\">Cat\u00e1logo AMMO SCIFI &#8211; 2020<\/figcaption><\/figure>\n<figure id=\"attachment_5408\" aria-describedby=\"caption-attachment-5408\" style=\"width: 300px\" class=\"wp-caption aligncenter\"><a href=\"https:\/\/drive.google.com\/open?id=1FqhemD-tHyLA5Kpt6sACUYOUkfwyuMRP\" target=\"_blank\" rel=\"noopener noreferrer nofollow\"><img loading=\"lazy\" decoding=\"async\" data-attachment-id=\"5408\" data-permalink=\"https:\/\/blog.ociomodell.com\/wordpress\/catalogos\/catalogo-2020\/miniart-models-catalogue-2020-42p_redu_web_segu\/\" data-orig-file=\"https:\/\/blog.ociomodell.com\/wordpress\/wp-content\/uploads\/2020\/02\/MiniArt-Models-Catalogue-2020-42p_redu_web_segu.jpg\" data-orig-size=\"1024,723\" data-comments-opened=\"1\" data-image-meta=\"{&quot;aperture&quot;:&quot;0&quot;,&quot;credit&quot;:&quot;&quot;,&quot;camera&quot;:&quot;&quot;,&quot;caption&quot;:&quot;&quot;,&quot;created_timestamp&quot;:&quot;0&quot;,&quot;copyright&quot;:&quot;&quot;,&quot;focal_length&quot;:&quot;0&quot;,&quot;iso&quot;:&quot;0&quot;,&quot;shutter_speed&quot;:&quot;0&quot;,&quot;title&quot;:&quot;&quot;,&quot;orientation&quot;:&quot;0&quot;}\" data-image-title=\"Cat\u00e1logo Miniart &amp;#8211; 2020\" data-image-description=\"&lt;p&gt;Cat\u00e1logo Miniart &amp;#8211; 2020&lt;\/p&gt;\n\" data-image-caption=\"&lt;p&gt;Cat\u00e1logo Miniart &amp;#8211; 2020&lt;\/p&gt;\n\" data-large-file=\"https:\/\/blog.ociomodell.com\/wordpress\/wp-content\/uploads\/2020\/02\/MiniArt-Models-Catalogue-2020-42p_redu_web_segu.jpg\" class=\"size-medium wp-image-5408\" src=\"https:\/\/blog.ociomodell.com\/wordpress\/wp-content\/uploads\/2020\/02\/MiniArt-Models-Catalogue-2020-42p_redu_web_segu-300x212.jpg\" alt=\"Cat\u00e1logo Miniart - 2020\" width=\"300\" height=\"212\" title=\"\" srcset=\"https:\/\/blog.ociomodell.com\/wordpress\/wp-content\/uploads\/2020\/02\/MiniArt-Models-Catalogue-2020-42p_redu_web_segu-300x212.jpg 300w, https:\/\/blog.ociomodell.com\/wordpress\/wp-content\/uploads\/2020\/02\/MiniArt-Models-Catalogue-2020-42p_redu_web_segu-768x542.jpg 768w, https:\/\/blog.ociomodell.com\/wordpress\/wp-content\/uploads\/2020\/02\/MiniArt-Models-Catalogue-2020-42p_redu_web_segu-250x177.jpg 250w, https:\/\/blog.ociomodell.com\/wordpress\/wp-content\/uploads\/2020\/02\/MiniArt-Models-Catalogue-2020-42p_redu_web_segu.jpg 1024w\" sizes=\"auto, (max-width: 300px) 100vw, 300px\" \/><\/a><figcaption id=\"caption-attachment-5408\" class=\"wp-caption-text\">Cat\u00e1logo Miniart &#8211; 2020<\/figcaption><\/figure>\n<p>&nbsp;<\/p>\n<figure id=\"attachment_5682\" aria-describedby=\"caption-attachment-5682\" style=\"width: 211px\" class=\"wp-caption aligncenter\"><a href=\"https:\/\/drive.google.com\/file\/d\/1Bqbh8KA2cjj3GwuZDOcueAJQv75dtfPp\/view?usp=sharing\" target=\"_blank\" rel=\"noopener noreferrer nofollow\"><img loading=\"lazy\" decoding=\"async\" data-attachment-id=\"5682\" data-permalink=\"https:\/\/blog.ociomodell.com\/wordpress\/catalogos\/catalogo-2020\/deluxe-materials-2018_redu_web\/\" data-orig-file=\"https:\/\/blog.ociomodell.com\/wordpress\/wp-content\/uploads\/2020\/06\/Deluxe-materials-2018_redu_web.jpg\" data-orig-size=\"814,1158\" data-comments-opened=\"1\" data-image-meta=\"{&quot;aperture&quot;:&quot;0&quot;,&quot;credit&quot;:&quot;&quot;,&quot;camera&quot;:&quot;&quot;,&quot;caption&quot;:&quot;&quot;,&quot;created_timestamp&quot;:&quot;0&quot;,&quot;copyright&quot;:&quot;&quot;,&quot;focal_length&quot;:&quot;0&quot;,&quot;iso&quot;:&quot;0&quot;,&quot;shutter_speed&quot;:&quot;0&quot;,&quot;title&quot;:&quot;&quot;,&quot;orientation&quot;:&quot;1&quot;}\" data-image-title=\"Deluxe materials &amp;#8211; 2018_redu_web\" data-image-description=\"&lt;p&gt;Deluxe Materials 2018&lt;\/p&gt;\n\" data-image-caption=\"&lt;p&gt;Deluxe Materials 2018&lt;\/p&gt;\n\" data-large-file=\"https:\/\/blog.ociomodell.com\/wordpress\/wp-content\/uploads\/2020\/06\/Deluxe-materials-2018_redu_web-720x1024.jpg\" class=\"size-medium wp-image-5682\" src=\"https:\/\/blog.ociomodell.com\/wordpress\/wp-content\/uploads\/2020\/06\/Deluxe-materials-2018_redu_web-211x300.jpg\" alt=\"Deluxe Materials 2018\" width=\"211\" height=\"300\" title=\"\" srcset=\"https:\/\/blog.ociomodell.com\/wordpress\/wp-content\/uploads\/2020\/06\/Deluxe-materials-2018_redu_web-211x300.jpg 211w, https:\/\/blog.ociomodell.com\/wordpress\/wp-content\/uploads\/2020\/06\/Deluxe-materials-2018_redu_web-720x1024.jpg 720w, https:\/\/blog.ociomodell.com\/wordpress\/wp-content\/uploads\/2020\/06\/Deluxe-materials-2018_redu_web-768x1093.jpg 768w, https:\/\/blog.ociomodell.com\/wordpress\/wp-content\/uploads\/2020\/06\/Deluxe-materials-2018_redu_web-250x356.jpg 250w, https:\/\/blog.ociomodell.com\/wordpress\/wp-content\/uploads\/2020\/06\/Deluxe-materials-2018_redu_web.jpg 814w\" sizes=\"auto, (max-width: 211px) 100vw, 211px\" \/><\/a><figcaption id=\"caption-attachment-5682\" class=\"wp-caption-text\">Deluxe Materials 2018<\/figcaption><\/figure>\n<p>&nbsp;<\/p>\n","protected":false},"excerpt":{"rendered":"<p>&nbsp; &nbsp;<\/p>\n","protected":false},"author":4,"featured_media":0,"parent":41,"menu_order":0,"comment_status":"closed","ping_status":"closed","template":"","meta":{"footnotes":"","_links_to":"","_links_to_target":""},"class_list":["post-5399","page","type-page","status-publish","hentry"],"jetpack_sharing_enabled":true,"jetpack_likes_enabled":true,"jetpack-related-posts":[{"id":16800,"url":"https:\/\/blog.ociomodell.com\/wordpress\/reservas\/suscripcion-a-boletin-de-ociomodell-com\/","url_meta":{"origin":5399,"position":0},"title":"Suscripci\u00f3n a bolet\u00edn de ociomodell.com","author":"Paco Gomez","date":"11 abril, 2025","format":false,"excerpt":"","rel":"","context":"Entrada similar","block_context":{"text":"Entrada similar","link":""},"img":{"alt_text":"","src":"","width":0,"height":0},"classes":[]},{"id":6533,"url":"https:\/\/blog.ociomodell.com\/wordpress\/reservas\/talleres\/","url_meta":{"origin":5399,"position":1},"title":"Talleres \/ inscripci\u00f3n","author":"Paco Gomez","date":"6 agosto, 2021","format":false,"excerpt":"\u00a0 \u00a0","rel":"","context":"Entrada similar","block_context":{"text":"Entrada similar","link":""},"img":{"alt_text":"","src":"","width":0,"height":0},"classes":[]},{"id":806,"url":"https:\/\/blog.ociomodell.com\/wordpress\/reservas\/encuesta-de-satisfaccion\/","url_meta":{"origin":5399,"position":2},"title":"Encuesta de satisfacci\u00f3n","author":"Paco Gomez","date":"7 febrero, 2017","format":false,"excerpt":"\u00a0 \u00a0","rel":"","context":"En \u00abde\u00bb","block_context":{"text":"de","link":"https:\/\/blog.ociomodell.com\/wordpress\/tag\/de\/"},"img":{"alt_text":"","src":"","width":0,"height":0},"classes":[]},{"id":6535,"url":"https:\/\/blog.ociomodell.com\/wordpress\/reservas\/talleres\/taller-ociomodell-11-de-septiembre-de-2021\/","url_meta":{"origin":5399,"position":3},"title":"Taller Ociomodell 11 de Septiembre de 2021","author":"Paco Gomez","date":"6 agosto, 2021","format":false,"excerpt":"\u00a0","rel":"","context":"Entrada similar","block_context":{"text":"Entrada similar","link":""},"img":{"alt_text":"","src":"","width":0,"height":0},"classes":[]},{"id":6539,"url":"https:\/\/blog.ociomodell.com\/wordpress\/reservas\/talleres\/taller-ociomodeli-del-18-de-septiembre-de-2021\/","url_meta":{"origin":5399,"position":4},"title":"Taller OciomodelI 18 de Septiembre de 2021","author":"Paco Gomez","date":"6 agosto, 2021","format":false,"excerpt":"","rel":"","context":"Entrada similar","block_context":{"text":"Entrada similar","link":""},"img":{"alt_text":"","src":"","width":0,"height":0},"classes":[]},{"id":6785,"url":"https:\/\/blog.ociomodell.com\/wordpress\/reservas\/talleres\/formulario-de-inscripcion-al-talleres-charlas-en-ociomodell-com\/","url_meta":{"origin":5399,"position":5},"title":"Formulario de Inscripci\u00f3n a Talleres \/ Charlas en Ociomodell.com","author":"Paco Gomez","date":"26 octubre, 2021","format":false,"excerpt":"Dirigido: Horario: Inscripci\u00f3n: por tel\u00e9fono, email o en la tienda f\u00edsica Lugar: Tienda ociomodell.com - Avd. San Juan de la Pe\u00f1a, 14, Zaragoza Tel\u00e9fono: 611697120 Email: info@ociomodell.com \u00a1AFORO LIMITADO!","rel":"","context":"Entrada similar","block_context":{"text":"Entrada similar","link":""},"img":{"alt_text":"","src":"","width":0,"height":0},"classes":[]}],"jetpack_shortlink":"https:\/\/wp.me\/P7mZwQ-1p5","_links":{"self":[{"href":"https:\/\/blog.ociomodell.com\/wordpress\/wp-json\/wp\/v2\/pages\/5399","targetHints":{"allow":["GET"]}}],"collection":[{"href":"https:\/\/blog.ociomodell.com\/wordpress\/wp-json\/wp\/v2\/pages"}],"about":[{"href":"https:\/\/blog.ociomodell.com\/wordpress\/wp-json\/wp\/v2\/types\/page"}],"author":[{"embeddable":true,"href":"https:\/\/blog.ociomodell.com\/wordpress\/wp-json\/wp\/v2\/users\/4"}],"replies":[{"embeddable":true,"href":"https:\/\/blog.ociomodell.com\/wordpress\/wp-json\/wp\/v2\/comments?post=5399"}],"version-history":[{"count":0,"href":"https:\/\/blog.ociomodell.com\/wordpress\/wp-json\/wp\/v2\/pages\/5399\/revisions"}],"up":[{"embeddable":true,"href":"https:\/\/blog.ociomodell.com\/wordpress\/wp-json\/wp\/v2\/pages\/41"}],"wp:attachment":[{"href":"https:\/\/blog.ociomodell.com\/wordpress\/wp-json\/wp\/v2\/media?parent=5399"}],"curies":[{"name":"wp","href":"https:\/\/api.w.org\/{rel}","templated":true}]}}