{"id":6533,"date":"2021-08-06T16:47:31","date_gmt":"2021-08-06T14:47:31","guid":{"rendered":"https:\/\/blog.ociomodell.com\/wordpress\/?page_id=6533"},"modified":"2024-10-08T14:15:15","modified_gmt":"2024-10-08T12:15:15","slug":"talleres","status":"publish","type":"page","link":"https:\/\/blog.ociomodell.com\/wordpress\/reservas\/talleres\/","title":{"rendered":"Talleres \/ inscripci\u00f3n"},"content":{"rendered":"<p>&nbsp;<\/p>\n<p>&nbsp;<\/p>\n\n<div class=\"wpcf7 no-js\" id=\"wpcf7-f6784-o1\" lang=\"es-ES\" dir=\"ltr\" data-wpcf7-id=\"6784\">\n<div class=\"screen-reader-response\"><p role=\"status\" aria-live=\"polite\" aria-atomic=\"true\"><\/p> <ul><\/ul><\/div>\n<form action=\"\/wordpress\/wp-json\/wp\/v2\/pages\/6533#wpcf7-f6784-o1\" method=\"post\" class=\"wpcf7-form init\" aria-label=\"Formulario de contacto\" novalidate=\"novalidate\" data-status=\"init\">\n<fieldset class=\"hidden-fields-container\"><input type=\"hidden\" name=\"_wpcf7\" value=\"6784\" \/><input type=\"hidden\" name=\"_wpcf7_version\" value=\"6.1.5\" \/><input type=\"hidden\" name=\"_wpcf7_locale\" value=\"es_ES\" \/><input type=\"hidden\" name=\"_wpcf7_unit_tag\" value=\"wpcf7-f6784-o1\" \/><input type=\"hidden\" name=\"_wpcf7_container_post\" value=\"0\" \/><input type=\"hidden\" name=\"_wpcf7_posted_data_hash\" value=\"\" \/>\n<\/fieldset>\n<p><b>Formulario de Inscripci\u00f3n a Talleres \/ Charlas en Ociomodell.com<\/b>\n<\/p>\n<p><label> Indique el Taller\/Charla al que quiere inscribirse (requerido)<br \/>\n<span class=\"wpcf7-form-control-wrap\" data-name=\"taller-charla\"><input size=\"40\" maxlength=\"400\" class=\"wpcf7-form-control wpcf7-text wpcf7-validates-as-required\" aria-required=\"true\" aria-invalid=\"false\" value=\"\" type=\"text\" name=\"taller-charla\" \/><\/span> <\/label>\n<\/p>\n<p><label> Su nombre y apellidos (requerido)<br \/>\n<span class=\"wpcf7-form-control-wrap\" data-name=\"your-name\"><input size=\"40\" maxlength=\"400\" class=\"wpcf7-form-control wpcf7-text wpcf7-validates-as-required\" aria-required=\"true\" aria-invalid=\"false\" value=\"\" type=\"text\" name=\"your-name\" \/><\/span> <\/label>\n<\/p>\n<p><label> Su correo electr\u00f3nico (requerido)<br \/>\n<span class=\"wpcf7-form-control-wrap\" data-name=\"your-email\"><input size=\"40\" maxlength=\"400\" class=\"wpcf7-form-control wpcf7-email wpcf7-validates-as-required wpcf7-text wpcf7-validates-as-email\" aria-required=\"true\" aria-invalid=\"false\" value=\"\" type=\"email\" name=\"your-email\" \/><\/span> <\/label>\n<\/p>\n<p><label>Su tel\u00e9fono (requerido)<br \/>\n<span class=\"wpcf7-form-control-wrap\" data-name=\"tel-707\"><input size=\"40\" maxlength=\"400\" class=\"wpcf7-form-control wpcf7-tel wpcf7-validates-as-required wpcf7-text wpcf7-validates-as-tel\" aria-required=\"true\" aria-invalid=\"false\" value=\"\" type=\"tel\" name=\"tel-707\" \/><\/span> <\/label>\n<\/p>\n<p><label> Edad del participante<br \/>\n<span class=\"wpcf7-form-control-wrap\" data-name=\"number-456\"><input class=\"wpcf7-form-control wpcf7-number wpcf7-validates-as-required wpcf7-validates-as-number\" aria-required=\"true\" aria-invalid=\"false\" value=\"\" type=\"number\" name=\"number-456\" \/><\/span> <\/label>\n<\/p>\n<p><label> \u00bfAlguna observaci\u00f3n quiere incluir?<br \/>\n<span class=\"wpcf7-form-control-wrap\" data-name=\"textarea-492\"><textarea cols=\"40\" rows=\"10\" maxlength=\"2000\" class=\"wpcf7-form-control wpcf7-textarea\" aria-invalid=\"false\" name=\"textarea-492\"><\/textarea><\/span> <\/label>\n<\/p>\n<p><span><span class=\"wpcf7-form-control-wrap\" data-name=\"acceptance-279\"><span class=\"wpcf7-form-control wpcf7-acceptance\"><span class=\"wpcf7-list-item\"><input type=\"checkbox\" name=\"acceptance-279\" value=\"1\" aria-invalid=\"false\" \/><\/span><\/span><\/span> He le\u00eddo y acepto el <a target=\"_blank\" rel=\"nofollow noopener noreferrer\" href=\"https:\/\/blog.ociomodell.com\/wordpress\/avisos-legales\">Aviso Legal<\/a> y la <a target=\"_blank\" rel=\"nofollow noopener noreferrer\" href=\"https:\/\/blog.ociomodell.com\/wordpress\/politica-de-privacidad\">Pol\u00edtica de Privacidad<\/a>.<\/span>\n<\/p>\n<p><span><span class=\"wpcf7-form-control-wrap\" data-name=\"acceptance-414\"><span class=\"wpcf7-form-control wpcf7-acceptance\"><span class=\"wpcf7-list-item\"><input type=\"checkbox\" name=\"acceptance-414\" value=\"1\" aria-invalid=\"false\" \/><\/span><\/span><\/span> Declaro, bajo mi propia responsabilidad, ser mayor de 18 a\u00f1os y respondo de manera exclusiva de la veracidad de dicha declaraci\u00f3n.<\/span>\n<\/p>\n<p><span><span class=\"wpcf7-form-control-wrap\" data-name=\"acceptance-415\"><span class=\"wpcf7-form-control wpcf7-acceptance\"><span class=\"wpcf7-list-item\"><input type=\"checkbox\" name=\"acceptance-415\" value=\"1\" aria-invalid=\"false\" \/><\/span><\/span><\/span> Acepto recibir la informaci\u00f3n que la entidad considere oportuno enviarme por correo electr\u00f3nico o medio de comunicaci\u00f3n electr\u00f3nica equivalente. (Es posible darse de baja en cualquier momento).<\/span>\n<\/p>\n<p><input class=\"wpcf7-form-control wpcf7-submit has-spinner\" type=\"submit\" value=\"Enviar\" \/>\n<\/p><p style=\"display: none !important;\" class=\"akismet-fields-container\" data-prefix=\"_wpcf7_ak_\"><label>&#916;<textarea name=\"_wpcf7_ak_hp_textarea\" cols=\"45\" rows=\"8\" maxlength=\"100\"><\/textarea><\/label><input type=\"hidden\" id=\"ak_js_1\" name=\"_wpcf7_ak_js\" value=\"223\"\/><script data-jetpack-boost=\"ignore\">document.getElementById( \"ak_js_1\" ).setAttribute( \"value\", ( new Date() ).getTime() );<\/script><\/p><div class=\"wpcf7-response-output\" aria-hidden=\"true\"><\/div>\n<\/form>\n<\/div>\n\n","protected":false},"excerpt":{"rendered":"<p>&nbsp; &nbsp;<\/p>\n","protected":false},"author":2,"featured_media":0,"parent":35,"menu_order":0,"comment_status":"closed","ping_status":"closed","template":"","meta":{"jetpack_post_was_ever_published":false,"footnotes":"","_links_to":"","_links_to_target":""},"class_list":["post-6533","page","type-page","status-publish","hentry"],"jetpack_sharing_enabled":true,"jetpack_likes_enabled":true,"jetpack-related-posts":[{"id":6785,"url":"https:\/\/blog.ociomodell.com\/wordpress\/reservas\/talleres\/formulario-de-inscripcion-al-talleres-charlas-en-ociomodell-com\/","url_meta":{"origin":6533,"position":0},"title":"Formulario de Inscripci\u00f3n a Talleres \/ Charlas en Ociomodell.com","author":"Paco Gomez","date":"26 octubre, 2021","format":false,"excerpt":"Dirigido: Horario: Inscripci\u00f3n: por tel\u00e9fono, email o en la tienda f\u00edsica Lugar: Tienda ociomodell.com - Avd. San Juan de la Pe\u00f1a, 14, Zaragoza Tel\u00e9fono: 611697120 Email: info@ociomodell.com \u00a1AFORO LIMITADO!","rel":"","context":"Entrada similar","block_context":{"text":"Entrada similar","link":""},"img":{"alt_text":"","src":"","width":0,"height":0},"classes":[]},{"id":6535,"url":"https:\/\/blog.ociomodell.com\/wordpress\/reservas\/talleres\/taller-ociomodell-11-de-septiembre-de-2021\/","url_meta":{"origin":6533,"position":1},"title":"Taller Ociomodell 11 de Septiembre de 2021","author":"Paco Gomez","date":"6 agosto, 2021","format":false,"excerpt":"\u00a0","rel":"","context":"Entrada similar","block_context":{"text":"Entrada similar","link":""},"img":{"alt_text":"","src":"","width":0,"height":0},"classes":[]},{"id":6539,"url":"https:\/\/blog.ociomodell.com\/wordpress\/reservas\/talleres\/taller-ociomodeli-del-18-de-septiembre-de-2021\/","url_meta":{"origin":6533,"position":2},"title":"Taller OciomodelI 18 de Septiembre de 2021","author":"Paco Gomez","date":"6 agosto, 2021","format":false,"excerpt":"","rel":"","context":"Entrada similar","block_context":{"text":"Entrada similar","link":""},"img":{"alt_text":"","src":"","width":0,"height":0},"classes":[]},{"id":35,"url":"https:\/\/blog.ociomodell.com\/wordpress\/reservas\/","url_meta":{"origin":6533,"position":3},"title":"Reservas","author":"ociomodell","date":"23 marzo, 2016","format":false,"excerpt":"Ociomodell.com se pondr\u00e1 en breve en contacto con usted, mediante Email o por tel\u00e9fono, para asignarle un n\u00famero de reserva. Si no recibe comunicaci\u00f3n , mande un email a info@ociomodell.com recordando la asignaci\u00f3n del n\u00famero de reserva. El n\u00famero de reserva es imprescindible para la confirmaci\u00f3n de la reserva y\u2026","rel":"","context":"En \u00abreservas\u00bb","block_context":{"text":"reservas","link":"https:\/\/blog.ociomodell.com\/wordpress\/tag\/reservas\/"},"img":{"alt_text":"","src":"","width":0,"height":0},"classes":[]},{"id":12284,"url":"https:\/\/blog.ociomodell.com\/wordpress\/category\/taller-de-modelismo\/","url_meta":{"origin":6533,"position":4},"title":"Talleres en Ociomodell.com","author":"Paco Gomez","date":"28 julio, 2024","format":false,"excerpt":"","rel":"","context":"Entrada similar","block_context":{"text":"Entrada similar","link":""},"img":{"alt_text":"","src":"","width":0,"height":0},"classes":[]},{"id":806,"url":"https:\/\/blog.ociomodell.com\/wordpress\/reservas\/encuesta-de-satisfaccion\/","url_meta":{"origin":6533,"position":5},"title":"Encuesta de satisfacci\u00f3n","author":"Paco Gomez","date":"7 febrero, 2017","format":false,"excerpt":"\u00a0 \u00a0","rel":"","context":"En \u00abde\u00bb","block_context":{"text":"de","link":"https:\/\/blog.ociomodell.com\/wordpress\/tag\/de\/"},"img":{"alt_text":"","src":"","width":0,"height":0},"classes":[]}],"jetpack_shortlink":"https:\/\/wp.me\/P7mZwQ-1Hn","_links":{"self":[{"href":"https:\/\/blog.ociomodell.com\/wordpress\/wp-json\/wp\/v2\/pages\/6533","targetHints":{"allow":["GET"]}}],"collection":[{"href":"https:\/\/blog.ociomodell.com\/wordpress\/wp-json\/wp\/v2\/pages"}],"about":[{"href":"https:\/\/blog.ociomodell.com\/wordpress\/wp-json\/wp\/v2\/types\/page"}],"author":[{"embeddable":true,"href":"https:\/\/blog.ociomodell.com\/wordpress\/wp-json\/wp\/v2\/users\/2"}],"replies":[{"embeddable":true,"href":"https:\/\/blog.ociomodell.com\/wordpress\/wp-json\/wp\/v2\/comments?post=6533"}],"version-history":[{"count":0,"href":"https:\/\/blog.ociomodell.com\/wordpress\/wp-json\/wp\/v2\/pages\/6533\/revisions"}],"up":[{"embeddable":true,"href":"https:\/\/blog.ociomodell.com\/wordpress\/wp-json\/wp\/v2\/pages\/35"}],"wp:attachment":[{"href":"https:\/\/blog.ociomodell.com\/wordpress\/wp-json\/wp\/v2\/media?parent=6533"}],"curies":[{"name":"wp","href":"https:\/\/api.w.org\/{rel}","templated":true}]}}