{"id":6712,"date":"2021-10-07T11:58:23","date_gmt":"2021-10-07T10:58:23","guid":{"rendered":"https:\/\/blog.ociomodell.com\/wordpress\/?page_id=6712"},"modified":"2021-10-07T12:02:14","modified_gmt":"2021-10-07T11:02:14","slug":"fotografias-de-actividades","status":"publish","type":"page","link":"https:\/\/blog.ociomodell.com\/wordpress\/mis-casitas-de-munecas\/fotografias-de-actividades\/","title":{"rendered":"Fotos de actividades"},"content":{"rendered":"","protected":false},"excerpt":{"rendered":"","protected":false},"author":2,"featured_media":0,"parent":1167,"menu_order":0,"comment_status":"closed","ping_status":"closed","template":"","meta":{"jetpack_post_was_ever_published":false,"footnotes":"","_links_to":"","_links_to_target":""},"class_list":["post-6712","page","type-page","status-publish","hentry"],"jetpack_sharing_enabled":true,"jetpack_likes_enabled":true,"jetpack-related-posts":[{"id":6715,"url":"https:\/\/blog.ociomodell.com\/wordpress\/mis-casitas-de-munecas\/fotografias-de-actividades\/fotos-taller-11oct21\/","url_meta":{"origin":6712,"position":0},"title":"FOTOS TALER 11OCT21","author":"Paco Gomez","date":"7 octubre, 2021","format":false,"excerpt":"","rel":"","context":"Entrada similar","block_context":{"text":"Entrada similar","link":""},"img":{"alt_text":"Fotos del Taller de aerograf\u00eda 11\/09\/21","src":"https:\/\/i0.wp.com\/blog.ociomodell.com\/wordpress\/wp-content\/uploads\/2021\/09\/imagen_de_viber_2021-09-14_21-57-01-601-300x225.jpg?resize=350%2C200&ssl=1","width":350,"height":200},"classes":[]},{"id":6718,"url":"https:\/\/blog.ociomodell.com\/wordpress\/mis-casitas-de-munecas\/fotografias-de-actividades\/fotos-taller-18oct21\/","url_meta":{"origin":6712,"position":1},"title":"FOTOS TALLER 18OCT21","author":"Paco Gomez","date":"7 octubre, 2021","format":false,"excerpt":"","rel":"","context":"Entrada similar","block_context":{"text":"Entrada similar","link":""},"img":{"alt_text":"Fotos del Taller de aerograf\u00eda 18\/09\/21","src":"https:\/\/i0.wp.com\/blog.ociomodell.com\/wordpress\/wp-content\/uploads\/2021\/09\/IMG-20210918-WA0002-300x225.jpg?resize=350%2C200&ssl=1","width":350,"height":200},"classes":[]},{"id":3294,"url":"https:\/\/blog.ociomodell.com\/wordpress\/mis-casitas-de-munecas\/fotos-de-modelos\/","url_meta":{"origin":6712,"position":2},"title":"Fotos de modelos","author":"Paco Gomez","date":"7 junio, 2018","format":false,"excerpt":"Fotos de modelos realizados por clientes: AVIONES BARCOS CONSTRUCCIONES VEH\u00cdCULOS","rel":"","context":"En \u00abde\u00bb","block_context":{"text":"de","link":"https:\/\/blog.ociomodell.com\/wordpress\/tag\/de\/"},"img":{"alt_text":"","src":"","width":0,"height":0},"classes":[]},{"id":1157,"url":"https:\/\/blog.ociomodell.com\/wordpress\/mis-casitas-de-munecas\/mis-casitas\/","url_meta":{"origin":6712,"position":3},"title":"Mis casitas de mu\u00f1ecas..","author":"Paco Gomez","date":"29 marzo, 2017","format":false,"excerpt":"Las casas de mu\u00f1ecas crean la ilusi\u00f3n de la recreaci\u00f3n de un mundo de fantas\u00eda al alcance de nuestra mano. Nuestra casita es nuestra casa ideal en miniatura, nuestro sal\u00f3n de juegos que moldeamos y construimos a nuestro gusto. La gran variedad de complementos, marcas y soluciones crean un sinf\u00edn\u2026","rel":"","context":"En \u00abcasitas\u00bb","block_context":{"text":"casitas","link":"https:\/\/blog.ociomodell.com\/wordpress\/tag\/casitas\/"},"img":{"alt_text":"Casita de mu\u00f1ecas de Marimar - Ociomodell.com","src":"https:\/\/i0.wp.com\/blog.ociomodell.com\/wordpress\/wp-content\/uploads\/2017\/03\/Marimar_5-1024x760.jpeg?resize=350%2C200&ssl=1","width":350,"height":200,"srcset":"https:\/\/i0.wp.com\/blog.ociomodell.com\/wordpress\/wp-content\/uploads\/2017\/03\/Marimar_5-1024x760.jpeg?resize=350%2C200&ssl=1 1x, https:\/\/i0.wp.com\/blog.ociomodell.com\/wordpress\/wp-content\/uploads\/2017\/03\/Marimar_5-1024x760.jpeg?resize=525%2C300&ssl=1 1.5x, https:\/\/i0.wp.com\/blog.ociomodell.com\/wordpress\/wp-content\/uploads\/2017\/03\/Marimar_5-1024x760.jpeg?resize=700%2C400&ssl=1 2x, https:\/\/i0.wp.com\/blog.ociomodell.com\/wordpress\/wp-content\/uploads\/2017\/03\/Marimar_5-1024x760.jpeg?resize=1050%2C600&ssl=1 3x, https:\/\/i0.wp.com\/blog.ociomodell.com\/wordpress\/wp-content\/uploads\/2017\/03\/Marimar_5-1024x760.jpeg?resize=1400%2C800&ssl=1 4x"},"classes":[]},{"id":4225,"url":"https:\/\/blog.ociomodell.com\/wordpress\/mis-casitas-de-munecas\/fotos-de-modelos\/barcos\/acorazado-tirpiz-ricardo-yubero\/","url_meta":{"origin":6712,"position":4},"title":"Acorazado\u00a0Tirpiz","author":"Paco Gomez","date":"3 octubre, 2018","format":false,"excerpt":"Fotos del\u00a0\u00a0acorazado \"tirpiz\" a escala 1\/350. De la marina alemana de la WWII (Realizado por Ricardo Yubero) \u00a0","rel":"","context":"En \u00abautom\u00e1tico\u00bb","block_context":{"text":"autom\u00e1tico","link":"https:\/\/blog.ociomodell.com\/wordpress\/tag\/automatico\/"},"img":{"alt_text":"Fotograf\u00edas - Acorazado\u00a0Tirpiz","src":"https:\/\/i0.wp.com\/blog.ociomodell.com\/wordpress\/wp-content\/uploads\/2018\/10\/IMG-20180925-WA0006.jpg?resize=350%2C200&ssl=1","width":350,"height":200,"srcset":"https:\/\/i0.wp.com\/blog.ociomodell.com\/wordpress\/wp-content\/uploads\/2018\/10\/IMG-20180925-WA0006.jpg?resize=350%2C200&ssl=1 1x, https:\/\/i0.wp.com\/blog.ociomodell.com\/wordpress\/wp-content\/uploads\/2018\/10\/IMG-20180925-WA0006.jpg?resize=525%2C300&ssl=1 1.5x, https:\/\/i0.wp.com\/blog.ociomodell.com\/wordpress\/wp-content\/uploads\/2018\/10\/IMG-20180925-WA0006.jpg?resize=700%2C400&ssl=1 2x, https:\/\/i0.wp.com\/blog.ociomodell.com\/wordpress\/wp-content\/uploads\/2018\/10\/IMG-20180925-WA0006.jpg?resize=1050%2C600&ssl=1 3x, https:\/\/i0.wp.com\/blog.ociomodell.com\/wordpress\/wp-content\/uploads\/2018\/10\/IMG-20180925-WA0006.jpg?resize=1400%2C800&ssl=1 4x"},"classes":[]},{"id":3647,"url":"https:\/\/blog.ociomodell.com\/wordpress\/mis-casitas-de-munecas\/fotos-de-modelos\/barcos\/","url_meta":{"origin":6712,"position":5},"title":"Barcos","author":"Paco Gomez","date":"7 julio, 2018","format":false,"excerpt":"PORTAAVIONES","rel":"","context":"En \u00abbarcos\u00bb","block_context":{"text":"barcos","link":"https:\/\/blog.ociomodell.com\/wordpress\/tag\/barcos\/"},"img":{"alt_text":"","src":"","width":0,"height":0},"classes":[]}],"jetpack_shortlink":"https:\/\/wp.me\/P7mZwQ-1Kg","_links":{"self":[{"href":"https:\/\/blog.ociomodell.com\/wordpress\/wp-json\/wp\/v2\/pages\/6712","targetHints":{"allow":["GET"]}}],"collection":[{"href":"https:\/\/blog.ociomodell.com\/wordpress\/wp-json\/wp\/v2\/pages"}],"about":[{"href":"https:\/\/blog.ociomodell.com\/wordpress\/wp-json\/wp\/v2\/types\/page"}],"author":[{"embeddable":true,"href":"https:\/\/blog.ociomodell.com\/wordpress\/wp-json\/wp\/v2\/users\/2"}],"replies":[{"embeddable":true,"href":"https:\/\/blog.ociomodell.com\/wordpress\/wp-json\/wp\/v2\/comments?post=6712"}],"version-history":[{"count":0,"href":"https:\/\/blog.ociomodell.com\/wordpress\/wp-json\/wp\/v2\/pages\/6712\/revisions"}],"up":[{"embeddable":true,"href":"https:\/\/blog.ociomodell.com\/wordpress\/wp-json\/wp\/v2\/pages\/1167"}],"wp:attachment":[{"href":"https:\/\/blog.ociomodell.com\/wordpress\/wp-json\/wp\/v2\/media?parent=6712"}],"curies":[{"name":"wp","href":"https:\/\/api.w.org\/{rel}","templated":true}]}}