{"id":6785,"date":"2021-10-26T18:02:44","date_gmt":"2021-10-26T17:02:44","guid":{"rendered":"https:\/\/blog.ociomodell.com\/wordpress\/?page_id=6785"},"modified":"2024-10-08T14:10:20","modified_gmt":"2024-10-08T12:10:20","slug":"formulario-de-inscripcion-al-talleres-charlas-en-ociomodell-com","status":"publish","type":"page","link":"https:\/\/blog.ociomodell.com\/wordpress\/reservas\/talleres\/formulario-de-inscripcion-al-talleres-charlas-en-ociomodell-com\/","title":{"rendered":"Formulario de Inscripci\u00f3n a Talleres \/ Charlas en Ociomodell.com"},"content":{"rendered":"<h5><\/h5>\n<p><strong>Dirigido:<\/strong><\/p>\n<p><strong>Horario:<\/strong><\/p>\n<p><strong>Inscripci\u00f3n:<\/strong> por tel\u00e9fono, email o en la tienda f\u00edsica<\/p>\n<p><strong>Lugar:<\/strong> Tienda <a href=\"https:\/\/ociomodell.com\/ociomodell\/\" rel=\"nofollow noopener\" target=\"_blank\">ociomodell.com<\/a> &#8211; <a href=\"https:\/\/goo.gl\/maps\/tLfE5FD4wcXMnzUZ7\" rel=\"nofollow noopener\" target=\"_blank\">Avd. San Juan de la Pe\u00f1a, 14, Zaragoza<\/a><\/p>\n<p><strong>Tel\u00e9fono:<\/strong> <a href=\"tel:611697120\">611697120<\/a><\/p>\n<p><strong>Email:<\/strong> <a href=\"mailto:ociomodell@gmail.com\">info@ociomodell.com<\/a><\/p>\n<p>\u00a1AFORO LIMITADO!<\/p>\n\n<div class=\"wpcf7 no-js\" id=\"wpcf7-f6784-o1\" lang=\"es-ES\" dir=\"ltr\" data-wpcf7-id=\"6784\">\n<div class=\"screen-reader-response\"><p role=\"status\" aria-live=\"polite\" aria-atomic=\"true\"><\/p> <ul><\/ul><\/div>\n<form action=\"\/wordpress\/wp-json\/wp\/v2\/pages\/6785#wpcf7-f6784-o1\" method=\"post\" class=\"wpcf7-form init\" aria-label=\"Formulario de contacto\" novalidate=\"novalidate\" data-status=\"init\">\n<fieldset class=\"hidden-fields-container\"><input type=\"hidden\" name=\"_wpcf7\" value=\"6784\" \/><input type=\"hidden\" name=\"_wpcf7_version\" value=\"6.1.5\" \/><input type=\"hidden\" name=\"_wpcf7_locale\" value=\"es_ES\" \/><input type=\"hidden\" name=\"_wpcf7_unit_tag\" value=\"wpcf7-f6784-o1\" \/><input type=\"hidden\" name=\"_wpcf7_container_post\" value=\"0\" \/><input type=\"hidden\" name=\"_wpcf7_posted_data_hash\" value=\"\" \/>\n<\/fieldset>\n<p><b>Formulario de Inscripci\u00f3n a Talleres \/ Charlas en Ociomodell.com<\/b>\n<\/p>\n<p><label> Indique el Taller\/Charla al que quiere inscribirse (requerido)<br \/>\n<span class=\"wpcf7-form-control-wrap\" data-name=\"taller-charla\"><input size=\"40\" maxlength=\"400\" class=\"wpcf7-form-control wpcf7-text wpcf7-validates-as-required\" aria-required=\"true\" aria-invalid=\"false\" value=\"\" type=\"text\" name=\"taller-charla\" \/><\/span> <\/label>\n<\/p>\n<p><label> Su nombre y apellidos (requerido)<br \/>\n<span class=\"wpcf7-form-control-wrap\" data-name=\"your-name\"><input size=\"40\" maxlength=\"400\" class=\"wpcf7-form-control wpcf7-text wpcf7-validates-as-required\" aria-required=\"true\" aria-invalid=\"false\" value=\"\" type=\"text\" name=\"your-name\" \/><\/span> <\/label>\n<\/p>\n<p><label> Su correo electr\u00f3nico (requerido)<br \/>\n<span class=\"wpcf7-form-control-wrap\" data-name=\"your-email\"><input size=\"40\" maxlength=\"400\" class=\"wpcf7-form-control wpcf7-email wpcf7-validates-as-required wpcf7-text wpcf7-validates-as-email\" aria-required=\"true\" aria-invalid=\"false\" value=\"\" type=\"email\" name=\"your-email\" \/><\/span> <\/label>\n<\/p>\n<p><label>Su tel\u00e9fono (requerido)<br \/>\n<span class=\"wpcf7-form-control-wrap\" data-name=\"tel-707\"><input size=\"40\" maxlength=\"400\" class=\"wpcf7-form-control wpcf7-tel wpcf7-validates-as-required wpcf7-text wpcf7-validates-as-tel\" aria-required=\"true\" aria-invalid=\"false\" value=\"\" type=\"tel\" name=\"tel-707\" \/><\/span> <\/label>\n<\/p>\n<p><label> Edad del participante<br \/>\n<span class=\"wpcf7-form-control-wrap\" data-name=\"number-456\"><input class=\"wpcf7-form-control wpcf7-number wpcf7-validates-as-required wpcf7-validates-as-number\" aria-required=\"true\" aria-invalid=\"false\" value=\"\" type=\"number\" name=\"number-456\" \/><\/span> <\/label>\n<\/p>\n<p><label> \u00bfAlguna observaci\u00f3n quiere incluir?<br \/>\n<span class=\"wpcf7-form-control-wrap\" data-name=\"textarea-492\"><textarea cols=\"40\" rows=\"10\" maxlength=\"2000\" class=\"wpcf7-form-control wpcf7-textarea\" aria-invalid=\"false\" name=\"textarea-492\"><\/textarea><\/span> <\/label>\n<\/p>\n<p><span><span class=\"wpcf7-form-control-wrap\" data-name=\"acceptance-279\"><span class=\"wpcf7-form-control wpcf7-acceptance\"><span class=\"wpcf7-list-item\"><input type=\"checkbox\" name=\"acceptance-279\" value=\"1\" aria-invalid=\"false\" \/><\/span><\/span><\/span> He le\u00eddo y acepto el <a target=\"_blank\" rel=\"nofollow noopener noreferrer\" href=\"https:\/\/blog.ociomodell.com\/wordpress\/avisos-legales\">Aviso Legal<\/a> y la <a target=\"_blank\" rel=\"nofollow noopener noreferrer\" href=\"https:\/\/blog.ociomodell.com\/wordpress\/politica-de-privacidad\">Pol\u00edtica de Privacidad<\/a>.<\/span>\n<\/p>\n<p><span><span class=\"wpcf7-form-control-wrap\" data-name=\"acceptance-414\"><span class=\"wpcf7-form-control wpcf7-acceptance\"><span class=\"wpcf7-list-item\"><input type=\"checkbox\" name=\"acceptance-414\" value=\"1\" aria-invalid=\"false\" \/><\/span><\/span><\/span> Declaro, bajo mi propia responsabilidad, ser mayor de 18 a\u00f1os y respondo de manera exclusiva de la veracidad de dicha declaraci\u00f3n.<\/span>\n<\/p>\n<p><span><span class=\"wpcf7-form-control-wrap\" data-name=\"acceptance-415\"><span class=\"wpcf7-form-control wpcf7-acceptance\"><span class=\"wpcf7-list-item\"><input type=\"checkbox\" name=\"acceptance-415\" value=\"1\" aria-invalid=\"false\" \/><\/span><\/span><\/span> Acepto recibir la informaci\u00f3n que la entidad considere oportuno enviarme por correo electr\u00f3nico o medio de comunicaci\u00f3n electr\u00f3nica equivalente. (Es posible darse de baja en cualquier momento).<\/span>\n<\/p>\n<p><input class=\"wpcf7-form-control wpcf7-submit has-spinner\" type=\"submit\" value=\"Enviar\" \/>\n<\/p><p style=\"display: none !important;\" class=\"akismet-fields-container\" data-prefix=\"_wpcf7_ak_\"><label>&#916;<textarea name=\"_wpcf7_ak_hp_textarea\" cols=\"45\" rows=\"8\" maxlength=\"100\"><\/textarea><\/label><input type=\"hidden\" id=\"ak_js_1\" name=\"_wpcf7_ak_js\" value=\"224\"\/><script data-jetpack-boost=\"ignore\">document.getElementById( \"ak_js_1\" ).setAttribute( \"value\", ( new Date() ).getTime() );<\/script><\/p><div class=\"wpcf7-response-output\" aria-hidden=\"true\"><\/div>\n<\/form>\n<\/div>\n\n","protected":false},"excerpt":{"rendered":"<p>Dirigido: Horario: Inscripci\u00f3n: por tel\u00e9fono, email o en la tienda f\u00edsica Lugar: Tienda ociomodell.com &#8211; Avd. San Juan de la Pe\u00f1a, 14, Zaragoza Tel\u00e9fono: 611697120 Email: info@ociomodell.com \u00a1AFORO LIMITADO!<\/p>\n","protected":false},"author":2,"featured_media":0,"parent":6533,"menu_order":0,"comment_status":"closed","ping_status":"closed","template":"","meta":{"jetpack_post_was_ever_published":false,"footnotes":"","_links_to":"","_links_to_target":""},"class_list":["post-6785","page","type-page","status-publish","hentry"],"jetpack_sharing_enabled":true,"jetpack_likes_enabled":true,"jetpack-related-posts":[{"id":6533,"url":"https:\/\/blog.ociomodell.com\/wordpress\/reservas\/talleres\/","url_meta":{"origin":6785,"position":0},"title":"Talleres \/ inscripci\u00f3n","author":"Paco Gomez","date":"6 agosto, 2021","format":false,"excerpt":"\u00a0 \u00a0","rel":"","context":"Entrada similar","block_context":{"text":"Entrada similar","link":""},"img":{"alt_text":"","src":"","width":0,"height":0},"classes":[]},{"id":6535,"url":"https:\/\/blog.ociomodell.com\/wordpress\/reservas\/talleres\/taller-ociomodell-11-de-septiembre-de-2021\/","url_meta":{"origin":6785,"position":1},"title":"Taller Ociomodell 11 de Septiembre de 2021","author":"Paco Gomez","date":"6 agosto, 2021","format":false,"excerpt":"\u00a0","rel":"","context":"Entrada similar","block_context":{"text":"Entrada similar","link":""},"img":{"alt_text":"","src":"","width":0,"height":0},"classes":[]},{"id":32,"url":"https:\/\/blog.ociomodell.com\/wordpress\/ociomodell-com\/","url_meta":{"origin":6785,"position":2},"title":"Quien somos?","author":"ociomodell","date":"22 marzo, 2016","format":false,"excerpt":"Queremos compartir con ustedes nuestra nueva empresa Ociomodell especializada en todo tipo de art\u00edculos para modelismo tanto est\u00e1tico como din\u00e1mico, localizado en Zaragoza. Tenemos gran experiencia dentro del sector en otro tipo de hobby consolidado su funcionamiento y en donde estamos trabajando desde el 2009. Sobre esta base estamos aplicando\u2026","rel":"","context":"En \u00abociomodellcom\u00bb","block_context":{"text":"ociomodellcom","link":"https:\/\/blog.ociomodell.com\/wordpress\/tag\/ociomodellcom\/"},"img":{"alt_text":"","src":"https:\/\/i0.wp.com\/blog.ociomodell.com\/wordpress\/wp-content\/uploads\/2016\/03\/ociomodell_avion.jpg?resize=350%2C200&ssl=1","width":350,"height":200,"srcset":"https:\/\/i0.wp.com\/blog.ociomodell.com\/wordpress\/wp-content\/uploads\/2016\/03\/ociomodell_avion.jpg?resize=350%2C200&ssl=1 1x, https:\/\/i0.wp.com\/blog.ociomodell.com\/wordpress\/wp-content\/uploads\/2016\/03\/ociomodell_avion.jpg?resize=525%2C300&ssl=1 1.5x, https:\/\/i0.wp.com\/blog.ociomodell.com\/wordpress\/wp-content\/uploads\/2016\/03\/ociomodell_avion.jpg?resize=700%2C400&ssl=1 2x"},"classes":[]},{"id":6539,"url":"https:\/\/blog.ociomodell.com\/wordpress\/reservas\/talleres\/taller-ociomodeli-del-18-de-septiembre-de-2021\/","url_meta":{"origin":6785,"position":3},"title":"Taller OciomodelI 18 de Septiembre de 2021","author":"Paco Gomez","date":"6 agosto, 2021","format":false,"excerpt":"","rel":"","context":"Entrada similar","block_context":{"text":"Entrada similar","link":""},"img":{"alt_text":"","src":"","width":0,"height":0},"classes":[]},{"id":43,"url":"http:\/\/ociomodell.com","url_meta":{"origin":6785,"position":4},"title":"Tienda","author":"ociomodell","date":"23 marzo, 2016","format":false,"excerpt":"","rel":"","context":"En \u00abtienda\u00bb","block_context":{"text":"tienda","link":"https:\/\/blog.ociomodell.com\/wordpress\/tag\/tienda\/"},"img":{"alt_text":"","src":"","width":0,"height":0},"classes":[]},{"id":35,"url":"https:\/\/blog.ociomodell.com\/wordpress\/reservas\/","url_meta":{"origin":6785,"position":5},"title":"Reservas","author":"ociomodell","date":"23 marzo, 2016","format":false,"excerpt":"Ociomodell.com se pondr\u00e1 en breve en contacto con usted, mediante Email o por tel\u00e9fono, para asignarle un n\u00famero de reserva. Si no recibe comunicaci\u00f3n , mande un email a info@ociomodell.com recordando la asignaci\u00f3n del n\u00famero de reserva. El n\u00famero de reserva es imprescindible para la confirmaci\u00f3n de la reserva y\u2026","rel":"","context":"En \u00abreservas\u00bb","block_context":{"text":"reservas","link":"https:\/\/blog.ociomodell.com\/wordpress\/tag\/reservas\/"},"img":{"alt_text":"","src":"","width":0,"height":0},"classes":[]}],"jetpack_shortlink":"https:\/\/wp.me\/P7mZwQ-1Lr","_links":{"self":[{"href":"https:\/\/blog.ociomodell.com\/wordpress\/wp-json\/wp\/v2\/pages\/6785","targetHints":{"allow":["GET"]}}],"collection":[{"href":"https:\/\/blog.ociomodell.com\/wordpress\/wp-json\/wp\/v2\/pages"}],"about":[{"href":"https:\/\/blog.ociomodell.com\/wordpress\/wp-json\/wp\/v2\/types\/page"}],"author":[{"embeddable":true,"href":"https:\/\/blog.ociomodell.com\/wordpress\/wp-json\/wp\/v2\/users\/2"}],"replies":[{"embeddable":true,"href":"https:\/\/blog.ociomodell.com\/wordpress\/wp-json\/wp\/v2\/comments?post=6785"}],"version-history":[{"count":0,"href":"https:\/\/blog.ociomodell.com\/wordpress\/wp-json\/wp\/v2\/pages\/6785\/revisions"}],"up":[{"embeddable":true,"href":"https:\/\/blog.ociomodell.com\/wordpress\/wp-json\/wp\/v2\/pages\/6533"}],"wp:attachment":[{"href":"https:\/\/blog.ociomodell.com\/wordpress\/wp-json\/wp\/v2\/media?parent=6785"}],"curies":[{"name":"wp","href":"https:\/\/api.w.org\/{rel}","templated":true}]}}