{"id":7056,"date":"2022-02-09T12:29:36","date_gmt":"2022-02-09T11:29:36","guid":{"rendered":"https:\/\/blog.ociomodell.com\/wordpress\/?page_id=7056"},"modified":"2022-03-02T13:22:32","modified_gmt":"2022-03-02T12:22:32","slug":"catalogos-2022","status":"publish","type":"page","link":"https:\/\/blog.ociomodell.com\/wordpress\/catalogos\/catalogos-2022\/","title":{"rendered":"Cat\u00e1logos 2022"},"content":{"rendered":"<p>Secci\u00f3n Nuevos Cat\u00e1logos 2022<\/p>\n<figure id=\"attachment_7058\" aria-describedby=\"caption-attachment-7058\" style=\"width: 300px\" class=\"wp-caption alignnone\"><a href=\"https:\/\/drive.google.com\/file\/d\/1UA4gFBdoVzihnYV2Bq5wtXwITGpwdbGj\/view?usp=sharing\" target=\"_blank\" rel=\"noopener nofollow\"><img loading=\"lazy\" decoding=\"async\" data-attachment-id=\"7058\" data-permalink=\"https:\/\/blog.ociomodell.com\/wordpress\/catalogos\/catalogos-2022\/tamiya\/\" data-orig-file=\"https:\/\/blog.ociomodell.com\/wordpress\/wp-content\/uploads\/2022\/02\/Tamiya.jpg\" data-orig-size=\"741,526\" data-comments-opened=\"1\" data-image-meta=\"{&quot;aperture&quot;:&quot;0&quot;,&quot;credit&quot;:&quot;pacog&quot;,&quot;camera&quot;:&quot;&quot;,&quot;caption&quot;:&quot;&quot;,&quot;created_timestamp&quot;:&quot;1644408180&quot;,&quot;copyright&quot;:&quot;&quot;,&quot;focal_length&quot;:&quot;0&quot;,&quot;iso&quot;:&quot;0&quot;,&quot;shutter_speed&quot;:&quot;0&quot;,&quot;title&quot;:&quot;&quot;,&quot;orientation&quot;:&quot;0&quot;}\" data-image-title=\"Cat\u00e1logo de novedades 2022 &amp;#8211; TAMIYA &amp;#8211; ITALIERI &amp;#8211; EBBRO &amp;#8211; DRAGON &amp;#8211; ZVEZDA &amp;#8211; SCALEXTRIC\" data-image-description=\"&lt;p&gt;Cat\u00e1logo de novedades 2022 &amp;#8211; TAMIYA &amp;#8211; ITALIERI &amp;#8211; EBBRO &amp;#8211; DRAGON &amp;#8211; ZVEZDA &amp;#8211; SCALEXTRIC&lt;\/p&gt;\n\" data-image-caption=\"&lt;p&gt;Cat\u00e1logo de novedades 2022 &amp;#8211; TAMIYA &amp;#8211; ITALIERI &amp;#8211; EBBRO &amp;#8211; DRAGON &amp;#8211; ZVEZDA &amp;#8211; SCALEXTRIC&lt;\/p&gt;\n\" data-large-file=\"https:\/\/blog.ociomodell.com\/wordpress\/wp-content\/uploads\/2022\/02\/Tamiya.jpg\" class=\"size-medium wp-image-7058\" src=\"https:\/\/blog.ociomodell.com\/wordpress\/wp-content\/uploads\/2022\/02\/Tamiya-300x213.jpg\" alt=\"Cat\u00e1logo de novedades 2022 - TAMIYA - ITALIERI - EBBRO - DRAGON - ZVEZDA - SCALEXTRIC\" width=\"300\" height=\"213\" title=\"\" srcset=\"https:\/\/blog.ociomodell.com\/wordpress\/wp-content\/uploads\/2022\/02\/Tamiya-300x213.jpg 300w, https:\/\/blog.ociomodell.com\/wordpress\/wp-content\/uploads\/2022\/02\/Tamiya-250x177.jpg 250w, https:\/\/blog.ociomodell.com\/wordpress\/wp-content\/uploads\/2022\/02\/Tamiya.jpg 741w\" sizes=\"auto, (max-width: 300px) 100vw, 300px\" \/><\/a><figcaption id=\"caption-attachment-7058\" class=\"wp-caption-text\">Cat\u00e1logo de novedades 2022 &#8211; TAMIYA &#8211; ITALIERI &#8211; EBBRO &#8211; DRAGON &#8211; ZVEZDA &#8211; SCALEXTRIC<\/figcaption><\/figure>\n<figure id=\"attachment_7104\" aria-describedby=\"caption-attachment-7104\" style=\"width: 207px\" class=\"wp-caption alignnone\"><a href=\"https:\/\/drive.google.com\/file\/d\/1wXqxVIWFdaWRsmddXymML9HiM7f7h2ke\/view?usp=sharing\" target=\"_blank\" rel=\"noopener nofollow\"><img loading=\"lazy\" decoding=\"async\" data-attachment-id=\"7104\" data-permalink=\"https:\/\/blog.ociomodell.com\/wordpress\/catalogos\/catalogos-2022\/novedades-ak-2022\/\" data-orig-file=\"https:\/\/blog.ociomodell.com\/wordpress\/wp-content\/uploads\/2022\/02\/Novedades-AK-2022.jpg\" data-orig-size=\"365,528\" data-comments-opened=\"1\" data-image-meta=\"{&quot;aperture&quot;:&quot;0&quot;,&quot;credit&quot;:&quot;pacog&quot;,&quot;camera&quot;:&quot;&quot;,&quot;caption&quot;:&quot;&quot;,&quot;created_timestamp&quot;:&quot;1645187228&quot;,&quot;copyright&quot;:&quot;&quot;,&quot;focal_length&quot;:&quot;0&quot;,&quot;iso&quot;:&quot;0&quot;,&quot;shutter_speed&quot;:&quot;0&quot;,&quot;title&quot;:&quot;&quot;,&quot;orientation&quot;:&quot;0&quot;}\" data-image-title=\"AK  &amp;#8211; Novedades 2022\" data-image-description=\"&lt;p&gt; AK  &amp;#8211; Novedades 2022&lt;\/p&gt;\n\" data-image-caption=\"&lt;p&gt; AK  &amp;#8211; Novedades 2022&lt;\/p&gt;\n\" data-large-file=\"https:\/\/blog.ociomodell.com\/wordpress\/wp-content\/uploads\/2022\/02\/Novedades-AK-2022.jpg\" class=\"size-medium wp-image-7104\" src=\"https:\/\/blog.ociomodell.com\/wordpress\/wp-content\/uploads\/2022\/02\/Novedades-AK-2022-207x300.jpg\" alt=\" AK - Novedades 2022\" width=\"207\" height=\"300\" title=\"\" srcset=\"https:\/\/blog.ociomodell.com\/wordpress\/wp-content\/uploads\/2022\/02\/Novedades-AK-2022-207x300.jpg 207w, https:\/\/blog.ociomodell.com\/wordpress\/wp-content\/uploads\/2022\/02\/Novedades-AK-2022-250x362.jpg 250w, https:\/\/blog.ociomodell.com\/wordpress\/wp-content\/uploads\/2022\/02\/Novedades-AK-2022.jpg 365w\" sizes=\"auto, (max-width: 207px) 100vw, 207px\" \/><\/a><figcaption id=\"caption-attachment-7104\" class=\"wp-caption-text\">AK &#8211; Novedades 2022<\/figcaption><\/figure>\n<p>&nbsp;<\/p>\n<figure id=\"attachment_7155\" aria-describedby=\"caption-attachment-7155\" style=\"width: 300px\" class=\"wp-caption alignnone\"><a href=\"https:\/\/drive.google.com\/file\/d\/1guwNLf0fEKfm-1CUuUICwLFPpZyShYx1\/view?usp=sharing\" target=\"_blank\" rel=\"noopener nofollow\"><img loading=\"lazy\" decoding=\"async\" data-attachment-id=\"7155\" data-permalink=\"https:\/\/blog.ociomodell.com\/wordpress\/catalogos\/catalogos-2022\/catalogo-puzles-wooden-city-2022\/\" data-orig-file=\"https:\/\/blog.ociomodell.com\/wordpress\/wp-content\/uploads\/2022\/03\/Catalogo-puzles-Wooden-City-2022.jpg\" data-orig-size=\"738,522\" data-comments-opened=\"1\" data-image-meta=\"{&quot;aperture&quot;:&quot;0&quot;,&quot;credit&quot;:&quot;pacog&quot;,&quot;camera&quot;:&quot;&quot;,&quot;caption&quot;:&quot;&quot;,&quot;created_timestamp&quot;:&quot;1646222045&quot;,&quot;copyright&quot;:&quot;&quot;,&quot;focal_length&quot;:&quot;0&quot;,&quot;iso&quot;:&quot;0&quot;,&quot;shutter_speed&quot;:&quot;0&quot;,&quot;title&quot;:&quot;&quot;,&quot;orientation&quot;:&quot;0&quot;}\" data-image-title=\"Cat\u00e1logo puzles Wooden City 2022\" data-image-description=\"&lt;p&gt;Cat\u00e1logo puzles Wooden City 2022&lt;\/p&gt;\n\" data-image-caption=\"&lt;p&gt;Cat\u00e1logo puzles Wooden City 2022&lt;\/p&gt;\n\" data-large-file=\"https:\/\/blog.ociomodell.com\/wordpress\/wp-content\/uploads\/2022\/03\/Catalogo-puzles-Wooden-City-2022.jpg\" class=\"size-medium wp-image-7155\" src=\"https:\/\/blog.ociomodell.com\/wordpress\/wp-content\/uploads\/2022\/03\/Catalogo-puzles-Wooden-City-2022-300x212.jpg\" alt=\"Cat\u00e1logo puzles Wooden City 2022\" width=\"300\" height=\"212\" title=\"\" srcset=\"https:\/\/blog.ociomodell.com\/wordpress\/wp-content\/uploads\/2022\/03\/Catalogo-puzles-Wooden-City-2022-300x212.jpg 300w, https:\/\/blog.ociomodell.com\/wordpress\/wp-content\/uploads\/2022\/03\/Catalogo-puzles-Wooden-City-2022-250x177.jpg 250w, https:\/\/blog.ociomodell.com\/wordpress\/wp-content\/uploads\/2022\/03\/Catalogo-puzles-Wooden-City-2022.jpg 738w\" sizes=\"auto, (max-width: 300px) 100vw, 300px\" \/><\/a><figcaption id=\"caption-attachment-7155\" class=\"wp-caption-text\">Cat\u00e1logo puzles Wooden City 2022<\/figcaption><\/figure>\n<p>&nbsp;<\/p>\n<figure id=\"attachment_7160\" aria-describedby=\"caption-attachment-7160\" style=\"width: 210px\" class=\"wp-caption alignnone\"><a href=\"https:\/\/drive.google.com\/file\/d\/19OpADwgtDWIvozZ-iSNQYL3z_ivzZclI\/view?usp=sharing\" target=\"_blank\" rel=\"noopener nofollow\"><img loading=\"lazy\" decoding=\"async\" data-attachment-id=\"7160\" data-permalink=\"https:\/\/blog.ociomodell.com\/wordpress\/catalogos\/catalogos-2022\/novedades-italieri-2022\/\" data-orig-file=\"https:\/\/blog.ociomodell.com\/wordpress\/wp-content\/uploads\/2022\/03\/Novedades-Italieri-2022.jpg\" data-orig-size=\"404,576\" data-comments-opened=\"1\" data-image-meta=\"{&quot;aperture&quot;:&quot;0&quot;,&quot;credit&quot;:&quot;pacog&quot;,&quot;camera&quot;:&quot;&quot;,&quot;caption&quot;:&quot;&quot;,&quot;created_timestamp&quot;:&quot;1646222839&quot;,&quot;copyright&quot;:&quot;&quot;,&quot;focal_length&quot;:&quot;0&quot;,&quot;iso&quot;:&quot;0&quot;,&quot;shutter_speed&quot;:&quot;0&quot;,&quot;title&quot;:&quot;&quot;,&quot;orientation&quot;:&quot;0&quot;}\" data-image-title=\"Novedades Italeri 2022\" data-image-description=\"&lt;p&gt;Novedades Italeri 2022&lt;\/p&gt;\n\" data-image-caption=\"&lt;p&gt;Novedades Italeri 2022&lt;\/p&gt;\n\" data-large-file=\"https:\/\/blog.ociomodell.com\/wordpress\/wp-content\/uploads\/2022\/03\/Novedades-Italieri-2022.jpg\" class=\"size-medium wp-image-7160\" src=\"https:\/\/blog.ociomodell.com\/wordpress\/wp-content\/uploads\/2022\/03\/Novedades-Italieri-2022-210x300.jpg\" alt=\"Novedades Italieri 2022\" width=\"210\" height=\"300\" title=\"\" srcset=\"https:\/\/blog.ociomodell.com\/wordpress\/wp-content\/uploads\/2022\/03\/Novedades-Italieri-2022-210x300.jpg 210w, https:\/\/blog.ociomodell.com\/wordpress\/wp-content\/uploads\/2022\/03\/Novedades-Italieri-2022-250x356.jpg 250w, https:\/\/blog.ociomodell.com\/wordpress\/wp-content\/uploads\/2022\/03\/Novedades-Italieri-2022.jpg 404w\" sizes=\"auto, (max-width: 210px) 100vw, 210px\" \/><\/a><figcaption id=\"caption-attachment-7160\" class=\"wp-caption-text\">Novedades Italeri 2022<\/figcaption><\/figure>\n<figure id=\"attachment_7165\" aria-describedby=\"caption-attachment-7165\" style=\"width: 295px\" class=\"wp-caption alignnone\"><a href=\"https:\/\/drive.google.com\/file\/d\/1CpUU3Jj69p83NzdGfAyB8ZLXoEUBlQ1c\/view?usp=sharing\" target=\"_blank\" rel=\"noopener nofollow\"><img loading=\"lazy\" decoding=\"async\" data-attachment-id=\"7165\" data-permalink=\"https:\/\/blog.ociomodell.com\/wordpress\/catalogos\/catalogos-2022\/novedades-robotime-2022\/\" data-orig-file=\"https:\/\/blog.ociomodell.com\/wordpress\/wp-content\/uploads\/2022\/03\/Novedades-Robotime-2022.jpg\" data-orig-size=\"438,446\" data-comments-opened=\"1\" data-image-meta=\"{&quot;aperture&quot;:&quot;0&quot;,&quot;credit&quot;:&quot;pacog&quot;,&quot;camera&quot;:&quot;&quot;,&quot;caption&quot;:&quot;&quot;,&quot;created_timestamp&quot;:&quot;1646227214&quot;,&quot;copyright&quot;:&quot;&quot;,&quot;focal_length&quot;:&quot;0&quot;,&quot;iso&quot;:&quot;0&quot;,&quot;shutter_speed&quot;:&quot;0&quot;,&quot;title&quot;:&quot;&quot;,&quot;orientation&quot;:&quot;0&quot;}\" data-image-title=\"Novedades Robotime 2022\" data-image-description=\"&lt;p&gt;Novedades Robotime 2022&lt;\/p&gt;\n\" data-image-caption=\"&lt;p&gt;Novedades Robotime 2022&lt;\/p&gt;\n\" data-large-file=\"https:\/\/blog.ociomodell.com\/wordpress\/wp-content\/uploads\/2022\/03\/Novedades-Robotime-2022.jpg\" class=\"size-medium wp-image-7165\" src=\"https:\/\/blog.ociomodell.com\/wordpress\/wp-content\/uploads\/2022\/03\/Novedades-Robotime-2022-295x300.jpg\" alt=\"Novedades Robotime 2022\" width=\"295\" height=\"300\" title=\"\" srcset=\"https:\/\/blog.ociomodell.com\/wordpress\/wp-content\/uploads\/2022\/03\/Novedades-Robotime-2022-295x300.jpg 295w, https:\/\/blog.ociomodell.com\/wordpress\/wp-content\/uploads\/2022\/03\/Novedades-Robotime-2022-250x255.jpg 250w, https:\/\/blog.ociomodell.com\/wordpress\/wp-content\/uploads\/2022\/03\/Novedades-Robotime-2022-50x50.jpg 50w, https:\/\/blog.ociomodell.com\/wordpress\/wp-content\/uploads\/2022\/03\/Novedades-Robotime-2022.jpg 438w\" sizes=\"auto, (max-width: 295px) 100vw, 295px\" \/><\/a><figcaption id=\"caption-attachment-7165\" class=\"wp-caption-text\">Novedades Robotime 2022<\/figcaption><\/figure>\n","protected":false},"excerpt":{"rendered":"<p>Secci\u00f3n Nuevos Cat\u00e1logos 2022 &nbsp; &nbsp;<\/p>\n","protected":false},"author":2,"featured_media":0,"parent":41,"menu_order":0,"comment_status":"closed","ping_status":"closed","template":"","meta":{"jetpack_post_was_ever_published":false,"footnotes":"","_links_to":"","_links_to_target":""},"class_list":["post-7056","page","type-page","status-publish","hentry"],"jetpack_sharing_enabled":true,"jetpack_likes_enabled":true,"jetpack-related-posts":[{"id":4586,"url":"https:\/\/blog.ociomodell.com\/wordpress\/catalogos\/catalogos-2019\/","url_meta":{"origin":7056,"position":0},"title":"Cat\u00e1logos 2019","author":"Paco Gomez","date":"23 enero, 2019","format":false,"excerpt":"\u00a0","rel":"","context":"En \u00abautom\u00e1tico\u00bb","block_context":{"text":"autom\u00e1tico","link":"https:\/\/blog.ociomodell.com\/wordpress\/tag\/automatico\/"},"img":{"alt_text":"AMMO \u2013 Cat\u00e1logo 2019 de Ammo","src":"https:\/\/i0.wp.com\/blog.ociomodell.com\/wordpress\/wp-content\/uploads\/2019\/02\/AMMO-catalogue_2019_redu-212x300.png?resize=350%2C200&ssl=1","width":350,"height":200},"classes":[]},{"id":9766,"url":"https:\/\/blog.ociomodell.com\/wordpress\/catalogos\/catalogos-2024\/","url_meta":{"origin":7056,"position":1},"title":"Cat\u00e1logos 2024","author":"Paco Gomez","date":"9 enero, 2024","format":false,"excerpt":"\u00a0 \u00a0 \u00a0 \u00a0 \u00a0 \u00a0 \u00a0 \u00a0","rel":"","context":"Entrada similar","block_context":{"text":"Entrada similar","link":""},"img":{"alt_text":"Tabla de conversi\u00f3n de colores realizada por Ammo mig","src":"https:\/\/i0.wp.com\/blog.ociomodell.com\/wordpress\/wp-content\/uploads\/2024\/01\/acrylic-colors-conversion-chart-208x300.jpg?resize=350%2C200&ssl=1","width":350,"height":200},"classes":[]},{"id":3535,"url":"https:\/\/blog.ociomodell.com\/wordpress\/catalogos\/catalogos-2017\/","url_meta":{"origin":7056,"position":2},"title":"Cat\u00e1logos 2017","author":"Paco Gomez","date":"17 junio, 2018","format":false,"excerpt":"Ir a cat\u00e1logos del 2018 \u00a0 \u00a0 \u00a0","rel":"","context":"En \u00ab2017\u00bb","block_context":{"text":"2017","link":"https:\/\/blog.ociomodell.com\/wordpress\/tag\/2017\/"},"img":{"alt_text":"Disarmodel - Cat\u00e1logo novedades 2017","src":"https:\/\/i0.wp.com\/blog.ociomodell.com\/wordpress\/wp-content\/uploads\/2019\/01\/Disarmodel_2017_redu-292x300.png?resize=350%2C200&ssl=1","width":350,"height":200},"classes":[]},{"id":41,"url":"https:\/\/blog.ociomodell.com\/wordpress\/catalogos\/","url_meta":{"origin":7056,"position":3},"title":"Cat\u00e1logos","author":"ociomodell","date":"23 marzo, 2016","format":false,"excerpt":"Cat\u00e1logos 2024 Cat\u00e1logos 2023 Cat\u00e1logos 2022 Cat\u00e1logos 2020 Cat\u00e1logos 2019 Cat\u00e1logos 2018 Cat\u00e1logos 2017 Cat\u00e1logos 2016 Cat\u00e1logos 2015 Cat\u00e1logos varios","rel":"","context":"En \u00abautom\u00e1tico\u00bb","block_context":{"text":"autom\u00e1tico","link":"https:\/\/blog.ociomodell.com\/wordpress\/tag\/automatico\/"},"img":{"alt_text":"","src":"","width":0,"height":0},"classes":[]},{"id":3550,"url":"https:\/\/blog.ociomodell.com\/wordpress\/catalogos\/catalogos-varios\/","url_meta":{"origin":7056,"position":4},"title":"Cat\u00e1logos Varios","author":"Paco Gomez","date":"17 junio, 2018","format":false,"excerpt":"Ir a Cat\u00e1logos 2018 \u00a0 \u00a0 Real colors by AK \u00a0","rel":"","context":"En \u00abcat\u00e1logos\u00bb","block_context":{"text":"cat\u00e1logos","link":"https:\/\/blog.ociomodell.com\/wordpress\/tag\/catalogos\/"},"img":{"alt_text":"Tabla conversi\u00f3n Acr\u00edlicos Italeri - Ociomodell.com","src":"https:\/\/i0.wp.com\/blog.ociomodell.com\/wordpress\/wp-content\/uploads\/2018\/01\/ItaleriAcrylicPaint-Conversion-Chart.jpg?resize=350%2C200&ssl=1","width":350,"height":200,"srcset":"https:\/\/i0.wp.com\/blog.ociomodell.com\/wordpress\/wp-content\/uploads\/2018\/01\/ItaleriAcrylicPaint-Conversion-Chart.jpg?resize=350%2C200&ssl=1 1x, https:\/\/i0.wp.com\/blog.ociomodell.com\/wordpress\/wp-content\/uploads\/2018\/01\/ItaleriAcrylicPaint-Conversion-Chart.jpg?resize=525%2C300&ssl=1 1.5x, https:\/\/i0.wp.com\/blog.ociomodell.com\/wordpress\/wp-content\/uploads\/2018\/01\/ItaleriAcrylicPaint-Conversion-Chart.jpg?resize=700%2C400&ssl=1 2x, https:\/\/i0.wp.com\/blog.ociomodell.com\/wordpress\/wp-content\/uploads\/2018\/01\/ItaleriAcrylicPaint-Conversion-Chart.jpg?resize=1050%2C600&ssl=1 3x, https:\/\/i0.wp.com\/blog.ociomodell.com\/wordpress\/wp-content\/uploads\/2018\/01\/ItaleriAcrylicPaint-Conversion-Chart.jpg?resize=1400%2C800&ssl=1 4x"},"classes":[]},{"id":3575,"url":"https:\/\/blog.ociomodell.com\/wordpress\/catalogos\/catalogos-2015\/","url_meta":{"origin":7056,"position":5},"title":"Cat\u00e1logos 2015","author":"Paco Gomez","date":"20 junio, 2018","format":false,"excerpt":"ir a Cat\u00e1logos","rel":"","context":"En \u00ab2015\u00bb","block_context":{"text":"2015","link":"https:\/\/blog.ociomodell.com\/wordpress\/tag\/2015\/"},"img":{"alt_text":"CATALOGO AK 2015 ES - OCIOMODELL.COM","src":"https:\/\/i0.wp.com\/blog.ociomodell.com\/wordpress\/wp-content\/uploads\/2018\/06\/AK-CATALOGUE-2015-ES-211x300.png?resize=350%2C200&ssl=1","width":350,"height":200},"classes":[]}],"jetpack_shortlink":"https:\/\/wp.me\/P7mZwQ-1PO","_links":{"self":[{"href":"https:\/\/blog.ociomodell.com\/wordpress\/wp-json\/wp\/v2\/pages\/7056","targetHints":{"allow":["GET"]}}],"collection":[{"href":"https:\/\/blog.ociomodell.com\/wordpress\/wp-json\/wp\/v2\/pages"}],"about":[{"href":"https:\/\/blog.ociomodell.com\/wordpress\/wp-json\/wp\/v2\/types\/page"}],"author":[{"embeddable":true,"href":"https:\/\/blog.ociomodell.com\/wordpress\/wp-json\/wp\/v2\/users\/2"}],"replies":[{"embeddable":true,"href":"https:\/\/blog.ociomodell.com\/wordpress\/wp-json\/wp\/v2\/comments?post=7056"}],"version-history":[{"count":0,"href":"https:\/\/blog.ociomodell.com\/wordpress\/wp-json\/wp\/v2\/pages\/7056\/revisions"}],"up":[{"embeddable":true,"href":"https:\/\/blog.ociomodell.com\/wordpress\/wp-json\/wp\/v2\/pages\/41"}],"wp:attachment":[{"href":"https:\/\/blog.ociomodell.com\/wordpress\/wp-json\/wp\/v2\/media?parent=7056"}],"curies":[{"name":"wp","href":"https:\/\/api.w.org\/{rel}","templated":true}]}}