{"id":806,"date":"2017-02-07T21:20:20","date_gmt":"2017-02-07T19:20:20","guid":{"rendered":"http:\/\/blog.ociomodell.com\/?page_id=806"},"modified":"2024-12-17T17:26:05","modified_gmt":"2024-12-17T16:26:05","slug":"encuesta-de-satisfaccion","status":"publish","type":"page","link":"https:\/\/blog.ociomodell.com\/wordpress\/reservas\/encuesta-de-satisfaccion\/","title":{"rendered":"Encuesta de satisfacci\u00f3n"},"content":{"rendered":"\n<div class=\"wpcf7 no-js\" id=\"wpcf7-f14932-o1\" lang=\"es-ES\" dir=\"ltr\" data-wpcf7-id=\"14932\">\n<div class=\"screen-reader-response\"><p role=\"status\" aria-live=\"polite\" aria-atomic=\"true\"><\/p> <ul><\/ul><\/div>\n<form action=\"\/wordpress\/wp-json\/wp\/v2\/pages\/806#wpcf7-f14932-o1\" method=\"post\" class=\"wpcf7-form init\" aria-label=\"Formulario de contacto\" novalidate=\"novalidate\" data-status=\"init\">\n<fieldset class=\"hidden-fields-container\"><input type=\"hidden\" name=\"_wpcf7\" value=\"14932\" \/><input type=\"hidden\" name=\"_wpcf7_version\" value=\"6.1.5\" \/><input type=\"hidden\" name=\"_wpcf7_locale\" value=\"es_ES\" \/><input type=\"hidden\" name=\"_wpcf7_unit_tag\" value=\"wpcf7-f14932-o1\" \/><input type=\"hidden\" name=\"_wpcf7_container_post\" value=\"0\" \/><input type=\"hidden\" name=\"_wpcf7_posted_data_hash\" value=\"\" \/>\n<\/fieldset>\n<p><label> Su nombre<br \/>\n<span class=\"wpcf7-form-control-wrap\" data-name=\"your-name\"><input size=\"40\" maxlength=\"400\" class=\"wpcf7-form-control wpcf7-text wpcf7-validates-as-required\" autocomplete=\"name\" aria-required=\"true\" aria-invalid=\"false\" value=\"\" type=\"text\" name=\"your-name\" \/><\/span> <\/label>\n<\/p>\n<p><label> Su correo electr\u00f3nico<br \/>\n<span class=\"wpcf7-form-control-wrap\" data-name=\"your-email\"><input size=\"40\" maxlength=\"400\" class=\"wpcf7-form-control wpcf7-email wpcf7-validates-as-required wpcf7-text wpcf7-validates-as-email\" autocomplete=\"email\" aria-required=\"true\" aria-invalid=\"false\" value=\"\" type=\"email\" name=\"your-email\" \/><\/span> <\/label>\n<\/p>\n<p><label> Su tel\u00e9fono (si desea que le contactemos)<br \/>\n<span class=\"wpcf7-form-control-wrap\" data-name=\"tel-802\"><input size=\"40\" maxlength=\"400\" class=\"wpcf7-form-control wpcf7-tel wpcf7-text wpcf7-validates-as-tel\" aria-invalid=\"false\" value=\"\" type=\"tel\" name=\"tel-802\" \/><\/span><br \/>\n<\/label><label> \u00bfQu\u00e9 opina de nuestra tienda Ociomodell.com?<br \/>\n<span class=\"wpcf7-form-control-wrap\" data-name=\"textarea-922\"><textarea cols=\"40\" rows=\"10\" maxlength=\"300\" minlength=\"25\" class=\"wpcf7-form-control wpcf7-textarea\" aria-invalid=\"false\" name=\"textarea-922\"><\/textarea><\/span><br \/>\n<\/label><label> \u00bfhay algo que no le haya gustado en Ociomodell.com?<br \/>\n<span class=\"wpcf7-form-control-wrap\" data-name=\"textarea-704\"><textarea cols=\"40\" rows=\"10\" maxlength=\"300\" minlength=\"25\" class=\"wpcf7-form-control wpcf7-textarea\" aria-invalid=\"false\" name=\"textarea-704\"><\/textarea><\/span><br \/>\n<\/label><label> \u00bfEn que habr\u00eda que mejorar en Ociomodell.com?<br \/>\n<span class=\"wpcf7-form-control-wrap\" data-name=\"textarea-177\"><textarea cols=\"40\" rows=\"10\" maxlength=\"300\" minlength=\"25\" class=\"wpcf7-form-control wpcf7-textarea\" aria-invalid=\"false\" name=\"textarea-177\"><\/textarea><\/span><br \/>\n<input class=\"wpcf7-form-control wpcf7-submit has-spinner\" type=\"submit\" value=\"Enviar\" \/><br \/>\nCualquier consulta contacte con nosotros en info@ociomodell.com<br \/>\nGracias por colaborarar con Ociomodell.com<\/label>\n<\/p><p style=\"display: none !important;\" class=\"akismet-fields-container\" data-prefix=\"_wpcf7_ak_\"><label>&#916;<textarea name=\"_wpcf7_ak_hp_textarea\" cols=\"45\" rows=\"8\" maxlength=\"100\"><\/textarea><\/label><input type=\"hidden\" id=\"ak_js_1\" name=\"_wpcf7_ak_js\" value=\"163\"\/><script data-jetpack-boost=\"ignore\">document.getElementById( \"ak_js_1\" ).setAttribute( \"value\", ( new Date() ).getTime() );<\/script><\/p><div class=\"wpcf7-response-output\" aria-hidden=\"true\"><\/div>\n<\/form>\n<\/div>\n\n<p>&nbsp;<\/p>\n<p>&nbsp;<\/p>\n","protected":false},"excerpt":{"rendered":"<p>&nbsp; &nbsp;<\/p>\n","protected":false},"author":2,"featured_media":0,"parent":35,"menu_order":0,"comment_status":"closed","ping_status":"closed","template":"","meta":{"jetpack_post_was_ever_published":false,"footnotes":"","_links_to":"","_links_to_target":""},"class_list":["post-806","page","type-page","status-publish","hentry"],"jetpack_sharing_enabled":true,"jetpack_likes_enabled":true,"jetpack-related-posts":[{"id":6535,"url":"https:\/\/blog.ociomodell.com\/wordpress\/reservas\/talleres\/taller-ociomodell-11-de-septiembre-de-2021\/","url_meta":{"origin":806,"position":0},"title":"Taller Ociomodell 11 de Septiembre de 2021","author":"Paco Gomez","date":"6 agosto, 2021","format":false,"excerpt":"\u00a0","rel":"","context":"Entrada similar","block_context":{"text":"Entrada similar","link":""},"img":{"alt_text":"","src":"","width":0,"height":0},"classes":[]},{"id":6539,"url":"https:\/\/blog.ociomodell.com\/wordpress\/reservas\/talleres\/taller-ociomodeli-del-18-de-septiembre-de-2021\/","url_meta":{"origin":806,"position":1},"title":"Taller OciomodelI 18 de Septiembre de 2021","author":"Paco Gomez","date":"6 agosto, 2021","format":false,"excerpt":"","rel":"","context":"Entrada similar","block_context":{"text":"Entrada similar","link":""},"img":{"alt_text":"","src":"","width":0,"height":0},"classes":[]},{"id":6533,"url":"https:\/\/blog.ociomodell.com\/wordpress\/reservas\/talleres\/","url_meta":{"origin":806,"position":2},"title":"Talleres \/ inscripci\u00f3n","author":"Paco Gomez","date":"6 agosto, 2021","format":false,"excerpt":"\u00a0 \u00a0","rel":"","context":"Entrada similar","block_context":{"text":"Entrada similar","link":""},"img":{"alt_text":"","src":"","width":0,"height":0},"classes":[]},{"id":35,"url":"https:\/\/blog.ociomodell.com\/wordpress\/reservas\/","url_meta":{"origin":806,"position":3},"title":"Reservas","author":"ociomodell","date":"23 marzo, 2016","format":false,"excerpt":"Ociomodell.com se pondr\u00e1 en breve en contacto con usted, mediante Email o por tel\u00e9fono, para asignarle un n\u00famero de reserva. Si no recibe comunicaci\u00f3n , mande un email a info@ociomodell.com recordando la asignaci\u00f3n del n\u00famero de reserva. El n\u00famero de reserva es imprescindible para la confirmaci\u00f3n de la reserva y\u2026","rel":"","context":"En \u00abreservas\u00bb","block_context":{"text":"reservas","link":"https:\/\/blog.ociomodell.com\/wordpress\/tag\/reservas\/"},"img":{"alt_text":"","src":"","width":0,"height":0},"classes":[]},{"id":6785,"url":"https:\/\/blog.ociomodell.com\/wordpress\/reservas\/talleres\/formulario-de-inscripcion-al-talleres-charlas-en-ociomodell-com\/","url_meta":{"origin":806,"position":4},"title":"Formulario de Inscripci\u00f3n a Talleres \/ Charlas en Ociomodell.com","author":"Paco Gomez","date":"26 octubre, 2021","format":false,"excerpt":"Dirigido: Horario: Inscripci\u00f3n: por tel\u00e9fono, email o en la tienda f\u00edsica Lugar: Tienda ociomodell.com - Avd. San Juan de la Pe\u00f1a, 14, Zaragoza Tel\u00e9fono: 611697120 Email: info@ociomodell.com \u00a1AFORO LIMITADO!","rel":"","context":"Entrada similar","block_context":{"text":"Entrada similar","link":""},"img":{"alt_text":"","src":"","width":0,"height":0},"classes":[]},{"id":16800,"url":"https:\/\/blog.ociomodell.com\/wordpress\/reservas\/suscripcion-a-boletin-de-ociomodell-com\/","url_meta":{"origin":806,"position":5},"title":"Suscripci\u00f3n a bolet\u00edn de ociomodell.com","author":"Paco Gomez","date":"11 abril, 2025","format":false,"excerpt":"","rel":"","context":"Entrada similar","block_context":{"text":"Entrada similar","link":""},"img":{"alt_text":"","src":"","width":0,"height":0},"classes":[]}],"jetpack_shortlink":"https:\/\/wp.me\/P7mZwQ-d0","_links":{"self":[{"href":"https:\/\/blog.ociomodell.com\/wordpress\/wp-json\/wp\/v2\/pages\/806","targetHints":{"allow":["GET"]}}],"collection":[{"href":"https:\/\/blog.ociomodell.com\/wordpress\/wp-json\/wp\/v2\/pages"}],"about":[{"href":"https:\/\/blog.ociomodell.com\/wordpress\/wp-json\/wp\/v2\/types\/page"}],"author":[{"embeddable":true,"href":"https:\/\/blog.ociomodell.com\/wordpress\/wp-json\/wp\/v2\/users\/2"}],"replies":[{"embeddable":true,"href":"https:\/\/blog.ociomodell.com\/wordpress\/wp-json\/wp\/v2\/comments?post=806"}],"version-history":[{"count":0,"href":"https:\/\/blog.ociomodell.com\/wordpress\/wp-json\/wp\/v2\/pages\/806\/revisions"}],"up":[{"embeddable":true,"href":"https:\/\/blog.ociomodell.com\/wordpress\/wp-json\/wp\/v2\/pages\/35"}],"wp:attachment":[{"href":"https:\/\/blog.ociomodell.com\/wordpress\/wp-json\/wp\/v2\/media?parent=806"}],"curies":[{"name":"wp","href":"https:\/\/api.w.org\/{rel}","templated":true}]}}