{"id":8205,"date":"2023-08-26T15:15:34","date_gmt":"2023-08-26T14:15:34","guid":{"rendered":"https:\/\/blog.ociomodell.com\/wordpress\/?page_id=8205"},"modified":"2023-09-11T18:56:59","modified_gmt":"2023-09-11T17:56:59","slug":"efectos-agua-profunda","status":"publish","type":"page","link":"https:\/\/blog.ociomodell.com\/wordpress\/clients\/demostraciones-de-paso-a-paso-de-realizacion-de-diversas-tecnicas\/efectos-agua-profunda\/","title":{"rendered":"Efectos agua profunda &#8211; Vallejo"},"content":{"rendered":"<figure id=\"attachment_8207\" aria-describedby=\"caption-attachment-8207\" style=\"width: 221px\" class=\"wp-caption aligncenter\"><a href=\"https:\/\/drive.google.com\/file\/d\/1Fzg4ig24gnb_NUalH8nVGHjpR2xJDUvn\/view?usp=sharing\" target=\"_blank\" rel=\"noopener nofollow\"><img loading=\"lazy\" decoding=\"async\" data-attachment-id=\"8207\" data-permalink=\"https:\/\/blog.ociomodell.com\/wordpress\/clients\/demostraciones-de-paso-a-paso-de-realizacion-de-diversas-tecnicas\/efectos-agua-profunda\/vallejo-pasoapaso-efectos-de-agua-profunda-usando-texturas-de-agua-vallejo-es\/\" data-orig-file=\"https:\/\/blog.ociomodell.com\/wordpress\/wp-content\/uploads\/2023\/08\/vallejo-pasoapaso-efectos-de-agua-profunda-usando-texturas-de-agua-Vallejo-ES.jpg\" data-orig-size=\"411,559\" data-comments-opened=\"1\" data-image-meta=\"{&quot;aperture&quot;:&quot;0&quot;,&quot;credit&quot;:&quot;pacog&quot;,&quot;camera&quot;:&quot;&quot;,&quot;caption&quot;:&quot;&quot;,&quot;created_timestamp&quot;:&quot;0&quot;,&quot;copyright&quot;:&quot;&quot;,&quot;focal_length&quot;:&quot;0&quot;,&quot;iso&quot;:&quot;0&quot;,&quot;shutter_speed&quot;:&quot;0&quot;,&quot;title&quot;:&quot;&quot;,&quot;orientation&quot;:&quot;0&quot;}\" data-image-title=\"Vallejo &amp;#8211; Efectos agua profunda\" data-image-description=\"&lt;p&gt;Vallejo &amp;#8211; Efectos agua profunda&lt;\/p&gt;\n\" data-image-caption=\"&lt;p&gt;Vallejo &amp;#8211; Efectos agua profunda&lt;\/p&gt;\n\" data-large-file=\"https:\/\/blog.ociomodell.com\/wordpress\/wp-content\/uploads\/2023\/08\/vallejo-pasoapaso-efectos-de-agua-profunda-usando-texturas-de-agua-Vallejo-ES.jpg\" class=\"size-medium wp-image-8207\" src=\"https:\/\/blog.ociomodell.com\/wordpress\/wp-content\/uploads\/2023\/08\/vallejo-pasoapaso-efectos-de-agua-profunda-usando-texturas-de-agua-Vallejo-ES-221x300.jpg\" alt=\"Vallejo - Efectos agua profunda\" width=\"221\" height=\"300\" title=\"\" srcset=\"https:\/\/blog.ociomodell.com\/wordpress\/wp-content\/uploads\/2023\/08\/vallejo-pasoapaso-efectos-de-agua-profunda-usando-texturas-de-agua-Vallejo-ES-221x300.jpg 221w, https:\/\/blog.ociomodell.com\/wordpress\/wp-content\/uploads\/2023\/08\/vallejo-pasoapaso-efectos-de-agua-profunda-usando-texturas-de-agua-Vallejo-ES-250x340.jpg 250w, https:\/\/blog.ociomodell.com\/wordpress\/wp-content\/uploads\/2023\/08\/vallejo-pasoapaso-efectos-de-agua-profunda-usando-texturas-de-agua-Vallejo-ES.jpg 411w\" sizes=\"auto, (max-width: 221px) 100vw, 221px\" \/><\/a><figcaption id=\"caption-attachment-8207\" class=\"wp-caption-text\">Vallejo &#8211; Efectos agua profunda<\/figcaption><\/figure>\n","protected":false},"excerpt":{"rendered":"","protected":false},"author":2,"featured_media":8207,"parent":8202,"menu_order":0,"comment_status":"closed","ping_status":"closed","template":"","meta":{"jetpack_post_was_ever_published":false,"footnotes":"","_links_to":"","_links_to_target":""},"class_list":["post-8205","page","type-page","status-publish","has-post-thumbnail","hentry"],"jetpack_sharing_enabled":true,"jetpack_likes_enabled":true,"jetpack-related-posts":[{"id":8202,"url":"https:\/\/blog.ociomodell.com\/wordpress\/clients\/demostraciones-de-paso-a-paso-de-realizacion-de-diversas-tecnicas\/","url_meta":{"origin":8205,"position":0},"title":"Vallejo &#8211; Tutoriales y paso a paso diversos","author":"Paco Gomez","date":"26 agosto, 2023","format":false,"excerpt":"https:\/\/blog.ociomodell.com\/wordpress\/clients\/demostraciones-de-paso-a-paso-de-realizacion-de-diversas-tecnicas\/efecto-luminoso-de-gemma\/ https:\/\/blog.ociomodell.com\/wordpress\/clients\/demostraciones-de-paso-a-paso-de-realizacion-de-diversas-tecnicas\/efectos-agua-profunda\/ https:\/\/blog.ociomodell.com\/wordpress\/clients\/demostraciones-de-paso-a-paso-de-realizacion-de-diversas-tecnicas\/game-ink-en-mecha\/ https:\/\/blog.ociomodell.com\/wordpress\/clients\/demostraciones-de-paso-a-paso-de-realizacion-de-diversas-tecnicas\/mascara-de-cabinas\/ https:\/\/blog.ociomodell.com\/wordpress\/clients\/demostraciones-de-paso-a-paso-de-realizacion-de-diversas-tecnicas\/mascara-liquida-en-mecha\/ https:\/\/blog.ociomodell.com\/wordpress\/clients\/demostraciones-de-paso-a-paso-de-realizacion-de-diversas-tecnicas\/masilla-plastica-y-lijado\/ https:\/\/blog.ociomodell.com\/wordpress\/clients\/demostraciones-de-paso-a-paso-de-realizacion-de-diversas-tecnicas\/mecha-weathering-washes\/ https:\/\/blog.ociomodell.com\/wordpress\/clients\/demostraciones-de-paso-a-paso-de-realizacion-de-diversas-tecnicas\/premium-color-pintura-para-aerografo\/ https:\/\/blog.ociomodell.com\/wordpress\/clients\/demostraciones-de-paso-a-paso-de-realizacion-de-diversas-tecnicas\/texturas-de-agua\/ \u00a0","rel":"","context":"Entrada similar","block_context":{"text":"Entrada similar","link":""},"img":{"alt_text":"Vallejo","src":"https:\/\/i0.wp.com\/blog.ociomodell.com\/wordpress\/wp-content\/uploads\/2023\/08\/lLMbULS0nns66IwBIgcZMO0pnVPCfSm6yKFOvzPZ3ygxjdSYnM1.png?resize=350%2C200&ssl=1","width":350,"height":200,"srcset":"https:\/\/i0.wp.com\/blog.ociomodell.com\/wordpress\/wp-content\/uploads\/2023\/08\/lLMbULS0nns66IwBIgcZMO0pnVPCfSm6yKFOvzPZ3ygxjdSYnM1.png?resize=350%2C200&ssl=1 1x, https:\/\/i0.wp.com\/blog.ociomodell.com\/wordpress\/wp-content\/uploads\/2023\/08\/lLMbULS0nns66IwBIgcZMO0pnVPCfSm6yKFOvzPZ3ygxjdSYnM1.png?resize=525%2C300&ssl=1 1.5x, https:\/\/i0.wp.com\/blog.ociomodell.com\/wordpress\/wp-content\/uploads\/2023\/08\/lLMbULS0nns66IwBIgcZMO0pnVPCfSm6yKFOvzPZ3ygxjdSYnM1.png?resize=700%2C400&ssl=1 2x"},"classes":[]},{"id":8242,"url":"https:\/\/blog.ociomodell.com\/wordpress\/clients\/demostraciones-de-paso-a-paso-de-realizacion-de-diversas-tecnicas\/mecha-weathering-washes\/","url_meta":{"origin":8205,"position":1},"title":"Mecha Weathering Washes &#8211; Vallejo","author":"Paco Gomez","date":"26 agosto, 2023","format":false,"excerpt":"Los Mecha Weathering Washes son un producto base agua que tiene muchas aplicaciones para proyectos en Mecha. Se pueden utilizar por si solos o mezclados con colores Vallejo Mecha para obtener un sinf\u00edn de efectos.","rel":"","context":"Entrada similar","block_context":{"text":"Entrada similar","link":""},"img":{"alt_text":"Los Mecha Weathering washes","src":"https:\/\/i0.wp.com\/blog.ociomodell.com\/wordpress\/wp-content\/uploads\/2023\/08\/vallejo-pasoapaso-mecha-weathering-washes-ES.jpg?resize=350%2C200&ssl=1","width":350,"height":200},"classes":[]},{"id":8248,"url":"https:\/\/blog.ociomodell.com\/wordpress\/clients\/demostraciones-de-paso-a-paso-de-realizacion-de-diversas-tecnicas\/texturas-de-agua\/","url_meta":{"origin":8205,"position":2},"title":"Texturas de agua &#8211; Vallejo","author":"Paco Gomez","date":"26 agosto, 2023","format":false,"excerpt":"Las texturas de agua reproducen los efectos de agua. Still Water 26.230, es id\u00f3neo para crear charcos y peque\u00f1os riachuelos, tambi\u00e9n se puede emplear como base para obtener una sensaci\u00f3n de profundidad. Sobre la superficie de la base se puede aplicar una capa de Transparent Water 26.201, para reproducir olas,\u2026","rel":"","context":"Entrada similar","block_context":{"text":"Entrada similar","link":""},"img":{"alt_text":"Texturas de agua","src":"https:\/\/i0.wp.com\/blog.ociomodell.com\/wordpress\/wp-content\/uploads\/2023\/08\/vallejo-pasoapaso-texturas-de-agua-ES.jpg?resize=350%2C200&ssl=1","width":350,"height":200},"classes":[]},{"id":8230,"url":"https:\/\/blog.ociomodell.com\/wordpress\/clients\/demostraciones-de-paso-a-paso-de-realizacion-de-diversas-tecnicas\/game-ink-en-mecha\/","url_meta":{"origin":8205,"position":3},"title":"Game Ink &#8211; En mecha &#8211; Vallejo","author":"Paco Gomez","date":"26 agosto, 2023","format":false,"excerpt":"Game Ink son tintas de base agua que se utilizan para crear efectos de sombras y veladuras sobre miniaturas. Se pueden aplicar con aer\u00f3grafo o a pincel para obtener una gran variedad de acabados.","rel":"","context":"Entrada similar","block_context":{"text":"Entrada similar","link":""},"img":{"alt_text":"Game Ink - En Mecha","src":"https:\/\/i0.wp.com\/blog.ociomodell.com\/wordpress\/wp-content\/uploads\/2023\/08\/vallejo-pasoapaso-game-ink-en-mecha-ES.jpg?resize=350%2C200&ssl=1","width":350,"height":200},"classes":[]},{"id":8235,"url":"https:\/\/blog.ociomodell.com\/wordpress\/clients\/demostraciones-de-paso-a-paso-de-realizacion-de-diversas-tecnicas\/mascara-liquida-en-mecha\/","url_meta":{"origin":8205,"position":4},"title":"M\u00e1scara liquida en Mecha &#8211; Vallejo","author":"Paco Gomez","date":"26 agosto, 2023","format":false,"excerpt":"La M\u00e1scara L\u00edquida es un m\u00e9dium base agua utilizado para formar una capa protectora sobre un \u00e1rea que deba permanecer sin pintar, es especialmente \u00fatil para t\u00e9cnicas de aerografiado. \u00a0 \u00a0 \u00a0","rel":"","context":"Entrada similar","block_context":{"text":"Entrada similar","link":""},"img":{"alt_text":"M\u00e1scara liquida en Mecha","src":"https:\/\/i0.wp.com\/blog.ociomodell.com\/wordpress\/wp-content\/uploads\/2023\/08\/vallejo-pasoapaso-mascara-liquida-en-mecha-ES.jpg?resize=350%2C200&ssl=1","width":350,"height":200},"classes":[]},{"id":8213,"url":"https:\/\/blog.ociomodell.com\/wordpress\/clients\/demostraciones-de-paso-a-paso-de-realizacion-de-diversas-tecnicas\/premium-color-pintura-para-aerografo\/","url_meta":{"origin":8205,"position":5},"title":"Premium color &#8211; pintura para aer\u00f3grafo &#8211; Vallejo","author":"Paco Gomez","date":"26 agosto, 2023","format":false,"excerpt":"Premium Color es una pintura para aer\u00f3grafo a base de agua, vers\u00e1til y adecuada para todas superficies, especialmente formulada para una \u00f3ptima adherencia en metales, fibra de vidrio, polietileno, policarbonato Lexan, slot y carrocer\u00edas de radio control. Los colores son id\u00f3neos para pintar cascos, dep\u00f3sitos de motos, autom\u00f3viles (tuning) etc.\u2026","rel":"","context":"Entrada similar","block_context":{"text":"Entrada similar","link":""},"img":{"alt_text":"Vallejo - Premium_Color","src":"https:\/\/i0.wp.com\/blog.ociomodell.com\/wordpress\/wp-content\/uploads\/2023\/08\/vallejo-CC081-Premium_Color-Rev08-baja.jpg?resize=350%2C200&ssl=1","width":350,"height":200},"classes":[]}],"jetpack_shortlink":"https:\/\/wp.me\/P7mZwQ-28l","_links":{"self":[{"href":"https:\/\/blog.ociomodell.com\/wordpress\/wp-json\/wp\/v2\/pages\/8205","targetHints":{"allow":["GET"]}}],"collection":[{"href":"https:\/\/blog.ociomodell.com\/wordpress\/wp-json\/wp\/v2\/pages"}],"about":[{"href":"https:\/\/blog.ociomodell.com\/wordpress\/wp-json\/wp\/v2\/types\/page"}],"author":[{"embeddable":true,"href":"https:\/\/blog.ociomodell.com\/wordpress\/wp-json\/wp\/v2\/users\/2"}],"replies":[{"embeddable":true,"href":"https:\/\/blog.ociomodell.com\/wordpress\/wp-json\/wp\/v2\/comments?post=8205"}],"version-history":[{"count":0,"href":"https:\/\/blog.ociomodell.com\/wordpress\/wp-json\/wp\/v2\/pages\/8205\/revisions"}],"up":[{"embeddable":true,"href":"https:\/\/blog.ociomodell.com\/wordpress\/wp-json\/wp\/v2\/pages\/8202"}],"wp:featuredmedia":[{"embeddable":true,"href":"https:\/\/blog.ociomodell.com\/wordpress\/wp-json\/wp\/v2\/media\/8207"}],"wp:attachment":[{"href":"https:\/\/blog.ociomodell.com\/wordpress\/wp-json\/wp\/v2\/media?parent=8205"}],"curies":[{"name":"wp","href":"https:\/\/api.w.org\/{rel}","templated":true}]}}