{"id":8213,"date":"2023-08-26T20:17:57","date_gmt":"2023-08-26T19:17:57","guid":{"rendered":"https:\/\/blog.ociomodell.com\/wordpress\/?page_id=8213"},"modified":"2023-09-11T19:06:45","modified_gmt":"2023-09-11T18:06:45","slug":"premium-color-pintura-para-aerografo","status":"publish","type":"page","link":"https:\/\/blog.ociomodell.com\/wordpress\/clients\/demostraciones-de-paso-a-paso-de-realizacion-de-diversas-tecnicas\/premium-color-pintura-para-aerografo\/","title":{"rendered":"Premium color &#8211; pintura para aer\u00f3grafo &#8211; Vallejo"},"content":{"rendered":"<p>Premium Color es una pintura para aer\u00f3grafo a base de agua, vers\u00e1til y adecuada<br \/>\npara todas superficies, especialmente formulada para una \u00f3ptima adherencia<br \/>\nen metales, fibra de vidrio, polietileno, policarbonato Lexan, slot y carrocer\u00edas<br \/>\nde radio control. Los colores son id\u00f3neos para pintar cascos, dep\u00f3sitos de motos,<br \/>\nautom\u00f3viles (tuning) etc.<br \/>\nEn algunas de estas superficies recomendamos una base de Imprimaci\u00f3n de Poliuretano<br \/>\n(62.061) para obtener mejores resultados. PREMIUM es muy flexible y resistente,<br \/>\npermitiendo una prolongada exposici\u00f3n a la intemperie sin perder la intensidad de sus<br \/>\ncolores.<br \/>\nLos colores PREMIUM han sido formulados empleando pigmentos micronizados y<br \/>\npermanentes y una nueva resina h\u00edbrida acr\u00edlica-poliuretano. Esta formulaci\u00f3n confiere<br \/>\na la pintura una excelente resistencia a impactos y al agrietamiento, as\u00ed como a la<br \/>\nexposici\u00f3n directa al calor. Los colores PREMIUM permanecen inalterables a algunas<br \/>\nmezclas de combustible empleadas en R\/C (hasta el 35% nitro). La viscosidad de los<br \/>\ncolores es fluida y autonivelante y se aplican con gran facilidad. Para su empleo con<br \/>\naer\u00f3grafo los colores pueden ser utilizados directamente del frasco utilizando una<br \/>\nboquilla y aguja de 0,3 mm.<br \/>\nLos colores met\u00e1licos pueden requerir diluci\u00f3n y para aer\u00f3grafos de 0,2 mm es recomendable<br \/>\nutilizar el Diluyente (62.066). El ajuste del compresor recomendado es 30-60<br \/>\npsi (2-4 bar).<br \/>\nLa gama consta de 20 Colores Opacos, 23 Metalizados y Fluorescentes, y 9 Transparentes<br \/>\n\u201cCandy\u201d. Todos los colores son excelentes tanto para trabajos en detalle como<br \/>\npara cubrir grandes superficies y pueden ser aplicados tanto a pincel como con aer\u00f3grafo.<br \/>\nSe complementa la gama con 8 Productos Auxiliares: Base Transparente, Diluyente,<br \/>\nImprimaci\u00f3n, Barnices y Retardante de Secado. Para soportes que requieren<br \/>\nuna protecci\u00f3n especial muy resistente recomendamos emplear un barniz uret\u00e1nico<br \/>\n(aerosol o aer\u00f3grafo).<br \/>\nPresentaci\u00f3n: 60 ml.\/2.02 fl.oz. y 200 ml.\/6.76 fl.oz.<\/p>\n<div class=\"mceTemp\">\n<p><a href=\"https:\/\/drive.google.com\/file\/d\/1cjh63q7yAH83l5o2Z0t00wus2cUc_sCq\/view?usp=sharing\" target=\"_blank\" rel=\"noopener nofollow\"><img loading=\"lazy\" decoding=\"async\" data-attachment-id=\"8215\" data-permalink=\"https:\/\/blog.ociomodell.com\/wordpress\/clients\/demostraciones-de-paso-a-paso-de-realizacion-de-diversas-tecnicas\/premium-color-pintura-para-aerografo\/vallejo-cc081-premium_color-rev08-baja\/\" data-orig-file=\"https:\/\/blog.ociomodell.com\/wordpress\/wp-content\/uploads\/2023\/08\/vallejo-CC081-Premium_Color-Rev08-baja.jpg\" data-orig-size=\"413,574\" data-comments-opened=\"1\" data-image-meta=\"{&quot;aperture&quot;:&quot;0&quot;,&quot;credit&quot;:&quot;pacog&quot;,&quot;camera&quot;:&quot;&quot;,&quot;caption&quot;:&quot;&quot;,&quot;created_timestamp&quot;:&quot;1693081994&quot;,&quot;copyright&quot;:&quot;&quot;,&quot;focal_length&quot;:&quot;0&quot;,&quot;iso&quot;:&quot;0&quot;,&quot;shutter_speed&quot;:&quot;0&quot;,&quot;title&quot;:&quot;&quot;,&quot;orientation&quot;:&quot;0&quot;}\" data-image-title=\"Vallejo &amp;#8211; Premium_Color\" data-image-description=\"&lt;p&gt;Vallejo &amp;#8211; Premium_Color&lt;\/p&gt;\n\" data-image-caption=\"&lt;p&gt;Vallejo &amp;#8211; Premium_Color&lt;\/p&gt;\n\" data-large-file=\"https:\/\/blog.ociomodell.com\/wordpress\/wp-content\/uploads\/2023\/08\/vallejo-CC081-Premium_Color-Rev08-baja.jpg\" class=\"size-medium wp-image-8215\" src=\"https:\/\/blog.ociomodell.com\/wordpress\/wp-content\/uploads\/2023\/08\/vallejo-CC081-Premium_Color-Rev08-baja-216x300.jpg\" alt=\"Vallejo - Premium_Color\" width=\"216\" height=\"300\" title=\"\" srcset=\"https:\/\/blog.ociomodell.com\/wordpress\/wp-content\/uploads\/2023\/08\/vallejo-CC081-Premium_Color-Rev08-baja-216x300.jpg 216w, https:\/\/blog.ociomodell.com\/wordpress\/wp-content\/uploads\/2023\/08\/vallejo-CC081-Premium_Color-Rev08-baja-250x347.jpg 250w, https:\/\/blog.ociomodell.com\/wordpress\/wp-content\/uploads\/2023\/08\/vallejo-CC081-Premium_Color-Rev08-baja.jpg 413w\" sizes=\"auto, (max-width: 216px) 100vw, 216px\" \/><\/a><\/p>\n<ul id=\"attachment_8215\" class=\"wp-caption alignnone\" style=\"width: 216px;\">Vallejo &#8211; Premium_Color<\/ul>\n<\/div>\n","protected":false},"excerpt":{"rendered":"<p>Premium Color es una pintura para aer\u00f3grafo a base de agua, vers\u00e1til y adecuada para todas superficies, especialmente formulada para una \u00f3ptima adherencia en metales, fibra de vidrio, polietileno, policarbonato [&hellip;]<\/p>\n","protected":false},"author":2,"featured_media":8215,"parent":8202,"menu_order":0,"comment_status":"closed","ping_status":"closed","template":"","meta":{"jetpack_post_was_ever_published":false,"footnotes":"","_links_to":"","_links_to_target":""},"class_list":["post-8213","page","type-page","status-publish","has-post-thumbnail","hentry"],"jetpack_sharing_enabled":true,"jetpack_likes_enabled":true,"jetpack-related-posts":[{"id":8202,"url":"https:\/\/blog.ociomodell.com\/wordpress\/clients\/demostraciones-de-paso-a-paso-de-realizacion-de-diversas-tecnicas\/","url_meta":{"origin":8213,"position":0},"title":"Vallejo &#8211; Tutoriales y paso a paso diversos","author":"Paco Gomez","date":"26 agosto, 2023","format":false,"excerpt":"https:\/\/blog.ociomodell.com\/wordpress\/clients\/demostraciones-de-paso-a-paso-de-realizacion-de-diversas-tecnicas\/efecto-luminoso-de-gemma\/ https:\/\/blog.ociomodell.com\/wordpress\/clients\/demostraciones-de-paso-a-paso-de-realizacion-de-diversas-tecnicas\/efectos-agua-profunda\/ https:\/\/blog.ociomodell.com\/wordpress\/clients\/demostraciones-de-paso-a-paso-de-realizacion-de-diversas-tecnicas\/game-ink-en-mecha\/ https:\/\/blog.ociomodell.com\/wordpress\/clients\/demostraciones-de-paso-a-paso-de-realizacion-de-diversas-tecnicas\/mascara-de-cabinas\/ https:\/\/blog.ociomodell.com\/wordpress\/clients\/demostraciones-de-paso-a-paso-de-realizacion-de-diversas-tecnicas\/mascara-liquida-en-mecha\/ https:\/\/blog.ociomodell.com\/wordpress\/clients\/demostraciones-de-paso-a-paso-de-realizacion-de-diversas-tecnicas\/masilla-plastica-y-lijado\/ https:\/\/blog.ociomodell.com\/wordpress\/clients\/demostraciones-de-paso-a-paso-de-realizacion-de-diversas-tecnicas\/mecha-weathering-washes\/ https:\/\/blog.ociomodell.com\/wordpress\/clients\/demostraciones-de-paso-a-paso-de-realizacion-de-diversas-tecnicas\/premium-color-pintura-para-aerografo\/ https:\/\/blog.ociomodell.com\/wordpress\/clients\/demostraciones-de-paso-a-paso-de-realizacion-de-diversas-tecnicas\/texturas-de-agua\/ \u00a0","rel":"","context":"Entrada similar","block_context":{"text":"Entrada similar","link":""},"img":{"alt_text":"Vallejo","src":"https:\/\/i0.wp.com\/blog.ociomodell.com\/wordpress\/wp-content\/uploads\/2023\/08\/lLMbULS0nns66IwBIgcZMO0pnVPCfSm6yKFOvzPZ3ygxjdSYnM1.png?resize=350%2C200&ssl=1","width":350,"height":200,"srcset":"https:\/\/i0.wp.com\/blog.ociomodell.com\/wordpress\/wp-content\/uploads\/2023\/08\/lLMbULS0nns66IwBIgcZMO0pnVPCfSm6yKFOvzPZ3ygxjdSYnM1.png?resize=350%2C200&ssl=1 1x, https:\/\/i0.wp.com\/blog.ociomodell.com\/wordpress\/wp-content\/uploads\/2023\/08\/lLMbULS0nns66IwBIgcZMO0pnVPCfSm6yKFOvzPZ3ygxjdSYnM1.png?resize=525%2C300&ssl=1 1.5x, https:\/\/i0.wp.com\/blog.ociomodell.com\/wordpress\/wp-content\/uploads\/2023\/08\/lLMbULS0nns66IwBIgcZMO0pnVPCfSm6yKFOvzPZ3ygxjdSYnM1.png?resize=700%2C400&ssl=1 2x"},"classes":[]},{"id":8230,"url":"https:\/\/blog.ociomodell.com\/wordpress\/clients\/demostraciones-de-paso-a-paso-de-realizacion-de-diversas-tecnicas\/game-ink-en-mecha\/","url_meta":{"origin":8213,"position":1},"title":"Game Ink &#8211; En mecha &#8211; Vallejo","author":"Paco Gomez","date":"26 agosto, 2023","format":false,"excerpt":"Game Ink son tintas de base agua que se utilizan para crear efectos de sombras y veladuras sobre miniaturas. Se pueden aplicar con aer\u00f3grafo o a pincel para obtener una gran variedad de acabados.","rel":"","context":"Entrada similar","block_context":{"text":"Entrada similar","link":""},"img":{"alt_text":"Game Ink - En Mecha","src":"https:\/\/i0.wp.com\/blog.ociomodell.com\/wordpress\/wp-content\/uploads\/2023\/08\/vallejo-pasoapaso-game-ink-en-mecha-ES.jpg?resize=350%2C200&ssl=1","width":350,"height":200},"classes":[]},{"id":8659,"url":"https:\/\/blog.ociomodell.com\/wordpress\/clients\/calcas-trenmilitaria-instrucciones-de-colocacion\/","url_meta":{"origin":8213,"position":2},"title":"CALCAS TRENMILITARIA &#8211; Instrucciones de colocaci\u00f3n","author":"Paco Gomez","date":"2 octubre, 2023","format":false,"excerpt":"INSTRUCCIONES DE TRENMILITARIA 1- El modelo deber\u00e1 ofrecer una superficie lo m\u00e1s lisa posible. Para ello recomendamos aplicar una mano de barniz brillante acr\u00edlico sobre todo el modelo (spray o aer\u00f3grafo) o al menos en las zonas donde van ubicadas las calcas (mediante pincel plano). IMPORTANTE: Dejar secar al menos\u2026","rel":"","context":"Entrada similar","block_context":{"text":"Entrada similar","link":""},"img":{"alt_text":"CALCAS TRENMILITARIA - secci\u00f3n con multitud de calcas de la marca para todo tipo de modelos, helic\u00f3pteros, cazas, aviones, blindados, carros de combate, etc","src":"https:\/\/i0.wp.com\/blog.ociomodell.com\/wordpress\/wp-content\/uploads\/2023\/10\/calcas-trenmilitaria.png?resize=350%2C200&ssl=1","width":350,"height":200,"srcset":"https:\/\/i0.wp.com\/blog.ociomodell.com\/wordpress\/wp-content\/uploads\/2023\/10\/calcas-trenmilitaria.png?resize=350%2C200&ssl=1 1x, https:\/\/i0.wp.com\/blog.ociomodell.com\/wordpress\/wp-content\/uploads\/2023\/10\/calcas-trenmilitaria.png?resize=525%2C300&ssl=1 1.5x, https:\/\/i0.wp.com\/blog.ociomodell.com\/wordpress\/wp-content\/uploads\/2023\/10\/calcas-trenmilitaria.png?resize=700%2C400&ssl=1 2x"},"classes":[]},{"id":8242,"url":"https:\/\/blog.ociomodell.com\/wordpress\/clients\/demostraciones-de-paso-a-paso-de-realizacion-de-diversas-tecnicas\/mecha-weathering-washes\/","url_meta":{"origin":8213,"position":3},"title":"Mecha Weathering Washes &#8211; Vallejo","author":"Paco Gomez","date":"26 agosto, 2023","format":false,"excerpt":"Los Mecha Weathering Washes son un producto base agua que tiene muchas aplicaciones para proyectos en Mecha. Se pueden utilizar por si solos o mezclados con colores Vallejo Mecha para obtener un sinf\u00edn de efectos.","rel":"","context":"Entrada similar","block_context":{"text":"Entrada similar","link":""},"img":{"alt_text":"Los Mecha Weathering washes","src":"https:\/\/i0.wp.com\/blog.ociomodell.com\/wordpress\/wp-content\/uploads\/2023\/08\/vallejo-pasoapaso-mecha-weathering-washes-ES.jpg?resize=350%2C200&ssl=1","width":350,"height":200},"classes":[]},{"id":9766,"url":"https:\/\/blog.ociomodell.com\/wordpress\/catalogos\/catalogos-2024\/","url_meta":{"origin":8213,"position":4},"title":"Cat\u00e1logos 2024","author":"Paco Gomez","date":"9 enero, 2024","format":false,"excerpt":"\u00a0 \u00a0 \u00a0 \u00a0 \u00a0 \u00a0 \u00a0 \u00a0","rel":"","context":"Entrada similar","block_context":{"text":"Entrada similar","link":""},"img":{"alt_text":"Tabla de conversi\u00f3n de colores realizada por Ammo mig","src":"https:\/\/i0.wp.com\/blog.ociomodell.com\/wordpress\/wp-content\/uploads\/2024\/01\/acrylic-colors-conversion-chart-208x300.jpg?resize=350%2C200&ssl=1","width":350,"height":200},"classes":[]},{"id":3497,"url":"https:\/\/blog.ociomodell.com\/wordpress\/catalogos\/catalogos-2018\/","url_meta":{"origin":8213,"position":5},"title":"Cat\u00e1logos 2018","author":"Paco Gomez","date":"17 junio, 2018","format":false,"excerpt":"Ir a Cat\u00e1logos \u00a0 \u00a0 \u00a0 \u00a0","rel":"","context":"En \u00ab2018\u00bb","block_context":{"text":"2018","link":"https:\/\/blog.ociomodell.com\/wordpress\/tag\/2018\/"},"img":{"alt_text":"AMMO - Cat\u00e1logo 2018 de Ammo","src":"https:\/\/i0.wp.com\/blog.ociomodell.com\/wordpress\/wp-content\/uploads\/2019\/01\/AMMO-catalogue_2018_redu-211x300.png?resize=350%2C200&ssl=1","width":350,"height":200},"classes":[]}],"jetpack_shortlink":"https:\/\/wp.me\/P7mZwQ-28t","_links":{"self":[{"href":"https:\/\/blog.ociomodell.com\/wordpress\/wp-json\/wp\/v2\/pages\/8213","targetHints":{"allow":["GET"]}}],"collection":[{"href":"https:\/\/blog.ociomodell.com\/wordpress\/wp-json\/wp\/v2\/pages"}],"about":[{"href":"https:\/\/blog.ociomodell.com\/wordpress\/wp-json\/wp\/v2\/types\/page"}],"author":[{"embeddable":true,"href":"https:\/\/blog.ociomodell.com\/wordpress\/wp-json\/wp\/v2\/users\/2"}],"replies":[{"embeddable":true,"href":"https:\/\/blog.ociomodell.com\/wordpress\/wp-json\/wp\/v2\/comments?post=8213"}],"version-history":[{"count":0,"href":"https:\/\/blog.ociomodell.com\/wordpress\/wp-json\/wp\/v2\/pages\/8213\/revisions"}],"up":[{"embeddable":true,"href":"https:\/\/blog.ociomodell.com\/wordpress\/wp-json\/wp\/v2\/pages\/8202"}],"wp:featuredmedia":[{"embeddable":true,"href":"https:\/\/blog.ociomodell.com\/wordpress\/wp-json\/wp\/v2\/media\/8215"}],"wp:attachment":[{"href":"https:\/\/blog.ociomodell.com\/wordpress\/wp-json\/wp\/v2\/media?parent=8213"}],"curies":[{"name":"wp","href":"https:\/\/api.w.org\/{rel}","templated":true}]}}