{"id":8235,"date":"2023-08-26T21:08:36","date_gmt":"2023-08-26T20:08:36","guid":{"rendered":"https:\/\/blog.ociomodell.com\/wordpress\/?page_id=8235"},"modified":"2023-09-11T19:02:15","modified_gmt":"2023-09-11T18:02:15","slug":"mascara-liquida-en-mecha","status":"publish","type":"page","link":"https:\/\/blog.ociomodell.com\/wordpress\/clients\/demostraciones-de-paso-a-paso-de-realizacion-de-diversas-tecnicas\/mascara-liquida-en-mecha\/","title":{"rendered":"M\u00e1scara liquida en Mecha &#8211; Vallejo"},"content":{"rendered":"<p>La M\u00e1scara L\u00edquida es un m\u00e9dium base agua utilizado para formar una capa protectora sobre<br \/>\nun \u00e1rea que deba permanecer sin pintar, es especialmente \u00fatil para t\u00e9cnicas de aerografiado.<\/p>\n<p>&nbsp;<\/p>\n<figure id=\"attachment_8236\" aria-describedby=\"caption-attachment-8236\" style=\"width: 217px\" class=\"wp-caption aligncenter\"><a href=\"https:\/\/drive.google.com\/file\/d\/1IZ3m4KiO_Qglz0ztV2OTNP9NXP_nNCY7\/view?usp=sharing\" target=\"_blank\" rel=\"noopener nofollow\"><img loading=\"lazy\" decoding=\"async\" data-attachment-id=\"8236\" data-permalink=\"https:\/\/blog.ociomodell.com\/wordpress\/clients\/demostraciones-de-paso-a-paso-de-realizacion-de-diversas-tecnicas\/mascara-liquida-en-mecha\/vallejo-pasoapaso-mascara-liquida-en-mecha-es\/\" data-orig-file=\"https:\/\/blog.ociomodell.com\/wordpress\/wp-content\/uploads\/2023\/08\/vallejo-pasoapaso-mascara-liquida-en-mecha-ES.jpg\" data-orig-size=\"407,562\" data-comments-opened=\"1\" data-image-meta=\"{&quot;aperture&quot;:&quot;0&quot;,&quot;credit&quot;:&quot;pacog&quot;,&quot;camera&quot;:&quot;&quot;,&quot;caption&quot;:&quot;&quot;,&quot;created_timestamp&quot;:&quot;1693087261&quot;,&quot;copyright&quot;:&quot;&quot;,&quot;focal_length&quot;:&quot;0&quot;,&quot;iso&quot;:&quot;0&quot;,&quot;shutter_speed&quot;:&quot;0&quot;,&quot;title&quot;:&quot;&quot;,&quot;orientation&quot;:&quot;0&quot;}\" data-image-title=\"M\u00e1scara liquida en Mecha\" data-image-description=\"&lt;p&gt;M\u00e1scara liquida en Mecha&lt;\/p&gt;\n\" data-image-caption=\"&lt;p&gt;M\u00e1scara liquida en Mecha&lt;\/p&gt;\n\" data-large-file=\"https:\/\/blog.ociomodell.com\/wordpress\/wp-content\/uploads\/2023\/08\/vallejo-pasoapaso-mascara-liquida-en-mecha-ES.jpg\" class=\"size-medium wp-image-8236\" src=\"https:\/\/blog.ociomodell.com\/wordpress\/wp-content\/uploads\/2023\/08\/vallejo-pasoapaso-mascara-liquida-en-mecha-ES-217x300.jpg\" alt=\"M\u00e1scara liquida en Mecha\" width=\"217\" height=\"300\" title=\"\" srcset=\"https:\/\/blog.ociomodell.com\/wordpress\/wp-content\/uploads\/2023\/08\/vallejo-pasoapaso-mascara-liquida-en-mecha-ES-217x300.jpg 217w, https:\/\/blog.ociomodell.com\/wordpress\/wp-content\/uploads\/2023\/08\/vallejo-pasoapaso-mascara-liquida-en-mecha-ES-250x345.jpg 250w, https:\/\/blog.ociomodell.com\/wordpress\/wp-content\/uploads\/2023\/08\/vallejo-pasoapaso-mascara-liquida-en-mecha-ES.jpg 407w\" sizes=\"auto, (max-width: 217px) 100vw, 217px\" \/><\/a><figcaption id=\"caption-attachment-8236\" class=\"wp-caption-text\">M\u00e1scara liquida en Mecha<\/figcaption><\/figure>\n<p>&nbsp;<\/p>\n<p>&nbsp;<\/p>\n","protected":false},"excerpt":{"rendered":"<p>La M\u00e1scara L\u00edquida es un m\u00e9dium base agua utilizado para formar una capa protectora sobre un \u00e1rea que deba permanecer sin pintar, es especialmente \u00fatil para t\u00e9cnicas de aerografiado. &nbsp; [&hellip;]<\/p>\n","protected":false},"author":2,"featured_media":8236,"parent":8202,"menu_order":0,"comment_status":"closed","ping_status":"closed","template":"","meta":{"jetpack_post_was_ever_published":false,"footnotes":"","_links_to":"","_links_to_target":""},"class_list":["post-8235","page","type-page","status-publish","has-post-thumbnail","hentry"],"jetpack_sharing_enabled":true,"jetpack_likes_enabled":true,"jetpack-related-posts":[{"id":8202,"url":"https:\/\/blog.ociomodell.com\/wordpress\/clients\/demostraciones-de-paso-a-paso-de-realizacion-de-diversas-tecnicas\/","url_meta":{"origin":8235,"position":0},"title":"Vallejo &#8211; Tutoriales y paso a paso diversos","author":"Paco Gomez","date":"26 agosto, 2023","format":false,"excerpt":"https:\/\/blog.ociomodell.com\/wordpress\/clients\/demostraciones-de-paso-a-paso-de-realizacion-de-diversas-tecnicas\/efecto-luminoso-de-gemma\/ https:\/\/blog.ociomodell.com\/wordpress\/clients\/demostraciones-de-paso-a-paso-de-realizacion-de-diversas-tecnicas\/efectos-agua-profunda\/ https:\/\/blog.ociomodell.com\/wordpress\/clients\/demostraciones-de-paso-a-paso-de-realizacion-de-diversas-tecnicas\/game-ink-en-mecha\/ https:\/\/blog.ociomodell.com\/wordpress\/clients\/demostraciones-de-paso-a-paso-de-realizacion-de-diversas-tecnicas\/mascara-de-cabinas\/ https:\/\/blog.ociomodell.com\/wordpress\/clients\/demostraciones-de-paso-a-paso-de-realizacion-de-diversas-tecnicas\/mascara-liquida-en-mecha\/ https:\/\/blog.ociomodell.com\/wordpress\/clients\/demostraciones-de-paso-a-paso-de-realizacion-de-diversas-tecnicas\/masilla-plastica-y-lijado\/ https:\/\/blog.ociomodell.com\/wordpress\/clients\/demostraciones-de-paso-a-paso-de-realizacion-de-diversas-tecnicas\/mecha-weathering-washes\/ https:\/\/blog.ociomodell.com\/wordpress\/clients\/demostraciones-de-paso-a-paso-de-realizacion-de-diversas-tecnicas\/premium-color-pintura-para-aerografo\/ https:\/\/blog.ociomodell.com\/wordpress\/clients\/demostraciones-de-paso-a-paso-de-realizacion-de-diversas-tecnicas\/texturas-de-agua\/ \u00a0","rel":"","context":"Entrada similar","block_context":{"text":"Entrada similar","link":""},"img":{"alt_text":"Vallejo","src":"https:\/\/i0.wp.com\/blog.ociomodell.com\/wordpress\/wp-content\/uploads\/2023\/08\/lLMbULS0nns66IwBIgcZMO0pnVPCfSm6yKFOvzPZ3ygxjdSYnM1.png?resize=350%2C200&ssl=1","width":350,"height":200,"srcset":"https:\/\/i0.wp.com\/blog.ociomodell.com\/wordpress\/wp-content\/uploads\/2023\/08\/lLMbULS0nns66IwBIgcZMO0pnVPCfSm6yKFOvzPZ3ygxjdSYnM1.png?resize=350%2C200&ssl=1 1x, https:\/\/i0.wp.com\/blog.ociomodell.com\/wordpress\/wp-content\/uploads\/2023\/08\/lLMbULS0nns66IwBIgcZMO0pnVPCfSm6yKFOvzPZ3ygxjdSYnM1.png?resize=525%2C300&ssl=1 1.5x, https:\/\/i0.wp.com\/blog.ociomodell.com\/wordpress\/wp-content\/uploads\/2023\/08\/lLMbULS0nns66IwBIgcZMO0pnVPCfSm6yKFOvzPZ3ygxjdSYnM1.png?resize=700%2C400&ssl=1 2x"},"classes":[]},{"id":8242,"url":"https:\/\/blog.ociomodell.com\/wordpress\/clients\/demostraciones-de-paso-a-paso-de-realizacion-de-diversas-tecnicas\/mecha-weathering-washes\/","url_meta":{"origin":8235,"position":1},"title":"Mecha Weathering Washes &#8211; Vallejo","author":"Paco Gomez","date":"26 agosto, 2023","format":false,"excerpt":"Los Mecha Weathering Washes son un producto base agua que tiene muchas aplicaciones para proyectos en Mecha. Se pueden utilizar por si solos o mezclados con colores Vallejo Mecha para obtener un sinf\u00edn de efectos.","rel":"","context":"Entrada similar","block_context":{"text":"Entrada similar","link":""},"img":{"alt_text":"Los Mecha Weathering washes","src":"https:\/\/i0.wp.com\/blog.ociomodell.com\/wordpress\/wp-content\/uploads\/2023\/08\/vallejo-pasoapaso-mecha-weathering-washes-ES.jpg?resize=350%2C200&ssl=1","width":350,"height":200},"classes":[]},{"id":8230,"url":"https:\/\/blog.ociomodell.com\/wordpress\/clients\/demostraciones-de-paso-a-paso-de-realizacion-de-diversas-tecnicas\/game-ink-en-mecha\/","url_meta":{"origin":8235,"position":2},"title":"Game Ink &#8211; En mecha &#8211; Vallejo","author":"Paco Gomez","date":"26 agosto, 2023","format":false,"excerpt":"Game Ink son tintas de base agua que se utilizan para crear efectos de sombras y veladuras sobre miniaturas. Se pueden aplicar con aer\u00f3grafo o a pincel para obtener una gran variedad de acabados.","rel":"","context":"Entrada similar","block_context":{"text":"Entrada similar","link":""},"img":{"alt_text":"Game Ink - En Mecha","src":"https:\/\/i0.wp.com\/blog.ociomodell.com\/wordpress\/wp-content\/uploads\/2023\/08\/vallejo-pasoapaso-game-ink-en-mecha-ES.jpg?resize=350%2C200&ssl=1","width":350,"height":200},"classes":[]},{"id":8239,"url":"https:\/\/blog.ociomodell.com\/wordpress\/clients\/demostraciones-de-paso-a-paso-de-realizacion-de-diversas-tecnicas\/mascara-de-cabinas\/","url_meta":{"origin":8235,"position":3},"title":"M\u00e1scara de cabinas &#8211; Vallejo","author":"Paco Gomez","date":"26 agosto, 2023","format":false,"excerpt":"Pintar la estructura de las partes acristaladas de los aviones siempre ha supuesto m\u00e1s de un dolor de cabeza. \u00a0","rel":"","context":"Entrada similar","block_context":{"text":"Entrada similar","link":""},"img":{"alt_text":"M\u00e1scara de cabinas","src":"https:\/\/i0.wp.com\/blog.ociomodell.com\/wordpress\/wp-content\/uploads\/2023\/08\/vallejo-pasoapaso-mascaras-cabinas-ES.jpg?resize=350%2C200&ssl=1","width":350,"height":200},"classes":[]}],"jetpack_shortlink":"https:\/\/wp.me\/P7mZwQ-28P","_links":{"self":[{"href":"https:\/\/blog.ociomodell.com\/wordpress\/wp-json\/wp\/v2\/pages\/8235","targetHints":{"allow":["GET"]}}],"collection":[{"href":"https:\/\/blog.ociomodell.com\/wordpress\/wp-json\/wp\/v2\/pages"}],"about":[{"href":"https:\/\/blog.ociomodell.com\/wordpress\/wp-json\/wp\/v2\/types\/page"}],"author":[{"embeddable":true,"href":"https:\/\/blog.ociomodell.com\/wordpress\/wp-json\/wp\/v2\/users\/2"}],"replies":[{"embeddable":true,"href":"https:\/\/blog.ociomodell.com\/wordpress\/wp-json\/wp\/v2\/comments?post=8235"}],"version-history":[{"count":0,"href":"https:\/\/blog.ociomodell.com\/wordpress\/wp-json\/wp\/v2\/pages\/8235\/revisions"}],"up":[{"embeddable":true,"href":"https:\/\/blog.ociomodell.com\/wordpress\/wp-json\/wp\/v2\/pages\/8202"}],"wp:featuredmedia":[{"embeddable":true,"href":"https:\/\/blog.ociomodell.com\/wordpress\/wp-json\/wp\/v2\/media\/8236"}],"wp:attachment":[{"href":"https:\/\/blog.ociomodell.com\/wordpress\/wp-json\/wp\/v2\/media?parent=8235"}],"curies":[{"name":"wp","href":"https:\/\/api.w.org\/{rel}","templated":true}]}}