{"id":8242,"date":"2023-08-26T21:27:08","date_gmt":"2023-08-26T20:27:08","guid":{"rendered":"https:\/\/blog.ociomodell.com\/wordpress\/?page_id=8242"},"modified":"2023-09-11T19:05:02","modified_gmt":"2023-09-11T18:05:02","slug":"mecha-weathering-washes","status":"publish","type":"page","link":"https:\/\/blog.ociomodell.com\/wordpress\/clients\/demostraciones-de-paso-a-paso-de-realizacion-de-diversas-tecnicas\/mecha-weathering-washes\/","title":{"rendered":"Mecha Weathering Washes &#8211; Vallejo"},"content":{"rendered":"<p>Los Mecha Weathering Washes son un producto base agua que tiene muchas<br \/>\naplicaciones para proyectos en Mecha. Se pueden utilizar por si solos o<br \/>\nmezclados con colores Vallejo Mecha para obtener un sinf\u00edn de efectos.<\/p>\n<figure id=\"attachment_8244\" aria-describedby=\"caption-attachment-8244\" style=\"width: 209px\" class=\"wp-caption aligncenter\"><a href=\"https:\/\/drive.google.com\/file\/d\/1_dEdfSvpNiBFeM6Hkwk5FhyMosr2mRI0\/view?usp=sharing\" target=\"_blank\" rel=\"noopener nofollow\"><img loading=\"lazy\" decoding=\"async\" data-attachment-id=\"8244\" data-permalink=\"https:\/\/blog.ociomodell.com\/wordpress\/clients\/demostraciones-de-paso-a-paso-de-realizacion-de-diversas-tecnicas\/mecha-weathering-washes\/vallejo-pasoapaso-mecha-weathering-washes-es\/\" data-orig-file=\"https:\/\/blog.ociomodell.com\/wordpress\/wp-content\/uploads\/2023\/08\/vallejo-pasoapaso-mecha-weathering-washes-ES.jpg\" data-orig-size=\"404,580\" data-comments-opened=\"1\" data-image-meta=\"{&quot;aperture&quot;:&quot;0&quot;,&quot;credit&quot;:&quot;pacog&quot;,&quot;camera&quot;:&quot;&quot;,&quot;caption&quot;:&quot;&quot;,&quot;created_timestamp&quot;:&quot;1693088505&quot;,&quot;copyright&quot;:&quot;&quot;,&quot;focal_length&quot;:&quot;0&quot;,&quot;iso&quot;:&quot;0&quot;,&quot;shutter_speed&quot;:&quot;0&quot;,&quot;title&quot;:&quot;&quot;,&quot;orientation&quot;:&quot;0&quot;}\" data-image-title=\"Los Mecha Weathering washes\" data-image-description=\"&lt;p&gt;Los Mecha Weathering washes&lt;\/p&gt;\n\" data-image-caption=\"&lt;p&gt;Los Mecha Weathering washes&lt;\/p&gt;\n\" data-large-file=\"https:\/\/blog.ociomodell.com\/wordpress\/wp-content\/uploads\/2023\/08\/vallejo-pasoapaso-mecha-weathering-washes-ES.jpg\" class=\"size-medium wp-image-8244\" src=\"https:\/\/blog.ociomodell.com\/wordpress\/wp-content\/uploads\/2023\/08\/vallejo-pasoapaso-mecha-weathering-washes-ES-209x300.jpg\" alt=\"Los Mecha Weathering washes\" width=\"209\" height=\"300\" title=\"\" srcset=\"https:\/\/blog.ociomodell.com\/wordpress\/wp-content\/uploads\/2023\/08\/vallejo-pasoapaso-mecha-weathering-washes-ES-209x300.jpg 209w, https:\/\/blog.ociomodell.com\/wordpress\/wp-content\/uploads\/2023\/08\/vallejo-pasoapaso-mecha-weathering-washes-ES-250x359.jpg 250w, https:\/\/blog.ociomodell.com\/wordpress\/wp-content\/uploads\/2023\/08\/vallejo-pasoapaso-mecha-weathering-washes-ES.jpg 404w\" sizes=\"auto, (max-width: 209px) 100vw, 209px\" \/><\/a><figcaption id=\"caption-attachment-8244\" class=\"wp-caption-text\">Los Mecha Weathering washes<\/figcaption><\/figure>\n","protected":false},"excerpt":{"rendered":"<p>Los Mecha Weathering Washes son un producto base agua que tiene muchas aplicaciones para proyectos en Mecha. Se pueden utilizar por si solos o mezclados con colores Vallejo Mecha para [&hellip;]<\/p>\n","protected":false},"author":2,"featured_media":8244,"parent":8202,"menu_order":0,"comment_status":"closed","ping_status":"closed","template":"","meta":{"jetpack_post_was_ever_published":false,"footnotes":"","_links_to":"","_links_to_target":""},"class_list":["post-8242","page","type-page","status-publish","has-post-thumbnail","hentry"],"jetpack_sharing_enabled":true,"jetpack_likes_enabled":true,"jetpack-related-posts":[{"id":8202,"url":"https:\/\/blog.ociomodell.com\/wordpress\/clients\/demostraciones-de-paso-a-paso-de-realizacion-de-diversas-tecnicas\/","url_meta":{"origin":8242,"position":0},"title":"Vallejo &#8211; Tutoriales y paso a paso diversos","author":"Paco Gomez","date":"26 agosto, 2023","format":false,"excerpt":"https:\/\/blog.ociomodell.com\/wordpress\/clients\/demostraciones-de-paso-a-paso-de-realizacion-de-diversas-tecnicas\/efecto-luminoso-de-gemma\/ https:\/\/blog.ociomodell.com\/wordpress\/clients\/demostraciones-de-paso-a-paso-de-realizacion-de-diversas-tecnicas\/efectos-agua-profunda\/ https:\/\/blog.ociomodell.com\/wordpress\/clients\/demostraciones-de-paso-a-paso-de-realizacion-de-diversas-tecnicas\/game-ink-en-mecha\/ https:\/\/blog.ociomodell.com\/wordpress\/clients\/demostraciones-de-paso-a-paso-de-realizacion-de-diversas-tecnicas\/mascara-de-cabinas\/ https:\/\/blog.ociomodell.com\/wordpress\/clients\/demostraciones-de-paso-a-paso-de-realizacion-de-diversas-tecnicas\/mascara-liquida-en-mecha\/ https:\/\/blog.ociomodell.com\/wordpress\/clients\/demostraciones-de-paso-a-paso-de-realizacion-de-diversas-tecnicas\/masilla-plastica-y-lijado\/ https:\/\/blog.ociomodell.com\/wordpress\/clients\/demostraciones-de-paso-a-paso-de-realizacion-de-diversas-tecnicas\/mecha-weathering-washes\/ https:\/\/blog.ociomodell.com\/wordpress\/clients\/demostraciones-de-paso-a-paso-de-realizacion-de-diversas-tecnicas\/premium-color-pintura-para-aerografo\/ https:\/\/blog.ociomodell.com\/wordpress\/clients\/demostraciones-de-paso-a-paso-de-realizacion-de-diversas-tecnicas\/texturas-de-agua\/ \u00a0","rel":"","context":"Entrada similar","block_context":{"text":"Entrada similar","link":""},"img":{"alt_text":"Vallejo","src":"https:\/\/i0.wp.com\/blog.ociomodell.com\/wordpress\/wp-content\/uploads\/2023\/08\/lLMbULS0nns66IwBIgcZMO0pnVPCfSm6yKFOvzPZ3ygxjdSYnM1.png?resize=350%2C200&ssl=1","width":350,"height":200,"srcset":"https:\/\/i0.wp.com\/blog.ociomodell.com\/wordpress\/wp-content\/uploads\/2023\/08\/lLMbULS0nns66IwBIgcZMO0pnVPCfSm6yKFOvzPZ3ygxjdSYnM1.png?resize=350%2C200&ssl=1 1x, https:\/\/i0.wp.com\/blog.ociomodell.com\/wordpress\/wp-content\/uploads\/2023\/08\/lLMbULS0nns66IwBIgcZMO0pnVPCfSm6yKFOvzPZ3ygxjdSYnM1.png?resize=525%2C300&ssl=1 1.5x, https:\/\/i0.wp.com\/blog.ociomodell.com\/wordpress\/wp-content\/uploads\/2023\/08\/lLMbULS0nns66IwBIgcZMO0pnVPCfSm6yKFOvzPZ3ygxjdSYnM1.png?resize=700%2C400&ssl=1 2x"},"classes":[]},{"id":8235,"url":"https:\/\/blog.ociomodell.com\/wordpress\/clients\/demostraciones-de-paso-a-paso-de-realizacion-de-diversas-tecnicas\/mascara-liquida-en-mecha\/","url_meta":{"origin":8242,"position":1},"title":"M\u00e1scara liquida en Mecha &#8211; Vallejo","author":"Paco Gomez","date":"26 agosto, 2023","format":false,"excerpt":"La M\u00e1scara L\u00edquida es un m\u00e9dium base agua utilizado para formar una capa protectora sobre un \u00e1rea que deba permanecer sin pintar, es especialmente \u00fatil para t\u00e9cnicas de aerografiado. \u00a0 \u00a0 \u00a0","rel":"","context":"Entrada similar","block_context":{"text":"Entrada similar","link":""},"img":{"alt_text":"M\u00e1scara liquida en Mecha","src":"https:\/\/i0.wp.com\/blog.ociomodell.com\/wordpress\/wp-content\/uploads\/2023\/08\/vallejo-pasoapaso-mascara-liquida-en-mecha-ES.jpg?resize=350%2C200&ssl=1","width":350,"height":200},"classes":[]},{"id":8230,"url":"https:\/\/blog.ociomodell.com\/wordpress\/clients\/demostraciones-de-paso-a-paso-de-realizacion-de-diversas-tecnicas\/game-ink-en-mecha\/","url_meta":{"origin":8242,"position":2},"title":"Game Ink &#8211; En mecha &#8211; Vallejo","author":"Paco Gomez","date":"26 agosto, 2023","format":false,"excerpt":"Game Ink son tintas de base agua que se utilizan para crear efectos de sombras y veladuras sobre miniaturas. Se pueden aplicar con aer\u00f3grafo o a pincel para obtener una gran variedad de acabados.","rel":"","context":"Entrada similar","block_context":{"text":"Entrada similar","link":""},"img":{"alt_text":"Game Ink - En Mecha","src":"https:\/\/i0.wp.com\/blog.ociomodell.com\/wordpress\/wp-content\/uploads\/2023\/08\/vallejo-pasoapaso-game-ink-en-mecha-ES.jpg?resize=350%2C200&ssl=1","width":350,"height":200},"classes":[]},{"id":8205,"url":"https:\/\/blog.ociomodell.com\/wordpress\/clients\/demostraciones-de-paso-a-paso-de-realizacion-de-diversas-tecnicas\/efectos-agua-profunda\/","url_meta":{"origin":8242,"position":3},"title":"Efectos agua profunda &#8211; Vallejo","author":"Paco Gomez","date":"26 agosto, 2023","format":false,"excerpt":"","rel":"","context":"Entrada similar","block_context":{"text":"Entrada similar","link":""},"img":{"alt_text":"Vallejo - Efectos agua profunda","src":"https:\/\/i0.wp.com\/blog.ociomodell.com\/wordpress\/wp-content\/uploads\/2023\/08\/vallejo-pasoapaso-efectos-de-agua-profunda-usando-texturas-de-agua-Vallejo-ES.jpg?resize=350%2C200&ssl=1","width":350,"height":200},"classes":[]},{"id":8211,"url":"https:\/\/blog.ociomodell.com\/wordpress\/clients\/demostraciones-de-paso-a-paso-de-realizacion-de-diversas-tecnicas\/efecto-luminoso-de-gemma\/","url_meta":{"origin":8242,"position":4},"title":"Efecto luminoso de gemma &#8211; Vallejo","author":"Paco Gomez","date":"26 agosto, 2023","format":false,"excerpt":"","rel":"","context":"Entrada similar","block_context":{"text":"Entrada similar","link":""},"img":{"alt_text":"Vallejo - Efecto Gemma","src":"https:\/\/i0.wp.com\/blog.ociomodell.com\/wordpress\/wp-content\/uploads\/2023\/08\/vallejo-pasoapaso-como-pintar-efecto-luminoso-de-gema-ES.jpg?resize=350%2C200&ssl=1","width":350,"height":200},"classes":[]},{"id":8141,"url":"https:\/\/blog.ociomodell.com\/wordpress\/clients\/","url_meta":{"origin":8242,"position":5},"title":"Tem\u00e1ticos","author":"Paco Gomez","date":"23 agosto, 2023","format":false,"excerpt":"VALLEJO","rel":"","context":"Entrada similar","block_context":{"text":"Entrada similar","link":""},"img":{"alt_text":"Vallejo","src":"https:\/\/i0.wp.com\/blog.ociomodell.com\/wordpress\/wp-content\/uploads\/2023\/08\/lLMbULS0nns66IwBIgcZMO0pnVPCfSm6yKFOvzPZ3ygxjdSYnM1-261x300.png?resize=350%2C200&ssl=1","width":350,"height":200},"classes":[]}],"jetpack_shortlink":"https:\/\/wp.me\/P7mZwQ-28W","_links":{"self":[{"href":"https:\/\/blog.ociomodell.com\/wordpress\/wp-json\/wp\/v2\/pages\/8242","targetHints":{"allow":["GET"]}}],"collection":[{"href":"https:\/\/blog.ociomodell.com\/wordpress\/wp-json\/wp\/v2\/pages"}],"about":[{"href":"https:\/\/blog.ociomodell.com\/wordpress\/wp-json\/wp\/v2\/types\/page"}],"author":[{"embeddable":true,"href":"https:\/\/blog.ociomodell.com\/wordpress\/wp-json\/wp\/v2\/users\/2"}],"replies":[{"embeddable":true,"href":"https:\/\/blog.ociomodell.com\/wordpress\/wp-json\/wp\/v2\/comments?post=8242"}],"version-history":[{"count":0,"href":"https:\/\/blog.ociomodell.com\/wordpress\/wp-json\/wp\/v2\/pages\/8242\/revisions"}],"up":[{"embeddable":true,"href":"https:\/\/blog.ociomodell.com\/wordpress\/wp-json\/wp\/v2\/pages\/8202"}],"wp:featuredmedia":[{"embeddable":true,"href":"https:\/\/blog.ociomodell.com\/wordpress\/wp-json\/wp\/v2\/media\/8244"}],"wp:attachment":[{"href":"https:\/\/blog.ociomodell.com\/wordpress\/wp-json\/wp\/v2\/media?parent=8242"}],"curies":[{"name":"wp","href":"https:\/\/api.w.org\/{rel}","templated":true}]}}