{"id":8248,"date":"2023-08-26T21:37:56","date_gmt":"2023-08-26T20:37:56","guid":{"rendered":"https:\/\/blog.ociomodell.com\/wordpress\/?page_id=8248"},"modified":"2023-09-11T18:53:10","modified_gmt":"2023-09-11T17:53:10","slug":"texturas-de-agua","status":"publish","type":"page","link":"https:\/\/blog.ociomodell.com\/wordpress\/clients\/demostraciones-de-paso-a-paso-de-realizacion-de-diversas-tecnicas\/texturas-de-agua\/","title":{"rendered":"Texturas de agua &#8211; Vallejo"},"content":{"rendered":"<p>Las texturas de agua reproducen los efectos de agua. Still Water 26.230, es id\u00f3neo<br \/>\npara crear charcos y peque\u00f1os riachuelos, tambi\u00e9n se puede emplear como base para<br \/>\nobtener una sensaci\u00f3n de profundidad. Sobre la superficie de la base se puede aplicar<br \/>\nuna capa de Transparent Water 26.201, para reproducir olas, ondas y corriente en<br \/>\nmovimiento. Todos los productos se pueden mezclar y combinar entre s\u00ed.<\/p>\n<p>&nbsp;<\/p>\n<figure id=\"attachment_8250\" aria-describedby=\"caption-attachment-8250\" style=\"width: 221px\" class=\"wp-caption aligncenter\"><a href=\"https:\/\/drive.google.com\/file\/d\/1uPjHzIDqb7kCBG5R-gWYimblAdwqtAIr\/view?usp=sharing\" target=\"_blank\" rel=\"noopener nofollow\"><img loading=\"lazy\" decoding=\"async\" data-attachment-id=\"8250\" data-permalink=\"https:\/\/blog.ociomodell.com\/wordpress\/clients\/demostraciones-de-paso-a-paso-de-realizacion-de-diversas-tecnicas\/texturas-de-agua\/vallejo-pasoapaso-texturas-de-agua-es\/\" data-orig-file=\"https:\/\/blog.ociomodell.com\/wordpress\/wp-content\/uploads\/2023\/08\/vallejo-pasoapaso-texturas-de-agua-ES.jpg\" data-orig-size=\"416,565\" data-comments-opened=\"1\" data-image-meta=\"{&quot;aperture&quot;:&quot;0&quot;,&quot;credit&quot;:&quot;pacog&quot;,&quot;camera&quot;:&quot;&quot;,&quot;caption&quot;:&quot;&quot;,&quot;created_timestamp&quot;:&quot;1693089256&quot;,&quot;copyright&quot;:&quot;&quot;,&quot;focal_length&quot;:&quot;0&quot;,&quot;iso&quot;:&quot;0&quot;,&quot;shutter_speed&quot;:&quot;0&quot;,&quot;title&quot;:&quot;&quot;,&quot;orientation&quot;:&quot;0&quot;}\" data-image-title=\"Texturas de agua\" data-image-description=\"&lt;p&gt;Texturas de agua&lt;\/p&gt;\n\" data-image-caption=\"&lt;p&gt;Texturas de agua&lt;\/p&gt;\n\" data-large-file=\"https:\/\/blog.ociomodell.com\/wordpress\/wp-content\/uploads\/2023\/08\/vallejo-pasoapaso-texturas-de-agua-ES.jpg\" class=\"size-medium wp-image-8250\" src=\"https:\/\/blog.ociomodell.com\/wordpress\/wp-content\/uploads\/2023\/08\/vallejo-pasoapaso-texturas-de-agua-ES-221x300.jpg\" alt=\"Texturas de agua\" width=\"221\" height=\"300\" title=\"\" srcset=\"https:\/\/blog.ociomodell.com\/wordpress\/wp-content\/uploads\/2023\/08\/vallejo-pasoapaso-texturas-de-agua-ES-221x300.jpg 221w, https:\/\/blog.ociomodell.com\/wordpress\/wp-content\/uploads\/2023\/08\/vallejo-pasoapaso-texturas-de-agua-ES-250x340.jpg 250w, https:\/\/blog.ociomodell.com\/wordpress\/wp-content\/uploads\/2023\/08\/vallejo-pasoapaso-texturas-de-agua-ES.jpg 416w\" sizes=\"auto, (max-width: 221px) 100vw, 221px\" \/><\/a><figcaption id=\"caption-attachment-8250\" class=\"wp-caption-text\">Texturas de agua<\/figcaption><\/figure>\n","protected":false},"excerpt":{"rendered":"<p>Las texturas de agua reproducen los efectos de agua. Still Water 26.230, es id\u00f3neo para crear charcos y peque\u00f1os riachuelos, tambi\u00e9n se puede emplear como base para obtener una sensaci\u00f3n [&hellip;]<\/p>\n","protected":false},"author":2,"featured_media":8250,"parent":8202,"menu_order":0,"comment_status":"closed","ping_status":"closed","template":"","meta":{"jetpack_post_was_ever_published":false,"footnotes":"","_links_to":"","_links_to_target":""},"class_list":["post-8248","page","type-page","status-publish","has-post-thumbnail","hentry"],"jetpack_sharing_enabled":true,"jetpack_likes_enabled":true,"jetpack-related-posts":[{"id":8202,"url":"https:\/\/blog.ociomodell.com\/wordpress\/clients\/demostraciones-de-paso-a-paso-de-realizacion-de-diversas-tecnicas\/","url_meta":{"origin":8248,"position":0},"title":"Vallejo &#8211; Tutoriales y paso a paso diversos","author":"Paco Gomez","date":"26 agosto, 2023","format":false,"excerpt":"https:\/\/blog.ociomodell.com\/wordpress\/clients\/demostraciones-de-paso-a-paso-de-realizacion-de-diversas-tecnicas\/efecto-luminoso-de-gemma\/ https:\/\/blog.ociomodell.com\/wordpress\/clients\/demostraciones-de-paso-a-paso-de-realizacion-de-diversas-tecnicas\/efectos-agua-profunda\/ https:\/\/blog.ociomodell.com\/wordpress\/clients\/demostraciones-de-paso-a-paso-de-realizacion-de-diversas-tecnicas\/game-ink-en-mecha\/ https:\/\/blog.ociomodell.com\/wordpress\/clients\/demostraciones-de-paso-a-paso-de-realizacion-de-diversas-tecnicas\/mascara-de-cabinas\/ https:\/\/blog.ociomodell.com\/wordpress\/clients\/demostraciones-de-paso-a-paso-de-realizacion-de-diversas-tecnicas\/mascara-liquida-en-mecha\/ https:\/\/blog.ociomodell.com\/wordpress\/clients\/demostraciones-de-paso-a-paso-de-realizacion-de-diversas-tecnicas\/masilla-plastica-y-lijado\/ https:\/\/blog.ociomodell.com\/wordpress\/clients\/demostraciones-de-paso-a-paso-de-realizacion-de-diversas-tecnicas\/mecha-weathering-washes\/ https:\/\/blog.ociomodell.com\/wordpress\/clients\/demostraciones-de-paso-a-paso-de-realizacion-de-diversas-tecnicas\/premium-color-pintura-para-aerografo\/ https:\/\/blog.ociomodell.com\/wordpress\/clients\/demostraciones-de-paso-a-paso-de-realizacion-de-diversas-tecnicas\/texturas-de-agua\/ \u00a0","rel":"","context":"Entrada similar","block_context":{"text":"Entrada similar","link":""},"img":{"alt_text":"Vallejo","src":"https:\/\/i0.wp.com\/blog.ociomodell.com\/wordpress\/wp-content\/uploads\/2023\/08\/lLMbULS0nns66IwBIgcZMO0pnVPCfSm6yKFOvzPZ3ygxjdSYnM1.png?resize=350%2C200&ssl=1","width":350,"height":200,"srcset":"https:\/\/i0.wp.com\/blog.ociomodell.com\/wordpress\/wp-content\/uploads\/2023\/08\/lLMbULS0nns66IwBIgcZMO0pnVPCfSm6yKFOvzPZ3ygxjdSYnM1.png?resize=350%2C200&ssl=1 1x, https:\/\/i0.wp.com\/blog.ociomodell.com\/wordpress\/wp-content\/uploads\/2023\/08\/lLMbULS0nns66IwBIgcZMO0pnVPCfSm6yKFOvzPZ3ygxjdSYnM1.png?resize=525%2C300&ssl=1 1.5x, https:\/\/i0.wp.com\/blog.ociomodell.com\/wordpress\/wp-content\/uploads\/2023\/08\/lLMbULS0nns66IwBIgcZMO0pnVPCfSm6yKFOvzPZ3ygxjdSYnM1.png?resize=700%2C400&ssl=1 2x"},"classes":[]},{"id":8659,"url":"https:\/\/blog.ociomodell.com\/wordpress\/clients\/calcas-trenmilitaria-instrucciones-de-colocacion\/","url_meta":{"origin":8248,"position":1},"title":"CALCAS TRENMILITARIA &#8211; Instrucciones de colocaci\u00f3n","author":"Paco Gomez","date":"2 octubre, 2023","format":false,"excerpt":"INSTRUCCIONES DE TRENMILITARIA 1- El modelo deber\u00e1 ofrecer una superficie lo m\u00e1s lisa posible. Para ello recomendamos aplicar una mano de barniz brillante acr\u00edlico sobre todo el modelo (spray o aer\u00f3grafo) o al menos en las zonas donde van ubicadas las calcas (mediante pincel plano). IMPORTANTE: Dejar secar al menos\u2026","rel":"","context":"Entrada similar","block_context":{"text":"Entrada similar","link":""},"img":{"alt_text":"CALCAS TRENMILITARIA - secci\u00f3n con multitud de calcas de la marca para todo tipo de modelos, helic\u00f3pteros, cazas, aviones, blindados, carros de combate, etc","src":"https:\/\/i0.wp.com\/blog.ociomodell.com\/wordpress\/wp-content\/uploads\/2023\/10\/calcas-trenmilitaria.png?resize=350%2C200&ssl=1","width":350,"height":200,"srcset":"https:\/\/i0.wp.com\/blog.ociomodell.com\/wordpress\/wp-content\/uploads\/2023\/10\/calcas-trenmilitaria.png?resize=350%2C200&ssl=1 1x, https:\/\/i0.wp.com\/blog.ociomodell.com\/wordpress\/wp-content\/uploads\/2023\/10\/calcas-trenmilitaria.png?resize=525%2C300&ssl=1 1.5x, https:\/\/i0.wp.com\/blog.ociomodell.com\/wordpress\/wp-content\/uploads\/2023\/10\/calcas-trenmilitaria.png?resize=700%2C400&ssl=1 2x"},"classes":[]},{"id":8205,"url":"https:\/\/blog.ociomodell.com\/wordpress\/clients\/demostraciones-de-paso-a-paso-de-realizacion-de-diversas-tecnicas\/efectos-agua-profunda\/","url_meta":{"origin":8248,"position":2},"title":"Efectos agua profunda &#8211; Vallejo","author":"Paco Gomez","date":"26 agosto, 2023","format":false,"excerpt":"","rel":"","context":"Entrada similar","block_context":{"text":"Entrada similar","link":""},"img":{"alt_text":"Vallejo - Efectos agua profunda","src":"https:\/\/i0.wp.com\/blog.ociomodell.com\/wordpress\/wp-content\/uploads\/2023\/08\/vallejo-pasoapaso-efectos-de-agua-profunda-usando-texturas-de-agua-Vallejo-ES.jpg?resize=350%2C200&ssl=1","width":350,"height":200},"classes":[]},{"id":8235,"url":"https:\/\/blog.ociomodell.com\/wordpress\/clients\/demostraciones-de-paso-a-paso-de-realizacion-de-diversas-tecnicas\/mascara-liquida-en-mecha\/","url_meta":{"origin":8248,"position":3},"title":"M\u00e1scara liquida en Mecha &#8211; Vallejo","author":"Paco Gomez","date":"26 agosto, 2023","format":false,"excerpt":"La M\u00e1scara L\u00edquida es un m\u00e9dium base agua utilizado para formar una capa protectora sobre un \u00e1rea que deba permanecer sin pintar, es especialmente \u00fatil para t\u00e9cnicas de aerografiado. \u00a0 \u00a0 \u00a0","rel":"","context":"Entrada similar","block_context":{"text":"Entrada similar","link":""},"img":{"alt_text":"M\u00e1scara liquida en Mecha","src":"https:\/\/i0.wp.com\/blog.ociomodell.com\/wordpress\/wp-content\/uploads\/2023\/08\/vallejo-pasoapaso-mascara-liquida-en-mecha-ES.jpg?resize=350%2C200&ssl=1","width":350,"height":200},"classes":[]},{"id":8230,"url":"https:\/\/blog.ociomodell.com\/wordpress\/clients\/demostraciones-de-paso-a-paso-de-realizacion-de-diversas-tecnicas\/game-ink-en-mecha\/","url_meta":{"origin":8248,"position":4},"title":"Game Ink &#8211; En mecha &#8211; Vallejo","author":"Paco Gomez","date":"26 agosto, 2023","format":false,"excerpt":"Game Ink son tintas de base agua que se utilizan para crear efectos de sombras y veladuras sobre miniaturas. Se pueden aplicar con aer\u00f3grafo o a pincel para obtener una gran variedad de acabados.","rel":"","context":"Entrada similar","block_context":{"text":"Entrada similar","link":""},"img":{"alt_text":"Game Ink - En Mecha","src":"https:\/\/i0.wp.com\/blog.ociomodell.com\/wordpress\/wp-content\/uploads\/2023\/08\/vallejo-pasoapaso-game-ink-en-mecha-ES.jpg?resize=350%2C200&ssl=1","width":350,"height":200},"classes":[]},{"id":8242,"url":"https:\/\/blog.ociomodell.com\/wordpress\/clients\/demostraciones-de-paso-a-paso-de-realizacion-de-diversas-tecnicas\/mecha-weathering-washes\/","url_meta":{"origin":8248,"position":5},"title":"Mecha Weathering Washes &#8211; Vallejo","author":"Paco Gomez","date":"26 agosto, 2023","format":false,"excerpt":"Los Mecha Weathering Washes son un producto base agua que tiene muchas aplicaciones para proyectos en Mecha. Se pueden utilizar por si solos o mezclados con colores Vallejo Mecha para obtener un sinf\u00edn de efectos.","rel":"","context":"Entrada similar","block_context":{"text":"Entrada similar","link":""},"img":{"alt_text":"Los Mecha Weathering washes","src":"https:\/\/i0.wp.com\/blog.ociomodell.com\/wordpress\/wp-content\/uploads\/2023\/08\/vallejo-pasoapaso-mecha-weathering-washes-ES.jpg?resize=350%2C200&ssl=1","width":350,"height":200},"classes":[]}],"jetpack_shortlink":"https:\/\/wp.me\/P7mZwQ-292","_links":{"self":[{"href":"https:\/\/blog.ociomodell.com\/wordpress\/wp-json\/wp\/v2\/pages\/8248","targetHints":{"allow":["GET"]}}],"collection":[{"href":"https:\/\/blog.ociomodell.com\/wordpress\/wp-json\/wp\/v2\/pages"}],"about":[{"href":"https:\/\/blog.ociomodell.com\/wordpress\/wp-json\/wp\/v2\/types\/page"}],"author":[{"embeddable":true,"href":"https:\/\/blog.ociomodell.com\/wordpress\/wp-json\/wp\/v2\/users\/2"}],"replies":[{"embeddable":true,"href":"https:\/\/blog.ociomodell.com\/wordpress\/wp-json\/wp\/v2\/comments?post=8248"}],"version-history":[{"count":0,"href":"https:\/\/blog.ociomodell.com\/wordpress\/wp-json\/wp\/v2\/pages\/8248\/revisions"}],"up":[{"embeddable":true,"href":"https:\/\/blog.ociomodell.com\/wordpress\/wp-json\/wp\/v2\/pages\/8202"}],"wp:featuredmedia":[{"embeddable":true,"href":"https:\/\/blog.ociomodell.com\/wordpress\/wp-json\/wp\/v2\/media\/8250"}],"wp:attachment":[{"href":"https:\/\/blog.ociomodell.com\/wordpress\/wp-json\/wp\/v2\/media?parent=8248"}],"curies":[{"name":"wp","href":"https:\/\/api.w.org\/{rel}","templated":true}]}}