{"id":8659,"date":"2023-10-02T09:59:09","date_gmt":"2023-10-02T07:59:09","guid":{"rendered":"https:\/\/blog.ociomodell.com\/wordpress\/?page_id=8659"},"modified":"2023-10-02T14:00:47","modified_gmt":"2023-10-02T12:00:47","slug":"calcas-trenmilitaria-instrucciones-de-colocacion","status":"publish","type":"page","link":"https:\/\/blog.ociomodell.com\/wordpress\/clients\/calcas-trenmilitaria-instrucciones-de-colocacion\/","title":{"rendered":"CALCAS TRENMILITARIA &#8211; Instrucciones de colocaci\u00f3n"},"content":{"rendered":"<p><strong>INSTRUCCIONES DE TRENMILITARIA<\/strong><\/p>\n<p>1- El modelo deber\u00e1 ofrecer una superficie lo m\u00e1s lisa posible. Para ello<br \/>\nrecomendamos aplicar una mano de barniz brillante acr\u00edlico sobre todo el modelo<br \/>\n(spray o aer\u00f3grafo) o al menos en las zonas donde van ubicadas las calcas (mediante<br \/>\npincel plano).<\/p>\n<p><strong>IMPORTANTE<\/strong>: Dejar secar al menos 24 horas antes de comenzar a colocar calcas.<\/p>\n<p>2- En condiciones de agua calc\u00e1rea, usar agua destilada, como la que se puede<br \/>\nadquirir en los establecimientos de droguer\u00eda. El agua de grifo contiene gr\u00e1nulos de<br \/>\nmineral que pueden producir abultamientos en la calca cuando quede seca.<\/p>\n<p>3- Recortar cada calca con tijeras afiladas. No usar cutter ni cuchillas afiladas, pues se<br \/>\nproducir\u00e1n rebabas que resaltar\u00e1n los bordes de la calca una vez barnizada.<\/p>\n<p>4- Sumergir la calca en el agua durante 1 o 2 segundos y dejar sobre un papel<br \/>\nabsorbente (cocina o WC) para que se ablande el adhesivo.<\/p>\n<p><strong>IMPORTANTE:<\/strong> No dejar dentro del agua, pues el adhesivo se disolver\u00e1 completamente<br \/>\ny la calca no se adherir\u00e1 al modelo.<\/p>\n<p>5- Esperar hasta que la calca se mueva sola sobre el soporte. Esto se puede<br \/>\ncomprobar acercando el pincel a la calca y si se mueve sola est\u00e1 lista para colocar.<\/p>\n<p><strong>IMPORTANTE<\/strong>: no forzar o tirar de la calca para que se mueva, pues se puede rasgar.<\/p>\n<p>6- Aplicar el liquido fijador MICROSET (color azul) en el sitio donde se vaya a situar la<br \/>\ncalca, acercar el papel soporte con la calca, y desplazar la calca con la ayuda de un<br \/>\npincel fino hasta su ubicaci\u00f3n definitiva.<br \/>\nSi la calca se dobla en este momento, aplicar MICROSET sobre la misma y alisarla<br \/>\nsobre el papel soporte o sobre el modelo.<\/p>\n<p>7- Si la calca perdiese la capa adhesiva por permanecer demasiado tiempo en el agua,<br \/>\nsumergirla en una disoluci\u00f3n de goma ar\u00e1biga con agua para que la recupere, y<br \/>\ncontinuar con el proceso normal.<\/p>\n<p>8- Evitar usar herramientas de metal (tales como pinzas, alfileres, etc.) para deslizar la<br \/>\ncalca a su sitio, o que \u00e9stas toquen las zonas impresas a color: es muy f\u00e1cil rayar las<br \/>\nzonas impresas cuando est\u00e1n h\u00famedas, y levantar el dibujo.<br \/>\nProcurar coger la calca solo por las zonas transparentes sin imprimir, y usar un pincel o<br \/>\nuna herramienta de pl\u00e1stico para mover la calca a su sitio.<\/p>\n<p><strong>NOTA<\/strong>: Una esponja triangular de maquillaje es muy \u00fatil para desplazar calcas grandes,<br \/>\ny para terminar de ajustar las calcas en superficies irregulares.<\/p>\n<p>9- Eliminar el agua sobrante de la calca despu\u00e9s de colocarla en su sitio con un<br \/>\nbastoncillo de orejas (al que previamente habremos humedecido para evitar pelillos), y<br \/>\ndejarla secar hasta que no se mueva (unos 10 minutos aproximadamente).<\/p>\n<p>10- Aplicar suavemente el liquido ablandador de calcas MICROSOL (color rojo) sobre<br \/>\ntoda la calca, y presionar suavemente con otro bastoncillo de orejas diferente o con un<br \/>\npincel para ajustar la calca a todos los relieves del modelo.<\/p>\n<p><strong>IMPORTANTE<\/strong>: En este momento la calca es muy d\u00e9bil, y hay que actuar con mucho<br \/>\ncuidado para no rasgarla, ara\u00f1arla, etc.<\/p>\n<p>11- Eliminar el l\u00edquido sobrante con el bastoncillo de orejas (al que previamente<br \/>\nhabremos humedecido para evitar pelillos).<\/p>\n<p>12- Dejar secar completamente todas las calcas al menos 24 horas, y aplicar al modelo<br \/>\nun par de manos de barniz acr\u00edlico y acabado (mate o satinado) al gusto del aficionado.<br \/>\nEsta capa de barniz dar\u00e1 al modelo un acabado uniforme, y proteger\u00e1 las calcas al<br \/>\nmanipularlo.<\/p>\n","protected":false},"excerpt":{"rendered":"<p>INSTRUCCIONES DE TRENMILITARIA 1- El modelo deber\u00e1 ofrecer una superficie lo m\u00e1s lisa posible. Para ello recomendamos aplicar una mano de barniz brillante acr\u00edlico sobre todo el modelo (spray o [&hellip;]<\/p>\n","protected":false},"author":2,"featured_media":8656,"parent":8141,"menu_order":0,"comment_status":"closed","ping_status":"closed","template":"","meta":{"jetpack_post_was_ever_published":false,"footnotes":"","_links_to":"","_links_to_target":""},"class_list":["post-8659","page","type-page","status-publish","has-post-thumbnail","hentry"],"jetpack_sharing_enabled":true,"jetpack_likes_enabled":true,"jetpack-related-posts":[{"id":4377,"url":"https:\/\/blog.ociomodell.com\/wordpress\/mis-casitas-de-munecas\/fotos-de-modelos\/aviones\/hercules-c-130-de-david-perez\/","url_meta":{"origin":8659,"position":0},"title":"Hercules C-130","author":"Paco Gomez","date":"20 noviembre, 2018","format":false,"excerpt":"H\u00e9rcules C-130, espa\u00f1ol de camuflaje, escala 1\/72 de airfix, con calcas de tren militar\u00eda. Hecho por David Perez. \u00a0 \u00a0 \u00a0","rel":"","context":"En \u00abautom\u00e1tico\u00bb","block_context":{"text":"autom\u00e1tico","link":"https:\/\/blog.ociomodell.com\/wordpress\/tag\/automatico\/"},"img":{"alt_text":"H\u00e9rcules C-130, espa\u00f1ol de camuflaje, escala 1\/72 de airfix, con calcas de tren militar\u00eda. Hecho por David Perez.","src":"https:\/\/i0.wp.com\/blog.ociomodell.com\/wordpress\/wp-content\/uploads\/2018\/11\/IMG_20180916_143457-1024x768.jpg?resize=350%2C200&ssl=1","width":350,"height":200,"srcset":"https:\/\/i0.wp.com\/blog.ociomodell.com\/wordpress\/wp-content\/uploads\/2018\/11\/IMG_20180916_143457-1024x768.jpg?resize=350%2C200&ssl=1 1x, https:\/\/i0.wp.com\/blog.ociomodell.com\/wordpress\/wp-content\/uploads\/2018\/11\/IMG_20180916_143457-1024x768.jpg?resize=525%2C300&ssl=1 1.5x, https:\/\/i0.wp.com\/blog.ociomodell.com\/wordpress\/wp-content\/uploads\/2018\/11\/IMG_20180916_143457-1024x768.jpg?resize=700%2C400&ssl=1 2x"},"classes":[]},{"id":4576,"url":"https:\/\/blog.ociomodell.com\/wordpress\/mis-casitas-de-munecas\/fotos-de-modelos\/vehiculos\/fotografias-13-fsv-airfix-1-76\/","url_meta":{"origin":8659,"position":1},"title":"13 FSV , Airfix 1\/76","author":"Paco Gomez","date":"23 enero, 2019","format":false,"excerpt":"13 FSV (fire support vehicle), Airfix 1\/76. Calcas de la 2 div. caballer\u00eda del ej\u00e9rcito australiano El escenario corresponder\u00eda a un terreno de instrucci\u00f3n en Australia, posterior a la guerra de Vietnam (a\u00f1o 73-74). Est\u00e1 montada de caja, con alg\u00fan detallado sencillo. La figura es de matchbox y la ametralladora\u2026","rel":"","context":"En \u00abautom\u00e1tico\u00bb","block_context":{"text":"autom\u00e1tico","link":"https:\/\/blog.ociomodell.com\/wordpress\/tag\/automatico\/"},"img":{"alt_text":"13 FSV (fire support vehicle), Airfix 1\/76. Calcas de la 2 div. caballer\u00eda del ej\u00e9rcito australiano","src":"https:\/\/i0.wp.com\/blog.ociomodell.com\/wordpress\/wp-content\/uploads\/2019\/01\/Fsv-1-768x1024.jpg?resize=350%2C200&ssl=1","width":350,"height":200,"srcset":"https:\/\/i0.wp.com\/blog.ociomodell.com\/wordpress\/wp-content\/uploads\/2019\/01\/Fsv-1-768x1024.jpg?resize=350%2C200&ssl=1 1x, https:\/\/i0.wp.com\/blog.ociomodell.com\/wordpress\/wp-content\/uploads\/2019\/01\/Fsv-1-768x1024.jpg?resize=525%2C300&ssl=1 1.5x, https:\/\/i0.wp.com\/blog.ociomodell.com\/wordpress\/wp-content\/uploads\/2019\/01\/Fsv-1-768x1024.jpg?resize=700%2C400&ssl=1 2x"},"classes":[]},{"id":8248,"url":"https:\/\/blog.ociomodell.com\/wordpress\/clients\/demostraciones-de-paso-a-paso-de-realizacion-de-diversas-tecnicas\/texturas-de-agua\/","url_meta":{"origin":8659,"position":2},"title":"Texturas de agua &#8211; Vallejo","author":"Paco Gomez","date":"26 agosto, 2023","format":false,"excerpt":"Las texturas de agua reproducen los efectos de agua. Still Water 26.230, es id\u00f3neo para crear charcos y peque\u00f1os riachuelos, tambi\u00e9n se puede emplear como base para obtener una sensaci\u00f3n de profundidad. Sobre la superficie de la base se puede aplicar una capa de Transparent Water 26.201, para reproducir olas,\u2026","rel":"","context":"Entrada similar","block_context":{"text":"Entrada similar","link":""},"img":{"alt_text":"Texturas de agua","src":"https:\/\/i0.wp.com\/blog.ociomodell.com\/wordpress\/wp-content\/uploads\/2023\/08\/vallejo-pasoapaso-texturas-de-agua-ES.jpg?resize=350%2C200&ssl=1","width":350,"height":200},"classes":[]},{"id":8205,"url":"https:\/\/blog.ociomodell.com\/wordpress\/clients\/demostraciones-de-paso-a-paso-de-realizacion-de-diversas-tecnicas\/efectos-agua-profunda\/","url_meta":{"origin":8659,"position":3},"title":"Efectos agua profunda &#8211; Vallejo","author":"Paco Gomez","date":"26 agosto, 2023","format":false,"excerpt":"","rel":"","context":"Entrada similar","block_context":{"text":"Entrada similar","link":""},"img":{"alt_text":"Vallejo - Efectos agua profunda","src":"https:\/\/i0.wp.com\/blog.ociomodell.com\/wordpress\/wp-content\/uploads\/2023\/08\/vallejo-pasoapaso-efectos-de-agua-profunda-usando-texturas-de-agua-Vallejo-ES.jpg?resize=350%2C200&ssl=1","width":350,"height":200},"classes":[]},{"id":8202,"url":"https:\/\/blog.ociomodell.com\/wordpress\/clients\/demostraciones-de-paso-a-paso-de-realizacion-de-diversas-tecnicas\/","url_meta":{"origin":8659,"position":4},"title":"Vallejo &#8211; Tutoriales y paso a paso diversos","author":"Paco Gomez","date":"26 agosto, 2023","format":false,"excerpt":"https:\/\/blog.ociomodell.com\/wordpress\/clients\/demostraciones-de-paso-a-paso-de-realizacion-de-diversas-tecnicas\/efecto-luminoso-de-gemma\/ https:\/\/blog.ociomodell.com\/wordpress\/clients\/demostraciones-de-paso-a-paso-de-realizacion-de-diversas-tecnicas\/efectos-agua-profunda\/ https:\/\/blog.ociomodell.com\/wordpress\/clients\/demostraciones-de-paso-a-paso-de-realizacion-de-diversas-tecnicas\/game-ink-en-mecha\/ https:\/\/blog.ociomodell.com\/wordpress\/clients\/demostraciones-de-paso-a-paso-de-realizacion-de-diversas-tecnicas\/mascara-de-cabinas\/ https:\/\/blog.ociomodell.com\/wordpress\/clients\/demostraciones-de-paso-a-paso-de-realizacion-de-diversas-tecnicas\/mascara-liquida-en-mecha\/ https:\/\/blog.ociomodell.com\/wordpress\/clients\/demostraciones-de-paso-a-paso-de-realizacion-de-diversas-tecnicas\/masilla-plastica-y-lijado\/ https:\/\/blog.ociomodell.com\/wordpress\/clients\/demostraciones-de-paso-a-paso-de-realizacion-de-diversas-tecnicas\/mecha-weathering-washes\/ https:\/\/blog.ociomodell.com\/wordpress\/clients\/demostraciones-de-paso-a-paso-de-realizacion-de-diversas-tecnicas\/premium-color-pintura-para-aerografo\/ https:\/\/blog.ociomodell.com\/wordpress\/clients\/demostraciones-de-paso-a-paso-de-realizacion-de-diversas-tecnicas\/texturas-de-agua\/ \u00a0","rel":"","context":"Entrada similar","block_context":{"text":"Entrada similar","link":""},"img":{"alt_text":"Vallejo","src":"https:\/\/i0.wp.com\/blog.ociomodell.com\/wordpress\/wp-content\/uploads\/2023\/08\/lLMbULS0nns66IwBIgcZMO0pnVPCfSm6yKFOvzPZ3ygxjdSYnM1.png?resize=350%2C200&ssl=1","width":350,"height":200,"srcset":"https:\/\/i0.wp.com\/blog.ociomodell.com\/wordpress\/wp-content\/uploads\/2023\/08\/lLMbULS0nns66IwBIgcZMO0pnVPCfSm6yKFOvzPZ3ygxjdSYnM1.png?resize=350%2C200&ssl=1 1x, https:\/\/i0.wp.com\/blog.ociomodell.com\/wordpress\/wp-content\/uploads\/2023\/08\/lLMbULS0nns66IwBIgcZMO0pnVPCfSm6yKFOvzPZ3ygxjdSYnM1.png?resize=525%2C300&ssl=1 1.5x, https:\/\/i0.wp.com\/blog.ociomodell.com\/wordpress\/wp-content\/uploads\/2023\/08\/lLMbULS0nns66IwBIgcZMO0pnVPCfSm6yKFOvzPZ3ygxjdSYnM1.png?resize=700%2C400&ssl=1 2x"},"classes":[]},{"id":8235,"url":"https:\/\/blog.ociomodell.com\/wordpress\/clients\/demostraciones-de-paso-a-paso-de-realizacion-de-diversas-tecnicas\/mascara-liquida-en-mecha\/","url_meta":{"origin":8659,"position":5},"title":"M\u00e1scara liquida en Mecha &#8211; Vallejo","author":"Paco Gomez","date":"26 agosto, 2023","format":false,"excerpt":"La M\u00e1scara L\u00edquida es un m\u00e9dium base agua utilizado para formar una capa protectora sobre un \u00e1rea que deba permanecer sin pintar, es especialmente \u00fatil para t\u00e9cnicas de aerografiado. \u00a0 \u00a0 \u00a0","rel":"","context":"Entrada similar","block_context":{"text":"Entrada similar","link":""},"img":{"alt_text":"M\u00e1scara liquida en Mecha","src":"https:\/\/i0.wp.com\/blog.ociomodell.com\/wordpress\/wp-content\/uploads\/2023\/08\/vallejo-pasoapaso-mascara-liquida-en-mecha-ES.jpg?resize=350%2C200&ssl=1","width":350,"height":200},"classes":[]}],"jetpack_shortlink":"https:\/\/wp.me\/P7mZwQ-2fF","_links":{"self":[{"href":"https:\/\/blog.ociomodell.com\/wordpress\/wp-json\/wp\/v2\/pages\/8659","targetHints":{"allow":["GET"]}}],"collection":[{"href":"https:\/\/blog.ociomodell.com\/wordpress\/wp-json\/wp\/v2\/pages"}],"about":[{"href":"https:\/\/blog.ociomodell.com\/wordpress\/wp-json\/wp\/v2\/types\/page"}],"author":[{"embeddable":true,"href":"https:\/\/blog.ociomodell.com\/wordpress\/wp-json\/wp\/v2\/users\/2"}],"replies":[{"embeddable":true,"href":"https:\/\/blog.ociomodell.com\/wordpress\/wp-json\/wp\/v2\/comments?post=8659"}],"version-history":[{"count":0,"href":"https:\/\/blog.ociomodell.com\/wordpress\/wp-json\/wp\/v2\/pages\/8659\/revisions"}],"up":[{"embeddable":true,"href":"https:\/\/blog.ociomodell.com\/wordpress\/wp-json\/wp\/v2\/pages\/8141"}],"wp:featuredmedia":[{"embeddable":true,"href":"https:\/\/blog.ociomodell.com\/wordpress\/wp-json\/wp\/v2\/media\/8656"}],"wp:attachment":[{"href":"https:\/\/blog.ociomodell.com\/wordpress\/wp-json\/wp\/v2\/media?parent=8659"}],"curies":[{"name":"wp","href":"https:\/\/api.w.org\/{rel}","templated":true}]}}