{"id":9766,"date":"2024-01-09T09:57:40","date_gmt":"2024-01-09T08:57:40","guid":{"rendered":"https:\/\/blog.ociomodell.com\/wordpress\/?page_id=9766"},"modified":"2024-06-08T15:37:25","modified_gmt":"2024-06-08T13:37:25","slug":"catalogos-2024","status":"publish","type":"page","link":"https:\/\/blog.ociomodell.com\/wordpress\/catalogos\/catalogos-2024\/","title":{"rendered":"Cat\u00e1logos 2024"},"content":{"rendered":"<figure id=\"attachment_9959\" aria-describedby=\"caption-attachment-9959\" style=\"width: 208px\" class=\"wp-caption aligncenter\"><a title=\"Tabla de conversi\u00f3n de colores realizada por Ammo mig\" href=\"https:\/\/blog.ociomodell.com\/wordpress\/wp-content\/uploads\/2024\/01\/acrylic-colors-conversion-chart-1.pdf\" target=\"_blank\" rel=\"noopener\"><img loading=\"lazy\" decoding=\"async\" data-attachment-id=\"9959\" data-permalink=\"https:\/\/blog.ociomodell.com\/wordpress\/tabla-conversion_ammo_mig\/acrylic-colors-conversion-chart-2\/\" data-orig-file=\"https:\/\/blog.ociomodell.com\/wordpress\/wp-content\/uploads\/2024\/01\/acrylic-colors-conversion-chart.jpg\" data-orig-size=\"406,585\" data-comments-opened=\"1\" data-image-meta=\"{&quot;aperture&quot;:&quot;0&quot;,&quot;credit&quot;:&quot;pacog&quot;,&quot;camera&quot;:&quot;&quot;,&quot;caption&quot;:&quot;&quot;,&quot;created_timestamp&quot;:&quot;1705275289&quot;,&quot;copyright&quot;:&quot;&quot;,&quot;focal_length&quot;:&quot;0&quot;,&quot;iso&quot;:&quot;0&quot;,&quot;shutter_speed&quot;:&quot;0&quot;,&quot;title&quot;:&quot;&quot;,&quot;orientation&quot;:&quot;0&quot;}\" data-image-title=\"Tabla de conversi\u00f3n de colores realizada por Ammo mig\" data-image-description=\"&lt;p&gt;Tabla de conversi\u00f3n de colores realizada por Ammo mig&lt;\/p&gt;\n\" data-image-caption=\"&lt;p&gt;Tabla de conversi\u00f3n de colores realizada por Ammo mig&lt;\/p&gt;\n\" data-large-file=\"https:\/\/blog.ociomodell.com\/wordpress\/wp-content\/uploads\/2024\/01\/acrylic-colors-conversion-chart.jpg\" class=\"size-medium wp-image-9959\" src=\"https:\/\/blog.ociomodell.com\/wordpress\/wp-content\/uploads\/2024\/01\/acrylic-colors-conversion-chart-208x300.jpg\" alt=\"Tabla de conversi\u00f3n de colores realizada por Ammo mig\" width=\"208\" height=\"300\" title=\"\" srcset=\"https:\/\/blog.ociomodell.com\/wordpress\/wp-content\/uploads\/2024\/01\/acrylic-colors-conversion-chart-208x300.jpg 208w, https:\/\/blog.ociomodell.com\/wordpress\/wp-content\/uploads\/2024\/01\/acrylic-colors-conversion-chart-250x360.jpg 250w, https:\/\/blog.ociomodell.com\/wordpress\/wp-content\/uploads\/2024\/01\/acrylic-colors-conversion-chart.jpg 406w\" sizes=\"auto, (max-width: 208px) 100vw, 208px\" \/><\/a><figcaption id=\"caption-attachment-9959\" class=\"wp-caption-text\">Tabla de conversi\u00f3n de colores realizada por Ammo mig<\/figcaption><\/figure>\n<p>&nbsp;<\/p>\n<figure id=\"attachment_11088\" aria-describedby=\"caption-attachment-11088\" style=\"width: 223px\" class=\"wp-caption aligncenter\"><a href=\"https:\/\/drive.google.com\/file\/d\/1YTybOWx9MC3I_rjJ9yi7pXd9sWJePbPr\/view?usp=sharing\" target=\"_blank\" rel=\"nofollow noopener\"><img loading=\"lazy\" decoding=\"async\" data-attachment-id=\"11088\" data-permalink=\"https:\/\/blog.ociomodell.com\/wordpress\/catalogos\/catalogos-2024\/eurographics-2024-puzzle-catalog_redu_ociomodell\/\" data-orig-file=\"https:\/\/blog.ociomodell.com\/wordpress\/wp-content\/uploads\/2024\/03\/Eurographics-2024-Puzzle-Catalog_redu_ociomodell.jpg\" data-orig-size=\"389,523\" data-comments-opened=\"1\" data-image-meta=\"{&quot;aperture&quot;:&quot;0&quot;,&quot;credit&quot;:&quot;pacog&quot;,&quot;camera&quot;:&quot;&quot;,&quot;caption&quot;:&quot;&quot;,&quot;created_timestamp&quot;:&quot;1711677508&quot;,&quot;copyright&quot;:&quot;&quot;,&quot;focal_length&quot;:&quot;0&quot;,&quot;iso&quot;:&quot;0&quot;,&quot;shutter_speed&quot;:&quot;0&quot;,&quot;title&quot;:&quot;&quot;,&quot;orientation&quot;:&quot;0&quot;}\" data-image-title=\"Novedades puzles Eurographics 2024\" data-image-description=\"&lt;p&gt;Novedades puzles Eurographics 2024&lt;\/p&gt;\n\" data-image-caption=\"&lt;p&gt;Novedades puzles Eurographics 2024&lt;\/p&gt;\n\" data-large-file=\"https:\/\/blog.ociomodell.com\/wordpress\/wp-content\/uploads\/2024\/03\/Eurographics-2024-Puzzle-Catalog_redu_ociomodell.jpg\" class=\"size-medium wp-image-11088\" src=\"https:\/\/blog.ociomodell.com\/wordpress\/wp-content\/uploads\/2024\/03\/Eurographics-2024-Puzzle-Catalog_redu_ociomodell-223x300.jpg\" alt=\"Novedades puzzles Eurographics 2024\" width=\"223\" height=\"300\" title=\"\" srcset=\"https:\/\/blog.ociomodell.com\/wordpress\/wp-content\/uploads\/2024\/03\/Eurographics-2024-Puzzle-Catalog_redu_ociomodell-223x300.jpg 223w, https:\/\/blog.ociomodell.com\/wordpress\/wp-content\/uploads\/2024\/03\/Eurographics-2024-Puzzle-Catalog_redu_ociomodell-250x336.jpg 250w, https:\/\/blog.ociomodell.com\/wordpress\/wp-content\/uploads\/2024\/03\/Eurographics-2024-Puzzle-Catalog_redu_ociomodell.jpg 389w\" sizes=\"auto, (max-width: 223px) 100vw, 223px\" \/><\/a><figcaption id=\"caption-attachment-11088\" class=\"wp-caption-text\">Novedades puzzles Eurographics 2024<\/figcaption><\/figure>\n<p>&nbsp;<\/p>\n<p>&nbsp;<\/p>\n<figure id=\"attachment_11109\" aria-describedby=\"caption-attachment-11109\" style=\"width: 211px\" class=\"wp-caption aligncenter\"><a href=\"https:\/\/drive.google.com\/file\/d\/1HdflJghVj6Z8OSNqGaerK8E04r4pmLai\/view?usp=sharing\" target=\"_blank\" rel=\"nofollow noopener\"><img loading=\"lazy\" decoding=\"async\" data-attachment-id=\"11109\" data-permalink=\"https:\/\/blog.ociomodell.com\/wordpress\/catalogos\/catalogos-2024\/2024-miniart_redu\/\" data-orig-file=\"https:\/\/blog.ociomodell.com\/wordpress\/wp-content\/uploads\/2024\/03\/2024-Miniart_redu.jpg\" data-orig-size=\"407,579\" data-comments-opened=\"1\" data-image-meta=\"{&quot;aperture&quot;:&quot;0&quot;,&quot;credit&quot;:&quot;pacog&quot;,&quot;camera&quot;:&quot;&quot;,&quot;caption&quot;:&quot;&quot;,&quot;created_timestamp&quot;:&quot;1711825069&quot;,&quot;copyright&quot;:&quot;&quot;,&quot;focal_length&quot;:&quot;0&quot;,&quot;iso&quot;:&quot;0&quot;,&quot;shutter_speed&quot;:&quot;0&quot;,&quot;title&quot;:&quot;&quot;,&quot;orientation&quot;:&quot;0&quot;}\" data-image-title=\"Novedades MiniArt 2024\" data-image-description=\"&lt;p&gt;Novedades MiniArt 2024&lt;\/p&gt;\n\" data-image-caption=\"&lt;p&gt;Novedades MiniArt 2024&lt;\/p&gt;\n\" data-large-file=\"https:\/\/blog.ociomodell.com\/wordpress\/wp-content\/uploads\/2024\/03\/2024-Miniart_redu.jpg\" class=\"size-medium wp-image-11109\" src=\"https:\/\/blog.ociomodell.com\/wordpress\/wp-content\/uploads\/2024\/03\/2024-Miniart_redu-211x300.jpg\" alt=\"Novedades MiniArt 2024\" width=\"211\" height=\"300\" title=\"\" srcset=\"https:\/\/blog.ociomodell.com\/wordpress\/wp-content\/uploads\/2024\/03\/2024-Miniart_redu-211x300.jpg 211w, https:\/\/blog.ociomodell.com\/wordpress\/wp-content\/uploads\/2024\/03\/2024-Miniart_redu-250x356.jpg 250w, https:\/\/blog.ociomodell.com\/wordpress\/wp-content\/uploads\/2024\/03\/2024-Miniart_redu.jpg 407w\" sizes=\"auto, (max-width: 211px) 100vw, 211px\" \/><\/a><figcaption id=\"caption-attachment-11109\" class=\"wp-caption-text\">Novedades MiniArt 2024<\/figcaption><\/figure>\n<p>&nbsp;<\/p>\n<figure id=\"attachment_11178\" aria-describedby=\"caption-attachment-11178\" style=\"width: 300px\" class=\"wp-caption aligncenter\"><a href=\"https:\/\/drive.google.com\/file\/d\/1vvIYd0fDAxfK_044LQhzVMPj0dZnHnl_\/view?usp=sharing\" target=\"_blank\" rel=\"nofollow noopener\"><img loading=\"lazy\" decoding=\"async\" data-attachment-id=\"11178\" data-permalink=\"https:\/\/blog.ociomodell.com\/wordpress\/catalogos\/catalogos-2024\/catalogo-2024-academy\/\" data-orig-file=\"https:\/\/blog.ociomodell.com\/wordpress\/wp-content\/uploads\/2024\/04\/catalogo-2024-academy.jpg\" data-orig-size=\"534,410\" data-comments-opened=\"1\" data-image-meta=\"{&quot;aperture&quot;:&quot;0&quot;,&quot;credit&quot;:&quot;pacog&quot;,&quot;camera&quot;:&quot;&quot;,&quot;caption&quot;:&quot;&quot;,&quot;created_timestamp&quot;:&quot;1712270208&quot;,&quot;copyright&quot;:&quot;&quot;,&quot;focal_length&quot;:&quot;0&quot;,&quot;iso&quot;:&quot;0&quot;,&quot;shutter_speed&quot;:&quot;0&quot;,&quot;title&quot;:&quot;&quot;,&quot;orientation&quot;:&quot;0&quot;}\" data-image-title=\"Marca Academy, Cat\u00e1logo 2020\" data-image-description=\"&lt;p&gt;Marca Academy, Cat\u00e1logo 2020&lt;\/p&gt;\n\" data-image-caption=\"&lt;p&gt;Marca Academy, Cat\u00e1logo 2020&lt;\/p&gt;\n\" data-large-file=\"https:\/\/blog.ociomodell.com\/wordpress\/wp-content\/uploads\/2024\/04\/catalogo-2024-academy.jpg\" class=\"wp-image-11178 size-medium\" src=\"https:\/\/blog.ociomodell.com\/wordpress\/wp-content\/uploads\/2024\/04\/catalogo-2024-academy-300x230.jpg\" alt=\"\" width=\"300\" height=\"230\" title=\"\" srcset=\"https:\/\/blog.ociomodell.com\/wordpress\/wp-content\/uploads\/2024\/04\/catalogo-2024-academy-300x230.jpg 300w, https:\/\/blog.ociomodell.com\/wordpress\/wp-content\/uploads\/2024\/04\/catalogo-2024-academy-250x192.jpg 250w, https:\/\/blog.ociomodell.com\/wordpress\/wp-content\/uploads\/2024\/04\/catalogo-2024-academy.jpg 534w\" sizes=\"auto, (max-width: 300px) 100vw, 300px\" \/><\/a><figcaption id=\"caption-attachment-11178\" class=\"wp-caption-text\">Cat\u00e1logo Academy &#8211; 2020<\/figcaption><\/figure>\n<p>&nbsp;<\/p>\n<figure id=\"attachment_11198\" aria-describedby=\"caption-attachment-11198\" style=\"width: 209px\" class=\"wp-caption aligncenter\"><a href=\"https:\/\/drive.google.com\/file\/d\/1KRJGrBNHjRxw3XfFMUhvcQsFlv_GhUmw\/view?usp=sharing\" target=\"_blank\" rel=\"nofollow noopener\"><img loading=\"lazy\" decoding=\"async\" data-attachment-id=\"11198\" data-permalink=\"https:\/\/blog.ociomodell.com\/wordpress\/catalogos\/catalogos-2024\/2024-cat24_italeri_interattivo_redu\/\" data-orig-file=\"https:\/\/blog.ociomodell.com\/wordpress\/wp-content\/uploads\/2024\/04\/2024-CAT24_ITALERI_INTERATTIVO_redu.jpg\" data-orig-size=\"387,555\" data-comments-opened=\"1\" data-image-meta=\"{&quot;aperture&quot;:&quot;0&quot;,&quot;credit&quot;:&quot;pacog&quot;,&quot;camera&quot;:&quot;&quot;,&quot;caption&quot;:&quot;&quot;,&quot;created_timestamp&quot;:&quot;1712356311&quot;,&quot;copyright&quot;:&quot;&quot;,&quot;focal_length&quot;:&quot;0&quot;,&quot;iso&quot;:&quot;0&quot;,&quot;shutter_speed&quot;:&quot;0&quot;,&quot;title&quot;:&quot;&quot;,&quot;orientation&quot;:&quot;0&quot;}\" data-image-title=\"Nuevo cat\u00e1logo Italeri 2024\" data-image-description=\"&lt;p&gt;Nuevo cat\u00e1logo Italeri 2024&lt;\/p&gt;\n\" data-image-caption=\"&lt;p&gt;Nuevo cat\u00e1logo Italeri 2024&lt;\/p&gt;\n\" data-large-file=\"https:\/\/blog.ociomodell.com\/wordpress\/wp-content\/uploads\/2024\/04\/2024-CAT24_ITALERI_INTERATTIVO_redu.jpg\" class=\"wp-image-11198 size-medium\" title=\"Nuevo cat\u00e1logo Italeri 2024\" src=\"https:\/\/blog.ociomodell.com\/wordpress\/wp-content\/uploads\/2024\/04\/2024-CAT24_ITALERI_INTERATTIVO_redu-209x300.jpg\" alt=\"Nuevo cat\u00e1logo Italeri 2024\" width=\"209\" height=\"300\" srcset=\"https:\/\/blog.ociomodell.com\/wordpress\/wp-content\/uploads\/2024\/04\/2024-CAT24_ITALERI_INTERATTIVO_redu-209x300.jpg 209w, https:\/\/blog.ociomodell.com\/wordpress\/wp-content\/uploads\/2024\/04\/2024-CAT24_ITALERI_INTERATTIVO_redu-250x359.jpg 250w, https:\/\/blog.ociomodell.com\/wordpress\/wp-content\/uploads\/2024\/04\/2024-CAT24_ITALERI_INTERATTIVO_redu.jpg 387w\" sizes=\"auto, (max-width: 209px) 100vw, 209px\" \/><\/a><figcaption id=\"caption-attachment-11198\" class=\"wp-caption-text\">Nuevo cat\u00e1logo Italeri 2024<\/figcaption><\/figure>\n<p>&nbsp;<\/p>\n<figure id=\"attachment_11257\" aria-describedby=\"caption-attachment-11257\" style=\"width: 208px\" class=\"wp-caption aligncenter\"><a href=\"https:\/\/drive.google.com\/file\/d\/1TSEsv4ZZN2lvYjh9KAXfx-ht4XGCzzyX\/view?usp=sharing\" target=\"_blank\" rel=\"noopener nofollow\"><img loading=\"lazy\" decoding=\"async\" data-attachment-id=\"11257\" data-permalink=\"https:\/\/blog.ociomodell.com\/wordpress\/catalogos\/catalogos-2024\/2024-revell_katalog_2024_en_redu\/\" data-orig-file=\"https:\/\/blog.ociomodell.com\/wordpress\/wp-content\/uploads\/2024\/04\/2024-revell_katalog_2024_en_redu.jpg\" data-orig-size=\"407,587\" data-comments-opened=\"1\" data-image-meta=\"{&quot;aperture&quot;:&quot;0&quot;,&quot;credit&quot;:&quot;pacog&quot;,&quot;camera&quot;:&quot;&quot;,&quot;caption&quot;:&quot;&quot;,&quot;created_timestamp&quot;:&quot;1712680551&quot;,&quot;copyright&quot;:&quot;&quot;,&quot;focal_length&quot;:&quot;0&quot;,&quot;iso&quot;:&quot;0&quot;,&quot;shutter_speed&quot;:&quot;0&quot;,&quot;title&quot;:&quot;&quot;,&quot;orientation&quot;:&quot;0&quot;}\" data-image-title=\"Cat\u00e1logo Revell &amp;#8211; 2024\" data-image-description=\"&lt;p&gt;Cat\u00e1logo Revell &amp;#8211; 2024&lt;\/p&gt;\n\" data-image-caption=\"&lt;p&gt;Cat\u00e1logo Revell &amp;#8211; 2024&lt;\/p&gt;\n\" data-large-file=\"https:\/\/blog.ociomodell.com\/wordpress\/wp-content\/uploads\/2024\/04\/2024-revell_katalog_2024_en_redu.jpg\" class=\"size-medium wp-image-11257\" src=\"https:\/\/blog.ociomodell.com\/wordpress\/wp-content\/uploads\/2024\/04\/2024-revell_katalog_2024_en_redu-208x300.jpg\" alt=\"Cat\u00e1logo Revell - 2024\" width=\"208\" height=\"300\" title=\"\" srcset=\"https:\/\/blog.ociomodell.com\/wordpress\/wp-content\/uploads\/2024\/04\/2024-revell_katalog_2024_en_redu-208x300.jpg 208w, https:\/\/blog.ociomodell.com\/wordpress\/wp-content\/uploads\/2024\/04\/2024-revell_katalog_2024_en_redu-250x361.jpg 250w, https:\/\/blog.ociomodell.com\/wordpress\/wp-content\/uploads\/2024\/04\/2024-revell_katalog_2024_en_redu.jpg 407w\" sizes=\"auto, (max-width: 208px) 100vw, 208px\" \/><\/a><figcaption id=\"caption-attachment-11257\" class=\"wp-caption-text\">Cat\u00e1logo Revell &#8211; 2024<\/figcaption><\/figure>\n<p>&nbsp;<\/p>\n<figure id=\"attachment_11283\" aria-describedby=\"caption-attachment-11283\" style=\"width: 300px\" class=\"wp-caption aligncenter\"><a href=\"https:\/\/drive.google.com\/file\/d\/1XwI6QLOPUSd9Nq5Gf2Yj_jJ-e40cR2eu\/view?usp=sharing\" target=\"_blank\" rel=\"nofollow noopener\"><img loading=\"lazy\" decoding=\"async\" data-attachment-id=\"11283\" data-permalink=\"https:\/\/blog.ociomodell.com\/wordpress\/catalogo-novedades-abril-2024\/2024-abril-ibb\/\" data-orig-file=\"https:\/\/blog.ociomodell.com\/wordpress\/wp-content\/uploads\/2024\/04\/2024-ABRIL-IBB-e1712757372494.jpg\" data-orig-size=\"389,383\" data-comments-opened=\"1\" data-image-meta=\"{&quot;aperture&quot;:&quot;0&quot;,&quot;credit&quot;:&quot;pacog&quot;,&quot;camera&quot;:&quot;&quot;,&quot;caption&quot;:&quot;&quot;,&quot;created_timestamp&quot;:&quot;1712696584&quot;,&quot;copyright&quot;:&quot;&quot;,&quot;focal_length&quot;:&quot;0&quot;,&quot;iso&quot;:&quot;0&quot;,&quot;shutter_speed&quot;:&quot;0&quot;,&quot;title&quot;:&quot;&quot;,&quot;orientation&quot;:&quot;0&quot;}\" data-image-title=\"Novedades ABRIL 20024 &amp;#8211; Multi marca IBB (Meng, Amusing, Border, Storm, Hobby , Hero, Freedom, Scaleauto) &amp;#8211; Cat\u00e1logo Novedades Abril 2024\" data-image-description=\"&lt;p&gt;Novedades ABRIL 20024 &amp;#8211; Multi marca IBB (Meng, Amusing, Border, Storm, Hobby , Hero, Freedom, Scaleauto) &amp;#8211; Cat\u00e1logo Novedades Abril 2024&lt;\/p&gt;\n\" data-image-caption=\"&lt;p&gt;Novedades ABRIL 20024 &amp;#8211; Multi marca IBB (Meng, Amusing, Border, Storm, Hobby , Hero, Freedom, Scaleauto) &amp;#8211; Cat\u00e1logo Novedades Abril 2024&lt;\/p&gt;\n\" data-large-file=\"https:\/\/blog.ociomodell.com\/wordpress\/wp-content\/uploads\/2024\/04\/2024-ABRIL-IBB-e1712757372494.jpg\" class=\"size-medium wp-image-11283\" src=\"https:\/\/blog.ociomodell.com\/wordpress\/wp-content\/uploads\/2024\/04\/2024-ABRIL-IBB-e1712757372494-300x295.jpg\" alt=\"Novedades ABRIL 20024 - Multi marca IBB (Meng, Amusing, Border, Storm, Hobby , Hero, Freedom, Scaleauto)\" width=\"300\" height=\"295\" title=\"\" srcset=\"https:\/\/blog.ociomodell.com\/wordpress\/wp-content\/uploads\/2024\/04\/2024-ABRIL-IBB-e1712757372494-300x295.jpg 300w, https:\/\/blog.ociomodell.com\/wordpress\/wp-content\/uploads\/2024\/04\/2024-ABRIL-IBB-e1712757372494-250x246.jpg 250w, https:\/\/blog.ociomodell.com\/wordpress\/wp-content\/uploads\/2024\/04\/2024-ABRIL-IBB-e1712757372494-50x50.jpg 50w, https:\/\/blog.ociomodell.com\/wordpress\/wp-content\/uploads\/2024\/04\/2024-ABRIL-IBB-e1712757372494.jpg 389w\" sizes=\"auto, (max-width: 300px) 100vw, 300px\" \/><\/a><figcaption id=\"caption-attachment-11283\" class=\"wp-caption-text\">Novedades ABRIL 20024 &#8211; Multi marca IBB (Meng, Amusing, Border, Storm, Hobby , Hero, Freedom, Scaleauto)<\/figcaption><\/figure>\n<p>&nbsp;<\/p>\n<figure id=\"attachment_11763\" aria-describedby=\"caption-attachment-11763\" style=\"width: 257px\" class=\"wp-caption aligncenter\"><a href=\"https:\/\/drive.google.com\/file\/d\/1WKzq1opBdZfkF6PTe0tlQ0Sf7xPIpH8s\/view?usp=sharing\" target=\"_blank\" rel=\"nofollow noopener\"><img loading=\"lazy\" decoding=\"async\" data-attachment-id=\"11763\" data-permalink=\"https:\/\/blog.ociomodell.com\/wordpress\/ibb-auto-racing-novedades\/ibbmayo24\/\" data-orig-file=\"https:\/\/blog.ociomodell.com\/wordpress\/wp-content\/uploads\/2024\/06\/ibbmayo24.jpg\" data-orig-size=\"502,585\" data-comments-opened=\"1\" data-image-meta=\"{&quot;aperture&quot;:&quot;0&quot;,&quot;credit&quot;:&quot;pacog&quot;,&quot;camera&quot;:&quot;&quot;,&quot;caption&quot;:&quot;&quot;,&quot;created_timestamp&quot;:&quot;1717860198&quot;,&quot;copyright&quot;:&quot;&quot;,&quot;focal_length&quot;:&quot;0&quot;,&quot;iso&quot;:&quot;0&quot;,&quot;shutter_speed&quot;:&quot;0&quot;,&quot;title&quot;:&quot;&quot;,&quot;orientation&quot;:&quot;0&quot;}\" data-image-title=\"IBB &amp;#8211; Novedades 2024\" data-image-description=\"&lt;p&gt;IBB &amp;#8211; Novedades 2024&lt;\/p&gt;\n\" data-image-caption=\"&lt;p&gt;IBB &amp;#8211; Novedades 2024&lt;\/p&gt;\n\" data-large-file=\"https:\/\/blog.ociomodell.com\/wordpress\/wp-content\/uploads\/2024\/06\/ibbmayo24.jpg\" class=\"size-medium wp-image-11763\" src=\"https:\/\/blog.ociomodell.com\/wordpress\/wp-content\/uploads\/2024\/06\/ibbmayo24-257x300.jpg\" alt=\"IBB - Novedades 2024\" width=\"257\" height=\"300\" title=\"\" srcset=\"https:\/\/blog.ociomodell.com\/wordpress\/wp-content\/uploads\/2024\/06\/ibbmayo24-257x300.jpg 257w, https:\/\/blog.ociomodell.com\/wordpress\/wp-content\/uploads\/2024\/06\/ibbmayo24-250x291.jpg 250w, https:\/\/blog.ociomodell.com\/wordpress\/wp-content\/uploads\/2024\/06\/ibbmayo24.jpg 502w\" sizes=\"auto, (max-width: 257px) 100vw, 257px\" \/><\/a><figcaption id=\"caption-attachment-11763\" class=\"wp-caption-text\">IBB &#8211; Novedades 2024<\/figcaption><\/figure>\n","protected":false},"excerpt":{"rendered":"<p>&nbsp; &nbsp; &nbsp; &nbsp; &nbsp; &nbsp; &nbsp; &nbsp;<\/p>\n","protected":false},"author":2,"featured_media":0,"parent":41,"menu_order":0,"comment_status":"closed","ping_status":"closed","template":"","meta":{"jetpack_post_was_ever_published":false,"footnotes":"","_links_to":"","_links_to_target":""},"class_list":["post-9766","page","type-page","status-publish","hentry"],"jetpack_sharing_enabled":true,"jetpack_likes_enabled":true,"jetpack-related-posts":[{"id":16800,"url":"https:\/\/blog.ociomodell.com\/wordpress\/reservas\/suscripcion-a-boletin-de-ociomodell-com\/","url_meta":{"origin":9766,"position":0},"title":"Suscripci\u00f3n a bolet\u00edn de ociomodell.com","author":"Paco Gomez","date":"11 abril, 2025","format":false,"excerpt":"","rel":"","context":"Entrada similar","block_context":{"text":"Entrada similar","link":""},"img":{"alt_text":"","src":"","width":0,"height":0},"classes":[]},{"id":6533,"url":"https:\/\/blog.ociomodell.com\/wordpress\/reservas\/talleres\/","url_meta":{"origin":9766,"position":1},"title":"Talleres \/ inscripci\u00f3n","author":"Paco Gomez","date":"6 agosto, 2021","format":false,"excerpt":"\u00a0 \u00a0","rel":"","context":"Entrada similar","block_context":{"text":"Entrada similar","link":""},"img":{"alt_text":"","src":"","width":0,"height":0},"classes":[]},{"id":806,"url":"https:\/\/blog.ociomodell.com\/wordpress\/reservas\/encuesta-de-satisfaccion\/","url_meta":{"origin":9766,"position":2},"title":"Encuesta de satisfacci\u00f3n","author":"Paco Gomez","date":"7 febrero, 2017","format":false,"excerpt":"\u00a0 \u00a0","rel":"","context":"En \u00abde\u00bb","block_context":{"text":"de","link":"https:\/\/blog.ociomodell.com\/wordpress\/tag\/de\/"},"img":{"alt_text":"","src":"","width":0,"height":0},"classes":[]},{"id":6535,"url":"https:\/\/blog.ociomodell.com\/wordpress\/reservas\/talleres\/taller-ociomodell-11-de-septiembre-de-2021\/","url_meta":{"origin":9766,"position":3},"title":"Taller Ociomodell 11 de Septiembre de 2021","author":"Paco Gomez","date":"6 agosto, 2021","format":false,"excerpt":"\u00a0","rel":"","context":"Entrada similar","block_context":{"text":"Entrada similar","link":""},"img":{"alt_text":"","src":"","width":0,"height":0},"classes":[]},{"id":6539,"url":"https:\/\/blog.ociomodell.com\/wordpress\/reservas\/talleres\/taller-ociomodeli-del-18-de-septiembre-de-2021\/","url_meta":{"origin":9766,"position":4},"title":"Taller OciomodelI 18 de Septiembre de 2021","author":"Paco Gomez","date":"6 agosto, 2021","format":false,"excerpt":"","rel":"","context":"Entrada similar","block_context":{"text":"Entrada similar","link":""},"img":{"alt_text":"","src":"","width":0,"height":0},"classes":[]},{"id":6785,"url":"https:\/\/blog.ociomodell.com\/wordpress\/reservas\/talleres\/formulario-de-inscripcion-al-talleres-charlas-en-ociomodell-com\/","url_meta":{"origin":9766,"position":5},"title":"Formulario de Inscripci\u00f3n a Talleres \/ Charlas en Ociomodell.com","author":"Paco Gomez","date":"26 octubre, 2021","format":false,"excerpt":"Dirigido: Horario: Inscripci\u00f3n: por tel\u00e9fono, email o en la tienda f\u00edsica Lugar: Tienda ociomodell.com - Avd. San Juan de la Pe\u00f1a, 14, Zaragoza Tel\u00e9fono: 611697120 Email: info@ociomodell.com \u00a1AFORO LIMITADO!","rel":"","context":"Entrada similar","block_context":{"text":"Entrada similar","link":""},"img":{"alt_text":"","src":"","width":0,"height":0},"classes":[]}],"jetpack_shortlink":"https:\/\/wp.me\/P7mZwQ-2xw","_links":{"self":[{"href":"https:\/\/blog.ociomodell.com\/wordpress\/wp-json\/wp\/v2\/pages\/9766","targetHints":{"allow":["GET"]}}],"collection":[{"href":"https:\/\/blog.ociomodell.com\/wordpress\/wp-json\/wp\/v2\/pages"}],"about":[{"href":"https:\/\/blog.ociomodell.com\/wordpress\/wp-json\/wp\/v2\/types\/page"}],"author":[{"embeddable":true,"href":"https:\/\/blog.ociomodell.com\/wordpress\/wp-json\/wp\/v2\/users\/2"}],"replies":[{"embeddable":true,"href":"https:\/\/blog.ociomodell.com\/wordpress\/wp-json\/wp\/v2\/comments?post=9766"}],"version-history":[{"count":0,"href":"https:\/\/blog.ociomodell.com\/wordpress\/wp-json\/wp\/v2\/pages\/9766\/revisions"}],"up":[{"embeddable":true,"href":"https:\/\/blog.ociomodell.com\/wordpress\/wp-json\/wp\/v2\/pages\/41"}],"wp:attachment":[{"href":"https:\/\/blog.ociomodell.com\/wordpress\/wp-json\/wp\/v2\/media?parent=9766"}],"curies":[{"name":"wp","href":"https:\/\/api.w.org\/{rel}","templated":true}]}}